{"id":9745,"date":"2022-04-29T13:15:22","date_gmt":"2022-04-29T11:15:22","guid":{"rendered":"https:\/\/binchio.websy.sk\/?post_type=product&#038;p=9745"},"modified":"2026-04-26T11:26:15","modified_gmt":"2026-04-26T09:26:15","slug":"prirodna-cistiaca-spongia-konjac","status":"publish","type":"product","link":"https:\/\/binchio.com\/sk\/produkt\/prirodna-cistiaca-spongia-konjac\/","title":{"rendered":"Pr\u00edrodn\u00e1 odli\u010dovacia hubka Konjac"},"content":{"rendered":"<h2>Ako pou\u017e\u00edvat hubku Konjak<\/h2>\n<p><iframe loading=\"lazy\" title=\"YouTube video player\" src=\"https:\/\/www.youtube.com\/embed\/9wRoYj8U4iQ\" width=\"1420\" height=\"799\" frameborder=\"0\" allowfullscreen=\"allowfullscreen\"><\/iframe><\/p>\n<p><em>Krajina p\u00f4vodu: \u010c\u00edna<\/em><\/p>\n","protected":false},"excerpt":{"rendered":"<p><strong>Pr\u00edrodn\u00e1<\/strong> hubka Konjac zaist\u00ed <strong>najvy\u0161\u0161\u00ed komfort<\/strong> pre Va\u0161u poko\u017eku.<\/p>\n<ul>\n<li><span class=\"VIiyi\" lang=\"sk\"><span class=\"JLqJ4b ChMk0b\" data-language-for-alternatives=\"sk\" data-language-to-translate-into=\"cs\" data-phrase-index=\"0\" data-number-of-phrases=\"8\"><span class=\"Q4iAWc\"><strong>100% pr\u00edrodn\u00e1<\/strong> \u0161pongia je m\u00e4kk\u00e1 a m\u00e1 jemn\u00fa text\u00faru.<\/span><\/span> <span class=\"JLqJ4b ChMk0b\" data-language-for-alternatives=\"sk\" data-language-to-translate-into=\"cs\" data-phrase-index=\"1\" data-number-of-phrases=\"8\"><span class=\"Q4iAWc\">Je vyroben\u00e1 z vl\u00e1kien rastliny Amorphophallus Konjac.<\/span><\/span><\/span><\/li>\n<li><span class=\"VIiyi\" lang=\"sk\"><span class=\"JLqJ4b ChMk0b\" data-language-for-alternatives=\"sk\" data-language-to-translate-into=\"cs\" data-phrase-index=\"3\" data-number-of-phrases=\"8\"><span class=\"Q4iAWc\">\u0160pongia sa pou\u017e\u00edva v \u00c1zi\u00ed u\u017e viac ako 100 rokov, <strong>p\u00f4vodne pre novorodencov<\/strong>.<\/span><\/span><\/span><\/li>\n<li><span class=\"VIiyi\" lang=\"sk\"><span class=\"JLqJ4b ChMk0b\" data-language-for-alternatives=\"sk\" data-language-to-translate-into=\"cs\" data-phrase-index=\"5\" data-number-of-phrases=\"8\"><span class=\"Q4iAWc\">Um\u00fdvacie \u0160pongie Konjac sa st\u00e1vaj\u00fa st\u00e1le popul\u00e1rnej\u0161\u00edmi na \u010distenie tv\u00e1re v \u010c\u00edne, juhov\u00fdchodnej \u00c1zii a Eur\u00f3pe.<\/span><\/span><\/span><\/li>\n<li><strong>100% pr\u00edrodn\u00fd a biologicky odb\u00farate\u013en\u00fd produkt.<\/strong><\/li>\n<\/ul>\n<p>&nbsp;<\/p>\n<p>Objavte aj <a href=\"https:\/\/binchio.com\/sk\/produkt\/konjac-houbicka-se-zelenym-cajem-jemne-cisteni\/\">konjac hubku so zelen\u00fdm \u010dajom na jemn\u00e9 \u010distenie<\/a>, ktor\u00e1 roz\u0161iruje ponuku o svie\u017ei variant s <strong>extraktom zo zelen\u00e9ho \u010daju<\/strong>. Je vhodn\u00e1 na \u0161etrn\u00e9 ka\u017edodenn\u00e9 pou\u017e\u00edvanie a skvele dop\u013a\u0148a klasick\u00e9 \u010dierne a biele prevedenie.<\/p>\n","protected":false},"featured_media":14645,"comment_status":"open","ping_status":"closed","template":"","meta":{"_acf_changed":false},"product_brand":[],"product_cat":[351,222,187],"product_tag":[],"class_list":{"0":"post-9745","1":"product","2":"type-product","3":"status-publish","4":"has-post-thumbnail","6":"product_cat-aktivne-uhlie-starostlivost-o-telo-sk","7":"product_cat-spongie-pemzy-lufy","8":"product_cat-starostlivost-o-telo","10":"first","11":"instock","12":"taxable","13":"shipping-taxable","14":"purchasable","15":"product-type-variable"},"supplier_id":null,"supplier_sku":"","barcode":null,"atum_controlled":true,"out_stock_date":null,"out_stock_threshold":null,"inheritable":true,"inbound_stock":0,"stock_on_hold":0,"sold_today":0,"sales_last_days":0,"reserved_stock":0,"customer_returns":0,"warehouse_damage":0,"lost_in_post":0,"other_logs":0,"out_stock_days":0,"lost_sales":0,"has_location":false,"update_date":"2026-05-01T03:36:17","atum_locations":[],"atum_stock_status":"instock","restock_status":false,"low_stock_amount":"","sales_update_date":"2026-05-01T03:36:17","calc_backorders":null,"acf":[],"yoast_head":"<!-- This site is optimized with the Yoast SEO plugin v27.2 - https:\/\/yoast.com\/product\/yoast-seo-wordpress\/ -->\n<title>Pr\u00edrodn\u00e1 odli\u010dovacia hubka Konjac - Binchio<\/title>\n<meta name=\"description\" content=\"Pr\u00edrodn\u00e1 \u0161pongia Konjac zaist\u00ed najvy\u0161\u0161\u00ed komfort pre Va\u0161u poko\u017eku. \u0160pongia Konjac je 100% pr\u00edrodn\u00e1, m\u00e4kk\u00e1 a m\u00e1 jemn\u00fa text\u00faru.\" \/>\n<meta name=\"robots\" content=\"index, follow, max-snippet:-1, max-image-preview:large, max-video-preview:-1\" \/>\n<link rel=\"canonical\" href=\"https:\/\/binchio.com\/sk\/produkt\/prirodna-cistiaca-spongia-konjac\/\" \/>\n<meta property=\"og:locale\" content=\"sk_SK\" \/>\n<meta property=\"og:type\" content=\"article\" \/>\n<meta property=\"og:title\" content=\"Pr\u00edrodn\u00e1 odli\u010dovacia hubka Konjac - Binchio\" \/>\n<meta property=\"og:description\" content=\"Pr\u00edrodn\u00e1 \u0161pongia Konjac zaist\u00ed najvy\u0161\u0161\u00ed komfort pre Va\u0161u poko\u017eku. \u0160pongia Konjac je 100% pr\u00edrodn\u00e1, m\u00e4kk\u00e1 a m\u00e1 jemn\u00fa text\u00faru.\" \/>\n<meta property=\"og:url\" content=\"https:\/\/binchio.com\/sk\/produkt\/prirodna-cistiaca-spongia-konjac\/\" \/>\n<meta property=\"og:site_name\" content=\"Binchio\" \/>\n<meta property=\"article:publisher\" content=\"https:\/\/www.facebook.com\/binchiouhli\/\" \/>\n<meta property=\"article:modified_time\" content=\"2026-04-26T09:26:15+00:00\" \/>\n<meta property=\"og:image\" content=\"https:\/\/binchio.com\/wp-content\/uploads\/2022\/04\/konjakova-houbicka-s-aktivnim-uhlim-bamboo-charcoal.webp\" \/>\n\t<meta property=\"og:image:width\" content=\"1200\" \/>\n\t<meta property=\"og:image:height\" content=\"1200\" \/>\n\t<meta property=\"og:image:type\" content=\"image\/webp\" \/>\n<meta name=\"twitter:card\" content=\"summary_large_image\" \/>\n<meta name=\"twitter:label1\" content=\"Predpokladan\u00fd \u010das \u010d\u00edtania\" \/>\n\t<meta name=\"twitter:data1\" content=\"1 min\u00fata\" \/>\n<script type=\"application\/ld+json\" class=\"yoast-schema-graph\">{\"@context\":\"https:\/\/schema.org\",\"@graph\":[{\"@type\":\"WebPage\",\"@id\":\"https:\/\/binchio.com\/sk\/produkt\/prirodna-cistiaca-spongia-konjac\/\",\"url\":\"https:\/\/binchio.com\/sk\/produkt\/prirodna-cistiaca-spongia-konjac\/\",\"name\":\"Pr\u00edrodn\u00e1 odli\u010dovacia hubka Konjac - Binchio\",\"isPartOf\":{\"@id\":\"https:\/\/binchio.com\/#website\"},\"primaryImageOfPage\":{\"@id\":\"https:\/\/binchio.com\/sk\/produkt\/prirodna-cistiaca-spongia-konjac\/#primaryimage\"},\"image\":{\"@id\":\"https:\/\/binchio.com\/sk\/produkt\/prirodna-cistiaca-spongia-konjac\/#primaryimage\"},\"thumbnailUrl\":\"https:\/\/binchio.com\/wp-content\/uploads\/2022\/04\/konjakova-houbicka-s-aktivnim-uhlim-bamboo-charcoal.webp\",\"datePublished\":\"2022-04-29T11:15:22+00:00\",\"dateModified\":\"2026-04-26T09:26:15+00:00\",\"description\":\"Pr\u00edrodn\u00e1 \u0161pongia Konjac zaist\u00ed najvy\u0161\u0161\u00ed komfort pre Va\u0161u poko\u017eku. \u0160pongia Konjac je 100% pr\u00edrodn\u00e1, m\u00e4kk\u00e1 a m\u00e1 jemn\u00fa text\u00faru.\",\"breadcrumb\":{\"@id\":\"https:\/\/binchio.com\/sk\/produkt\/prirodna-cistiaca-spongia-konjac\/#breadcrumb\"},\"inLanguage\":\"sk-SK\",\"potentialAction\":[{\"@type\":\"ReadAction\",\"target\":[\"https:\/\/binchio.com\/sk\/produkt\/prirodna-cistiaca-spongia-konjac\/\"]}]},{\"@type\":\"ImageObject\",\"inLanguage\":\"sk-SK\",\"@id\":\"https:\/\/binchio.com\/sk\/produkt\/prirodna-cistiaca-spongia-konjac\/#primaryimage\",\"url\":\"https:\/\/binchio.com\/wp-content\/uploads\/2022\/04\/konjakova-houbicka-s-aktivnim-uhlim-bamboo-charcoal.webp\",\"contentUrl\":\"https:\/\/binchio.com\/wp-content\/uploads\/2022\/04\/konjakova-houbicka-s-aktivnim-uhlim-bamboo-charcoal.webp\",\"width\":1200,\"height\":1200,\"caption\":\"Konjakov\u00e1 houbi\u010dka s aktivn\u00edm uhl\u00edm Bamboo Charcoal pro \u0161etrn\u00e9 \u010di\u0161t\u011bn\u00ed pleti, zobrazen\u00e1 vedle origin\u00e1ln\u00edho obalu s motivem pandy.\"},{\"@type\":\"BreadcrumbList\",\"@id\":\"https:\/\/binchio.com\/sk\/produkt\/prirodna-cistiaca-spongia-konjac\/#breadcrumb\",\"itemListElement\":[{\"@type\":\"ListItem\",\"position\":1,\"name\":\"Home\",\"item\":\"https:\/\/binchio.com\/sk\/\"},{\"@type\":\"ListItem\",\"position\":2,\"name\":\"Obchod (woo &#8211; redirected)\",\"item\":\"https:\/\/binchio.com\/sk\/obchod-woo\/\"},{\"@type\":\"ListItem\",\"position\":3,\"name\":\"Pr\u00edrodn\u00e1 odli\u010dovacia hubka Konjac\"}]},{\"@type\":\"WebSite\",\"@id\":\"https:\/\/binchio.com\/#website\",\"url\":\"https:\/\/binchio.com\/\",\"name\":\"Binchio\",\"description\":\"100% p\u0159\u00edrodn\u00ed filtrace vody pomoc\u00ed aktivn\u00edho filtra\u010dn\u00edho uhl\u00ed binchotan\",\"publisher\":{\"@id\":\"https:\/\/binchio.com\/#organization\"},\"potentialAction\":[{\"@type\":\"SearchAction\",\"target\":{\"@type\":\"EntryPoint\",\"urlTemplate\":\"https:\/\/binchio.com\/?s={search_term_string}\"},\"query-input\":{\"@type\":\"PropertyValueSpecification\",\"valueRequired\":true,\"valueName\":\"search_term_string\"}}],\"inLanguage\":\"sk-SK\"},{\"@type\":\"Organization\",\"@id\":\"https:\/\/binchio.com\/#organization\",\"name\":\"Binchio\",\"url\":\"https:\/\/binchio.com\/\",\"logo\":{\"@type\":\"ImageObject\",\"inLanguage\":\"sk-SK\",\"@id\":\"https:\/\/binchio.com\/#\/schema\/logo\/image\/\",\"url\":\"https:\/\/binchio.com\/wp-content\/uploads\/2020\/07\/binchio-logo.svg\",\"contentUrl\":\"https:\/\/binchio.com\/wp-content\/uploads\/2020\/07\/binchio-logo.svg\",\"width\":200,\"height\":430,\"caption\":\"Binchio\"},\"image\":{\"@id\":\"https:\/\/binchio.com\/#\/schema\/logo\/image\/\"},\"sameAs\":[\"https:\/\/www.facebook.com\/binchiouhli\/\",\"https:\/\/www.instagram.com\/milan_suchy\"]}]}<\/script>\n<!-- \/ Yoast SEO plugin. -->","yoast_head_json":{"title":"Pr\u00edrodn\u00e1 odli\u010dovacia hubka Konjac - Binchio","description":"Pr\u00edrodn\u00e1 \u0161pongia Konjac zaist\u00ed najvy\u0161\u0161\u00ed komfort pre Va\u0161u poko\u017eku. \u0160pongia Konjac je 100% pr\u00edrodn\u00e1, m\u00e4kk\u00e1 a m\u00e1 jemn\u00fa text\u00faru.","robots":{"index":"index","follow":"follow","max-snippet":"max-snippet:-1","max-image-preview":"max-image-preview:large","max-video-preview":"max-video-preview:-1"},"canonical":"https:\/\/binchio.com\/sk\/produkt\/prirodna-cistiaca-spongia-konjac\/","og_locale":"sk_SK","og_type":"article","og_title":"Pr\u00edrodn\u00e1 odli\u010dovacia hubka Konjac - Binchio","og_description":"Pr\u00edrodn\u00e1 \u0161pongia Konjac zaist\u00ed najvy\u0161\u0161\u00ed komfort pre Va\u0161u poko\u017eku. \u0160pongia Konjac je 100% pr\u00edrodn\u00e1, m\u00e4kk\u00e1 a m\u00e1 jemn\u00fa text\u00faru.","og_url":"https:\/\/binchio.com\/sk\/produkt\/prirodna-cistiaca-spongia-konjac\/","og_site_name":"Binchio","article_publisher":"https:\/\/www.facebook.com\/binchiouhli\/","article_modified_time":"2026-04-26T09:26:15+00:00","og_image":[{"width":1200,"height":1200,"url":"https:\/\/binchio.com\/wp-content\/uploads\/2022\/04\/konjakova-houbicka-s-aktivnim-uhlim-bamboo-charcoal.webp","type":"image\/webp"}],"twitter_card":"summary_large_image","twitter_misc":{"Predpokladan\u00fd \u010das \u010d\u00edtania":"1 min\u00fata"},"schema":{"@context":"https:\/\/schema.org","@graph":[{"@type":"WebPage","@id":"https:\/\/binchio.com\/sk\/produkt\/prirodna-cistiaca-spongia-konjac\/","url":"https:\/\/binchio.com\/sk\/produkt\/prirodna-cistiaca-spongia-konjac\/","name":"Pr\u00edrodn\u00e1 odli\u010dovacia hubka Konjac - Binchio","isPartOf":{"@id":"https:\/\/binchio.com\/#website"},"primaryImageOfPage":{"@id":"https:\/\/binchio.com\/sk\/produkt\/prirodna-cistiaca-spongia-konjac\/#primaryimage"},"image":{"@id":"https:\/\/binchio.com\/sk\/produkt\/prirodna-cistiaca-spongia-konjac\/#primaryimage"},"thumbnailUrl":"https:\/\/binchio.com\/wp-content\/uploads\/2022\/04\/konjakova-houbicka-s-aktivnim-uhlim-bamboo-charcoal.webp","datePublished":"2022-04-29T11:15:22+00:00","dateModified":"2026-04-26T09:26:15+00:00","description":"Pr\u00edrodn\u00e1 \u0161pongia Konjac zaist\u00ed najvy\u0161\u0161\u00ed komfort pre Va\u0161u poko\u017eku. \u0160pongia Konjac je 100% pr\u00edrodn\u00e1, m\u00e4kk\u00e1 a m\u00e1 jemn\u00fa text\u00faru.","breadcrumb":{"@id":"https:\/\/binchio.com\/sk\/produkt\/prirodna-cistiaca-spongia-konjac\/#breadcrumb"},"inLanguage":"sk-SK","potentialAction":[{"@type":"ReadAction","target":["https:\/\/binchio.com\/sk\/produkt\/prirodna-cistiaca-spongia-konjac\/"]}]},{"@type":"ImageObject","inLanguage":"sk-SK","@id":"https:\/\/binchio.com\/sk\/produkt\/prirodna-cistiaca-spongia-konjac\/#primaryimage","url":"https:\/\/binchio.com\/wp-content\/uploads\/2022\/04\/konjakova-houbicka-s-aktivnim-uhlim-bamboo-charcoal.webp","contentUrl":"https:\/\/binchio.com\/wp-content\/uploads\/2022\/04\/konjakova-houbicka-s-aktivnim-uhlim-bamboo-charcoal.webp","width":1200,"height":1200,"caption":"Konjakov\u00e1 houbi\u010dka s aktivn\u00edm uhl\u00edm Bamboo Charcoal pro \u0161etrn\u00e9 \u010di\u0161t\u011bn\u00ed pleti, zobrazen\u00e1 vedle origin\u00e1ln\u00edho obalu s motivem pandy."},{"@type":"BreadcrumbList","@id":"https:\/\/binchio.com\/sk\/produkt\/prirodna-cistiaca-spongia-konjac\/#breadcrumb","itemListElement":[{"@type":"ListItem","position":1,"name":"Home","item":"https:\/\/binchio.com\/sk\/"},{"@type":"ListItem","position":2,"name":"Obchod (woo &#8211; redirected)","item":"https:\/\/binchio.com\/sk\/obchod-woo\/"},{"@type":"ListItem","position":3,"name":"Pr\u00edrodn\u00e1 odli\u010dovacia hubka Konjac"}]},{"@type":"WebSite","@id":"https:\/\/binchio.com\/#website","url":"https:\/\/binchio.com\/","name":"Binchio","description":"100% p\u0159\u00edrodn\u00ed filtrace vody pomoc\u00ed aktivn\u00edho filtra\u010dn\u00edho uhl\u00ed binchotan","publisher":{"@id":"https:\/\/binchio.com\/#organization"},"potentialAction":[{"@type":"SearchAction","target":{"@type":"EntryPoint","urlTemplate":"https:\/\/binchio.com\/?s={search_term_string}"},"query-input":{"@type":"PropertyValueSpecification","valueRequired":true,"valueName":"search_term_string"}}],"inLanguage":"sk-SK"},{"@type":"Organization","@id":"https:\/\/binchio.com\/#organization","name":"Binchio","url":"https:\/\/binchio.com\/","logo":{"@type":"ImageObject","inLanguage":"sk-SK","@id":"https:\/\/binchio.com\/#\/schema\/logo\/image\/","url":"https:\/\/binchio.com\/wp-content\/uploads\/2020\/07\/binchio-logo.svg","contentUrl":"https:\/\/binchio.com\/wp-content\/uploads\/2020\/07\/binchio-logo.svg","width":200,"height":430,"caption":"Binchio"},"image":{"@id":"https:\/\/binchio.com\/#\/schema\/logo\/image\/"},"sameAs":["https:\/\/www.facebook.com\/binchiouhli\/","https:\/\/www.instagram.com\/milan_suchy"]}]}},"_links":{"self":[{"href":"https:\/\/binchio.com\/sk\/wp-json\/wp\/v2\/product\/9745","targetHints":{"allow":["GET"]}}],"collection":[{"href":"https:\/\/binchio.com\/sk\/wp-json\/wp\/v2\/product"}],"about":[{"href":"https:\/\/binchio.com\/sk\/wp-json\/wp\/v2\/types\/product"}],"replies":[{"embeddable":true,"href":"https:\/\/binchio.com\/sk\/wp-json\/wp\/v2\/comments?post=9745"}],"wp:featuredmedia":[{"embeddable":true,"href":"https:\/\/binchio.com\/sk\/wp-json\/wp\/v2\/media\/14645"}],"wp:attachment":[{"href":"https:\/\/binchio.com\/sk\/wp-json\/wp\/v2\/media?parent=9745"}],"wp:term":[{"taxonomy":"product_brand","embeddable":true,"href":"https:\/\/binchio.com\/sk\/wp-json\/wp\/v2\/product_brand?post=9745"},{"taxonomy":"product_cat","embeddable":true,"href":"https:\/\/binchio.com\/sk\/wp-json\/wp\/v2\/product_cat?post=9745"},{"taxonomy":"product_tag","embeddable":true,"href":"https:\/\/binchio.com\/sk\/wp-json\/wp\/v2\/product_tag?post=9745"}],"curies":[{"name":"wp","href":"https:\/\/api.w.org\/{rel}","templated":true}]}}