{"id":9742,"date":"2022-04-29T22:38:43","date_gmt":"2022-04-29T20:38:43","guid":{"rendered":"https:\/\/binchio.websy.sk\/?post_type=product&#038;p=9742"},"modified":"2025-12-06T16:06:36","modified_gmt":"2025-12-06T15:06:36","slug":"bea-johnsonova-domacnost-bez-odpadu","status":"publish","type":"product","link":"https:\/\/binchio.com\/sk\/produkt\/bea-johnsonova-domacnost-bez-odpadu\/","title":{"rendered":"Bea Johnsonov\u00e1: Dom\u00e1cnos\u0165 bez odpadu"},"content":{"rendered":"<div class=\"col-2 p-col-1\">\n<div class=\"col-2 p-col-1\">\n<h3>V knihe sa dozviete:<\/h3>\n<\/div>\n<div class=\"col-2 p-col-1\">\n<ul>\n<li><strong>ako nakupova\u0165 bez toho, \u017ee by ste domov s n\u00e1kupom priviezli aj tonu odpadu,<\/strong><\/li>\n<li>ako pre-usporiada\u0165 v\u0161etky z\u00e1kladn\u00e9 oblasti \u013eudsk\u00e9ho \u017eivota tak, aby fungovali, \u010do najjednoduch\u0161ie,<\/li>\n<li>nespo\u010det receptov na <strong>dom\u00e1cu v\u00fdrobu<\/strong> \u010dohoko\u013evek,<\/li>\n<li>praktick\u00e9 tipy na uchov\u00e1vanie potrav\u00edn,<\/li>\n<li>n\u00e1vody na to, <strong>ako pristupova\u0165 k Vianociam, Valent\u00ednovi a \u010fal\u0161\u00edm sviatkom,<\/strong><\/li>\n<li>kniha obsahuje aj doplnenie o slovensk\u00e9 re\u00e1lie.<\/li>\n<\/ul>\n<\/div>\n<\/div>\n<p><iframe loading=\"lazy\" title=\"YouTube video player\" src=\"https:\/\/www.youtube.com\/embed\/RgfBIbQ4Qws\" width=\"865\" height=\"649\" frameborder=\"0\" allowfullscreen=\"allowfullscreen\" data-mce-fragment=\"1\"><\/iframe><\/p>\n<h3>Bea Johnsonov\u00e1<\/h3>\n<p>Bee Johnsonovej sa od roku 2008 dar\u00ed \u017ei\u0165 tak, \u017ee jej dom\u00e1cnos\u0165 (4 \u013eudia a pes) vyprodukuje iba <strong>jeden litrov\u00fd zav\u00e1rac\u00ed poh\u00e1r odpadu za rok<\/strong>. Svoj\u00edm <a href=\"http:\/\/www.zerowastehome.com\/\" target=\"_blank\" rel=\"noopener\" data-cke-saved-href=\"http:\/\/www.zerowastehome.com\/\">blogom<\/a>,, knihou <strong>Dom\u00e1cnos\u0165 bez odpadu<\/strong> a ne\u00fanavn\u00fdm burcovan\u00edm dok\u00e1zala po celom z\u00e1padnom svete rozpohybova\u0165 celosvetov\u00e9 hnutie za \u201e\u017eivot bez odpadu\u201c (= \u017eivot, ktor\u00fd je neporovnate\u013ene radostnej\u0161\u00ed a zodpovednej\u0161\u00ed, ne\u017e \u017eivot be\u017en\u00e9ho ob\u010dana dne\u0161nej konzumnej spolo\u010dnosti).<\/p>\n<p>S <strong>brut\u00e1lnou otvorenos\u0165ou<\/strong> ukazuje na pr\u00edklade \u017eivota celej jej rodiny, \u017ee <strong>tento \u017eivotn\u00fd \u0161t\u00fdl m\u00f4\u017ee ma\u0165 \u0161mnrc<\/strong>, dokonca aj sex-appeal, a \u017ee prin\u00e1\u0161a mnoho zdravotn\u00fdch benefitov, \u010dasov\u00fdch aj finan\u010dn\u00fdch \u00faspor.<\/p>\n<p>Je <strong>dr\u017eite\u013ekou<\/strong> hlavn\u00e9ho ocenenia medzin\u00e1rodnej s\u00fa\u0165a\u017ee <strong>The Green Awards<\/strong>, vystupuje po celom svete v m\u00e9di\u00e1ch, na univerzit\u00e1ch, firemn\u00fdch akci\u00e1ch, konferenci\u00e1ch a vo svojom domove prij\u00edma exkurzie novin\u00e1rov i \u0161k\u00f4l. Na svojom blogu vytvorila aplik\u00e1ciu <a href=\"http:\/\/zerowastehome.com\/app\/\" target=\"_blank\" rel=\"noopener\" data-cke-saved-href=\"http:\/\/zerowastehome.com\/app\/\">Bulk App<\/a>, ktor\u00e1 mapuje celosvetovo miesta, kde je mo\u017en\u00e9 nak\u00fapi\u0165 nebalen\u00fd tovar na v\u00e1hu.<\/p>\n<p>V\u010faka svojmu zap\u00e1leniu pre t\u00e9mu a pozit\u00edvnemu \u0161t\u00fdlu komunik\u00e1cie je celosvetovo pova\u017eovan\u00e1 za <strong>glob\u00e1lneho guru a hovorcu zero waste hnutia<\/strong>. New York Times ju nazvali \u201e<strong>k\u0148a\u017en\u00fa bezodpadov\u00e9ho \u017eivota<\/strong>\u201c a Paris Match \u201e<strong>novou mesi\u00e1\u0161kou ekol\u00f3gie<\/strong>\u201c.<\/p>\n<h3 class=\"hidden-tablet hidden-phone product-name\"><\/h3>\n","protected":false},"excerpt":{"rendered":"<p>U\u017e <strong>tretie vydanie<\/strong>, dlhoro\u010dn\u00e9ho <strong>bestselleru<\/strong>, <strong>vyroben\u00e9ho pod\u013ea najpr\u00edsnej\u0161\u00edch ekologick\u00fdch meradiel<\/strong>.<\/p>\n<p><strong>Bee Johnsonovej<\/strong> sa podarilo svojou knihou vyvola\u0165 vo v\u00e4\u010d\u0161ine z\u00e1padn\u00e9ho sveta pekn\u00e9 hal\u00f3. St\u00e1le v\u00e4\u010d\u0161\u00ed po\u010det \u013eud\u00ed si za\u010d\u00edna v\u0161\u00edma\u0165, \u017ee <strong>zmysel \u017eivota nie je vlastni\u0165 st\u00e1le viac<\/strong>. Naopak \u2013 doch\u00e1dza n\u00e1m, \u017ee <strong>\u010d\u00edm viac vlastn\u00edme, t\u00fdm menej \u017eijeme<\/strong>. \u010c\u00edm viac nakupujeme, t\u00fdm viac sme n\u00faten\u00ed zar\u00e1ba\u0165 a \u010d\u00edm viac vec\u00ed m\u00e1me, t\u00fdm viac strachu obvykle poci\u0165ujeme. V\u0161\u00edmame si, \u017ee <strong>more odpadu<\/strong>, ktor\u00e9 je d\u00f4sledkom n\u00e1\u0161ho dne\u0161n\u00e9ho \u017eivotn\u00e9ho \u0161t\u00fdlu <strong>ni\u010d\u00ed plan\u00e9tu a \u013eudsk\u00e9 zdravie<\/strong>. Beinou knihou dost\u00e1vame <strong>brilantn\u00fd n\u00e1vod<\/strong> na to, <strong>ako z tejto bryndy von<\/strong>.<\/p>\n<p>Kniha je pre mnoh\u00fdch z n\u00e1s v strednej Eur\u00f3pe znovu-objavovan\u00edm toho, v \u010dom mnoh\u00ed z n\u00e1s vyrastali. Je ale hlavne <strong>dokonal\u00fdm manu\u00e1lom<\/strong>, pr\u00edru\u010dkou, ktor\u00e1 v\u00e1s prevedie v\u0161etk\u00fdmi podstatn\u00fdmi oblas\u0165ami \u017eivota tak, \u017ee nezostane kame\u0148 na kameni. \u010c\u00edm viac sa my\u0161lienkam v knihe otvor\u00edte, t\u00fdm viac sa m\u00f4\u017ee premeni\u0165 v\u00e1\u0161 \u017eivot \u2013 od <strong>zar\u00e1bania na \u017eivot smerom k \u017eivotu<\/strong>.<\/p>\n<h3>Pre\u010do si pre\u010d\u00edta\u0165?<\/h3>\n<ul>\n<li>Kniha v\u00e1m pom\u00f4\u017ee odpoveda\u0165 na ot\u00e1zku &#8222;<strong>Ma\u0165 alebo by\u0165<\/strong>?&#8220; alebo \u010do potrebujete vlastni\u0165, aby ste mohli \u017ei\u0165 \u0161\u0165astn\u00fd \u017eivot.<\/li>\n<li>Z\u00edskate tu detailn\u00fd n\u00e1vod, <strong>ako \u017ei\u0165 ove\u013ea pln\u0161\u00ed a zdrav\u0161\u00ed \u017eivot<\/strong>.<\/li>\n<li>Pochop\u00edte, \u017ee &#8222;\u0161\u0165astie sa (v mnoh\u00fdch oblastiach) rob\u00ed rukami&#8220;.<\/li>\n<li>Ide o <strong>jednu z najpraktickej\u0161\u00edch pr\u00edru\u010diek<\/strong> na to, ako presta\u0165 nad\u00e1va\u0165 na syst\u00e9m a ako si vytvori\u0165 syst\u00e9m vlastn\u00fd.<\/li>\n<\/ul>\n","protected":false},"featured_media":10198,"comment_status":"open","ping_status":"closed","template":"","meta":{"_acf_changed":false},"product_brand":[],"product_cat":[189],"product_tag":[],"class_list":{"0":"post-9742","1":"product","2":"type-product","3":"status-publish","4":"has-post-thumbnail","6":"product_cat-knihy-sk","8":"first","9":"instock","10":"taxable","11":"shipping-taxable","12":"purchasable","13":"product-type-simple"},"supplier_id":null,"supplier_sku":"","barcode":null,"atum_controlled":true,"out_stock_date":null,"out_stock_threshold":null,"inheritable":false,"inbound_stock":0,"stock_on_hold":0,"sold_today":0,"sales_last_days":0,"reserved_stock":0,"customer_returns":0,"warehouse_damage":0,"lost_in_post":0,"other_logs":0,"out_stock_days":0,"lost_sales":0,"has_location":false,"update_date":"2026-05-01T03:36:11","atum_locations":[],"atum_stock_status":"instock","restock_status":false,"low_stock_amount":"","sales_update_date":"2026-05-01T03:36:11","calc_backorders":null,"acf":[],"yoast_head":"<!-- This site is optimized with the Yoast SEO plugin v27.2 - https:\/\/yoast.com\/product\/yoast-seo-wordpress\/ -->\n<title>Bea Johnsonov\u00e1: Dom\u00e1cnos\u0165 bez odpadu - Binchio<\/title>\n<meta name=\"description\" content=\"Bee Johnsonovej sa dar\u00ed \u017ei\u0165 tak, \u017ee jej dom\u00e1cnos\u0165 (4 \u013eudia a pes) vyprodukuje iba jeden litrov\u00fd zav\u00e1rac\u00ed poh\u00e1r odpadu za rok. Dok\u00e1\u017eete to aj Vy?\" \/>\n<meta name=\"robots\" content=\"index, follow, max-snippet:-1, max-image-preview:large, max-video-preview:-1\" \/>\n<link rel=\"canonical\" href=\"https:\/\/binchio.com\/sk\/produkt\/bea-johnsonova-domacnost-bez-odpadu\/\" \/>\n<meta property=\"og:locale\" content=\"sk_SK\" \/>\n<meta property=\"og:type\" content=\"article\" \/>\n<meta property=\"og:title\" content=\"Bea Johnsonov\u00e1: Dom\u00e1cnos\u0165 bez odpadu - Binchio\" \/>\n<meta property=\"og:description\" content=\"Bee Johnsonovej sa dar\u00ed \u017ei\u0165 tak, \u017ee jej dom\u00e1cnos\u0165 (4 \u013eudia a pes) vyprodukuje iba jeden litrov\u00fd zav\u00e1rac\u00ed poh\u00e1r odpadu za rok. Dok\u00e1\u017eete to aj Vy?\" \/>\n<meta property=\"og:url\" content=\"https:\/\/binchio.com\/sk\/produkt\/bea-johnsonova-domacnost-bez-odpadu\/\" \/>\n<meta property=\"og:site_name\" content=\"Binchio\" \/>\n<meta property=\"article:publisher\" content=\"https:\/\/www.facebook.com\/binchiouhli\/\" \/>\n<meta property=\"article:modified_time\" content=\"2025-12-06T15:06:36+00:00\" \/>\n<meta property=\"og:image\" content=\"https:\/\/binchio.com\/wp-content\/uploads\/2022\/04\/domacnost-bez-odpadu-front.png\" \/>\n\t<meta property=\"og:image:width\" content=\"444\" \/>\n\t<meta property=\"og:image:height\" content=\"600\" \/>\n\t<meta property=\"og:image:type\" content=\"image\/png\" \/>\n<meta name=\"twitter:card\" content=\"summary_large_image\" \/>\n<meta name=\"twitter:label1\" content=\"Predpokladan\u00fd \u010das \u010d\u00edtania\" \/>\n\t<meta name=\"twitter:data1\" content=\"1 min\u00fata\" \/>\n<script type=\"application\/ld+json\" class=\"yoast-schema-graph\">{\"@context\":\"https:\/\/schema.org\",\"@graph\":[{\"@type\":\"WebPage\",\"@id\":\"https:\/\/binchio.com\/sk\/produkt\/bea-johnsonova-domacnost-bez-odpadu\/\",\"url\":\"https:\/\/binchio.com\/sk\/produkt\/bea-johnsonova-domacnost-bez-odpadu\/\",\"name\":\"Bea Johnsonov\u00e1: Dom\u00e1cnos\u0165 bez odpadu - Binchio\",\"isPartOf\":{\"@id\":\"https:\/\/binchio.com\/#website\"},\"primaryImageOfPage\":{\"@id\":\"https:\/\/binchio.com\/sk\/produkt\/bea-johnsonova-domacnost-bez-odpadu\/#primaryimage\"},\"image\":{\"@id\":\"https:\/\/binchio.com\/sk\/produkt\/bea-johnsonova-domacnost-bez-odpadu\/#primaryimage\"},\"thumbnailUrl\":\"https:\/\/binchio.com\/wp-content\/uploads\/2022\/04\/domacnost-bez-odpadu-front.png\",\"datePublished\":\"2022-04-29T20:38:43+00:00\",\"dateModified\":\"2025-12-06T15:06:36+00:00\",\"description\":\"Bee Johnsonovej sa dar\u00ed \u017ei\u0165 tak, \u017ee jej dom\u00e1cnos\u0165 (4 \u013eudia a pes) vyprodukuje iba jeden litrov\u00fd zav\u00e1rac\u00ed poh\u00e1r odpadu za rok. Dok\u00e1\u017eete to aj Vy?\",\"breadcrumb\":{\"@id\":\"https:\/\/binchio.com\/sk\/produkt\/bea-johnsonova-domacnost-bez-odpadu\/#breadcrumb\"},\"inLanguage\":\"sk-SK\",\"potentialAction\":[{\"@type\":\"ReadAction\",\"target\":[\"https:\/\/binchio.com\/sk\/produkt\/bea-johnsonova-domacnost-bez-odpadu\/\"]}]},{\"@type\":\"ImageObject\",\"inLanguage\":\"sk-SK\",\"@id\":\"https:\/\/binchio.com\/sk\/produkt\/bea-johnsonova-domacnost-bez-odpadu\/#primaryimage\",\"url\":\"https:\/\/binchio.com\/wp-content\/uploads\/2022\/04\/domacnost-bez-odpadu-front.png\",\"contentUrl\":\"https:\/\/binchio.com\/wp-content\/uploads\/2022\/04\/domacnost-bez-odpadu-front.png\",\"width\":444,\"height\":600},{\"@type\":\"BreadcrumbList\",\"@id\":\"https:\/\/binchio.com\/sk\/produkt\/bea-johnsonova-domacnost-bez-odpadu\/#breadcrumb\",\"itemListElement\":[{\"@type\":\"ListItem\",\"position\":1,\"name\":\"Home\",\"item\":\"https:\/\/binchio.com\/sk\/\"},{\"@type\":\"ListItem\",\"position\":2,\"name\":\"Obchod (woo &#8211; redirected)\",\"item\":\"https:\/\/binchio.com\/sk\/obchod-woo\/\"},{\"@type\":\"ListItem\",\"position\":3,\"name\":\"Bea Johnsonov\u00e1: Dom\u00e1cnos\u0165 bez odpadu\"}]},{\"@type\":\"WebSite\",\"@id\":\"https:\/\/binchio.com\/#website\",\"url\":\"https:\/\/binchio.com\/\",\"name\":\"Binchio\",\"description\":\"100% p\u0159\u00edrodn\u00ed filtrace vody pomoc\u00ed aktivn\u00edho filtra\u010dn\u00edho uhl\u00ed binchotan\",\"publisher\":{\"@id\":\"https:\/\/binchio.com\/#organization\"},\"potentialAction\":[{\"@type\":\"SearchAction\",\"target\":{\"@type\":\"EntryPoint\",\"urlTemplate\":\"https:\/\/binchio.com\/?s={search_term_string}\"},\"query-input\":{\"@type\":\"PropertyValueSpecification\",\"valueRequired\":true,\"valueName\":\"search_term_string\"}}],\"inLanguage\":\"sk-SK\"},{\"@type\":\"Organization\",\"@id\":\"https:\/\/binchio.com\/#organization\",\"name\":\"Binchio\",\"url\":\"https:\/\/binchio.com\/\",\"logo\":{\"@type\":\"ImageObject\",\"inLanguage\":\"sk-SK\",\"@id\":\"https:\/\/binchio.com\/#\/schema\/logo\/image\/\",\"url\":\"https:\/\/binchio.com\/wp-content\/uploads\/2020\/07\/binchio-logo.svg\",\"contentUrl\":\"https:\/\/binchio.com\/wp-content\/uploads\/2020\/07\/binchio-logo.svg\",\"width\":200,\"height\":430,\"caption\":\"Binchio\"},\"image\":{\"@id\":\"https:\/\/binchio.com\/#\/schema\/logo\/image\/\"},\"sameAs\":[\"https:\/\/www.facebook.com\/binchiouhli\/\",\"https:\/\/www.instagram.com\/milan_suchy\"]}]}<\/script>\n<!-- \/ Yoast SEO plugin. -->","yoast_head_json":{"title":"Bea Johnsonov\u00e1: Dom\u00e1cnos\u0165 bez odpadu - Binchio","description":"Bee Johnsonovej sa dar\u00ed \u017ei\u0165 tak, \u017ee jej dom\u00e1cnos\u0165 (4 \u013eudia a pes) vyprodukuje iba jeden litrov\u00fd zav\u00e1rac\u00ed poh\u00e1r odpadu za rok. Dok\u00e1\u017eete to aj Vy?","robots":{"index":"index","follow":"follow","max-snippet":"max-snippet:-1","max-image-preview":"max-image-preview:large","max-video-preview":"max-video-preview:-1"},"canonical":"https:\/\/binchio.com\/sk\/produkt\/bea-johnsonova-domacnost-bez-odpadu\/","og_locale":"sk_SK","og_type":"article","og_title":"Bea Johnsonov\u00e1: Dom\u00e1cnos\u0165 bez odpadu - Binchio","og_description":"Bee Johnsonovej sa dar\u00ed \u017ei\u0165 tak, \u017ee jej dom\u00e1cnos\u0165 (4 \u013eudia a pes) vyprodukuje iba jeden litrov\u00fd zav\u00e1rac\u00ed poh\u00e1r odpadu za rok. Dok\u00e1\u017eete to aj Vy?","og_url":"https:\/\/binchio.com\/sk\/produkt\/bea-johnsonova-domacnost-bez-odpadu\/","og_site_name":"Binchio","article_publisher":"https:\/\/www.facebook.com\/binchiouhli\/","article_modified_time":"2025-12-06T15:06:36+00:00","og_image":[{"width":444,"height":600,"url":"https:\/\/binchio.com\/wp-content\/uploads\/2022\/04\/domacnost-bez-odpadu-front.png","type":"image\/png"}],"twitter_card":"summary_large_image","twitter_misc":{"Predpokladan\u00fd \u010das \u010d\u00edtania":"1 min\u00fata"},"schema":{"@context":"https:\/\/schema.org","@graph":[{"@type":"WebPage","@id":"https:\/\/binchio.com\/sk\/produkt\/bea-johnsonova-domacnost-bez-odpadu\/","url":"https:\/\/binchio.com\/sk\/produkt\/bea-johnsonova-domacnost-bez-odpadu\/","name":"Bea Johnsonov\u00e1: Dom\u00e1cnos\u0165 bez odpadu - Binchio","isPartOf":{"@id":"https:\/\/binchio.com\/#website"},"primaryImageOfPage":{"@id":"https:\/\/binchio.com\/sk\/produkt\/bea-johnsonova-domacnost-bez-odpadu\/#primaryimage"},"image":{"@id":"https:\/\/binchio.com\/sk\/produkt\/bea-johnsonova-domacnost-bez-odpadu\/#primaryimage"},"thumbnailUrl":"https:\/\/binchio.com\/wp-content\/uploads\/2022\/04\/domacnost-bez-odpadu-front.png","datePublished":"2022-04-29T20:38:43+00:00","dateModified":"2025-12-06T15:06:36+00:00","description":"Bee Johnsonovej sa dar\u00ed \u017ei\u0165 tak, \u017ee jej dom\u00e1cnos\u0165 (4 \u013eudia a pes) vyprodukuje iba jeden litrov\u00fd zav\u00e1rac\u00ed poh\u00e1r odpadu za rok. Dok\u00e1\u017eete to aj Vy?","breadcrumb":{"@id":"https:\/\/binchio.com\/sk\/produkt\/bea-johnsonova-domacnost-bez-odpadu\/#breadcrumb"},"inLanguage":"sk-SK","potentialAction":[{"@type":"ReadAction","target":["https:\/\/binchio.com\/sk\/produkt\/bea-johnsonova-domacnost-bez-odpadu\/"]}]},{"@type":"ImageObject","inLanguage":"sk-SK","@id":"https:\/\/binchio.com\/sk\/produkt\/bea-johnsonova-domacnost-bez-odpadu\/#primaryimage","url":"https:\/\/binchio.com\/wp-content\/uploads\/2022\/04\/domacnost-bez-odpadu-front.png","contentUrl":"https:\/\/binchio.com\/wp-content\/uploads\/2022\/04\/domacnost-bez-odpadu-front.png","width":444,"height":600},{"@type":"BreadcrumbList","@id":"https:\/\/binchio.com\/sk\/produkt\/bea-johnsonova-domacnost-bez-odpadu\/#breadcrumb","itemListElement":[{"@type":"ListItem","position":1,"name":"Home","item":"https:\/\/binchio.com\/sk\/"},{"@type":"ListItem","position":2,"name":"Obchod (woo &#8211; redirected)","item":"https:\/\/binchio.com\/sk\/obchod-woo\/"},{"@type":"ListItem","position":3,"name":"Bea Johnsonov\u00e1: Dom\u00e1cnos\u0165 bez odpadu"}]},{"@type":"WebSite","@id":"https:\/\/binchio.com\/#website","url":"https:\/\/binchio.com\/","name":"Binchio","description":"100% p\u0159\u00edrodn\u00ed filtrace vody pomoc\u00ed aktivn\u00edho filtra\u010dn\u00edho uhl\u00ed binchotan","publisher":{"@id":"https:\/\/binchio.com\/#organization"},"potentialAction":[{"@type":"SearchAction","target":{"@type":"EntryPoint","urlTemplate":"https:\/\/binchio.com\/?s={search_term_string}"},"query-input":{"@type":"PropertyValueSpecification","valueRequired":true,"valueName":"search_term_string"}}],"inLanguage":"sk-SK"},{"@type":"Organization","@id":"https:\/\/binchio.com\/#organization","name":"Binchio","url":"https:\/\/binchio.com\/","logo":{"@type":"ImageObject","inLanguage":"sk-SK","@id":"https:\/\/binchio.com\/#\/schema\/logo\/image\/","url":"https:\/\/binchio.com\/wp-content\/uploads\/2020\/07\/binchio-logo.svg","contentUrl":"https:\/\/binchio.com\/wp-content\/uploads\/2020\/07\/binchio-logo.svg","width":200,"height":430,"caption":"Binchio"},"image":{"@id":"https:\/\/binchio.com\/#\/schema\/logo\/image\/"},"sameAs":["https:\/\/www.facebook.com\/binchiouhli\/","https:\/\/www.instagram.com\/milan_suchy"]}]}},"_links":{"self":[{"href":"https:\/\/binchio.com\/sk\/wp-json\/wp\/v2\/product\/9742","targetHints":{"allow":["GET"]}}],"collection":[{"href":"https:\/\/binchio.com\/sk\/wp-json\/wp\/v2\/product"}],"about":[{"href":"https:\/\/binchio.com\/sk\/wp-json\/wp\/v2\/types\/product"}],"replies":[{"embeddable":true,"href":"https:\/\/binchio.com\/sk\/wp-json\/wp\/v2\/comments?post=9742"}],"wp:featuredmedia":[{"embeddable":true,"href":"https:\/\/binchio.com\/sk\/wp-json\/wp\/v2\/media\/10198"}],"wp:attachment":[{"href":"https:\/\/binchio.com\/sk\/wp-json\/wp\/v2\/media?parent=9742"}],"wp:term":[{"taxonomy":"product_brand","embeddable":true,"href":"https:\/\/binchio.com\/sk\/wp-json\/wp\/v2\/product_brand?post=9742"},{"taxonomy":"product_cat","embeddable":true,"href":"https:\/\/binchio.com\/sk\/wp-json\/wp\/v2\/product_cat?post=9742"},{"taxonomy":"product_tag","embeddable":true,"href":"https:\/\/binchio.com\/sk\/wp-json\/wp\/v2\/product_tag?post=9742"}],"curies":[{"name":"wp","href":"https:\/\/api.w.org\/{rel}","templated":true}]}}