{"id":9645,"date":"2022-04-27T17:47:40","date_gmt":"2022-04-27T15:47:40","guid":{"rendered":"https:\/\/binchio.websy.sk\/?post_type=product&#038;p=9645"},"modified":"2025-03-25T13:02:11","modified_gmt":"2025-03-25T12:02:11","slug":"bambusova-kefka-pre-deti","status":"publish","type":"product","link":"https:\/\/binchio.com\/sk\/produkt\/bambusova-kefka-pre-deti\/","title":{"rendered":"Bambusov\u00e1 kefka pre deti"},"content":{"rendered":"<p>Bambus dok\u00e1\u017ee r\u00e1s\u0165 neuverite\u013ene r\u00fdchlo, aj preto s\u00fa na\u0161e kefky vyroben\u00e9 zo <strong>100% Moso bambusu<\/strong>.<\/p>\n<p>Je pestovan\u00fd <strong>udr\u017eate\u013en\u00fdm sp\u00f4sobom<\/strong> a neohrozuje \u00fazemie pandy. Podobne je navrhnut\u00e1 aj \u0161katu\u013eka kefky, ktor\u00e1 je vyroben\u00e1<strong> z recyklovan\u00e9ho papiera.<\/strong> K\u00fapou na\u0161ej kefky u\u0161etr\u00ed\u0161 pr\u00edrode takmer 500 ro\u010dn\u00fd proces rozkladania be\u017enej umelej kefky.<br \/>\nRovanko pri balen\u00ed db\u00e1me, aby ka\u017ed\u00e1 \u010das\u0165 v\u00e1\u0161ho bal\u00ed\u010dka neobsahovala zbyto\u010dn\u00e9 plasty.<\/p>\n","protected":false},"excerpt":{"rendered":"<p><strong>Bambusov\u00e1 kefka pre Deti<\/strong>\u00a0s <strong>extra jemn\u00fdmi \u0161tetinkami.\u00a0<\/strong>Detailn\u00e9 opracovanie tela kefky ochr\u00e1ni \u010fasn\u00e1 pred podr\u00e1\u017eden\u00edm a jej obl\u00e9 tvary padn\u00fa de\u0165om tak akur\u00e1t do ruky.<\/p>\n<p>U\u017e <strong>\u0161tvrt\u00e1 gener\u00e1cia<\/strong> ve\u013emi ob\u013e\u00faben\u00fdch babusov\u00fdch kefiek slovenskej <strong>eko-zna\u010dky Mobake<\/strong>, ktor\u00e9 si v\u00e1s r\u00fdchlo z\u00edskaj\u00fa. Kefka je zdoben\u00e1 hrav\u00fdm<strong> vzorom v\u0155bov\u00fdch l\u00edstkov.<\/strong><\/p>\n<p><strong>Pre\u010do Bambusov\u00e1 Kefka pre DETI Extra soft:<\/strong><\/p>\n<ul>\n<li><strong>Extra jemn\u00e9 \u0161tetiny,<\/strong><\/li>\n<li>BEZ \u017eivo\u010d\u00ed\u0161nych zlo\u017eiek,<\/li>\n<li>100% vegan,<\/li>\n<li><strong>jemn\u00e1 a nedr\u00e1\u017edi,<\/strong><\/li>\n<li><strong>cez 3000 vl\u00e1kien,<\/strong><\/li>\n<li>hrav\u00fd vzor l\u00edstkov.<\/li>\n<\/ul>\n","protected":false},"featured_media":10208,"comment_status":"open","ping_status":"closed","template":"","meta":{"_acf_changed":false},"product_brand":[],"product_cat":[188],"product_tag":[],"class_list":{"0":"post-9645","1":"product","2":"type-product","3":"status-publish","4":"has-post-thumbnail","6":"product_cat-motivacne-bambusove-kefky","8":"first","9":"instock","10":"taxable","11":"shipping-taxable","12":"purchasable","13":"product-type-simple"},"supplier_id":null,"supplier_sku":"","barcode":null,"atum_controlled":true,"out_stock_date":null,"out_stock_threshold":null,"inheritable":false,"inbound_stock":0,"stock_on_hold":0,"sold_today":0,"sales_last_days":0,"reserved_stock":0,"customer_returns":0,"warehouse_damage":0,"lost_in_post":0,"other_logs":0,"out_stock_days":0,"lost_sales":0,"has_location":false,"update_date":"2026-05-01T03:36:16","atum_locations":[],"atum_stock_status":"instock","restock_status":false,"low_stock_amount":"","sales_update_date":"2026-05-01T03:36:16","calc_backorders":null,"acf":[],"yoast_head":"<!-- This site is optimized with the Yoast SEO plugin v27.2 - https:\/\/yoast.com\/product\/yoast-seo-wordpress\/ -->\n<title>Bambusov\u00e1 kefka pre deti - Binchio<\/title>\n<meta name=\"description\" content=\"Bambusov\u00e1 kefka pre deti s extra jemn\u00fdmi \u0161tetinkami chr\u00e1niaca \u010fasn\u00e1, ktor\u00e1 vyk\u00fazli \u00fasmev na tv\u00e1ri Va\u0161ich ratolest\u00ed.\" \/>\n<meta name=\"robots\" content=\"index, follow, max-snippet:-1, max-image-preview:large, max-video-preview:-1\" \/>\n<link rel=\"canonical\" href=\"https:\/\/binchio.com\/sk\/produkt\/bambusova-kefka-pre-deti\/\" \/>\n<meta property=\"og:locale\" content=\"sk_SK\" \/>\n<meta property=\"og:type\" content=\"article\" \/>\n<meta property=\"og:title\" content=\"Bambusov\u00e1 kefka pre deti - Binchio\" \/>\n<meta property=\"og:description\" content=\"Bambusov\u00e1 kefka pre deti s extra jemn\u00fdmi \u0161tetinkami chr\u00e1niaca \u010fasn\u00e1, ktor\u00e1 vyk\u00fazli \u00fasmev na tv\u00e1ri Va\u0161ich ratolest\u00ed.\" \/>\n<meta property=\"og:url\" content=\"https:\/\/binchio.com\/sk\/produkt\/bambusova-kefka-pre-deti\/\" \/>\n<meta property=\"og:site_name\" content=\"Binchio\" \/>\n<meta property=\"article:publisher\" content=\"https:\/\/www.facebook.com\/binchiouhli\/\" \/>\n<meta property=\"article:modified_time\" content=\"2025-03-25T12:02:11+00:00\" \/>\n<meta property=\"og:image\" content=\"https:\/\/binchio.com\/wp-content\/uploads\/2022\/04\/bambusovy_kartacek_na_zuby_pro_deti.jpg\" \/>\n\t<meta property=\"og:image:width\" content=\"1080\" \/>\n\t<meta property=\"og:image:height\" content=\"1080\" \/>\n\t<meta property=\"og:image:type\" content=\"image\/jpeg\" \/>\n<meta name=\"twitter:card\" content=\"summary_large_image\" \/>\n<meta name=\"twitter:label1\" content=\"Predpokladan\u00fd \u010das \u010d\u00edtania\" \/>\n\t<meta name=\"twitter:data1\" content=\"1 min\u00fata\" \/>\n<script type=\"application\/ld+json\" class=\"yoast-schema-graph\">{\"@context\":\"https:\/\/schema.org\",\"@graph\":[{\"@type\":\"WebPage\",\"@id\":\"https:\/\/binchio.com\/sk\/produkt\/bambusova-kefka-pre-deti\/\",\"url\":\"https:\/\/binchio.com\/sk\/produkt\/bambusova-kefka-pre-deti\/\",\"name\":\"Bambusov\u00e1 kefka pre deti - Binchio\",\"isPartOf\":{\"@id\":\"https:\/\/binchio.com\/#website\"},\"primaryImageOfPage\":{\"@id\":\"https:\/\/binchio.com\/sk\/produkt\/bambusova-kefka-pre-deti\/#primaryimage\"},\"image\":{\"@id\":\"https:\/\/binchio.com\/sk\/produkt\/bambusova-kefka-pre-deti\/#primaryimage\"},\"thumbnailUrl\":\"https:\/\/binchio.com\/wp-content\/uploads\/2022\/04\/bambusovy_kartacek_na_zuby_pro_deti.jpg\",\"datePublished\":\"2022-04-27T15:47:40+00:00\",\"dateModified\":\"2025-03-25T12:02:11+00:00\",\"description\":\"Bambusov\u00e1 kefka pre deti s extra jemn\u00fdmi \u0161tetinkami chr\u00e1niaca \u010fasn\u00e1, ktor\u00e1 vyk\u00fazli \u00fasmev na tv\u00e1ri Va\u0161ich ratolest\u00ed.\",\"breadcrumb\":{\"@id\":\"https:\/\/binchio.com\/sk\/produkt\/bambusova-kefka-pre-deti\/#breadcrumb\"},\"inLanguage\":\"sk-SK\",\"potentialAction\":[{\"@type\":\"ReadAction\",\"target\":[\"https:\/\/binchio.com\/sk\/produkt\/bambusova-kefka-pre-deti\/\"]}]},{\"@type\":\"ImageObject\",\"inLanguage\":\"sk-SK\",\"@id\":\"https:\/\/binchio.com\/sk\/produkt\/bambusova-kefka-pre-deti\/#primaryimage\",\"url\":\"https:\/\/binchio.com\/wp-content\/uploads\/2022\/04\/bambusovy_kartacek_na_zuby_pro_deti.jpg\",\"contentUrl\":\"https:\/\/binchio.com\/wp-content\/uploads\/2022\/04\/bambusovy_kartacek_na_zuby_pro_deti.jpg\",\"width\":1080,\"height\":1080},{\"@type\":\"BreadcrumbList\",\"@id\":\"https:\/\/binchio.com\/sk\/produkt\/bambusova-kefka-pre-deti\/#breadcrumb\",\"itemListElement\":[{\"@type\":\"ListItem\",\"position\":1,\"name\":\"Home\",\"item\":\"https:\/\/binchio.com\/sk\/\"},{\"@type\":\"ListItem\",\"position\":2,\"name\":\"Obchod (woo &#8211; redirected)\",\"item\":\"https:\/\/binchio.com\/sk\/obchod-woo\/\"},{\"@type\":\"ListItem\",\"position\":3,\"name\":\"Bambusov\u00e1 kefka pre deti\"}]},{\"@type\":\"WebSite\",\"@id\":\"https:\/\/binchio.com\/#website\",\"url\":\"https:\/\/binchio.com\/\",\"name\":\"Binchio\",\"description\":\"100% p\u0159\u00edrodn\u00ed filtrace vody pomoc\u00ed aktivn\u00edho filtra\u010dn\u00edho uhl\u00ed binchotan\",\"publisher\":{\"@id\":\"https:\/\/binchio.com\/#organization\"},\"potentialAction\":[{\"@type\":\"SearchAction\",\"target\":{\"@type\":\"EntryPoint\",\"urlTemplate\":\"https:\/\/binchio.com\/?s={search_term_string}\"},\"query-input\":{\"@type\":\"PropertyValueSpecification\",\"valueRequired\":true,\"valueName\":\"search_term_string\"}}],\"inLanguage\":\"sk-SK\"},{\"@type\":\"Organization\",\"@id\":\"https:\/\/binchio.com\/#organization\",\"name\":\"Binchio\",\"url\":\"https:\/\/binchio.com\/\",\"logo\":{\"@type\":\"ImageObject\",\"inLanguage\":\"sk-SK\",\"@id\":\"https:\/\/binchio.com\/#\/schema\/logo\/image\/\",\"url\":\"https:\/\/binchio.com\/wp-content\/uploads\/2020\/07\/binchio-logo.svg\",\"contentUrl\":\"https:\/\/binchio.com\/wp-content\/uploads\/2020\/07\/binchio-logo.svg\",\"width\":200,\"height\":430,\"caption\":\"Binchio\"},\"image\":{\"@id\":\"https:\/\/binchio.com\/#\/schema\/logo\/image\/\"},\"sameAs\":[\"https:\/\/www.facebook.com\/binchiouhli\/\",\"https:\/\/www.instagram.com\/milan_suchy\"]}]}<\/script>\n<!-- \/ Yoast SEO plugin. -->","yoast_head_json":{"title":"Bambusov\u00e1 kefka pre deti - Binchio","description":"Bambusov\u00e1 kefka pre deti s extra jemn\u00fdmi \u0161tetinkami chr\u00e1niaca \u010fasn\u00e1, ktor\u00e1 vyk\u00fazli \u00fasmev na tv\u00e1ri Va\u0161ich ratolest\u00ed.","robots":{"index":"index","follow":"follow","max-snippet":"max-snippet:-1","max-image-preview":"max-image-preview:large","max-video-preview":"max-video-preview:-1"},"canonical":"https:\/\/binchio.com\/sk\/produkt\/bambusova-kefka-pre-deti\/","og_locale":"sk_SK","og_type":"article","og_title":"Bambusov\u00e1 kefka pre deti - Binchio","og_description":"Bambusov\u00e1 kefka pre deti s extra jemn\u00fdmi \u0161tetinkami chr\u00e1niaca \u010fasn\u00e1, ktor\u00e1 vyk\u00fazli \u00fasmev na tv\u00e1ri Va\u0161ich ratolest\u00ed.","og_url":"https:\/\/binchio.com\/sk\/produkt\/bambusova-kefka-pre-deti\/","og_site_name":"Binchio","article_publisher":"https:\/\/www.facebook.com\/binchiouhli\/","article_modified_time":"2025-03-25T12:02:11+00:00","og_image":[{"width":1080,"height":1080,"url":"https:\/\/binchio.com\/wp-content\/uploads\/2022\/04\/bambusovy_kartacek_na_zuby_pro_deti.jpg","type":"image\/jpeg"}],"twitter_card":"summary_large_image","twitter_misc":{"Predpokladan\u00fd \u010das \u010d\u00edtania":"1 min\u00fata"},"schema":{"@context":"https:\/\/schema.org","@graph":[{"@type":"WebPage","@id":"https:\/\/binchio.com\/sk\/produkt\/bambusova-kefka-pre-deti\/","url":"https:\/\/binchio.com\/sk\/produkt\/bambusova-kefka-pre-deti\/","name":"Bambusov\u00e1 kefka pre deti - Binchio","isPartOf":{"@id":"https:\/\/binchio.com\/#website"},"primaryImageOfPage":{"@id":"https:\/\/binchio.com\/sk\/produkt\/bambusova-kefka-pre-deti\/#primaryimage"},"image":{"@id":"https:\/\/binchio.com\/sk\/produkt\/bambusova-kefka-pre-deti\/#primaryimage"},"thumbnailUrl":"https:\/\/binchio.com\/wp-content\/uploads\/2022\/04\/bambusovy_kartacek_na_zuby_pro_deti.jpg","datePublished":"2022-04-27T15:47:40+00:00","dateModified":"2025-03-25T12:02:11+00:00","description":"Bambusov\u00e1 kefka pre deti s extra jemn\u00fdmi \u0161tetinkami chr\u00e1niaca \u010fasn\u00e1, ktor\u00e1 vyk\u00fazli \u00fasmev na tv\u00e1ri Va\u0161ich ratolest\u00ed.","breadcrumb":{"@id":"https:\/\/binchio.com\/sk\/produkt\/bambusova-kefka-pre-deti\/#breadcrumb"},"inLanguage":"sk-SK","potentialAction":[{"@type":"ReadAction","target":["https:\/\/binchio.com\/sk\/produkt\/bambusova-kefka-pre-deti\/"]}]},{"@type":"ImageObject","inLanguage":"sk-SK","@id":"https:\/\/binchio.com\/sk\/produkt\/bambusova-kefka-pre-deti\/#primaryimage","url":"https:\/\/binchio.com\/wp-content\/uploads\/2022\/04\/bambusovy_kartacek_na_zuby_pro_deti.jpg","contentUrl":"https:\/\/binchio.com\/wp-content\/uploads\/2022\/04\/bambusovy_kartacek_na_zuby_pro_deti.jpg","width":1080,"height":1080},{"@type":"BreadcrumbList","@id":"https:\/\/binchio.com\/sk\/produkt\/bambusova-kefka-pre-deti\/#breadcrumb","itemListElement":[{"@type":"ListItem","position":1,"name":"Home","item":"https:\/\/binchio.com\/sk\/"},{"@type":"ListItem","position":2,"name":"Obchod (woo &#8211; redirected)","item":"https:\/\/binchio.com\/sk\/obchod-woo\/"},{"@type":"ListItem","position":3,"name":"Bambusov\u00e1 kefka pre deti"}]},{"@type":"WebSite","@id":"https:\/\/binchio.com\/#website","url":"https:\/\/binchio.com\/","name":"Binchio","description":"100% p\u0159\u00edrodn\u00ed filtrace vody pomoc\u00ed aktivn\u00edho filtra\u010dn\u00edho uhl\u00ed binchotan","publisher":{"@id":"https:\/\/binchio.com\/#organization"},"potentialAction":[{"@type":"SearchAction","target":{"@type":"EntryPoint","urlTemplate":"https:\/\/binchio.com\/?s={search_term_string}"},"query-input":{"@type":"PropertyValueSpecification","valueRequired":true,"valueName":"search_term_string"}}],"inLanguage":"sk-SK"},{"@type":"Organization","@id":"https:\/\/binchio.com\/#organization","name":"Binchio","url":"https:\/\/binchio.com\/","logo":{"@type":"ImageObject","inLanguage":"sk-SK","@id":"https:\/\/binchio.com\/#\/schema\/logo\/image\/","url":"https:\/\/binchio.com\/wp-content\/uploads\/2020\/07\/binchio-logo.svg","contentUrl":"https:\/\/binchio.com\/wp-content\/uploads\/2020\/07\/binchio-logo.svg","width":200,"height":430,"caption":"Binchio"},"image":{"@id":"https:\/\/binchio.com\/#\/schema\/logo\/image\/"},"sameAs":["https:\/\/www.facebook.com\/binchiouhli\/","https:\/\/www.instagram.com\/milan_suchy"]}]}},"_links":{"self":[{"href":"https:\/\/binchio.com\/sk\/wp-json\/wp\/v2\/product\/9645","targetHints":{"allow":["GET"]}}],"collection":[{"href":"https:\/\/binchio.com\/sk\/wp-json\/wp\/v2\/product"}],"about":[{"href":"https:\/\/binchio.com\/sk\/wp-json\/wp\/v2\/types\/product"}],"replies":[{"embeddable":true,"href":"https:\/\/binchio.com\/sk\/wp-json\/wp\/v2\/comments?post=9645"}],"wp:featuredmedia":[{"embeddable":true,"href":"https:\/\/binchio.com\/sk\/wp-json\/wp\/v2\/media\/10208"}],"wp:attachment":[{"href":"https:\/\/binchio.com\/sk\/wp-json\/wp\/v2\/media?parent=9645"}],"wp:term":[{"taxonomy":"product_brand","embeddable":true,"href":"https:\/\/binchio.com\/sk\/wp-json\/wp\/v2\/product_brand?post=9645"},{"taxonomy":"product_cat","embeddable":true,"href":"https:\/\/binchio.com\/sk\/wp-json\/wp\/v2\/product_cat?post=9645"},{"taxonomy":"product_tag","embeddable":true,"href":"https:\/\/binchio.com\/sk\/wp-json\/wp\/v2\/product_tag?post=9645"}],"curies":[{"name":"wp","href":"https:\/\/api.w.org\/{rel}","templated":true}]}}