{"id":8727,"date":"2021-11-04T15:52:26","date_gmt":"2021-11-04T14:52:26","guid":{"rendered":"https:\/\/binchio.websy.sk\/produkt\/prawteinc60-uhlik-zivota\/"},"modified":"2024-06-14T15:31:51","modified_gmt":"2024-06-14T13:31:51","slug":"prawteinc60-uhlik-zivota","status":"publish","type":"product","link":"https:\/\/binchio.com\/sk\/produkt\/prawteinc60-uhlik-zivota\/","title":{"rendered":"PRAWTEIN\u00aeC60 &#8211; Uhl\u00edk \u017eivota"},"content":{"rendered":"<p><iframe loading=\"lazy\" title=\"YouTube video player\" src=\"https:\/\/www.youtube.com\/embed\/w0GXh5Zd-lY\" width=\"640\" height=\"360\" frameborder=\"0\" allowfullscreen=\"allowfullscreen\"><span style=\"display: inline-block; width: 0px; overflow: hidden; line-height: 0;\" data-mce-type=\"bookmark\" class=\"mce_SELRES_start\">\ufeff<\/span><span style=\"display: inline-block; width: 0px; overflow: hidden; line-height: 0;\" data-mce-type=\"bookmark\" class=\"mce_SELRES_start\">\ufeff<\/span><span style=\"display: inline-block; width: 0px; overflow: hidden; line-height: 0;\" data-mce-type=\"bookmark\" class=\"mce_SELRES_start\">\ufeff<\/span><\/iframe><\/p>\n<h3>D\u00e1vkovanie<\/h3>\n<p><strong>3\u00d7 denne 1\u20133 espresso ly\u017ei\u010dky<\/strong> (1\u00a0espresso ly\u017ei\u010dka cca 2\u00a0g). Najlep\u0161ie <strong>pol hodiny pred alebo dve hodiny po jedle.<\/strong> Hrdlo f\u013ea\u0161ti\u010dky bolo zvolen\u00e9 tak, aby n\u00edm v\u00e4\u010d\u0161ia ako espresso ly\u017ei\u010dka nepre\u0161la.<\/p>\n<h3>Ako dlho v\u00e1m pribli\u017ene vydr\u017e\u00ed jedna f\u013ea\u0161ti\u010dka PRAWTEINU CARBON ELIXIR?<\/h3>\n<table>\n<tbody>\n<tr>\n<td><\/td>\n<td>1 espresso ly\u017ei\u010dka<\/td>\n<td>2 espresso ly\u017ei\u010dky<\/td>\n<td>3 espresso ly\u017ei\u010dky<\/td>\n<\/tr>\n<tr>\n<td>1\u00d7 denne<\/td>\n<td>50\u00a0dn\u00ed<\/td>\n<td>25\u00a0dn\u00ed<\/td>\n<td>16\u00a0dn\u00ed<\/td>\n<\/tr>\n<tr>\n<td>2\u00d7 denne<\/td>\n<td>25\u00a0dn\u00ed<\/td>\n<td>12\u00a0dn\u00ed<\/td>\n<td>8\u00a0dn\u00ed<\/td>\n<\/tr>\n<tr>\n<td>3\u00d7 denne<\/td>\n<td>16\u00a0dn\u00ed<\/td>\n<td>8\u00a0dn\u00ed<\/td>\n<td>5\u00a0dn\u00ed<\/td>\n<\/tr>\n<\/tbody>\n<\/table>\n<h3>Hist\u00f3ria<\/h3>\n<p>D\u00f4le\u017eitos\u0165ou uhl\u00edka, ako z\u00e1kladn\u00e9ho prvku v\u0161etk\u00fdch organick\u00fdch zl\u00fa\u010den\u00edn vr\u00e1tane n\u00e1s samotn\u00fdch, sa zaoberal u\u017e Rudolf Steiner, ktor\u00fd o \u0148om hovoril ako o <strong>kamene mudrcov<\/strong> (arabsky sa kame\u0148 mudrcov povie \u201eel ixir\u201c).<\/p>\n<p><strong>Molekula C60 je pravdepodobne najv\u00e4\u010d\u0161\u00ed objav v dejin\u00e1ch \u013eudstva v oblasti dlhovekosti.<\/strong><br \/>\n<strong>Za objav<\/strong> jedine\u010dnej molekuly C60 <strong>bola udelen\u00e1<\/strong> Haroldovi Krotovi <strong>Nobelova cena.<\/strong><br \/>\nAmerick\u00fd vedec David Wolfe hovor\u00ed o molekule C60, \u017ee to je v oblasti dlhovekosti najv\u00e4\u010d\u0161\u00ed objav v dejin\u00e1ch \u013eudstva. Jej molekulu v tvare futbalovej lopty kreslil u\u017e aj Leonardo da Vinci a <strong>Rudolf Steiner hovoril o uhl\u00edku ako o kameni mudrcov<\/strong> (arabsky sa kame\u0148 mudrcov povie &#8222;El ixir&#8220;).<\/p>\n<p><iframe loading=\"lazy\" title=\"YouTube video player\" src=\"https:\/\/www.youtube.com\/embed\/BuHKfrxxevA\" width=\"640\" height=\"360\" frameborder=\"0\" allowfullscreen=\"allowfullscreen\"><span style=\"display: inline-block; width: 0px; overflow: hidden; line-height: 0;\" data-mce-type=\"bookmark\" br=\"\"><\/span><br \/>\n<\/iframe><\/p>\n<hr \/>\n<h2>V\u00fd\u017eivov\u00e9 \u00fadaje<\/h2>\n<table>\n<thead>\n<tr>\n<th><\/th>\n<th>Na 100\u00a0g<\/th>\n<\/tr>\n<\/thead>\n<tbody>\n<tr>\n<td>Energetick\u00e1 hodnota<\/td>\n<td>2636\u00a0kJ \/ 630\u00a0kcal<\/td>\n<\/tr>\n<tr>\n<td>Tuky<\/td>\n<td>54,9\u00a0g<\/td>\n<\/tr>\n<tr>\n<td>\u2013 z toho nas\u00fdten\u00e9 mastn\u00e9 kyseliny<\/td>\n<td>10,1\u00a0g<\/td>\n<\/tr>\n<tr>\n<td>Sacharidy<\/td>\n<td>19,6\u00a0g<\/td>\n<\/tr>\n<tr>\n<td>\u2013 z\u00a0toho cukry<\/td>\n<td>19,3\u00a0g<\/td>\n<\/tr>\n<tr>\n<td>Bielkoviny<\/td>\n<td>5,3\u00a0g<\/td>\n<\/tr>\n<tr>\n<td>So\u013e<\/td>\n<td>&lt; 0,1\u00a0g<\/td>\n<\/tr>\n<\/tbody>\n<\/table>\n<h2>Miner\u00e1ly<\/h2>\n<table>\n<thead>\n<tr>\n<th>Miner\u00e1ly<\/th>\n<th>mno\u017estvo<\/th>\n<th>% *RHP na 100\u00a0g<\/th>\n<\/tr>\n<\/thead>\n<tbody>\n<tr>\n<td>Hor\u010d\u00edk<\/td>\n<td>191\u00a0mg<\/td>\n<td>50,9<\/td>\n<\/tr>\n<tr>\n<td>Zinok<\/td>\n<td>1,9\u00a0mg<\/td>\n<td>18,7<\/td>\n<\/tr>\n<\/tbody>\n<\/table>\n<p><em>*denn\u00e1 referen\u010dn\u00e1 hodnota pr\u00edjmu vitam\u00ednov a miner\u00e1lnych l\u00e1tok (u dospel\u00fdch os\u00f4b)<\/em><\/p>\n<h2>Prawtein CARBON elixir obsahuje:<\/h2>\n<div class=\"inci\">\n<div class=\"item\">Organic RAW Cocoa beans<\/div>\n<div class=\"item\">Organic Jaggery<\/div>\n<div class=\"item\">ORGANIC RAW OMEGA COMPLEX (Helianthus annuus seed oil\/Fucus serratus\/Fucus vesiculosus\/Ascophyllum nodosum\/ Pelvetia canaliculata\/Laminaria japonica\/Himanthalia elongata\/Ulva spiralis\/Saccharina latissima\/Alaria esculenta\/Chondrus crispus\/Palmaria palmata)<\/div>\n<div class=\"item\">CARBON COMPLEX (Charcoal Powder\/Humic acid\/Organic Lavandula Angustifolia Essential Oil (DIAMOND\/ GOLD\/LIGHT ESSENCE))<\/div>\n<div class=\"item\">Organic RAW Coconut oil<\/div>\n<div class=\"item\">Cocoa butter<\/div>\n<div class=\"item\">Organic Olive oil<\/div>\n<div class=\"item\">Organic RAW Carob<\/div>\n<div class=\"item\">Organic Aronia<\/div>\n<div class=\"item\">Organic Hemp Seed Oil<\/div>\n<div class=\"item\">Organic RAW Nettle<\/div>\n<div class=\"item\">Organic RAW Maca<\/div>\n<div class=\"item\">Organic RAW Moringa<\/div>\n<div class=\"item\">Organic RAW Hemp seeds<\/div>\n<div class=\"item\">RAW Pumpkin seeds<\/div>\n<div class=\"item\">RAW Sesame seeds<\/div>\n<div class=\"item\">Organic RAW Natto<\/div>\n<div class=\"item\">raw material produced by fermentation of soybeans<\/div>\n<div class=\"item\">Organic RAW Fucus serratus<\/div>\n<div class=\"item\">Organic RAW Fucus vesiculosus<\/div>\n<div class=\"item\">Organic RAW Scotch pine needles<\/div>\n<div class=\"item\">Organic Lucuma Powder<\/div>\n<div class=\"item\">Organic Black elderberry<\/div>\n<div class=\"item\">ORGANIC RAW GEMMA COMPLEX (Helianthus Annuus Seed Oil\/Castanea Sativa Mill. Bud Extract\/Fagus Sylvatica Bud Extract\/Prunus Avium Bud Extract\/Prunus Cerasus L. Bud Extract\/Juglans Regia L. Bud Extract\/Malus Domestica Bud Extract\/Tilia Cordata Bud Extract\/Lavandula Angustifolia Essential Oil)<\/div>\n<div class=\"item\">Organic RAW Clove<\/div>\n<div class=\"item\">Organic Apricot Kernel Oil<\/div>\n<div class=\"item\">Organic RAW Black Cumin Seed Oil<\/div>\n<div class=\"item\">Organic RAW Acai Berry Lyophilized Powder<\/div>\n<div class=\"item\">Organic RAW Coconut Water Lyophilized Powder<\/div>\n<div class=\"item\">Organic RAW Citrus Sinensis Peel Essential Oil.<\/div>\n<div><\/div>\n<p>Nariadenia Eur\u00f3pskeho parlamentu n\u00e1m neumo\u017e\u0148uj\u00fa uv\u00e1dza\u0165 pri v\u00fdrobkoch neschv\u00e1len\u00e9 zdravotn\u00e9 tvrdenia. Nie je to mo\u017en\u00e9 ani v pr\u00edpadoch, ke\u010f s\u00fa tieto zdravotn\u00e9 tvrdenia potvrden\u00e9 vedeck\u00fdmi \u0161t\u00fadiami. Zdravotn\u00e9 tvrdenie tu nie je mo\u017en\u00e9 uv\u00e1dza\u0165 ani v r\u00e1mci osobn\u00fdch sk\u00fasenost\u00ed a referenci\u00ed. Na zistenie podrobnej\u0161\u00edch inform\u00e1ci\u00ed V\u00e1s preto odkazujeme na in\u00e9 zdroje.<\/p>\n<\/div>\n","protected":false},"excerpt":{"rendered":"<p>C\u00edtite sa <strong>dlhodobo<\/strong> bez energie a prepadaj\u00fa v\u00e1s stavy, kedy doslova pad\u00e1te na \u00fasta?<\/p>\n<p><strong>Nakopnite svoje telo s Prawteinom CARBON ELIXIR!<\/strong><\/p>\n<p>Poc\u00ed\u0165te pr\u00edval <strong>energie<\/strong> so 100% \u010dist\u00fdm komplexom t\u00fdch najsilnej\u0161\u00edch elementov z \u010distej pr\u00edrody.<\/p>\n<p>Objavte silu \u0161peci\u00e1lnych foriem uhl\u00edka, ktor\u00e9 va\u0161e telo vyu\u017eije na maximum. Zvl\u00e1dnite aj ten najn\u00e1ro\u010dnej\u0161\u00ed de\u0148 s <strong>nadh\u013eadom a \u013eahkos\u0165ou.<\/strong><\/p>\n<h3>Pre\u010do u\u017e\u00edva\u0165 Prawtein CARBON ELIXIR?<\/h3>\n<ul>\n<li>V\u010faka Carbon komplexu dopln\u00edte telu k\u013e\u00fa\u010dov\u00fd stavebn\u00fd kame\u0148 \u2013 maxim\u00e1lne vyu\u017eite\u013en\u00fd uhl\u00edk, ktor\u00fd podpor\u00ed va\u0161u energiu a prirodzen\u00fa o\u010distu.<\/li>\n<li>Pri v\u00fdrobe Carbon komplexu je pou\u017eit\u00e9 optim\u00e1lne mno\u017estvo molekuly C60.<\/li>\n<li>Obsahuje kyselinu shikimov\u00fa. T\u00fato biologicky akt\u00edvnu l\u00e1tku <strong>ocen\u00edte<\/strong> najm\u00e4 na jese\u0148 av zime.<\/li>\n<li>Fermentovan\u00e9 b\u00f4by natto <strong>doplnia<\/strong> v\u00e1\u0161mu telu vitam\u00edny a akt\u00edvne l\u00e1tky vzniknut\u00e9 ferment\u00e1ciou.<\/li>\n<li>Na\u0161e jedine\u010dn\u00e9 spagyristicky vyroben\u00e9 DIAMOND, GOLD A LIGHT ESSENCE <strong>potencuj\u00fa<\/strong> zlo\u017eenie Carbon Elix\u00edru a dod\u00e1vaj\u00fa jeho \u00fa\u010dinnosti nov\u00fd rozmer.<\/li>\n<li>V r\u00e1mci v\u00fdroby p\u00f4sob\u00edme na CARBON ELIXIR vyhl\u00e1sen\u00fa Schumannovou frekvenciou, ktor\u00e1 m\u00f4\u017ee navr\u00e1ti\u0165 va\u0161e telo i myse\u013e do <strong>rovnov\u00e1hu.<\/strong><\/li>\n<\/ul>\n<h3>Carbon komplex<\/h3>\n<p>Komplex kyseliny Huminovej a \u010fal\u0161\u00edch biologicky dostupn\u00fdch uhl\u00edkov\u00fdch l\u00e1tok, ktor\u00fd dopln\u00ed telu k\u013e\u00fa\u010dov\u00fd stavebn\u00fd kame\u0148 \u2013 maxim\u00e1lne vyu\u017eite\u013en\u00fd <strong>uhl\u00edk<\/strong>. Ten, okrem v\u00fdborn\u00fdch<strong> energizuj\u00facich<\/strong> vlastnost\u00ed, disponuje mimoriadnou absorp\u010dnou kapacitou, via\u017ee na seba v\u0161etky <strong>cudzorod\u00e9<\/strong> l\u00e1tky a napom\u00e1ha ich <strong>odstra\u0148ova\u0165<\/strong> z tela von.<\/p>\n<p><strong>V\u00fdrobca na z\u00e1klade laborat\u00f3rnych testov potvrdzuje obsah uhl\u00edku: <\/strong>jedno balenie Prawteinu CARBON ELIXIR obsahuje <strong>4 200 mg uhl\u00edka.<\/strong><\/p>\n<p>V jednej espresso ly\u017ei\u010dke (v cca 2 g) dopln\u00edte v\u00e1\u0161mu telu pribli\u017ene 84 mg uhl\u00edka.<\/p>\n<h3>Siln\u00e1 kyselina shikimov\u00e1<\/h3>\n<p><strong>Kyselina shikimov\u00e1<\/strong> \u2013 \u00fa\u010dinn\u00e1, biologicky akt\u00edvna, l\u00e1tka borovicov\u00e9ho ihli\u010dia, ktor\u00e1 sa v posledn\u00fdch rokoch te\u0161\u00ed st\u00e1le v\u00e4\u010d\u0161iemu z\u00e1ujmu v mnoh\u00fdch oblastiach v\u00fdskumu, vr\u00e1tane <strong>biomedic\u00ednskych<\/strong> aplik\u00e1ci\u00ed.<\/p>\n<h3>Z\u00e1zrak ferment\u00e1cie<\/h3>\n<p><strong>Fermentovan\u00e9 b\u00f4by natto<\/strong> \u2013 tradi\u010dn\u00fd pokrm Japoncov vyzna\u010duj\u00faci sa vysok\u00fdm mno\u017estvom prirodzene pr\u00edtomn\u00fdch akt\u00edvnych l\u00e1tok a vitam\u00ednov vzniknut\u00fdch <strong>ferment\u00e1ciou.<\/strong><\/p>\n<h3>Jedine\u010dn\u00e9 ESSENCE<\/h3>\n<p>DIAMOND, GOLD, LIGHT ESSENCE \u2013 jedine\u010dn\u00e9 prvky definovan\u00fdch energeticko-frekven\u010dn\u00fdch vlastnost\u00ed, ktor\u00e9 si vyr\u00e1bame sami spagyristick\u00fdmi met\u00f3dami, ktor\u00e9 s\u00fa be\u017ene neuskuto\u010dnite\u013en\u00e9. Do Prawteinu s\u00fa pridan\u00e9 za \u00fa\u010delom <strong>potencovania.<\/strong><\/p>\n","protected":false},"featured_media":12303,"comment_status":"open","ping_status":"closed","template":"","meta":{"_acf_changed":false},"product_brand":[],"product_cat":[357,171],"product_tag":[],"class_list":{"0":"post-8727","1":"product","2":"type-product","3":"status-publish","4":"has-post-thumbnail","6":"product_cat-vyzivove-doplnky-sk","7":"product_cat-prawtein-c60-uhlik-zivota-sk","9":"first","10":"onbackorder","11":"taxable","12":"shipping-taxable","13":"purchasable","14":"product-type-simple"},"supplier_id":null,"supplier_sku":"","barcode":null,"atum_controlled":true,"out_stock_date":"2026-01-18 21:46:15","out_stock_threshold":null,"inheritable":false,"inbound_stock":0,"stock_on_hold":0,"sold_today":0,"sales_last_days":0,"reserved_stock":0,"customer_returns":0,"warehouse_damage":0,"lost_in_post":0,"other_logs":0,"out_stock_days":96,"lost_sales":0,"has_location":false,"update_date":"2026-04-25T03:00:25","atum_locations":[],"atum_stock_status":"onbackorder","restock_status":false,"low_stock_amount":"","sales_update_date":"2026-04-25T03:00:24","calc_backorders":0,"acf":[],"yoast_head":"<!-- This site is optimized with the Yoast SEO plugin v27.2 - https:\/\/yoast.com\/product\/yoast-seo-wordpress\/ -->\n<title>PRAWTEIN\u00aeC60 - Uhl\u00edk \u017eivota - Binchio<\/title>\n<meta name=\"description\" content=\"Objavte silu maxim\u00e1lne vyu\u017eite\u013en\u00e9ho uhl\u00edka. Prawtein CARBON ELIXIR v\u00e1s nakopne komplexom t\u00fdch najsilnej\u0161\u00edch elementov, ktor\u00e9 n\u00e1m pr\u00edroda pon\u00faka. Nov\u00e1 gener\u00e1cia BESTSELLERA. C\u00edtite sa dlhodobo bez energie a prepadaj\u00fa v\u00e1s stavy, kedy doslova pad\u00e1te na \u00fasta? Objavte silu \u0161peci\u00e1lnych foriem uhl\u00edka, ktor\u00e9 va\u0161e telo vyu\u017eije na maximum. nadh\u013eadom a \u013eahkos\u0165ou.\" \/>\n<meta name=\"robots\" content=\"index, follow, max-snippet:-1, max-image-preview:large, max-video-preview:-1\" \/>\n<link rel=\"canonical\" href=\"https:\/\/binchio.com\/sk\/produkt\/prawteinc60-uhlik-zivota\/\" \/>\n<meta property=\"og:locale\" content=\"sk_SK\" \/>\n<meta property=\"og:type\" content=\"article\" \/>\n<meta property=\"og:title\" content=\"PRAWTEIN\u00aeC60 - Uhl\u00edk \u017eivota - Binchio\" \/>\n<meta property=\"og:description\" content=\"Objavte silu maxim\u00e1lne vyu\u017eite\u013en\u00e9ho uhl\u00edka. Prawtein CARBON ELIXIR v\u00e1s nakopne komplexom t\u00fdch najsilnej\u0161\u00edch elementov, ktor\u00e9 n\u00e1m pr\u00edroda pon\u00faka. Nov\u00e1 gener\u00e1cia BESTSELLERA. C\u00edtite sa dlhodobo bez energie a prepadaj\u00fa v\u00e1s stavy, kedy doslova pad\u00e1te na \u00fasta? Objavte silu \u0161peci\u00e1lnych foriem uhl\u00edka, ktor\u00e9 va\u0161e telo vyu\u017eije na maximum. nadh\u013eadom a \u013eahkos\u0165ou.\" \/>\n<meta property=\"og:url\" content=\"https:\/\/binchio.com\/sk\/produkt\/prawteinc60-uhlik-zivota\/\" \/>\n<meta property=\"og:site_name\" content=\"Binchio\" \/>\n<meta property=\"article:publisher\" content=\"https:\/\/www.facebook.com\/binchiouhli\/\" \/>\n<meta property=\"article:modified_time\" content=\"2024-06-14T13:31:51+00:00\" \/>\n<meta property=\"og:image\" content=\"https:\/\/binchio.com\/wp-content\/uploads\/2021\/11\/PRAWTEIN_CARBON_ELIXIR-_uhlik_zivota_C60-1.jpg\" \/>\n\t<meta property=\"og:image:width\" content=\"1080\" \/>\n\t<meta property=\"og:image:height\" content=\"1080\" \/>\n\t<meta property=\"og:image:type\" content=\"image\/jpeg\" \/>\n<meta name=\"twitter:card\" content=\"summary_large_image\" \/>\n<meta name=\"twitter:label1\" content=\"Predpokladan\u00fd \u010das \u010d\u00edtania\" \/>\n\t<meta name=\"twitter:data1\" content=\"3 min\u00faty\" \/>\n<script type=\"application\/ld+json\" class=\"yoast-schema-graph\">{\"@context\":\"https:\/\/schema.org\",\"@graph\":[{\"@type\":\"WebPage\",\"@id\":\"https:\/\/binchio.com\/sk\/produkt\/prawteinc60-uhlik-zivota\/\",\"url\":\"https:\/\/binchio.com\/sk\/produkt\/prawteinc60-uhlik-zivota\/\",\"name\":\"PRAWTEIN\u00aeC60 - Uhl\u00edk \u017eivota - Binchio\",\"isPartOf\":{\"@id\":\"https:\/\/binchio.com\/#website\"},\"primaryImageOfPage\":{\"@id\":\"https:\/\/binchio.com\/sk\/produkt\/prawteinc60-uhlik-zivota\/#primaryimage\"},\"image\":{\"@id\":\"https:\/\/binchio.com\/sk\/produkt\/prawteinc60-uhlik-zivota\/#primaryimage\"},\"thumbnailUrl\":\"https:\/\/binchio.com\/wp-content\/uploads\/2021\/11\/PRAWTEIN_CARBON_ELIXIR-_uhlik_zivota_C60-1.jpg\",\"datePublished\":\"2021-11-04T14:52:26+00:00\",\"dateModified\":\"2024-06-14T13:31:51+00:00\",\"description\":\"Objavte silu maxim\u00e1lne vyu\u017eite\u013en\u00e9ho uhl\u00edka. Prawtein CARBON ELIXIR v\u00e1s nakopne komplexom t\u00fdch najsilnej\u0161\u00edch elementov, ktor\u00e9 n\u00e1m pr\u00edroda pon\u00faka. Nov\u00e1 gener\u00e1cia BESTSELLERA. C\u00edtite sa dlhodobo bez energie a prepadaj\u00fa v\u00e1s stavy, kedy doslova pad\u00e1te na \u00fasta? Objavte silu \u0161peci\u00e1lnych foriem uhl\u00edka, ktor\u00e9 va\u0161e telo vyu\u017eije na maximum. nadh\u013eadom a \u013eahkos\u0165ou.\",\"breadcrumb\":{\"@id\":\"https:\/\/binchio.com\/sk\/produkt\/prawteinc60-uhlik-zivota\/#breadcrumb\"},\"inLanguage\":\"sk-SK\",\"potentialAction\":[{\"@type\":\"ReadAction\",\"target\":[\"https:\/\/binchio.com\/sk\/produkt\/prawteinc60-uhlik-zivota\/\"]}]},{\"@type\":\"ImageObject\",\"inLanguage\":\"sk-SK\",\"@id\":\"https:\/\/binchio.com\/sk\/produkt\/prawteinc60-uhlik-zivota\/#primaryimage\",\"url\":\"https:\/\/binchio.com\/wp-content\/uploads\/2021\/11\/PRAWTEIN_CARBON_ELIXIR-_uhlik_zivota_C60-1.jpg\",\"contentUrl\":\"https:\/\/binchio.com\/wp-content\/uploads\/2021\/11\/PRAWTEIN_CARBON_ELIXIR-_uhlik_zivota_C60-1.jpg\",\"width\":1080,\"height\":1080,\"caption\":\"PRAWTEIN\u00aeCARBON ELIXIR - Uhl\u00edk \u017eivota\"},{\"@type\":\"BreadcrumbList\",\"@id\":\"https:\/\/binchio.com\/sk\/produkt\/prawteinc60-uhlik-zivota\/#breadcrumb\",\"itemListElement\":[{\"@type\":\"ListItem\",\"position\":1,\"name\":\"Home\",\"item\":\"https:\/\/binchio.com\/sk\/\"},{\"@type\":\"ListItem\",\"position\":2,\"name\":\"Obchod (woo &#8211; redirected)\",\"item\":\"https:\/\/binchio.com\/sk\/obchod-woo\/\"},{\"@type\":\"ListItem\",\"position\":3,\"name\":\"PRAWTEIN\u00aeC60 &#8211; Uhl\u00edk \u017eivota\"}]},{\"@type\":\"WebSite\",\"@id\":\"https:\/\/binchio.com\/#website\",\"url\":\"https:\/\/binchio.com\/\",\"name\":\"Binchio\",\"description\":\"100% p\u0159\u00edrodn\u00ed filtrace vody pomoc\u00ed aktivn\u00edho filtra\u010dn\u00edho uhl\u00ed binchotan\",\"publisher\":{\"@id\":\"https:\/\/binchio.com\/#organization\"},\"potentialAction\":[{\"@type\":\"SearchAction\",\"target\":{\"@type\":\"EntryPoint\",\"urlTemplate\":\"https:\/\/binchio.com\/?s={search_term_string}\"},\"query-input\":{\"@type\":\"PropertyValueSpecification\",\"valueRequired\":true,\"valueName\":\"search_term_string\"}}],\"inLanguage\":\"sk-SK\"},{\"@type\":\"Organization\",\"@id\":\"https:\/\/binchio.com\/#organization\",\"name\":\"Binchio\",\"url\":\"https:\/\/binchio.com\/\",\"logo\":{\"@type\":\"ImageObject\",\"inLanguage\":\"sk-SK\",\"@id\":\"https:\/\/binchio.com\/#\/schema\/logo\/image\/\",\"url\":\"https:\/\/binchio.com\/wp-content\/uploads\/2020\/07\/binchio-logo.svg\",\"contentUrl\":\"https:\/\/binchio.com\/wp-content\/uploads\/2020\/07\/binchio-logo.svg\",\"width\":200,\"height\":430,\"caption\":\"Binchio\"},\"image\":{\"@id\":\"https:\/\/binchio.com\/#\/schema\/logo\/image\/\"},\"sameAs\":[\"https:\/\/www.facebook.com\/binchiouhli\/\",\"https:\/\/www.instagram.com\/milan_suchy\"]}]}<\/script>\n<!-- \/ Yoast SEO plugin. -->","yoast_head_json":{"title":"PRAWTEIN\u00aeC60 - Uhl\u00edk \u017eivota - Binchio","description":"Objavte silu maxim\u00e1lne vyu\u017eite\u013en\u00e9ho uhl\u00edka. Prawtein CARBON ELIXIR v\u00e1s nakopne komplexom t\u00fdch najsilnej\u0161\u00edch elementov, ktor\u00e9 n\u00e1m pr\u00edroda pon\u00faka. Nov\u00e1 gener\u00e1cia BESTSELLERA. C\u00edtite sa dlhodobo bez energie a prepadaj\u00fa v\u00e1s stavy, kedy doslova pad\u00e1te na \u00fasta? Objavte silu \u0161peci\u00e1lnych foriem uhl\u00edka, ktor\u00e9 va\u0161e telo vyu\u017eije na maximum. nadh\u013eadom a \u013eahkos\u0165ou.","robots":{"index":"index","follow":"follow","max-snippet":"max-snippet:-1","max-image-preview":"max-image-preview:large","max-video-preview":"max-video-preview:-1"},"canonical":"https:\/\/binchio.com\/sk\/produkt\/prawteinc60-uhlik-zivota\/","og_locale":"sk_SK","og_type":"article","og_title":"PRAWTEIN\u00aeC60 - Uhl\u00edk \u017eivota - Binchio","og_description":"Objavte silu maxim\u00e1lne vyu\u017eite\u013en\u00e9ho uhl\u00edka. Prawtein CARBON ELIXIR v\u00e1s nakopne komplexom t\u00fdch najsilnej\u0161\u00edch elementov, ktor\u00e9 n\u00e1m pr\u00edroda pon\u00faka. Nov\u00e1 gener\u00e1cia BESTSELLERA. C\u00edtite sa dlhodobo bez energie a prepadaj\u00fa v\u00e1s stavy, kedy doslova pad\u00e1te na \u00fasta? Objavte silu \u0161peci\u00e1lnych foriem uhl\u00edka, ktor\u00e9 va\u0161e telo vyu\u017eije na maximum. nadh\u013eadom a \u013eahkos\u0165ou.","og_url":"https:\/\/binchio.com\/sk\/produkt\/prawteinc60-uhlik-zivota\/","og_site_name":"Binchio","article_publisher":"https:\/\/www.facebook.com\/binchiouhli\/","article_modified_time":"2024-06-14T13:31:51+00:00","og_image":[{"width":1080,"height":1080,"url":"https:\/\/binchio.com\/wp-content\/uploads\/2021\/11\/PRAWTEIN_CARBON_ELIXIR-_uhlik_zivota_C60-1.jpg","type":"image\/jpeg"}],"twitter_card":"summary_large_image","twitter_misc":{"Predpokladan\u00fd \u010das \u010d\u00edtania":"3 min\u00faty"},"schema":{"@context":"https:\/\/schema.org","@graph":[{"@type":"WebPage","@id":"https:\/\/binchio.com\/sk\/produkt\/prawteinc60-uhlik-zivota\/","url":"https:\/\/binchio.com\/sk\/produkt\/prawteinc60-uhlik-zivota\/","name":"PRAWTEIN\u00aeC60 - Uhl\u00edk \u017eivota - Binchio","isPartOf":{"@id":"https:\/\/binchio.com\/#website"},"primaryImageOfPage":{"@id":"https:\/\/binchio.com\/sk\/produkt\/prawteinc60-uhlik-zivota\/#primaryimage"},"image":{"@id":"https:\/\/binchio.com\/sk\/produkt\/prawteinc60-uhlik-zivota\/#primaryimage"},"thumbnailUrl":"https:\/\/binchio.com\/wp-content\/uploads\/2021\/11\/PRAWTEIN_CARBON_ELIXIR-_uhlik_zivota_C60-1.jpg","datePublished":"2021-11-04T14:52:26+00:00","dateModified":"2024-06-14T13:31:51+00:00","description":"Objavte silu maxim\u00e1lne vyu\u017eite\u013en\u00e9ho uhl\u00edka. Prawtein CARBON ELIXIR v\u00e1s nakopne komplexom t\u00fdch najsilnej\u0161\u00edch elementov, ktor\u00e9 n\u00e1m pr\u00edroda pon\u00faka. Nov\u00e1 gener\u00e1cia BESTSELLERA. C\u00edtite sa dlhodobo bez energie a prepadaj\u00fa v\u00e1s stavy, kedy doslova pad\u00e1te na \u00fasta? Objavte silu \u0161peci\u00e1lnych foriem uhl\u00edka, ktor\u00e9 va\u0161e telo vyu\u017eije na maximum. nadh\u013eadom a \u013eahkos\u0165ou.","breadcrumb":{"@id":"https:\/\/binchio.com\/sk\/produkt\/prawteinc60-uhlik-zivota\/#breadcrumb"},"inLanguage":"sk-SK","potentialAction":[{"@type":"ReadAction","target":["https:\/\/binchio.com\/sk\/produkt\/prawteinc60-uhlik-zivota\/"]}]},{"@type":"ImageObject","inLanguage":"sk-SK","@id":"https:\/\/binchio.com\/sk\/produkt\/prawteinc60-uhlik-zivota\/#primaryimage","url":"https:\/\/binchio.com\/wp-content\/uploads\/2021\/11\/PRAWTEIN_CARBON_ELIXIR-_uhlik_zivota_C60-1.jpg","contentUrl":"https:\/\/binchio.com\/wp-content\/uploads\/2021\/11\/PRAWTEIN_CARBON_ELIXIR-_uhlik_zivota_C60-1.jpg","width":1080,"height":1080,"caption":"PRAWTEIN\u00aeCARBON ELIXIR - Uhl\u00edk \u017eivota"},{"@type":"BreadcrumbList","@id":"https:\/\/binchio.com\/sk\/produkt\/prawteinc60-uhlik-zivota\/#breadcrumb","itemListElement":[{"@type":"ListItem","position":1,"name":"Home","item":"https:\/\/binchio.com\/sk\/"},{"@type":"ListItem","position":2,"name":"Obchod (woo &#8211; redirected)","item":"https:\/\/binchio.com\/sk\/obchod-woo\/"},{"@type":"ListItem","position":3,"name":"PRAWTEIN\u00aeC60 &#8211; Uhl\u00edk \u017eivota"}]},{"@type":"WebSite","@id":"https:\/\/binchio.com\/#website","url":"https:\/\/binchio.com\/","name":"Binchio","description":"100% p\u0159\u00edrodn\u00ed filtrace vody pomoc\u00ed aktivn\u00edho filtra\u010dn\u00edho uhl\u00ed binchotan","publisher":{"@id":"https:\/\/binchio.com\/#organization"},"potentialAction":[{"@type":"SearchAction","target":{"@type":"EntryPoint","urlTemplate":"https:\/\/binchio.com\/?s={search_term_string}"},"query-input":{"@type":"PropertyValueSpecification","valueRequired":true,"valueName":"search_term_string"}}],"inLanguage":"sk-SK"},{"@type":"Organization","@id":"https:\/\/binchio.com\/#organization","name":"Binchio","url":"https:\/\/binchio.com\/","logo":{"@type":"ImageObject","inLanguage":"sk-SK","@id":"https:\/\/binchio.com\/#\/schema\/logo\/image\/","url":"https:\/\/binchio.com\/wp-content\/uploads\/2020\/07\/binchio-logo.svg","contentUrl":"https:\/\/binchio.com\/wp-content\/uploads\/2020\/07\/binchio-logo.svg","width":200,"height":430,"caption":"Binchio"},"image":{"@id":"https:\/\/binchio.com\/#\/schema\/logo\/image\/"},"sameAs":["https:\/\/www.facebook.com\/binchiouhli\/","https:\/\/www.instagram.com\/milan_suchy"]}]}},"_links":{"self":[{"href":"https:\/\/binchio.com\/sk\/wp-json\/wp\/v2\/product\/8727","targetHints":{"allow":["GET"]}}],"collection":[{"href":"https:\/\/binchio.com\/sk\/wp-json\/wp\/v2\/product"}],"about":[{"href":"https:\/\/binchio.com\/sk\/wp-json\/wp\/v2\/types\/product"}],"replies":[{"embeddable":true,"href":"https:\/\/binchio.com\/sk\/wp-json\/wp\/v2\/comments?post=8727"}],"wp:featuredmedia":[{"embeddable":true,"href":"https:\/\/binchio.com\/sk\/wp-json\/wp\/v2\/media\/12303"}],"wp:attachment":[{"href":"https:\/\/binchio.com\/sk\/wp-json\/wp\/v2\/media?parent=8727"}],"wp:term":[{"taxonomy":"product_brand","embeddable":true,"href":"https:\/\/binchio.com\/sk\/wp-json\/wp\/v2\/product_brand?post=8727"},{"taxonomy":"product_cat","embeddable":true,"href":"https:\/\/binchio.com\/sk\/wp-json\/wp\/v2\/product_cat?post=8727"},{"taxonomy":"product_tag","embeddable":true,"href":"https:\/\/binchio.com\/sk\/wp-json\/wp\/v2\/product_tag?post=8727"}],"curies":[{"name":"wp","href":"https:\/\/api.w.org\/{rel}","templated":true}]}}