{"id":7239,"date":"2021-03-05T11:02:53","date_gmt":"2021-03-05T10:02:53","guid":{"rendered":"https:\/\/binchio.websy.sk\/produkt\/karafa-na-vodu-uruz\/"},"modified":"2025-11-15T14:39:15","modified_gmt":"2025-11-15T13:39:15","slug":"karafa-na-vodu-uruz","status":"publish","type":"product","link":"https:\/\/binchio.com\/sk\/produkt\/karafa-na-vodu-uruz\/","title":{"rendered":"Karafa na vodu Uruz &#8211; s ru\u010dn\u00fdm pieskovan\u00edm"},"content":{"rendered":"<p><iframe loading=\"lazy\" title=\"YouTube video player\" src=\"https:\/\/www.youtube.com\/embed\/szC4sNFootk\" width=\"640\" height=\"360\" frameborder=\"0\" allowfullscreen=\"allowfullscreen\"><span style=\"display: inline-block; width: 0px; overflow: hidden; line-height: 0;\" data-mce-type=\"bookmark\" class=\"mce_SELRES_start\">\ufeff<\/span><\/iframe><\/p>\n","protected":false},"excerpt":{"rendered":"<p><strong>Ru\u010dne pieskovan\u00e1 karafa Uruz<\/strong> je spojen\u00edm kvality, origin\u00e1lneho designu a tradi\u010dnej severskej mytol\u00f3gie. Na karafe n\u00e1jdete vyobrazenie posv\u00e4tnej vikingskej runy Uruz, ktor\u00e1 symbolizuje zdravie a \u017eivotn\u00fa silu.<\/p>\n<blockquote><p>Runa Uruz je runou \u017eivotnej sily. Z h\u013eadiska pr\u00edrodnej m\u00e1gie steles\u0148uje prap\u00f4vodn\u00fd princ\u00edp vit\u00e1lnej energie, ktor\u00fd st\u00e1l a stoj\u00ed pri formovan\u00ed v\u0161etk\u00e9ho nov\u00e9ho v univerze. Pre star\u00fdch Vikingov bola t\u00e1to runa mocn\u00fdm spiritu\u00e1lnym symbolom fyzick\u00e9ho zdravia a vylie\u010denia.<\/p><\/blockquote>\n<p>Karafa Uruz je vyr\u00e1ban\u00e1 z vysoko kvalitn\u00e9ho skla s ekologick\u00fdm profilom, ktor\u00e9 neobsahuje olovo ani \u017eiadne zne\u010dis\u0165uj\u00face pr\u00edsady a tox\u00edny, iba certifikovan\u00e9 suroviny. V\u010faka tomu je \u00faplne bezpe\u010dn\u00e1 pre va\u0161e zdravie, a taktie\u017e priate\u013esk\u00e1 k \u017eivotn\u00e9mu prostrediu. Karafa sa v\u010faka svojmu tvaru skvele hod\u00ed na umiestnenie na\u0161ich<strong><a href=\"https:\/\/binchio.com\/sk\/produkt\/binchio-start\/\"> filtra\u010dn\u00fdch ty\u010dinek Binchio<\/a>.<\/strong><\/p>\n<p><strong>\u010co rob\u00ed karafu Uruz v\u00fdnimo\u010dn\u00fa:<\/strong><\/p>\n<ul>\n<li>origin\u00e1lny \u010desko-slovensk\u00fd produkt, ktor\u00fd vznikol v spolupr\u00e1ci lok\u00e1lnych firiem RONA, JTF a Binchio,<\/li>\n<li>vyr\u00e1ban\u00e1 na Slovensku z vysoko kvalitn\u00e9ho skla s ekologick\u00fdm profilom,<\/li>\n<li>jedine\u010dn\u00fd dizajn \u2013 vyobrazenie princ\u00edpu vit\u00e1lnej sily vo forme posv\u00e4tnej vikingskej runy Uruz,<\/li>\n<li>v\u00fdrobca karafy \u2013 slovensk\u00e1 spolo\u010dnos\u0165 RONA \u2013 patr\u00ed medzi svetov\u00fdch l\u00eddrov v spracovan\u00ed skla pre dom\u00e1cnos\u0165, hotely a re\u0161taur\u00e1cie.<\/li>\n<\/ul>\n<p>To v\u0161etko z Uruz rob\u00ed <strong>kr\u00e1sny pr\u00edrodn\u00fd a u\u017eito\u010dn\u00fd interi\u00e9rov\u00fd doplnok, <\/strong>ktor\u00fd spl\u0148uje ideu<strong><a href=\"https:\/\/vedome.org\/biofilicky-dizajn-pre-spokojne-a-zdrave-byvanie\/\"> biofilick\u00e9ho dizajnu<\/a>.<\/strong><\/p>\n<p><strong>Vlastnosti produktu:<\/strong><\/p>\n<ul>\n<li>objem 1270 ml,<\/li>\n<li>kvalitn\u00e1 pieskovan\u00e1 potla\u010d s vyobrazen\u00edm posv\u00e4tnej runy \u017eivotnej sily \u201eUruz\u201c,<\/li>\n<li>obsahuje aj <strong>elegantn\u00fd uz\u00e1ver,<\/strong><\/li>\n<li>vhodn\u00fd do um\u00fdva\u010dky riadu,<\/li>\n<li>odoln\u00fd vo\u010di po\u0161kriabaniu a n\u00e1razom,<\/li>\n<li>perfektn\u00e9 optick\u00e9 vlastnosti skla \u2013 nekone\u010dn\u00e1 transparentnos\u0165 bez mlie\u010dneho povlaku.<\/li>\n<\/ul>\n<p><em><strong>*Upozornenie<\/strong> \u2013 neh\u00e1d\u017ete do <strong>pr\u00e1zdnej<\/strong> karafy filtra\u010dn\u00fa ty\u010dinku Binchio, preto\u017ee m\u00f4\u017ee po\u0161kodi\u0165 sklo (to ist\u00e9 plat\u00ed pri manipul\u00e1cii pr\u00e1znou karafou s uhl\u00edkom). Odpor\u00fa\u010dame pou\u017e\u00edva\u0165 s Binchio Premium, ktor\u00e9 je z m\u00e4k\u0161ieho eucalyptov\u00e9ho stromu, a teda riziko po\u0161kodenia skla je minim\u00e1lne. Bu\u010fte tie\u017e opatrn\u00ed pri vpusten\u00ed uhl\u00edka do karafy. Hrdlo karafy naklo\u0148te nabok a jemne vsu\u0148te ty\u010dinku do vody (nikdy nie do pr\u00e1zdnej karafy, aby sa nerozbila).<\/em><\/p>\n","protected":false},"featured_media":6957,"comment_status":"open","ping_status":"closed","template":"","meta":{"_acf_changed":false},"product_brand":[],"product_cat":[103],"product_tag":[106,107],"class_list":{"0":"post-7239","1":"product","2":"type-product","3":"status-publish","4":"has-post-thumbnail","6":"product_cat-karafy-na-vodu","7":"product_tag-biofilicky-dizajn-sk","8":"product_tag-feng-shui-sk","10":"first","11":"instock","12":"taxable","13":"shipping-taxable","14":"purchasable","15":"product-type-simple"},"supplier_id":null,"supplier_sku":"","barcode":null,"atum_controlled":true,"out_stock_date":null,"out_stock_threshold":null,"inheritable":false,"inbound_stock":0,"stock_on_hold":0,"sold_today":0,"sales_last_days":0,"reserved_stock":0,"customer_returns":0,"warehouse_damage":0,"lost_in_post":0,"other_logs":0,"out_stock_days":0,"lost_sales":0,"has_location":false,"update_date":"2026-04-30T03:26:56","atum_locations":[],"atum_stock_status":"instock","restock_status":false,"low_stock_amount":"","sales_update_date":"2026-04-30T03:26:56","calc_backorders":null,"acf":[],"yoast_head":"<!-- This site is optimized with the Yoast SEO plugin v27.2 - https:\/\/yoast.com\/product\/yoast-seo-wordpress\/ -->\n<title>Karafa na vodu Uruz - s ru\u010dn\u00fdm pieskovan\u00edm - Binchio<\/title>\n<meta name=\"description\" content=\"T\u00e1to karafa je spojen\u00edm kvality, origin\u00e1lneho designu a tradi\u010dnej severskej mytol\u00f3gie. Na karafe n\u00e1jdete vyobrazenie posv\u00e4tnej vikingskej runy Uruz, ktor\u00e1 symbolizuje zdravie a \u017eivotn\u00fa silu. Vyr\u00e1ban\u00e9 z vysoko kvalitn\u00e9ho skla s ekologick\u00fdm profilom, ktor\u00e9 neobsahuje olovo ani \u017eiadne zne\u010dis\u0165uj\u00face pr\u00edsady a tox\u00edny, iba certifikovan\u00e9 suroviny. Bezpe\u010dn\u00e1 pre va\u0161e zdravie, a taktie\u017e priate\u013esk\u00e1 k \u017eivotn\u00e9mu prostrediu.\" \/>\n<meta name=\"robots\" content=\"index, follow, max-snippet:-1, max-image-preview:large, max-video-preview:-1\" \/>\n<link rel=\"canonical\" href=\"https:\/\/binchio.com\/sk\/produkt\/karafa-na-vodu-uruz\/\" \/>\n<meta property=\"og:locale\" content=\"sk_SK\" \/>\n<meta property=\"og:type\" content=\"article\" \/>\n<meta property=\"og:title\" content=\"Karafa na vodu Uruz - s ru\u010dn\u00fdm pieskovan\u00edm - Binchio\" \/>\n<meta property=\"og:description\" content=\"T\u00e1to karafa je spojen\u00edm kvality, origin\u00e1lneho designu a tradi\u010dnej severskej mytol\u00f3gie. Na karafe n\u00e1jdete vyobrazenie posv\u00e4tnej vikingskej runy Uruz, ktor\u00e1 symbolizuje zdravie a \u017eivotn\u00fa silu. Vyr\u00e1ban\u00e9 z vysoko kvalitn\u00e9ho skla s ekologick\u00fdm profilom, ktor\u00e9 neobsahuje olovo ani \u017eiadne zne\u010dis\u0165uj\u00face pr\u00edsady a tox\u00edny, iba certifikovan\u00e9 suroviny. Bezpe\u010dn\u00e1 pre va\u0161e zdravie, a taktie\u017e priate\u013esk\u00e1 k \u017eivotn\u00e9mu prostrediu.\" \/>\n<meta property=\"og:url\" content=\"https:\/\/binchio.com\/sk\/produkt\/karafa-na-vodu-uruz\/\" \/>\n<meta property=\"og:site_name\" content=\"Binchio\" \/>\n<meta property=\"article:publisher\" content=\"https:\/\/www.facebook.com\/binchiouhli\/\" \/>\n<meta property=\"article:modified_time\" content=\"2025-11-15T13:39:15+00:00\" \/>\n<meta property=\"og:image\" content=\"https:\/\/binchio.com\/wp-content\/uploads\/2021\/02\/Karafa-Uruz_Kreslici-platno.jpg\" \/>\n\t<meta property=\"og:image:width\" content=\"1200\" \/>\n\t<meta property=\"og:image:height\" content=\"1200\" \/>\n\t<meta property=\"og:image:type\" content=\"image\/jpeg\" \/>\n<meta name=\"twitter:card\" content=\"summary_large_image\" \/>\n<meta name=\"twitter:label1\" content=\"Predpokladan\u00fd \u010das \u010d\u00edtania\" \/>\n\t<meta name=\"twitter:data1\" content=\"1 min\u00fata\" \/>\n<script type=\"application\/ld+json\" class=\"yoast-schema-graph\">{\"@context\":\"https:\/\/schema.org\",\"@graph\":[{\"@type\":\"WebPage\",\"@id\":\"https:\/\/binchio.com\/sk\/produkt\/karafa-na-vodu-uruz\/\",\"url\":\"https:\/\/binchio.com\/sk\/produkt\/karafa-na-vodu-uruz\/\",\"name\":\"Karafa na vodu Uruz - s ru\u010dn\u00fdm pieskovan\u00edm - Binchio\",\"isPartOf\":{\"@id\":\"https:\/\/binchio.com\/#website\"},\"primaryImageOfPage\":{\"@id\":\"https:\/\/binchio.com\/sk\/produkt\/karafa-na-vodu-uruz\/#primaryimage\"},\"image\":{\"@id\":\"https:\/\/binchio.com\/sk\/produkt\/karafa-na-vodu-uruz\/#primaryimage\"},\"thumbnailUrl\":\"https:\/\/binchio.com\/wp-content\/uploads\/2021\/02\/Karafa-Uruz_Kreslici-platno.jpg\",\"datePublished\":\"2021-03-05T10:02:53+00:00\",\"dateModified\":\"2025-11-15T13:39:15+00:00\",\"description\":\"T\u00e1to karafa je spojen\u00edm kvality, origin\u00e1lneho designu a tradi\u010dnej severskej mytol\u00f3gie. Na karafe n\u00e1jdete vyobrazenie posv\u00e4tnej vikingskej runy Uruz, ktor\u00e1 symbolizuje zdravie a \u017eivotn\u00fa silu. Vyr\u00e1ban\u00e9 z vysoko kvalitn\u00e9ho skla s ekologick\u00fdm profilom, ktor\u00e9 neobsahuje olovo ani \u017eiadne zne\u010dis\u0165uj\u00face pr\u00edsady a tox\u00edny, iba certifikovan\u00e9 suroviny. Bezpe\u010dn\u00e1 pre va\u0161e zdravie, a taktie\u017e priate\u013esk\u00e1 k \u017eivotn\u00e9mu prostrediu.\",\"breadcrumb\":{\"@id\":\"https:\/\/binchio.com\/sk\/produkt\/karafa-na-vodu-uruz\/#breadcrumb\"},\"inLanguage\":\"sk-SK\",\"potentialAction\":[{\"@type\":\"ReadAction\",\"target\":[\"https:\/\/binchio.com\/sk\/produkt\/karafa-na-vodu-uruz\/\"]}]},{\"@type\":\"ImageObject\",\"inLanguage\":\"sk-SK\",\"@id\":\"https:\/\/binchio.com\/sk\/produkt\/karafa-na-vodu-uruz\/#primaryimage\",\"url\":\"https:\/\/binchio.com\/wp-content\/uploads\/2021\/02\/Karafa-Uruz_Kreslici-platno.jpg\",\"contentUrl\":\"https:\/\/binchio.com\/wp-content\/uploads\/2021\/02\/Karafa-Uruz_Kreslici-platno.jpg\",\"width\":1200,\"height\":1200,\"caption\":\"Karafa na vodu Uruz\"},{\"@type\":\"BreadcrumbList\",\"@id\":\"https:\/\/binchio.com\/sk\/produkt\/karafa-na-vodu-uruz\/#breadcrumb\",\"itemListElement\":[{\"@type\":\"ListItem\",\"position\":1,\"name\":\"Home\",\"item\":\"https:\/\/binchio.com\/sk\/\"},{\"@type\":\"ListItem\",\"position\":2,\"name\":\"Obchod (woo &#8211; redirected)\",\"item\":\"https:\/\/binchio.com\/sk\/obchod-woo\/\"},{\"@type\":\"ListItem\",\"position\":3,\"name\":\"Karafa na vodu Uruz &#8211; s ru\u010dn\u00fdm pieskovan\u00edm\"}]},{\"@type\":\"WebSite\",\"@id\":\"https:\/\/binchio.com\/#website\",\"url\":\"https:\/\/binchio.com\/\",\"name\":\"Binchio\",\"description\":\"100% p\u0159\u00edrodn\u00ed filtrace vody pomoc\u00ed aktivn\u00edho filtra\u010dn\u00edho uhl\u00ed binchotan\",\"publisher\":{\"@id\":\"https:\/\/binchio.com\/#organization\"},\"potentialAction\":[{\"@type\":\"SearchAction\",\"target\":{\"@type\":\"EntryPoint\",\"urlTemplate\":\"https:\/\/binchio.com\/?s={search_term_string}\"},\"query-input\":{\"@type\":\"PropertyValueSpecification\",\"valueRequired\":true,\"valueName\":\"search_term_string\"}}],\"inLanguage\":\"sk-SK\"},{\"@type\":\"Organization\",\"@id\":\"https:\/\/binchio.com\/#organization\",\"name\":\"Binchio\",\"url\":\"https:\/\/binchio.com\/\",\"logo\":{\"@type\":\"ImageObject\",\"inLanguage\":\"sk-SK\",\"@id\":\"https:\/\/binchio.com\/#\/schema\/logo\/image\/\",\"url\":\"https:\/\/binchio.com\/wp-content\/uploads\/2020\/07\/binchio-logo.svg\",\"contentUrl\":\"https:\/\/binchio.com\/wp-content\/uploads\/2020\/07\/binchio-logo.svg\",\"width\":200,\"height\":430,\"caption\":\"Binchio\"},\"image\":{\"@id\":\"https:\/\/binchio.com\/#\/schema\/logo\/image\/\"},\"sameAs\":[\"https:\/\/www.facebook.com\/binchiouhli\/\",\"https:\/\/www.instagram.com\/milan_suchy\"]}]}<\/script>\n<!-- \/ Yoast SEO plugin. -->","yoast_head_json":{"title":"Karafa na vodu Uruz - s ru\u010dn\u00fdm pieskovan\u00edm - Binchio","description":"T\u00e1to karafa je spojen\u00edm kvality, origin\u00e1lneho designu a tradi\u010dnej severskej mytol\u00f3gie. Na karafe n\u00e1jdete vyobrazenie posv\u00e4tnej vikingskej runy Uruz, ktor\u00e1 symbolizuje zdravie a \u017eivotn\u00fa silu. Vyr\u00e1ban\u00e9 z vysoko kvalitn\u00e9ho skla s ekologick\u00fdm profilom, ktor\u00e9 neobsahuje olovo ani \u017eiadne zne\u010dis\u0165uj\u00face pr\u00edsady a tox\u00edny, iba certifikovan\u00e9 suroviny. Bezpe\u010dn\u00e1 pre va\u0161e zdravie, a taktie\u017e priate\u013esk\u00e1 k \u017eivotn\u00e9mu prostrediu.","robots":{"index":"index","follow":"follow","max-snippet":"max-snippet:-1","max-image-preview":"max-image-preview:large","max-video-preview":"max-video-preview:-1"},"canonical":"https:\/\/binchio.com\/sk\/produkt\/karafa-na-vodu-uruz\/","og_locale":"sk_SK","og_type":"article","og_title":"Karafa na vodu Uruz - s ru\u010dn\u00fdm pieskovan\u00edm - Binchio","og_description":"T\u00e1to karafa je spojen\u00edm kvality, origin\u00e1lneho designu a tradi\u010dnej severskej mytol\u00f3gie. Na karafe n\u00e1jdete vyobrazenie posv\u00e4tnej vikingskej runy Uruz, ktor\u00e1 symbolizuje zdravie a \u017eivotn\u00fa silu. Vyr\u00e1ban\u00e9 z vysoko kvalitn\u00e9ho skla s ekologick\u00fdm profilom, ktor\u00e9 neobsahuje olovo ani \u017eiadne zne\u010dis\u0165uj\u00face pr\u00edsady a tox\u00edny, iba certifikovan\u00e9 suroviny. Bezpe\u010dn\u00e1 pre va\u0161e zdravie, a taktie\u017e priate\u013esk\u00e1 k \u017eivotn\u00e9mu prostrediu.","og_url":"https:\/\/binchio.com\/sk\/produkt\/karafa-na-vodu-uruz\/","og_site_name":"Binchio","article_publisher":"https:\/\/www.facebook.com\/binchiouhli\/","article_modified_time":"2025-11-15T13:39:15+00:00","og_image":[{"width":1200,"height":1200,"url":"https:\/\/binchio.com\/wp-content\/uploads\/2021\/02\/Karafa-Uruz_Kreslici-platno.jpg","type":"image\/jpeg"}],"twitter_card":"summary_large_image","twitter_misc":{"Predpokladan\u00fd \u010das \u010d\u00edtania":"1 min\u00fata"},"schema":{"@context":"https:\/\/schema.org","@graph":[{"@type":"WebPage","@id":"https:\/\/binchio.com\/sk\/produkt\/karafa-na-vodu-uruz\/","url":"https:\/\/binchio.com\/sk\/produkt\/karafa-na-vodu-uruz\/","name":"Karafa na vodu Uruz - s ru\u010dn\u00fdm pieskovan\u00edm - Binchio","isPartOf":{"@id":"https:\/\/binchio.com\/#website"},"primaryImageOfPage":{"@id":"https:\/\/binchio.com\/sk\/produkt\/karafa-na-vodu-uruz\/#primaryimage"},"image":{"@id":"https:\/\/binchio.com\/sk\/produkt\/karafa-na-vodu-uruz\/#primaryimage"},"thumbnailUrl":"https:\/\/binchio.com\/wp-content\/uploads\/2021\/02\/Karafa-Uruz_Kreslici-platno.jpg","datePublished":"2021-03-05T10:02:53+00:00","dateModified":"2025-11-15T13:39:15+00:00","description":"T\u00e1to karafa je spojen\u00edm kvality, origin\u00e1lneho designu a tradi\u010dnej severskej mytol\u00f3gie. Na karafe n\u00e1jdete vyobrazenie posv\u00e4tnej vikingskej runy Uruz, ktor\u00e1 symbolizuje zdravie a \u017eivotn\u00fa silu. Vyr\u00e1ban\u00e9 z vysoko kvalitn\u00e9ho skla s ekologick\u00fdm profilom, ktor\u00e9 neobsahuje olovo ani \u017eiadne zne\u010dis\u0165uj\u00face pr\u00edsady a tox\u00edny, iba certifikovan\u00e9 suroviny. Bezpe\u010dn\u00e1 pre va\u0161e zdravie, a taktie\u017e priate\u013esk\u00e1 k \u017eivotn\u00e9mu prostrediu.","breadcrumb":{"@id":"https:\/\/binchio.com\/sk\/produkt\/karafa-na-vodu-uruz\/#breadcrumb"},"inLanguage":"sk-SK","potentialAction":[{"@type":"ReadAction","target":["https:\/\/binchio.com\/sk\/produkt\/karafa-na-vodu-uruz\/"]}]},{"@type":"ImageObject","inLanguage":"sk-SK","@id":"https:\/\/binchio.com\/sk\/produkt\/karafa-na-vodu-uruz\/#primaryimage","url":"https:\/\/binchio.com\/wp-content\/uploads\/2021\/02\/Karafa-Uruz_Kreslici-platno.jpg","contentUrl":"https:\/\/binchio.com\/wp-content\/uploads\/2021\/02\/Karafa-Uruz_Kreslici-platno.jpg","width":1200,"height":1200,"caption":"Karafa na vodu Uruz"},{"@type":"BreadcrumbList","@id":"https:\/\/binchio.com\/sk\/produkt\/karafa-na-vodu-uruz\/#breadcrumb","itemListElement":[{"@type":"ListItem","position":1,"name":"Home","item":"https:\/\/binchio.com\/sk\/"},{"@type":"ListItem","position":2,"name":"Obchod (woo &#8211; redirected)","item":"https:\/\/binchio.com\/sk\/obchod-woo\/"},{"@type":"ListItem","position":3,"name":"Karafa na vodu Uruz &#8211; s ru\u010dn\u00fdm pieskovan\u00edm"}]},{"@type":"WebSite","@id":"https:\/\/binchio.com\/#website","url":"https:\/\/binchio.com\/","name":"Binchio","description":"100% p\u0159\u00edrodn\u00ed filtrace vody pomoc\u00ed aktivn\u00edho filtra\u010dn\u00edho uhl\u00ed binchotan","publisher":{"@id":"https:\/\/binchio.com\/#organization"},"potentialAction":[{"@type":"SearchAction","target":{"@type":"EntryPoint","urlTemplate":"https:\/\/binchio.com\/?s={search_term_string}"},"query-input":{"@type":"PropertyValueSpecification","valueRequired":true,"valueName":"search_term_string"}}],"inLanguage":"sk-SK"},{"@type":"Organization","@id":"https:\/\/binchio.com\/#organization","name":"Binchio","url":"https:\/\/binchio.com\/","logo":{"@type":"ImageObject","inLanguage":"sk-SK","@id":"https:\/\/binchio.com\/#\/schema\/logo\/image\/","url":"https:\/\/binchio.com\/wp-content\/uploads\/2020\/07\/binchio-logo.svg","contentUrl":"https:\/\/binchio.com\/wp-content\/uploads\/2020\/07\/binchio-logo.svg","width":200,"height":430,"caption":"Binchio"},"image":{"@id":"https:\/\/binchio.com\/#\/schema\/logo\/image\/"},"sameAs":["https:\/\/www.facebook.com\/binchiouhli\/","https:\/\/www.instagram.com\/milan_suchy"]}]}},"_links":{"self":[{"href":"https:\/\/binchio.com\/sk\/wp-json\/wp\/v2\/product\/7239","targetHints":{"allow":["GET"]}}],"collection":[{"href":"https:\/\/binchio.com\/sk\/wp-json\/wp\/v2\/product"}],"about":[{"href":"https:\/\/binchio.com\/sk\/wp-json\/wp\/v2\/types\/product"}],"replies":[{"embeddable":true,"href":"https:\/\/binchio.com\/sk\/wp-json\/wp\/v2\/comments?post=7239"}],"wp:featuredmedia":[{"embeddable":true,"href":"https:\/\/binchio.com\/sk\/wp-json\/wp\/v2\/media\/6957"}],"wp:attachment":[{"href":"https:\/\/binchio.com\/sk\/wp-json\/wp\/v2\/media?parent=7239"}],"wp:term":[{"taxonomy":"product_brand","embeddable":true,"href":"https:\/\/binchio.com\/sk\/wp-json\/wp\/v2\/product_brand?post=7239"},{"taxonomy":"product_cat","embeddable":true,"href":"https:\/\/binchio.com\/sk\/wp-json\/wp\/v2\/product_cat?post=7239"},{"taxonomy":"product_tag","embeddable":true,"href":"https:\/\/binchio.com\/sk\/wp-json\/wp\/v2\/product_tag?post=7239"}],"curies":[{"name":"wp","href":"https:\/\/api.w.org\/{rel}","templated":true}]}}