{"id":6755,"date":"2020-07-31T20:20:32","date_gmt":"2020-07-31T18:20:32","guid":{"rendered":"https:\/\/binchio.websy.sk\/produkt\/binchio-start\/"},"modified":"2026-05-01T12:36:52","modified_gmt":"2026-05-01T10:36:52","slug":"binchio-start","status":"publish","type":"product","link":"https:\/\/binchio.com\/sk\/produkt\/binchio-start\/","title":{"rendered":"Akt\u00edvne uhlie Binchio Start"},"content":{"rendered":"<p><strong>Ako funguje binchotanov\u00e1 ty\u010dinka?<\/strong><\/p>\n<ul>\n<li>Funguje ako pas\u00edvny \u010disti\u010d a mineraliz\u00e1tor vody. Nie je to prietokov\u00fd filter (ako napr. Brita). Mikro\u010dastice vo vode (vr\u00e1tane ne\u010dist\u00f4t) sa r\u00fdchlo pohybuj\u00fa (tzv.\u00a0<a href=\"https:\/\/cs.wikipedia.org\/wiki\/Brown%C5%AFv_pohyb\">Brownov pohyb<\/a>). Binchotanov\u00e1 ty\u010dinka v karafe\u00a0<strong>zachyt\u00e1va<\/strong>\u00a0tieto pohybuj\u00face sa mikro-ne\u010distoty do mili\u00f3nov svojich p\u00f3rov.<\/li>\n<li>Jedna ty\u010dinka optim\u00e1lne filtruje 1 liter vody naraz.<\/li>\n<li>Raz za dva t\u00fd\u017edne je potrebn\u00e9 vykona\u0165 proces \u010distenia vo vriacej vode. T\u00fdm sa Binchio \u201enabije\u201c \u2013 teda jeho mikrop\u00f3ry sa plne otvoria \u2013 a stane op\u00e4\u0165 akt\u00edvnym.<\/li>\n<\/ul>\n<p><iframe loading=\"lazy\" title=\"YouTube video player\" src=\"https:\/\/www.youtube.com\/embed\/zy-1bZ3zUlQ\" width=\"560\" height=\"315\" frameborder=\"0\" allowfullscreen=\"allowfullscreen\"><\/iframe><br \/>\n<iframe loading=\"lazy\" title=\"YouTube video player\" src=\"https:\/\/www.youtube.com\/embed\/mTSrZKf4_Zk\" width=\"560\" height=\"315\" frameborder=\"0\" allowfullscreen=\"allowfullscreen\"><\/iframe><\/p>\n<p><strong><em>***Pro informaci:<\/em><\/strong><em> <a href=\"https:\/\/binchio.com\/sk\/ako-balime-4-principy-ekologickeho-balenia-nasich-filtracnych-tyciniek-binchio\/\">z ekologick\u00fdch d\u016fvod\u016f bal\u00edme co nej\u0161etrn\u011bji s vyu\u017eit\u00edm minim\u00e1ln\u00edho mno\u017estv\u00ed obal\u016f<\/a>. Proto objedn\u00e1te-li n\u011bkolik r\u016fzn\u00fdch druh\u016f ty\u010dinek, nepo\u0161leme v\u00e1m ka\u017edou ty\u010dinku zabalenou zvl\u00e1\u0161\u0165 v separ\u00e1tn\u00ed krabi\u010dce. Naopak, maxim\u00e1ln\u011b vyu\u017e\u00edv\u00e1me prostor p\u0159\u00edslu\u0161n\u00e9 Binchio krabi\u010dky.<\/em><\/p>\n<p><strong>N\u00e1zor odborn\u00edka<\/strong><\/p>\n<p><em>Binchio Start je akt\u00edvnym uhl\u00edm najvy\u0161\u0161ej kvality. V\u010faka n\u00e1ro\u010dn\u00e9mu v\u00fdrobn\u00e9mu postupu obsahuje a\u017e 95% uhl\u00edka (be\u017en\u00e9 akt\u00edvne uhlie obsahuje okolo 75% uhl\u00edka). T\u00e1to koncentr\u00e1cia zabezpe\u010duje najvy\u0161\u0161\u00ed \u0161tandard pr\u00edrodnej filtr\u00e1cie a mineraliz\u00e1cie vody. Nesp\u00f4sobuje demineraliz\u00e1ciu vody ako napr\u00edklad osmotick\u00e9 filtre. Pr\u00e1ve naopak, vodu obohacuje o mno\u017estvo kvalitn\u00fdch miner\u00e1lov. Na druhej strane m\u00e1 svoje limity \u2013 sl\u00fa\u017ei iba na do\u010distenie pitnej vody z koh\u00fatika. Teda pokia\u013e potrebujete z vody odstr\u00e1ni\u0165 pevn\u00e9 ne\u010distoty \u010di bakt\u00e9rie, s t\u00fdm si akt\u00edvne uhlie neporad\u00ed. Tu odpor\u00fa\u010dam membr\u00e1nov\u00e9 filtre tipov reverznej osm\u00f3zy. Stovky z\u00e1kazn\u00edkov si pochva\u013euj\u00fa v\u00fdborn\u00fa chu\u0165 vody s Binchio Start uhl\u00edkom. D\u00f4vodom je, \u017ee akt\u00edvne uhlie jemne harmonizuje pH vody, odstra\u0148uje chl\u00f3rov\u00fa pachu\u0165 a taktie\u017e dod\u00e1va vode stopov\u00e9 miner\u00e1ly. Podrobnosti o tom, ako akt\u00edvne uhlie binchotan vo vode funguje, sme pop\u00edsali v \u010dl\u00e1nku <a href=\"https:\/\/binchio.com\/sk\/aktivne-uhlie-binchotan-a-jeho-vedecke-skumanie-veda-potvrdzuje-co-japonci-vedia-uz-300-rokov\/\">Akt\u00edvne uhlie binchotan a jeho vedeck\u00e9 sk\u00famanie &#8211; veda potvrdzuje, \u010do Japonci vedia u\u017e 300 rokov <\/a>\u00a0Navy\u0161e uhl\u00edk vo vode vyzer\u00e1 kr\u00e1sne &#8211; teda podporuje aj estetick\u00fd z\u00e1\u017eitok z pitia vody. Pre m\u0148a osobne ide o najlep\u0161\u00ed pomer cena-v\u00fdkon, pokia\u013e potrebujeme \u013eahko ozdravi\u0165 a spr\u00edjemni\u0165 chu\u0165 koh\u00fatikovej vody a s\u00fa\u010dasne chceme zosta\u0165 pri jednoduchej filtr\u00e1cii \u2013 chceme sa vyhn\u00fa\u0165 plastov\u00fdm filtrom \u010di nem\u00e1me financie na in\u0161tal\u00e1ciu drah\u00fdch a v\u00fdkonnej\u0161\u00edch zariaden\u00ed.<\/em><\/p>\n<p><img decoding=\"async\" class=\"alignnone wp-image-13938\" src=\"https:\/\/binchio.com\/wp-content\/uploads\/2020\/08\/Snimek-obrazovky-2024-09-03-155834.jpg\" alt=\"\" width=\"560\" height=\"409\" srcset=\"https:\/\/binchio.com\/wp-content\/uploads\/2020\/08\/Snimek-obrazovky-2024-09-03-155834.jpg 1470w, https:\/\/binchio.com\/wp-content\/uploads\/2020\/08\/Snimek-obrazovky-2024-09-03-155834-300x219.jpg 300w, https:\/\/binchio.com\/wp-content\/uploads\/2020\/08\/Snimek-obrazovky-2024-09-03-155834-1024x747.jpg 1024w, https:\/\/binchio.com\/wp-content\/uploads\/2020\/08\/Snimek-obrazovky-2024-09-03-155834-768x561.jpg 768w, https:\/\/binchio.com\/wp-content\/uploads\/2020\/08\/Snimek-obrazovky-2024-09-03-155834-600x438.jpg 600w\" sizes=\"(max-width: 560px) 100vw, 560px\" \/><\/p>\n","protected":false},"excerpt":{"rendered":"<p id=\"tw-target-text\" class=\"tw-data-text tw-text-large XcVN5d tw-ta\" dir=\"ltr\" data-placeholder=\"Preklad\"><span lang=\"sk\"><strong>Jednoduch\u00fd<\/strong> a <strong>overen\u00fd<\/strong> sp\u00f4sob, ako ma\u0165 <strong>lep\u0161iu chu\u0165 vody z koh\u00fatika<\/strong> \u2013 bez plastov\u00fdch filtrov a <strong>bez odpadu<\/strong>. Chce\u0161 najsk\u00f4r Binchio vysk\u00fa\u0161a\u0165? Potom je Binchio Start pre teba tou spr\u00e1vnou vo\u013ebou. Vysk\u00fa\u0161aj tento \u0161pi\u010dkov\u00fd <strong>100%<\/strong> <strong>pr\u00edrodn\u00fd filter<\/strong> <strong>bez obsahu plastov<\/strong> pre udr\u017eate\u013en\u00e9 filtrovanie dom\u00e1cej vody. Binchio <a href=\"https:\/\/binchio.com\/sk\/aktivne-uhlie-binchotan-a-jeho-vedecke-skumanie-veda-potvrdzuje-co-japonci-vedia-uz-300-rokov\/\">akt\u00edvne uhlie adsorbuje z vody<\/a> chl\u00f3r, chemik\u00e1lie, mikro-ne\u010distoty a tie\u017e niektor\u00e9 \u0165a\u017ek\u00e9 kovy. Vytv\u00e1ra ve\u013emi pr\u00edjemn\u00fa a vyv\u00e1\u017een\u00fa chu\u0165 vody. Akt\u00edvne uhlie Binchio Start je sl\u00e1vnym japonsk\u00fdm <a href=\"https:\/\/binchio.com\/sk\/pribeh-binchotanu\/\">binchotanom tej najvy\u0161\u0161ej kvality a \u0161tandardov<\/a>. Tento binchotan dov\u00e1\u017eame priamo od japonsk\u00fdch remeseln\u00edkov z miesta jeho p\u00f4vodn\u00e9ho vzniku &#8211; h\u00f4r prefekt\u00fary Wakayama (predt\u00fdm provincia Kishu).<\/span><\/p>\n<p><strong>Hlavn\u00e9 v\u00fdhody akt\u00edvneho uhlia Binchio Start do vody:<\/strong><\/p>\n<ul>\n<li>Extr\u00e9mne \u013eahk\u00fd a prenosn\u00fd pr\u00edrodn\u00fd filter vody.<\/li>\n<li><strong>Jedna priemern\u00e1 binchotanov\u00e1 ty\u010dinka (50 g) disponuje adsorb\u010dnou plochou desiatich futbalov\u00fdch ihr\u00edsk.<\/strong><\/li>\n<li>Ty\u010dinka Binchio je <strong>100% pr\u00edrodn\u00fd filter<\/strong> vody a m\u00e1 mnoho sp\u00f4sobov sekund\u00e1rneho vyu\u017eitia (vi\u010f infografiky).<\/li>\n<li>Ty\u010dinka Binchio vydr\u017e\u00ed v priemere 3+ mesiacov denn\u00e9ho pou\u017e\u00edvania vo vode (teda svoju vodu \u010dist\u00edte a mineralizujete za pribli\u017ene <strong>0,10 EUR denne<\/strong>).<\/li>\n<li>Akt\u00edvne uhlie Binchio Start je sl\u00e1vnym japonsk\u00fdm <a href=\"https:\/\/binchio.com\/sk\/pribeh-binchotanu\/\">Kishu binchotanom<\/a> tej najvy\u0161\u0161ej kvality a \u0161tandardov. Tento binchotan dov\u00e1\u017eame priamo od japonsk\u00fdch remeseln\u00edkov z miesta jeho p\u00f4vodn\u00e9ho vzniku \u2013 h\u00f4r prefekt\u00fary Wakayama (predt\u00fdm provincie Kishu).<\/li>\n<li>Ty\u010dinka navy\u0161e kr\u00e1sne vyzer\u00e1 v karafe s vodou. Teda umocn\u00ed z\u00e1\u017eitok pitia vody aj z estetick\u00e9ho h\u013eadiska. Hod\u00ed sa preto aj ako zauj\u00edmav\u00fd dizajnov\u00fd element.<\/li>\n<\/ul>\n<p><strong>Binchio Start \u2013 parametre:<\/strong><\/p>\n<ul>\n<li>Materi\u00e1l: dreven\u00e9 akt\u00edvne uhlie binchotan z kon\u00e1rov jedine\u010dn\u00e9ho japonsk\u00e9ho dubu Ubamegashi (ekologick\u00fd zber \u2013 sekaj\u00fa sa len kon\u00e1re a nie cel\u00e9 stromy),<br \/>\n1 ty\u010dinka vydr\u017e\u00ed 3 a\u017e 4 mesiace denn\u00e9ho u\u017e\u00edvania, potom ju vymen\u00edte za \u010fal\u0161iu ty\u010dinku.<\/li>\n<li>Filtruje iba pitn\u00fa (koh\u00fatikov\u00fa) vodu.<\/li>\n<li>N\u00e1\u0161 binchotan m\u00e1 <strong>certifik\u00e1t<\/strong> kvality, p\u00f4vodov aj zlo\u017eenia.<\/li>\n<li>Jedna ty\u010dinka optim\u00e1lne filtruje 1 liter vody naraz.<\/li>\n<li><strong>100% pr\u00edrodn\u00fd produkt<\/strong>, m\u00e1 mnoho sp\u00f4sobov sekund\u00e1rneho vyu\u017eitia.<\/li>\n<li>\u017diadny plast. Nulov\u00fd odpad.<\/li>\n<\/ul>\n<p><strong>\u010co je obsahom balenia Binchio Start:<\/strong><\/p>\n<p>\u0160t\u00fdlov\u00e1 krabi\u010dka obsahuje 1 ty\u010dinku akt\u00edvneho uhlia Binchio Start \u2013 <strong>ru\u010dne<\/strong> <strong>vyr\u00e1ban\u00fa<\/strong> a balen\u00fa.<\/p>\n<p><strong>Doplnkov\u00e9 parametre:<\/strong><\/p>\n<ul>\n<li>1 ty\u010dinka m\u00e1 d\u013a\u017eku minim\u00e1lne 11 cm a priemer 1 a viac cm,<\/li>\n<li><strong>krabi\u010dka je ekologick\u00e1<\/strong> a obsahuje n\u00e1vod na pou\u017eitie,<\/li>\n<li>v\u00fdroba a balenie prebieha 100% ru\u010dne.<\/li>\n<\/ul>\n<p id=\"tw-target-text\" class=\"tw-data-text tw-text-large XcVN5d tw-ta\" dir=\"ltr\" data-placeholder=\"Preklad\"><span lang=\"sk\">Ka\u017ed\u00e1 binchotanov\u00e1 ty\u010dinka, ktor\u00fa zak\u00fapite je jedine\u010dn\u00e1, a na svete neexistuje in\u00e1, rovnak\u00e1???? Ka\u017ed\u00e1 vetva japonsk\u00e9ho duba Ubame je toti\u017e unik\u00e1tom a akt\u00edvne uhlie z nej vznik\u00e1 po\u010das remeselnej v\u00fdroby. Preto sa ned\u00e1 hmotnos\u0165 ani tvar ty\u010diniek &#8222;\u0161tandardizova\u0165&#8220; ako u mrkvy v Lidli (a ani sa o to nechceme pok\u00fa\u0161a\u0165).<\/span><\/p>\n","protected":false},"featured_media":10167,"comment_status":"open","ping_status":"closed","template":"","meta":{"_acf_changed":false},"product_brand":[],"product_cat":[70],"product_tag":[],"class_list":{"0":"post-6755","1":"product","2":"type-product","3":"status-publish","4":"has-post-thumbnail","6":"product_cat-aktivne-uhlie","8":"first","9":"instock","10":"featured","11":"taxable","12":"shipping-taxable","13":"purchasable","14":"product-type-simple"},"supplier_id":null,"supplier_sku":"","barcode":null,"atum_controlled":true,"out_stock_date":null,"out_stock_threshold":null,"inheritable":false,"inbound_stock":0,"stock_on_hold":3,"sold_today":0,"sales_last_days":7,"reserved_stock":0,"customer_returns":0,"warehouse_damage":0,"lost_in_post":0,"other_logs":0,"out_stock_days":0,"lost_sales":0,"has_location":false,"update_date":"2026-05-02T03:40:12","atum_locations":[],"atum_stock_status":"instock","restock_status":false,"low_stock_amount":3,"sales_update_date":"2026-05-02T03:40:12","calc_backorders":null,"acf":[],"yoast_head":"<!-- This site is optimized with the Yoast SEO plugin v27.2 - https:\/\/yoast.com\/product\/yoast-seo-wordpress\/ -->\n<title>Akt\u00edvne uhlie Binchio Start - Binchio<\/title>\n<meta name=\"description\" content=\"Vysk\u00fa\u0161aj tento \u0161pi\u010dkov\u00fd 100% pr\u00edrodn\u00fd filter bez obsahu plastov pre udr\u017eate\u013en\u00e9 filtrovanie dom\u00e1cej vody. Akt\u00edvne uhlie Binchio \u0160tart je sl\u00e1vnym japonsk\u00fdm binchotanom tej najvy\u0161\u0161ej kvality a \u0161tandardov.\" \/>\n<meta name=\"robots\" content=\"index, follow, max-snippet:-1, max-image-preview:large, max-video-preview:-1\" \/>\n<link rel=\"canonical\" href=\"https:\/\/binchio.com\/sk\/produkt\/binchio-start\/\" \/>\n<meta property=\"og:locale\" content=\"sk_SK\" \/>\n<meta property=\"og:type\" content=\"article\" \/>\n<meta property=\"og:title\" content=\"Akt\u00edvne uhlie Binchio Start - Binchio\" \/>\n<meta property=\"og:description\" content=\"Vysk\u00fa\u0161aj tento \u0161pi\u010dkov\u00fd 100% pr\u00edrodn\u00fd filter bez obsahu plastov pre udr\u017eate\u013en\u00e9 filtrovanie dom\u00e1cej vody. Akt\u00edvne uhlie Binchio \u0160tart je sl\u00e1vnym japonsk\u00fdm binchotanom tej najvy\u0161\u0161ej kvality a \u0161tandardov.\" \/>\n<meta property=\"og:url\" content=\"https:\/\/binchio.com\/sk\/produkt\/binchio-start\/\" \/>\n<meta property=\"og:site_name\" content=\"Binchio\" \/>\n<meta property=\"article:publisher\" content=\"https:\/\/www.facebook.com\/binchiouhli\/\" \/>\n<meta property=\"article:modified_time\" content=\"2026-05-01T10:36:52+00:00\" \/>\n<meta property=\"og:image\" content=\"https:\/\/binchio.com\/wp-content\/uploads\/2020\/07\/aktivni_uhli_binchio_start-1.jpg\" \/>\n\t<meta property=\"og:image:width\" content=\"1080\" \/>\n\t<meta property=\"og:image:height\" content=\"1080\" \/>\n\t<meta property=\"og:image:type\" content=\"image\/jpeg\" \/>\n<meta name=\"twitter:card\" content=\"summary_large_image\" \/>\n<meta name=\"twitter:label1\" content=\"Predpokladan\u00fd \u010das \u010d\u00edtania\" \/>\n\t<meta name=\"twitter:data1\" content=\"3 min\u00faty\" \/>\n<script type=\"application\/ld+json\" class=\"yoast-schema-graph\">{\"@context\":\"https:\/\/schema.org\",\"@graph\":[{\"@type\":\"WebPage\",\"@id\":\"https:\/\/binchio.com\/sk\/produkt\/binchio-start\/\",\"url\":\"https:\/\/binchio.com\/sk\/produkt\/binchio-start\/\",\"name\":\"Akt\u00edvne uhlie Binchio Start - Binchio\",\"isPartOf\":{\"@id\":\"https:\/\/binchio.com\/#website\"},\"primaryImageOfPage\":{\"@id\":\"https:\/\/binchio.com\/sk\/produkt\/binchio-start\/#primaryimage\"},\"image\":{\"@id\":\"https:\/\/binchio.com\/sk\/produkt\/binchio-start\/#primaryimage\"},\"thumbnailUrl\":\"https:\/\/binchio.com\/wp-content\/uploads\/2020\/07\/aktivni_uhli_binchio_start-1.jpg\",\"datePublished\":\"2020-07-31T18:20:32+00:00\",\"dateModified\":\"2026-05-01T10:36:52+00:00\",\"description\":\"Vysk\u00fa\u0161aj tento \u0161pi\u010dkov\u00fd 100% pr\u00edrodn\u00fd filter bez obsahu plastov pre udr\u017eate\u013en\u00e9 filtrovanie dom\u00e1cej vody. Akt\u00edvne uhlie Binchio \u0160tart je sl\u00e1vnym japonsk\u00fdm binchotanom tej najvy\u0161\u0161ej kvality a \u0161tandardov.\",\"breadcrumb\":{\"@id\":\"https:\/\/binchio.com\/sk\/produkt\/binchio-start\/#breadcrumb\"},\"inLanguage\":\"sk-SK\",\"potentialAction\":[{\"@type\":\"ReadAction\",\"target\":[\"https:\/\/binchio.com\/sk\/produkt\/binchio-start\/\"]}]},{\"@type\":\"ImageObject\",\"inLanguage\":\"sk-SK\",\"@id\":\"https:\/\/binchio.com\/sk\/produkt\/binchio-start\/#primaryimage\",\"url\":\"https:\/\/binchio.com\/wp-content\/uploads\/2020\/07\/aktivni_uhli_binchio_start-1.jpg\",\"contentUrl\":\"https:\/\/binchio.com\/wp-content\/uploads\/2020\/07\/aktivni_uhli_binchio_start-1.jpg\",\"width\":1080,\"height\":1080,\"caption\":\"Akt\u00edvn\u00ed uhl\u00ed binchio start\"},{\"@type\":\"BreadcrumbList\",\"@id\":\"https:\/\/binchio.com\/sk\/produkt\/binchio-start\/#breadcrumb\",\"itemListElement\":[{\"@type\":\"ListItem\",\"position\":1,\"name\":\"Home\",\"item\":\"https:\/\/binchio.com\/sk\/\"},{\"@type\":\"ListItem\",\"position\":2,\"name\":\"Obchod (woo &#8211; redirected)\",\"item\":\"https:\/\/binchio.com\/sk\/obchod-woo\/\"},{\"@type\":\"ListItem\",\"position\":3,\"name\":\"Akt\u00edvne uhlie Binchio Start\"}]},{\"@type\":\"WebSite\",\"@id\":\"https:\/\/binchio.com\/#website\",\"url\":\"https:\/\/binchio.com\/\",\"name\":\"Binchio\",\"description\":\"100% p\u0159\u00edrodn\u00ed filtrace vody pomoc\u00ed aktivn\u00edho filtra\u010dn\u00edho uhl\u00ed binchotan\",\"publisher\":{\"@id\":\"https:\/\/binchio.com\/#organization\"},\"potentialAction\":[{\"@type\":\"SearchAction\",\"target\":{\"@type\":\"EntryPoint\",\"urlTemplate\":\"https:\/\/binchio.com\/?s={search_term_string}\"},\"query-input\":{\"@type\":\"PropertyValueSpecification\",\"valueRequired\":true,\"valueName\":\"search_term_string\"}}],\"inLanguage\":\"sk-SK\"},{\"@type\":\"Organization\",\"@id\":\"https:\/\/binchio.com\/#organization\",\"name\":\"Binchio\",\"url\":\"https:\/\/binchio.com\/\",\"logo\":{\"@type\":\"ImageObject\",\"inLanguage\":\"sk-SK\",\"@id\":\"https:\/\/binchio.com\/#\/schema\/logo\/image\/\",\"url\":\"https:\/\/binchio.com\/wp-content\/uploads\/2020\/07\/binchio-logo.svg\",\"contentUrl\":\"https:\/\/binchio.com\/wp-content\/uploads\/2020\/07\/binchio-logo.svg\",\"width\":200,\"height\":430,\"caption\":\"Binchio\"},\"image\":{\"@id\":\"https:\/\/binchio.com\/#\/schema\/logo\/image\/\"},\"sameAs\":[\"https:\/\/www.facebook.com\/binchiouhli\/\",\"https:\/\/www.instagram.com\/milan_suchy\"]}]}<\/script>\n<!-- \/ Yoast SEO plugin. -->","yoast_head_json":{"title":"Akt\u00edvne uhlie Binchio Start - Binchio","description":"Vysk\u00fa\u0161aj tento \u0161pi\u010dkov\u00fd 100% pr\u00edrodn\u00fd filter bez obsahu plastov pre udr\u017eate\u013en\u00e9 filtrovanie dom\u00e1cej vody. Akt\u00edvne uhlie Binchio \u0160tart je sl\u00e1vnym japonsk\u00fdm binchotanom tej najvy\u0161\u0161ej kvality a \u0161tandardov.","robots":{"index":"index","follow":"follow","max-snippet":"max-snippet:-1","max-image-preview":"max-image-preview:large","max-video-preview":"max-video-preview:-1"},"canonical":"https:\/\/binchio.com\/sk\/produkt\/binchio-start\/","og_locale":"sk_SK","og_type":"article","og_title":"Akt\u00edvne uhlie Binchio Start - Binchio","og_description":"Vysk\u00fa\u0161aj tento \u0161pi\u010dkov\u00fd 100% pr\u00edrodn\u00fd filter bez obsahu plastov pre udr\u017eate\u013en\u00e9 filtrovanie dom\u00e1cej vody. Akt\u00edvne uhlie Binchio \u0160tart je sl\u00e1vnym japonsk\u00fdm binchotanom tej najvy\u0161\u0161ej kvality a \u0161tandardov.","og_url":"https:\/\/binchio.com\/sk\/produkt\/binchio-start\/","og_site_name":"Binchio","article_publisher":"https:\/\/www.facebook.com\/binchiouhli\/","article_modified_time":"2026-05-01T10:36:52+00:00","og_image":[{"width":1080,"height":1080,"url":"https:\/\/binchio.com\/wp-content\/uploads\/2020\/07\/aktivni_uhli_binchio_start-1.jpg","type":"image\/jpeg"}],"twitter_card":"summary_large_image","twitter_misc":{"Predpokladan\u00fd \u010das \u010d\u00edtania":"3 min\u00faty"},"schema":{"@context":"https:\/\/schema.org","@graph":[{"@type":"WebPage","@id":"https:\/\/binchio.com\/sk\/produkt\/binchio-start\/","url":"https:\/\/binchio.com\/sk\/produkt\/binchio-start\/","name":"Akt\u00edvne uhlie Binchio Start - Binchio","isPartOf":{"@id":"https:\/\/binchio.com\/#website"},"primaryImageOfPage":{"@id":"https:\/\/binchio.com\/sk\/produkt\/binchio-start\/#primaryimage"},"image":{"@id":"https:\/\/binchio.com\/sk\/produkt\/binchio-start\/#primaryimage"},"thumbnailUrl":"https:\/\/binchio.com\/wp-content\/uploads\/2020\/07\/aktivni_uhli_binchio_start-1.jpg","datePublished":"2020-07-31T18:20:32+00:00","dateModified":"2026-05-01T10:36:52+00:00","description":"Vysk\u00fa\u0161aj tento \u0161pi\u010dkov\u00fd 100% pr\u00edrodn\u00fd filter bez obsahu plastov pre udr\u017eate\u013en\u00e9 filtrovanie dom\u00e1cej vody. Akt\u00edvne uhlie Binchio \u0160tart je sl\u00e1vnym japonsk\u00fdm binchotanom tej najvy\u0161\u0161ej kvality a \u0161tandardov.","breadcrumb":{"@id":"https:\/\/binchio.com\/sk\/produkt\/binchio-start\/#breadcrumb"},"inLanguage":"sk-SK","potentialAction":[{"@type":"ReadAction","target":["https:\/\/binchio.com\/sk\/produkt\/binchio-start\/"]}]},{"@type":"ImageObject","inLanguage":"sk-SK","@id":"https:\/\/binchio.com\/sk\/produkt\/binchio-start\/#primaryimage","url":"https:\/\/binchio.com\/wp-content\/uploads\/2020\/07\/aktivni_uhli_binchio_start-1.jpg","contentUrl":"https:\/\/binchio.com\/wp-content\/uploads\/2020\/07\/aktivni_uhli_binchio_start-1.jpg","width":1080,"height":1080,"caption":"Akt\u00edvn\u00ed uhl\u00ed binchio start"},{"@type":"BreadcrumbList","@id":"https:\/\/binchio.com\/sk\/produkt\/binchio-start\/#breadcrumb","itemListElement":[{"@type":"ListItem","position":1,"name":"Home","item":"https:\/\/binchio.com\/sk\/"},{"@type":"ListItem","position":2,"name":"Obchod (woo &#8211; redirected)","item":"https:\/\/binchio.com\/sk\/obchod-woo\/"},{"@type":"ListItem","position":3,"name":"Akt\u00edvne uhlie Binchio Start"}]},{"@type":"WebSite","@id":"https:\/\/binchio.com\/#website","url":"https:\/\/binchio.com\/","name":"Binchio","description":"100% p\u0159\u00edrodn\u00ed filtrace vody pomoc\u00ed aktivn\u00edho filtra\u010dn\u00edho uhl\u00ed binchotan","publisher":{"@id":"https:\/\/binchio.com\/#organization"},"potentialAction":[{"@type":"SearchAction","target":{"@type":"EntryPoint","urlTemplate":"https:\/\/binchio.com\/?s={search_term_string}"},"query-input":{"@type":"PropertyValueSpecification","valueRequired":true,"valueName":"search_term_string"}}],"inLanguage":"sk-SK"},{"@type":"Organization","@id":"https:\/\/binchio.com\/#organization","name":"Binchio","url":"https:\/\/binchio.com\/","logo":{"@type":"ImageObject","inLanguage":"sk-SK","@id":"https:\/\/binchio.com\/#\/schema\/logo\/image\/","url":"https:\/\/binchio.com\/wp-content\/uploads\/2020\/07\/binchio-logo.svg","contentUrl":"https:\/\/binchio.com\/wp-content\/uploads\/2020\/07\/binchio-logo.svg","width":200,"height":430,"caption":"Binchio"},"image":{"@id":"https:\/\/binchio.com\/#\/schema\/logo\/image\/"},"sameAs":["https:\/\/www.facebook.com\/binchiouhli\/","https:\/\/www.instagram.com\/milan_suchy"]}]}},"_links":{"self":[{"href":"https:\/\/binchio.com\/sk\/wp-json\/wp\/v2\/product\/6755","targetHints":{"allow":["GET"]}}],"collection":[{"href":"https:\/\/binchio.com\/sk\/wp-json\/wp\/v2\/product"}],"about":[{"href":"https:\/\/binchio.com\/sk\/wp-json\/wp\/v2\/types\/product"}],"replies":[{"embeddable":true,"href":"https:\/\/binchio.com\/sk\/wp-json\/wp\/v2\/comments?post=6755"}],"wp:featuredmedia":[{"embeddable":true,"href":"https:\/\/binchio.com\/sk\/wp-json\/wp\/v2\/media\/10167"}],"wp:attachment":[{"href":"https:\/\/binchio.com\/sk\/wp-json\/wp\/v2\/media?parent=6755"}],"wp:term":[{"taxonomy":"product_brand","embeddable":true,"href":"https:\/\/binchio.com\/sk\/wp-json\/wp\/v2\/product_brand?post=6755"},{"taxonomy":"product_cat","embeddable":true,"href":"https:\/\/binchio.com\/sk\/wp-json\/wp\/v2\/product_cat?post=6755"},{"taxonomy":"product_tag","embeddable":true,"href":"https:\/\/binchio.com\/sk\/wp-json\/wp\/v2\/product_tag?post=6755"}],"curies":[{"name":"wp","href":"https:\/\/api.w.org\/{rel}","templated":true}]}}