{"id":6754,"date":"2020-08-01T03:52:34","date_gmt":"2020-08-01T01:52:34","guid":{"rendered":"https:\/\/binchio.websy.sk\/produkt\/binchio-365\/"},"modified":"2026-04-28T21:17:29","modified_gmt":"2026-04-28T19:17:29","slug":"binchio-365","status":"publish","type":"product","link":"https:\/\/binchio.com\/sk\/produkt\/binchio-365\/","title":{"rendered":"Akt\u00edvne uhlie Binchio 365"},"content":{"rendered":"<h3><strong>Ako funguje binchotanov\u00e1 ty\u010dinka?<\/strong><\/h3>\n<ul>\n<li>Funguje ako pas\u00edvny \u010disti\u010d a mineraliz\u00e1tor vody. Nie je to prietokov\u00fd filter (ako napr. Brita). Mikro\u010dastice vo vode (vr\u00e1tane ne\u010dist\u00f4t) sa r\u00fdchlo pohybuj\u00fa (tzv. <a href=\"https:\/\/cs.wikipedia.org\/wiki\/Brown%C5%AFv_pohyb\">Brownov pohyb)<\/a>. Binchotanov\u00e1 ty\u010dinka v karafe zachyt\u00e1va tieto pohybuj\u00face sa mikro-ne\u010distoty do mili\u00f3nov svojich p\u00f3rov.<\/li>\n<li>Jedna ty\u010dinka optim\u00e1lne filtruje 1 liter vody naraz.<\/li>\n<li>Raz za dva t\u00fd\u017edne je potrebn\u00e9 vykona\u0165 proces re-aktiv\u00e1cie vo vriacej vode. T\u00fdm sa Binchio \u201enabije\u201c \u2013 teda jeho mikrop\u00f3ry sa plne otvoria \u2013 a stane op\u00e4\u0165 akt\u00edvnym.<\/li>\n<\/ul>\n<p><iframe loading=\"lazy\" title=\"YouTube video player\" src=\"https:\/\/www.youtube.com\/embed\/zy-1bZ3zUlQ\" width=\"560\" height=\"315\" frameborder=\"0\" allowfullscreen=\"allowfullscreen\"><\/iframe><br \/>\n<iframe loading=\"lazy\" title=\"YouTube video player\" src=\"https:\/\/www.youtube.com\/embed\/mTSrZKf4_Zk\" width=\"560\" height=\"315\" frameborder=\"0\" allowfullscreen=\"allowfullscreen\"><\/iframe><\/p>\n<h3><strong>N\u00e1zor odborn\u00edka<\/strong><\/h3>\n<p><em>Binchio je akt\u00edvnym uhl\u00edm najvy\u0161\u0161ej kvality. V\u010faka n\u00e1ro\u010dn\u00e9mu v\u00fdrobn\u00e9mu postupu <strong>obsahuje a\u017e<\/strong> <strong>95% uhl\u00edka<\/strong> (be\u017en\u00e9 akt\u00edvne uhlie obsahuje okolo 75% uhl\u00edka). T\u00e1to koncentr\u00e1cia zabezpe\u010duje najvy\u0161\u0161\u00ed \u0161tandard pr\u00edrodnej filtr\u00e1cie a mineraliz\u00e1cie vody. Nesp\u00f4sobuje demineraliz\u00e1ciu vody ako napr\u00edklad osmotick\u00e9 filtre. Pr\u00e1ve naopak, <strong>vodu obohacuje<\/strong> o mno\u017estvo kvalitn\u00fdch miner\u00e1lov. Na druhej strane <strong>m\u00e1 svoje limity<\/strong> \u2013 sl\u00fa\u017ei iba na do\u010distenie pitnej vody z koh\u00fatika. Teda pokia\u013e potrebujete z vody odstr\u00e1ni\u0165 pevn\u00e9 ne\u010distoty \u010di bakt\u00e9rie, s t\u00fdm si akt\u00edvne uhlie neporad\u00ed. Tu odpor\u00fa\u010dam membr\u00e1nov\u00e9 filtre tipov reverznej osm\u00f3zy. Stovky z\u00e1kazn\u00edkov si pochva\u013euj\u00fa <strong>v\u00fdborn\u00fa chu\u0165 vody<\/strong> s Binchio uhl\u00edkom. D\u00f4vodom je, \u017ee akt\u00edvne uhlie \u013eahko harmonizuje pH vody, odstra\u0148uje chl\u00f3rov\u00fa pachu\u0165 a taktie\u017e dod\u00e1va vode stopov\u00e9 miner\u00e1ly. Podrobnosti o tom, ako akt\u00edvne uhlie binchotan vo vode funguje, sme pop\u00edsali v \u010dl\u00e1nku <a href=\"https:\/\/binchio.com\/sk\/aktivne-uhlie-binchotan-a-jeho-vedecke-skumanie-veda-potvrdzuje-co-japonci-vedia-uz-300-rokov\/\">Akt\u00edvne uhlie binchotan a ozdravovanie vody. \u010co na to hovor\u00ed veda?<\/a>\u00a0 Navy\u0161e uhl\u00edk vo vode vyzer\u00e1 kr\u00e1sne &#8211; teda podporuje aj estetick\u00fd <strong>z\u00e1\u017eitok z pitia vody<\/strong>. Pre m\u0148a osobne ide o <strong>najlep\u0161\u00ed pomer cena-v\u00fdkon<\/strong>, pokia\u013e potrebujeme \u013eahko ozdravi\u0165 a spr\u00edjemni\u0165 chu\u0165 koh\u00fatikovej vody a s\u00fa\u010dasne chceme zosta\u0165 pri jednoduchej filtr\u00e1cii \u2013 chceme sa vyhn\u00fa\u0165 plastov\u00fdm filtrom \u010di nem\u00e1me financie na in\u0161tal\u00e1ciu drah\u00fdch zariaden\u00ed.<\/em><\/p>\n<p>Milan Such\u00fd, CEO Binchio a odborn\u00edk v oblasti udr\u017eate\u013enosti<\/p>\n<p><img decoding=\"async\" class=\"alignnone wp-image-13938\" src=\"https:\/\/binchio.com\/wp-content\/uploads\/2020\/08\/Snimek-obrazovky-2024-09-03-155834.jpg\" alt=\"\" width=\"445\" height=\"325\" srcset=\"https:\/\/binchio.com\/wp-content\/uploads\/2020\/08\/Snimek-obrazovky-2024-09-03-155834.jpg 1470w, https:\/\/binchio.com\/wp-content\/uploads\/2020\/08\/Snimek-obrazovky-2024-09-03-155834-300x219.jpg 300w, https:\/\/binchio.com\/wp-content\/uploads\/2020\/08\/Snimek-obrazovky-2024-09-03-155834-1024x747.jpg 1024w, https:\/\/binchio.com\/wp-content\/uploads\/2020\/08\/Snimek-obrazovky-2024-09-03-155834-768x561.jpg 768w, https:\/\/binchio.com\/wp-content\/uploads\/2020\/08\/Snimek-obrazovky-2024-09-03-155834-600x438.jpg 600w\" sizes=\"(max-width: 445px) 100vw, 445px\" \/><\/p>\n","protected":false},"excerpt":{"rendered":"<div id=\"tw-container\" class=\"YQaNob\" data-cp=\"1\" data-nnttsvi=\"1\" data-sm=\"1\" data-sugg-time=\"500\" data-sugg-url=\"https:\/\/clients1.google.com\/complete\/search\" data-uilc=\"sk\">\n<div id=\"tw-ob\" class=\"tw-src-ltr\">\n<div class=\"oSioSc\">\n<div id=\"tw-target\">\n<div id=\"kAz1tf\" class=\"g9WsWb\">\n<div id=\"tw-target-text-container\" class=\"tw-ta-container hide-focus-ring tw-nfl\">\n<p id=\"tw-target-text\" class=\"tw-data-text tw-text-large XcVN5d tw-ta\" dir=\"ltr\" data-placeholder=\"Preklad\"><span lang=\"sk\"><strong>Jednoduch\u00fd<\/strong> a <strong>overen\u00fd<\/strong> sp\u00f4sob, ako ma\u0165 <strong>lep\u0161iu chu\u0165 vody z koh\u00fatika<\/strong> \u2013 bez plastov\u00fdch filtrov a <strong>bez odpadu<\/strong>. <\/span>S Binchio 365 m\u00e1te na rok vystaran\u00e9 o <strong>pr\u00edrodn\u00fa filtr\u00e1ciu a mineraliz\u00e1ciu vody<\/strong>. Toto je n\u00e1\u0161 top <strong>bestseller<\/strong> &#8211; ka\u017ed\u00fd de\u0148 k na\u0161im z\u00e1kazn\u00edkom putuje aspo\u0148 jedno ro\u010dn\u00e9 balenie filtra\u010dn\u00fdch ty\u010diniek Binchio 365. Binchio akt\u00edvne uhlie <a href=\"https:\/\/binchio.com\/sk\/aktivne-uhlie-binchotan-a-jeho-vedecke-skumanie-veda-potvrdzuje-co-japonci-vedia-uz-300-rokov\/\">adsorbuje z vody<\/a> chl\u00f3r, chemik\u00e1lie, mikro-ne\u010distoty a tie\u017e niektor\u00e9 \u0165a\u017ek\u00e9 kovy. Vytv\u00e1ra ve\u013emi <strong>pr\u00edjemn\u00fa a vyv\u00e1\u017een\u00fa chu\u0165 vody<\/strong>.<\/p>\n<\/div>\n<div id=\"tw-target-rmn-container\" class=\"tw-ta-container hide-focus-ring tw-nfl\">\n<p><strong>Hlavn\u00e9 v\u00fdhody akt\u00edvneho uhlia Binchio do vody:<\/strong><\/p>\n<ul>\n<li>Extr\u00e9mne \u013eahk\u00fd a prenosn\u00fd pr\u00edrodn\u00fd filter.<\/li>\n<li>Jedna priemern\u00e1 binchotanov\u00e1 ty\u010dinka (50 g) disponuje adsorb\u010dnou plochou desiatich futbalov\u00fdch ihr\u00edsk.<\/li>\n<li>Ty\u010dinka Binchio je 100% pr\u00edrodn\u00fd filter vody a m\u00e1 mnoho sp\u00f4sobov sekund\u00e1rneho vyu\u017eitia (vi\u010f infografiky).<\/li>\n<li>Ty\u010dinka Binchio vydr\u017e\u00ed v priemere 3+ mesiace (teda svoju vodu \u010dist\u00edte a mineralizujete za pribli\u017ene 10 centov denne).<\/li>\n<\/ul>\n<p><strong>Binchio 365 v skratke:<\/strong><\/p>\n<ul>\n<li>Ur\u010den\u00e9 na <strong>rok<\/strong> <strong>denn\u00e9ho<\/strong> <strong>pou\u017e\u00edvania<\/strong> (1 ty\u010dinka vydr\u017e\u00ed 3 a\u017e 4 mesiace, potom ju vymen\u00edte za \u010fal\u0161iu ty\u010dinku).<\/li>\n<li><strong>V\u00fdhodn\u00e1 cena<\/strong> ro\u010dn\u00e9ho balenia &#8211; 1 ty\u010dinka je zadarmo.<\/li>\n<li>Materi\u00e1l: \u0161pi\u010dkov\u00e9 <a href=\"http:\/\/Hlavn\u00e9 v\u00fdhody akt\u00edvneho uhlia Binchio do vody: \u2022 Extr\u00e9mne \u013eahk\u00fd a prenosn\u00fd pr\u00edrodn\u00fd filter. \u2022 Jedna priemern\u00e1 binchotanov\u00e1 ty\u010dinka (50 g) disponuje adsorb\u010dnou plochou desiatich futbalov\u00fdch ihr\u00edsk. \u2022 Ty\u010dinka Binchio je 100% pr\u00edrodn\u00fd filter vody a m\u00e1 mnoho sp\u00f4sobov sekund\u00e1rneho vyu\u017eitia (vi\u010f infografiky). \u2022 Ty\u010dinka Binchio vydr\u017e\u00ed v priemere 3+ mesiace (teda svoju vodu \u010dist\u00edte a mineralizujete za pribli\u017ene 2,60 Sk denne). Binchio 365 v skratke: \u2022 Ur\u010den\u00e9 na rok denn\u00e9ho pou\u017e\u00edvania (1 ty\u010dinka vydr\u017e\u00ed 3 a\u017e 4 mesiace, potom ju vymen\u00edte za \u010fal\u0161iu ty\u010dinku). \u2022 Materi\u00e1l: \u0161pi\u010dkov\u00e9 akt\u00edvne uhlie binchotan z vetiev japonsk\u00e9ho dubu Ubame. \u2022 \u017diadny plast. Nulov\u00fd odpad. \u2022 Filtruje iba pitn\u00fa (koh\u00fatikov\u00fa) vodu. \u010co je obsahom balenia Binchio 365: Ro\u010dn\u00e9 balenie obsahuje a\u017e 4 binchotanov\u00e9 ty\u010dinky - 3 s\u00fa ur\u010den\u00e9 do karafy (\u010di f\u013ea\u0161e) s objemom 1 liter a ako bonus obsahuje bal\u00edk aj 1 men\u0161iu ty\u010dinku Binchio Mini ur\u010den\u00fa do 0,5 l f\u013ea\u0161e, ktor\u00fa m\u00f4\u017eete nosi\u0165 kdeko\u013evek so sebou. Doplnkov\u00e9 parametre: \u2022 1 ty\u010dinka m\u00e1 d\u013a\u017eku minim\u00e1lne 11 cm, \u2022 krabi\u010dka je ekologick\u00e1 a obsahuje n\u00e1vod na pou\u017eitie, \u2022 v\u00fdroba a balenie prebieha 100% ru\u010dne.\">akt\u00edvne uhlie binchotan<\/a> z vetiev japonsk\u00e9ho dubu Ubame.<\/li>\n<li>\u017diadny plast. Nulov\u00fd odpad.<\/li>\n<li>Filtruje iba pitn\u00fa (koh\u00fatikov\u00fa) vodu.<\/li>\n<\/ul>\n<p><strong>\u010co je obsahom balenia Binchio 365:<\/strong><\/p>\n<p>Ro\u010dn\u00e9 balenie obsahuje a\u017e 4 binchotanov\u00e9 ty\u010dinky &#8211; 3 s\u00fa ur\u010den\u00e9 do karafy (\u010di f\u013ea\u0161e) s objemom 1 liter a ako bonus obsahuje bal\u00edk aj 1 men\u0161iu ty\u010dinku Binchio Mini ur\u010den\u00fa do 0,5 l f\u013ea\u0161e, ktor\u00fa m\u00f4\u017eete nosi\u0165 kdeko\u013evek so sebou.<\/p>\n<p><strong>Doplnkov\u00e9 parametre:<\/strong><\/p>\n<ul>\n<li>\u00a01 ty\u010dinka m\u00e1 d\u013a\u017eku minim\u00e1lne 11 cm,<\/li>\n<li>\u00a0krabi\u010dka je <strong>ekologick\u00e1<\/strong> a obsahuje <strong>n\u00e1vod<\/strong> na pou\u017eitie,<\/li>\n<li>v\u00fdroba a balenie prebieha <strong>100% ru\u010dne<\/strong>.<\/li>\n<\/ul>\n<p data-placeholder=\"Preklad\">Ka\u017ed\u00e1 binchotanov\u00e1 ty\u010dinka, ktor\u00fa zak\u00fapite je jedine\u010dn\u00e1, a na svete neexistuje in\u00e1, rovnak\u00e1???? Ka\u017ed\u00e1 vetva japonsk\u00e9ho duba Ubame je toti\u017e unik\u00e1tom a akt\u00edvne uhlie z nej vznik\u00e1 po\u010das remeselnej v\u00fdroby. Preto sa ned\u00e1 hmotnos\u0165 ani tvar ty\u010diniek &#8222;\u0161tandardizova\u0165&#8220; ako u mrkvy v Lidli (a ani sa o to nechceme pok\u00fa\u0161a\u0165).<\/p>\n<\/div>\n<\/div>\n<\/div>\n<\/div>\n<\/div>\n<\/div>\n","protected":false},"featured_media":11415,"comment_status":"open","ping_status":"closed","template":"","meta":{"_acf_changed":false},"product_brand":[],"product_cat":[70],"product_tag":[111],"class_list":{"0":"post-6754","1":"product","2":"type-product","3":"status-publish","4":"has-post-thumbnail","6":"product_cat-aktivne-uhlie","7":"product_tag-binchotan-sk-2","9":"first","10":"instock","11":"featured","12":"taxable","13":"shipping-taxable","14":"purchasable","15":"product-type-simple"},"supplier_id":null,"supplier_sku":"","barcode":null,"atum_controlled":true,"out_stock_date":null,"out_stock_threshold":null,"inheritable":false,"inbound_stock":0,"stock_on_hold":1,"sold_today":0,"sales_last_days":11,"reserved_stock":0,"customer_returns":0,"warehouse_damage":0,"lost_in_post":0,"other_logs":0,"out_stock_days":0,"lost_sales":0,"has_location":false,"update_date":"2026-04-30T03:26:56","atum_locations":[],"atum_stock_status":"instock","restock_status":false,"low_stock_amount":3,"sales_update_date":"2026-04-30T03:26:56","calc_backorders":null,"acf":[],"yoast_head":"<!-- This site is optimized with the Yoast SEO plugin v27.2 - https:\/\/yoast.com\/product\/yoast-seo-wordpress\/ -->\n<title>Akt\u00edvne uhlie Binchio 365 - Binchio<\/title>\n<meta name=\"description\" content=\"S Binchio 365 m\u00e1te na rok vystaran\u00e9 o pr\u00edrodn\u00fa filtr\u00e1ciu a mineraliz\u00e1ciu vody. Toto je n\u00e1\u0161 top bestseller - ka\u017ed\u00fd de\u0148 k na\u0161im z\u00e1kazn\u00edkom putuje aspo\u0148 jedno ro\u010dn\u00e9 balenie filtra\u010dn\u00fdch ty\u010diniek Binchio 365. Binchio akt\u00edvne uhlie adsorbuje z vody chl\u00f3r, chemik\u00e1lie, mikro-ne\u010distoty a tie\u017e niektor\u00e9 \u0165a\u017ek\u00e9 kovy. Vytv\u00e1ra ve\u013emi pr\u00edjemn\u00fa a vyv\u00e1\u017een\u00fa chu\u0165 vody.\" \/>\n<meta name=\"robots\" content=\"index, follow, max-snippet:-1, max-image-preview:large, max-video-preview:-1\" \/>\n<link rel=\"canonical\" href=\"https:\/\/binchio.com\/sk\/produkt\/binchio-365\/\" \/>\n<meta property=\"og:locale\" content=\"sk_SK\" \/>\n<meta property=\"og:type\" content=\"article\" \/>\n<meta property=\"og:title\" content=\"Akt\u00edvne uhlie Binchio 365 - Binchio\" \/>\n<meta property=\"og:description\" content=\"S Binchio 365 m\u00e1te na rok vystaran\u00e9 o pr\u00edrodn\u00fa filtr\u00e1ciu a mineraliz\u00e1ciu vody. Toto je n\u00e1\u0161 top bestseller - ka\u017ed\u00fd de\u0148 k na\u0161im z\u00e1kazn\u00edkom putuje aspo\u0148 jedno ro\u010dn\u00e9 balenie filtra\u010dn\u00fdch ty\u010diniek Binchio 365. Binchio akt\u00edvne uhlie adsorbuje z vody chl\u00f3r, chemik\u00e1lie, mikro-ne\u010distoty a tie\u017e niektor\u00e9 \u0165a\u017ek\u00e9 kovy. Vytv\u00e1ra ve\u013emi pr\u00edjemn\u00fa a vyv\u00e1\u017een\u00fa chu\u0165 vody.\" \/>\n<meta property=\"og:url\" content=\"https:\/\/binchio.com\/sk\/produkt\/binchio-365\/\" \/>\n<meta property=\"og:site_name\" content=\"Binchio\" \/>\n<meta property=\"article:publisher\" content=\"https:\/\/www.facebook.com\/binchiouhli\/\" \/>\n<meta property=\"article:modified_time\" content=\"2026-04-28T19:17:29+00:00\" \/>\n<meta property=\"og:image\" content=\"https:\/\/binchio.com\/wp-content\/uploads\/2020\/08\/Binchio365_BESTSELLER_aktivni_uhli_binchotan2.jpg\" \/>\n\t<meta property=\"og:image:width\" content=\"1080\" \/>\n\t<meta property=\"og:image:height\" content=\"1080\" \/>\n\t<meta property=\"og:image:type\" content=\"image\/jpeg\" \/>\n<meta name=\"twitter:card\" content=\"summary_large_image\" \/>\n<meta name=\"twitter:label1\" content=\"Predpokladan\u00fd \u010das \u010d\u00edtania\" \/>\n\t<meta name=\"twitter:data1\" content=\"2 min\u00faty\" \/>\n<script type=\"application\/ld+json\" class=\"yoast-schema-graph\">{\"@context\":\"https:\/\/schema.org\",\"@graph\":[{\"@type\":\"WebPage\",\"@id\":\"https:\/\/binchio.com\/sk\/produkt\/binchio-365\/\",\"url\":\"https:\/\/binchio.com\/sk\/produkt\/binchio-365\/\",\"name\":\"Akt\u00edvne uhlie Binchio 365 - Binchio\",\"isPartOf\":{\"@id\":\"https:\/\/binchio.com\/#website\"},\"primaryImageOfPage\":{\"@id\":\"https:\/\/binchio.com\/sk\/produkt\/binchio-365\/#primaryimage\"},\"image\":{\"@id\":\"https:\/\/binchio.com\/sk\/produkt\/binchio-365\/#primaryimage\"},\"thumbnailUrl\":\"https:\/\/binchio.com\/wp-content\/uploads\/2020\/08\/Binchio365_BESTSELLER_aktivni_uhli_binchotan2.jpg\",\"datePublished\":\"2020-08-01T01:52:34+00:00\",\"dateModified\":\"2026-04-28T19:17:29+00:00\",\"description\":\"S Binchio 365 m\u00e1te na rok vystaran\u00e9 o pr\u00edrodn\u00fa filtr\u00e1ciu a mineraliz\u00e1ciu vody. Toto je n\u00e1\u0161 top bestseller - ka\u017ed\u00fd de\u0148 k na\u0161im z\u00e1kazn\u00edkom putuje aspo\u0148 jedno ro\u010dn\u00e9 balenie filtra\u010dn\u00fdch ty\u010diniek Binchio 365. Binchio akt\u00edvne uhlie adsorbuje z vody chl\u00f3r, chemik\u00e1lie, mikro-ne\u010distoty a tie\u017e niektor\u00e9 \u0165a\u017ek\u00e9 kovy. Vytv\u00e1ra ve\u013emi pr\u00edjemn\u00fa a vyv\u00e1\u017een\u00fa chu\u0165 vody.\",\"breadcrumb\":{\"@id\":\"https:\/\/binchio.com\/sk\/produkt\/binchio-365\/#breadcrumb\"},\"inLanguage\":\"sk-SK\",\"potentialAction\":[{\"@type\":\"ReadAction\",\"target\":[\"https:\/\/binchio.com\/sk\/produkt\/binchio-365\/\"]}]},{\"@type\":\"ImageObject\",\"inLanguage\":\"sk-SK\",\"@id\":\"https:\/\/binchio.com\/sk\/produkt\/binchio-365\/#primaryimage\",\"url\":\"https:\/\/binchio.com\/wp-content\/uploads\/2020\/08\/Binchio365_BESTSELLER_aktivni_uhli_binchotan2.jpg\",\"contentUrl\":\"https:\/\/binchio.com\/wp-content\/uploads\/2020\/08\/Binchio365_BESTSELLER_aktivni_uhli_binchotan2.jpg\",\"width\":1080,\"height\":1080,\"caption\":\"binchotan charcoal\"},{\"@type\":\"BreadcrumbList\",\"@id\":\"https:\/\/binchio.com\/sk\/produkt\/binchio-365\/#breadcrumb\",\"itemListElement\":[{\"@type\":\"ListItem\",\"position\":1,\"name\":\"Home\",\"item\":\"https:\/\/binchio.com\/sk\/\"},{\"@type\":\"ListItem\",\"position\":2,\"name\":\"Obchod (woo &#8211; redirected)\",\"item\":\"https:\/\/binchio.com\/sk\/obchod-woo\/\"},{\"@type\":\"ListItem\",\"position\":3,\"name\":\"Akt\u00edvne uhlie Binchio 365\"}]},{\"@type\":\"WebSite\",\"@id\":\"https:\/\/binchio.com\/#website\",\"url\":\"https:\/\/binchio.com\/\",\"name\":\"Binchio\",\"description\":\"100% p\u0159\u00edrodn\u00ed filtrace vody pomoc\u00ed aktivn\u00edho filtra\u010dn\u00edho uhl\u00ed binchotan\",\"publisher\":{\"@id\":\"https:\/\/binchio.com\/#organization\"},\"potentialAction\":[{\"@type\":\"SearchAction\",\"target\":{\"@type\":\"EntryPoint\",\"urlTemplate\":\"https:\/\/binchio.com\/?s={search_term_string}\"},\"query-input\":{\"@type\":\"PropertyValueSpecification\",\"valueRequired\":true,\"valueName\":\"search_term_string\"}}],\"inLanguage\":\"sk-SK\"},{\"@type\":\"Organization\",\"@id\":\"https:\/\/binchio.com\/#organization\",\"name\":\"Binchio\",\"url\":\"https:\/\/binchio.com\/\",\"logo\":{\"@type\":\"ImageObject\",\"inLanguage\":\"sk-SK\",\"@id\":\"https:\/\/binchio.com\/#\/schema\/logo\/image\/\",\"url\":\"https:\/\/binchio.com\/wp-content\/uploads\/2020\/07\/binchio-logo.svg\",\"contentUrl\":\"https:\/\/binchio.com\/wp-content\/uploads\/2020\/07\/binchio-logo.svg\",\"width\":200,\"height\":430,\"caption\":\"Binchio\"},\"image\":{\"@id\":\"https:\/\/binchio.com\/#\/schema\/logo\/image\/\"},\"sameAs\":[\"https:\/\/www.facebook.com\/binchiouhli\/\",\"https:\/\/www.instagram.com\/milan_suchy\"]}]}<\/script>\n<!-- \/ Yoast SEO plugin. -->","yoast_head_json":{"title":"Akt\u00edvne uhlie Binchio 365 - Binchio","description":"S Binchio 365 m\u00e1te na rok vystaran\u00e9 o pr\u00edrodn\u00fa filtr\u00e1ciu a mineraliz\u00e1ciu vody. Toto je n\u00e1\u0161 top bestseller - ka\u017ed\u00fd de\u0148 k na\u0161im z\u00e1kazn\u00edkom putuje aspo\u0148 jedno ro\u010dn\u00e9 balenie filtra\u010dn\u00fdch ty\u010diniek Binchio 365. Binchio akt\u00edvne uhlie adsorbuje z vody chl\u00f3r, chemik\u00e1lie, mikro-ne\u010distoty a tie\u017e niektor\u00e9 \u0165a\u017ek\u00e9 kovy. Vytv\u00e1ra ve\u013emi pr\u00edjemn\u00fa a vyv\u00e1\u017een\u00fa chu\u0165 vody.","robots":{"index":"index","follow":"follow","max-snippet":"max-snippet:-1","max-image-preview":"max-image-preview:large","max-video-preview":"max-video-preview:-1"},"canonical":"https:\/\/binchio.com\/sk\/produkt\/binchio-365\/","og_locale":"sk_SK","og_type":"article","og_title":"Akt\u00edvne uhlie Binchio 365 - Binchio","og_description":"S Binchio 365 m\u00e1te na rok vystaran\u00e9 o pr\u00edrodn\u00fa filtr\u00e1ciu a mineraliz\u00e1ciu vody. Toto je n\u00e1\u0161 top bestseller - ka\u017ed\u00fd de\u0148 k na\u0161im z\u00e1kazn\u00edkom putuje aspo\u0148 jedno ro\u010dn\u00e9 balenie filtra\u010dn\u00fdch ty\u010diniek Binchio 365. Binchio akt\u00edvne uhlie adsorbuje z vody chl\u00f3r, chemik\u00e1lie, mikro-ne\u010distoty a tie\u017e niektor\u00e9 \u0165a\u017ek\u00e9 kovy. Vytv\u00e1ra ve\u013emi pr\u00edjemn\u00fa a vyv\u00e1\u017een\u00fa chu\u0165 vody.","og_url":"https:\/\/binchio.com\/sk\/produkt\/binchio-365\/","og_site_name":"Binchio","article_publisher":"https:\/\/www.facebook.com\/binchiouhli\/","article_modified_time":"2026-04-28T19:17:29+00:00","og_image":[{"width":1080,"height":1080,"url":"https:\/\/binchio.com\/wp-content\/uploads\/2020\/08\/Binchio365_BESTSELLER_aktivni_uhli_binchotan2.jpg","type":"image\/jpeg"}],"twitter_card":"summary_large_image","twitter_misc":{"Predpokladan\u00fd \u010das \u010d\u00edtania":"2 min\u00faty"},"schema":{"@context":"https:\/\/schema.org","@graph":[{"@type":"WebPage","@id":"https:\/\/binchio.com\/sk\/produkt\/binchio-365\/","url":"https:\/\/binchio.com\/sk\/produkt\/binchio-365\/","name":"Akt\u00edvne uhlie Binchio 365 - Binchio","isPartOf":{"@id":"https:\/\/binchio.com\/#website"},"primaryImageOfPage":{"@id":"https:\/\/binchio.com\/sk\/produkt\/binchio-365\/#primaryimage"},"image":{"@id":"https:\/\/binchio.com\/sk\/produkt\/binchio-365\/#primaryimage"},"thumbnailUrl":"https:\/\/binchio.com\/wp-content\/uploads\/2020\/08\/Binchio365_BESTSELLER_aktivni_uhli_binchotan2.jpg","datePublished":"2020-08-01T01:52:34+00:00","dateModified":"2026-04-28T19:17:29+00:00","description":"S Binchio 365 m\u00e1te na rok vystaran\u00e9 o pr\u00edrodn\u00fa filtr\u00e1ciu a mineraliz\u00e1ciu vody. Toto je n\u00e1\u0161 top bestseller - ka\u017ed\u00fd de\u0148 k na\u0161im z\u00e1kazn\u00edkom putuje aspo\u0148 jedno ro\u010dn\u00e9 balenie filtra\u010dn\u00fdch ty\u010diniek Binchio 365. Binchio akt\u00edvne uhlie adsorbuje z vody chl\u00f3r, chemik\u00e1lie, mikro-ne\u010distoty a tie\u017e niektor\u00e9 \u0165a\u017ek\u00e9 kovy. Vytv\u00e1ra ve\u013emi pr\u00edjemn\u00fa a vyv\u00e1\u017een\u00fa chu\u0165 vody.","breadcrumb":{"@id":"https:\/\/binchio.com\/sk\/produkt\/binchio-365\/#breadcrumb"},"inLanguage":"sk-SK","potentialAction":[{"@type":"ReadAction","target":["https:\/\/binchio.com\/sk\/produkt\/binchio-365\/"]}]},{"@type":"ImageObject","inLanguage":"sk-SK","@id":"https:\/\/binchio.com\/sk\/produkt\/binchio-365\/#primaryimage","url":"https:\/\/binchio.com\/wp-content\/uploads\/2020\/08\/Binchio365_BESTSELLER_aktivni_uhli_binchotan2.jpg","contentUrl":"https:\/\/binchio.com\/wp-content\/uploads\/2020\/08\/Binchio365_BESTSELLER_aktivni_uhli_binchotan2.jpg","width":1080,"height":1080,"caption":"binchotan charcoal"},{"@type":"BreadcrumbList","@id":"https:\/\/binchio.com\/sk\/produkt\/binchio-365\/#breadcrumb","itemListElement":[{"@type":"ListItem","position":1,"name":"Home","item":"https:\/\/binchio.com\/sk\/"},{"@type":"ListItem","position":2,"name":"Obchod (woo &#8211; redirected)","item":"https:\/\/binchio.com\/sk\/obchod-woo\/"},{"@type":"ListItem","position":3,"name":"Akt\u00edvne uhlie Binchio 365"}]},{"@type":"WebSite","@id":"https:\/\/binchio.com\/#website","url":"https:\/\/binchio.com\/","name":"Binchio","description":"100% p\u0159\u00edrodn\u00ed filtrace vody pomoc\u00ed aktivn\u00edho filtra\u010dn\u00edho uhl\u00ed binchotan","publisher":{"@id":"https:\/\/binchio.com\/#organization"},"potentialAction":[{"@type":"SearchAction","target":{"@type":"EntryPoint","urlTemplate":"https:\/\/binchio.com\/?s={search_term_string}"},"query-input":{"@type":"PropertyValueSpecification","valueRequired":true,"valueName":"search_term_string"}}],"inLanguage":"sk-SK"},{"@type":"Organization","@id":"https:\/\/binchio.com\/#organization","name":"Binchio","url":"https:\/\/binchio.com\/","logo":{"@type":"ImageObject","inLanguage":"sk-SK","@id":"https:\/\/binchio.com\/#\/schema\/logo\/image\/","url":"https:\/\/binchio.com\/wp-content\/uploads\/2020\/07\/binchio-logo.svg","contentUrl":"https:\/\/binchio.com\/wp-content\/uploads\/2020\/07\/binchio-logo.svg","width":200,"height":430,"caption":"Binchio"},"image":{"@id":"https:\/\/binchio.com\/#\/schema\/logo\/image\/"},"sameAs":["https:\/\/www.facebook.com\/binchiouhli\/","https:\/\/www.instagram.com\/milan_suchy"]}]}},"_links":{"self":[{"href":"https:\/\/binchio.com\/sk\/wp-json\/wp\/v2\/product\/6754","targetHints":{"allow":["GET"]}}],"collection":[{"href":"https:\/\/binchio.com\/sk\/wp-json\/wp\/v2\/product"}],"about":[{"href":"https:\/\/binchio.com\/sk\/wp-json\/wp\/v2\/types\/product"}],"replies":[{"embeddable":true,"href":"https:\/\/binchio.com\/sk\/wp-json\/wp\/v2\/comments?post=6754"}],"wp:featuredmedia":[{"embeddable":true,"href":"https:\/\/binchio.com\/sk\/wp-json\/wp\/v2\/media\/11415"}],"wp:attachment":[{"href":"https:\/\/binchio.com\/sk\/wp-json\/wp\/v2\/media?parent=6754"}],"wp:term":[{"taxonomy":"product_brand","embeddable":true,"href":"https:\/\/binchio.com\/sk\/wp-json\/wp\/v2\/product_brand?post=6754"},{"taxonomy":"product_cat","embeddable":true,"href":"https:\/\/binchio.com\/sk\/wp-json\/wp\/v2\/product_cat?post=6754"},{"taxonomy":"product_tag","embeddable":true,"href":"https:\/\/binchio.com\/sk\/wp-json\/wp\/v2\/product_tag?post=6754"}],"curies":[{"name":"wp","href":"https:\/\/api.w.org\/{rel}","templated":true}]}}