{"id":15876,"date":"2026-02-17T20:00:08","date_gmt":"2026-02-17T19:00:08","guid":{"rendered":"https:\/\/binchio.com\/?post_type=product&#038;p=15876"},"modified":"2026-02-17T23:14:01","modified_gmt":"2026-02-17T22:14:01","slug":"100-kompostovatelne-eko-hubky-mulieres-3-ks","status":"publish","type":"product","link":"https:\/\/binchio.com\/sk\/produkt\/100-kompostovatelne-eko-hubky-mulieres-3-ks\/","title":{"rendered":"100% kompostovate\u013en\u00e9 eko hubky Mulieres \u2013 3 ks"},"content":{"rendered":"<p><strong>Mulieres sada univerz\u00e1lnych um\u00fdvac\u00edch hubiek (3 ks)<\/strong> s\u00fa 100% pr\u00edrodn\u00e9 hubky z <strong>celul\u00f3zy<\/strong> na ka\u017edodenn\u00e9 upratovanie kuchyne aj k\u00fape\u013ene. Vyu\u017eijete ich na riad, pracovn\u00e9 plochy, stoly aj top\u00e1nky. Po dosl\u00fa\u017een\u00ed s\u00fa <strong>plne kompostovate\u013en\u00e9<\/strong> \u2013 sta\u010d\u00ed ich nastriha\u0165 a vyhodi\u0165 do bioodpadu alebo kompostu. Pred pou\u017eit\u00edm hubku v\u017edy namo\u010dte.<\/p>\n<p><strong>Eko obal, ktor\u00fd d\u00e1va zmysel.<\/strong> Mulieres pou\u017e\u00edva obaly z <strong>upcyklovan\u00fdch kart\u00f3nov<\/strong> \u2013 vonkaj\u0161ia \u010das\u0165 je <strong>biologicky rozlo\u017eite\u013en\u00e1<\/strong>. Vo vn\u00fatri je <strong>recyklovate\u013en\u00e9 plastov\u00e9 vrecko<\/strong> s produktom, v\u010faka ktor\u00e9mu zna\u010dka \u0161etr\u00ed a\u017e <strong>70 % plastu<\/strong>. Kart\u00f3nov\u00fd obal m\u00f4\u017eete po spotrebovan\u00ed <strong>kompostova\u0165<\/strong> alebo znovu vyu\u017ei\u0165.<\/p>\n","protected":false},"excerpt":{"rendered":"<p><strong>Mulieres sada univerz\u00e1lnych um\u00fdvac\u00edch hubiek (3 ks)<\/strong> je praktick\u00e1 vo\u013eba pre ka\u017ed\u00fa dom\u00e1cnos\u0165, ktor\u00e1 chce ma\u0165 poruke jednu hubku \u201ena v\u0161etko\u201c \u2013 a z\u00e1rove\u0148 rie\u0161i\u0165 upratovanie udr\u017eate\u013ene. Hubky s\u00fa vyroben\u00e9 zo <strong>100% pr\u00edrodnej celul\u00f3zy<\/strong>, maj\u00fa m\u00e4kkos\u0165 \u201etak akur\u00e1t\u201c a zvl\u00e1dnu \u0161irok\u00e9 spektrum povrchov v kuchyni aj k\u00fape\u013eni.<\/p>\n<h2>Univerz\u00e1lne hubky do kuchyne, k\u00fape\u013ene aj na top\u00e1nky<\/h2>\n<p>Tieto hubky vyu\u017eijete na be\u017en\u00e9 ka\u017edodenn\u00e9 upratovanie aj r\u00fdchle nehody v dom\u00e1cnosti. Hod\u00ed sa na:<\/p>\n<ul>\n<li><strong>riad<\/strong>,<\/li>\n<li><strong>pracovn\u00e9 plochy<\/strong>,<\/li>\n<li>v\u0161etky plochy <strong>v kuchyni<\/strong>,<\/li>\n<li>v\u0161etky plochy <strong>v k\u00fape\u013eni<\/strong>,<\/li>\n<li><strong>top\u00e1nky<\/strong>,<\/li>\n<li>jed\u00e1lensk\u00fd, pracovn\u00fd aj konferen\u010dn\u00fd <strong>st\u00f4l<\/strong>,<\/li>\n<li>\u010doko\u013evek \u010fal\u0161ie, \u010do potrebujete vy\u010disti\u0165.<\/li>\n<\/ul>\n<p><strong>Pred pou\u017eit\u00edm hubku nezabudnite namo\u010di\u0165.<\/strong><\/p>\n<h3>100% pr\u00edrodn\u00e1 a po pou\u017eit\u00ed kompostovate\u013en\u00e1<\/h3>\n<p>Ke\u010f hubka dosl\u00fa\u017ei, m\u00f4\u017eete ju bez v\u00fd\u010ditiek zlikvidova\u0165 \u0161etrne: <strong>nastri\u017ete ju na men\u0161ie k\u00fasky<\/strong> a vyho\u010fte do <strong>kompostu<\/strong> alebo <strong>bioodpadu<\/strong>. Materi\u00e1l je plne rozlo\u017eite\u013en\u00fd v pr\u00edrode.<\/p>\n<h4><strong>\u010co obsahuje balenie<\/strong><\/h4>\n<ul>\n<li><strong>3 ks<\/strong> univerz\u00e1lnych um\u00fdvac\u00edch hubiek<\/li>\n<\/ul>\n<h4><strong>\u010eal\u0161ie inform\u00e1cie<\/strong><\/h4>\n<ul>\n<li><strong>Materi\u00e1l:<\/strong> celul\u00f3za<\/li>\n<li><strong>Rozmery:<\/strong> 6,3 x 8,5 cm<\/li>\n<li><strong>Materi\u00e1l obalu:<\/strong> recyklovan\u00fd kart\u00f3n<\/li>\n<li><strong>\u010co s obalom:<\/strong> kart\u00f3nov\u00fd obal recyklujte v kontajneri na papier<\/li>\n<li><strong>Krajina p\u00f4vodu:<\/strong> vyroben\u00e9 v Est\u00f3nsku<\/li>\n<li><strong>V\u00fdrobca:<\/strong> Mulieres O\u00dc<\/li>\n<\/ul>\n","protected":false},"featured_media":15875,"comment_status":"open","ping_status":"closed","template":"","meta":{"_acf_changed":false},"product_brand":[],"product_cat":[186],"product_tag":[],"class_list":{"0":"post-15876","1":"product","2":"type-product","3":"status-publish","4":"has-post-thumbnail","6":"product_cat-domacnost-sk","8":"first","9":"instock","10":"taxable","11":"shipping-taxable","12":"purchasable","13":"product-type-simple"},"supplier_id":null,"supplier_sku":"","barcode":null,"atum_controlled":true,"out_stock_date":null,"out_stock_threshold":null,"inheritable":false,"inbound_stock":null,"stock_on_hold":0,"sold_today":0,"sales_last_days":0,"reserved_stock":null,"customer_returns":null,"warehouse_damage":null,"lost_in_post":null,"other_logs":null,"out_stock_days":0,"lost_sales":0,"has_location":false,"update_date":"2026-04-25T03:00:32","atum_locations":[],"atum_stock_status":"instock","restock_status":false,"low_stock_amount":"","sales_update_date":"2026-04-25T03:00:32","calc_backorders":null,"acf":[],"yoast_head":"<!-- This site is optimized with the Yoast SEO plugin v27.2 - https:\/\/yoast.com\/product\/yoast-seo-wordpress\/ -->\n<title>100% kompostovate\u013en\u00e9 eko hubky Mulieres \u2013 3 ks - Binchio<\/title>\n<meta name=\"description\" content=\"Mulieres sada univerz\u00e1lnych um\u00fdvac\u00edch hubiek z celul\u00f3zy (3 ks). 100% pr\u00edrodn\u00e9 a kompostovate\u013en\u00e9 hubky na riad, kuchy\u0148u aj k\u00fape\u013e\u0148u. Po dosl\u00fa\u017een\u00ed sta\u010d\u00ed nastriha\u0165 a vyhodi\u0165 do bioodpadu alebo kompostu.\" \/>\n<meta name=\"robots\" content=\"index, follow, max-snippet:-1, max-image-preview:large, max-video-preview:-1\" \/>\n<link rel=\"canonical\" href=\"https:\/\/binchio.com\/sk\/produkt\/100-kompostovatelne-eko-hubky-mulieres-3-ks\/\" \/>\n<meta property=\"og:locale\" content=\"sk_SK\" \/>\n<meta property=\"og:type\" content=\"article\" \/>\n<meta property=\"og:title\" content=\"100% kompostovate\u013en\u00e9 eko hubky Mulieres \u2013 3 ks - Binchio\" \/>\n<meta property=\"og:description\" content=\"Mulieres sada univerz\u00e1lnych um\u00fdvac\u00edch hubiek z celul\u00f3zy (3 ks). 100% pr\u00edrodn\u00e9 a kompostovate\u013en\u00e9 hubky na riad, kuchy\u0148u aj k\u00fape\u013e\u0148u. Po dosl\u00fa\u017een\u00ed sta\u010d\u00ed nastriha\u0165 a vyhodi\u0165 do bioodpadu alebo kompostu.\" \/>\n<meta property=\"og:url\" content=\"https:\/\/binchio.com\/sk\/produkt\/100-kompostovatelne-eko-hubky-mulieres-3-ks\/\" \/>\n<meta property=\"og:site_name\" content=\"Binchio\" \/>\n<meta property=\"article:publisher\" content=\"https:\/\/www.facebook.com\/binchiouhli\/\" \/>\n<meta property=\"article:modified_time\" content=\"2026-02-17T22:14:01+00:00\" \/>\n<meta property=\"og:image\" content=\"https:\/\/binchio.com\/wp-content\/uploads\/2026\/02\/mulieres_univerzalni_myci_houbicky_3ks_prirodni_celuloza_kompostovatelne_baleni-e1771366355832.webp\" \/>\n\t<meta property=\"og:image:width\" content=\"443\" \/>\n\t<meta property=\"og:image:height\" content=\"561\" \/>\n\t<meta property=\"og:image:type\" content=\"image\/webp\" \/>\n<meta name=\"twitter:card\" content=\"summary_large_image\" \/>\n<meta name=\"twitter:label1\" content=\"Predpokladan\u00fd \u010das \u010d\u00edtania\" \/>\n\t<meta name=\"twitter:data1\" content=\"1 min\u00fata\" \/>\n<script type=\"application\/ld+json\" class=\"yoast-schema-graph\">{\"@context\":\"https:\/\/schema.org\",\"@graph\":[{\"@type\":\"WebPage\",\"@id\":\"https:\/\/binchio.com\/sk\/produkt\/100-kompostovatelne-eko-hubky-mulieres-3-ks\/\",\"url\":\"https:\/\/binchio.com\/sk\/produkt\/100-kompostovatelne-eko-hubky-mulieres-3-ks\/\",\"name\":\"100% kompostovate\u013en\u00e9 eko hubky Mulieres \u2013 3 ks - Binchio\",\"isPartOf\":{\"@id\":\"https:\/\/binchio.com\/#website\"},\"primaryImageOfPage\":{\"@id\":\"https:\/\/binchio.com\/sk\/produkt\/100-kompostovatelne-eko-hubky-mulieres-3-ks\/#primaryimage\"},\"image\":{\"@id\":\"https:\/\/binchio.com\/sk\/produkt\/100-kompostovatelne-eko-hubky-mulieres-3-ks\/#primaryimage\"},\"thumbnailUrl\":\"https:\/\/binchio.com\/wp-content\/uploads\/2026\/02\/mulieres_univerzalni_myci_houbicky_3ks_prirodni_celuloza_kompostovatelne_baleni-e1771366355832.webp\",\"datePublished\":\"2026-02-17T19:00:08+00:00\",\"dateModified\":\"2026-02-17T22:14:01+00:00\",\"description\":\"Mulieres sada univerz\u00e1lnych um\u00fdvac\u00edch hubiek z celul\u00f3zy (3 ks). 100% pr\u00edrodn\u00e9 a kompostovate\u013en\u00e9 hubky na riad, kuchy\u0148u aj k\u00fape\u013e\u0148u. Po dosl\u00fa\u017een\u00ed sta\u010d\u00ed nastriha\u0165 a vyhodi\u0165 do bioodpadu alebo kompostu.\",\"breadcrumb\":{\"@id\":\"https:\/\/binchio.com\/sk\/produkt\/100-kompostovatelne-eko-hubky-mulieres-3-ks\/#breadcrumb\"},\"inLanguage\":\"sk-SK\",\"potentialAction\":[{\"@type\":\"ReadAction\",\"target\":[\"https:\/\/binchio.com\/sk\/produkt\/100-kompostovatelne-eko-hubky-mulieres-3-ks\/\"]}]},{\"@type\":\"ImageObject\",\"inLanguage\":\"sk-SK\",\"@id\":\"https:\/\/binchio.com\/sk\/produkt\/100-kompostovatelne-eko-hubky-mulieres-3-ks\/#primaryimage\",\"url\":\"https:\/\/binchio.com\/wp-content\/uploads\/2026\/02\/mulieres_univerzalni_myci_houbicky_3ks_prirodni_celuloza_kompostovatelne_baleni-e1771366355832.webp\",\"contentUrl\":\"https:\/\/binchio.com\/wp-content\/uploads\/2026\/02\/mulieres_univerzalni_myci_houbicky_3ks_prirodni_celuloza_kompostovatelne_baleni-e1771366355832.webp\",\"width\":443,\"height\":561,\"caption\":\"Balen\u00ed Mulieres Natural Sponges \u2013 sada 3 kompostovateln\u00fdch celul\u00f3zov\u00fdch myc\u00edch houbi\u010dek\"},{\"@type\":\"BreadcrumbList\",\"@id\":\"https:\/\/binchio.com\/sk\/produkt\/100-kompostovatelne-eko-hubky-mulieres-3-ks\/#breadcrumb\",\"itemListElement\":[{\"@type\":\"ListItem\",\"position\":1,\"name\":\"Home\",\"item\":\"https:\/\/binchio.com\/sk\/\"},{\"@type\":\"ListItem\",\"position\":2,\"name\":\"Obchod (woo &#8211; redirected)\",\"item\":\"https:\/\/binchio.com\/sk\/obchod-woo\/\"},{\"@type\":\"ListItem\",\"position\":3,\"name\":\"100% kompostovate\u013en\u00e9 eko hubky Mulieres \u2013 3 ks\"}]},{\"@type\":\"WebSite\",\"@id\":\"https:\/\/binchio.com\/#website\",\"url\":\"https:\/\/binchio.com\/\",\"name\":\"Binchio\",\"description\":\"100% p\u0159\u00edrodn\u00ed filtrace vody pomoc\u00ed aktivn\u00edho filtra\u010dn\u00edho uhl\u00ed binchotan\",\"publisher\":{\"@id\":\"https:\/\/binchio.com\/#organization\"},\"potentialAction\":[{\"@type\":\"SearchAction\",\"target\":{\"@type\":\"EntryPoint\",\"urlTemplate\":\"https:\/\/binchio.com\/?s={search_term_string}\"},\"query-input\":{\"@type\":\"PropertyValueSpecification\",\"valueRequired\":true,\"valueName\":\"search_term_string\"}}],\"inLanguage\":\"sk-SK\"},{\"@type\":\"Organization\",\"@id\":\"https:\/\/binchio.com\/#organization\",\"name\":\"Binchio\",\"url\":\"https:\/\/binchio.com\/\",\"logo\":{\"@type\":\"ImageObject\",\"inLanguage\":\"sk-SK\",\"@id\":\"https:\/\/binchio.com\/#\/schema\/logo\/image\/\",\"url\":\"https:\/\/binchio.com\/wp-content\/uploads\/2020\/07\/binchio-logo.svg\",\"contentUrl\":\"https:\/\/binchio.com\/wp-content\/uploads\/2020\/07\/binchio-logo.svg\",\"width\":200,\"height\":430,\"caption\":\"Binchio\"},\"image\":{\"@id\":\"https:\/\/binchio.com\/#\/schema\/logo\/image\/\"},\"sameAs\":[\"https:\/\/www.facebook.com\/binchiouhli\/\",\"https:\/\/www.instagram.com\/milan_suchy\"]}]}<\/script>\n<!-- \/ Yoast SEO plugin. -->","yoast_head_json":{"title":"100% kompostovate\u013en\u00e9 eko hubky Mulieres \u2013 3 ks - Binchio","description":"Mulieres sada univerz\u00e1lnych um\u00fdvac\u00edch hubiek z celul\u00f3zy (3 ks). 100% pr\u00edrodn\u00e9 a kompostovate\u013en\u00e9 hubky na riad, kuchy\u0148u aj k\u00fape\u013e\u0148u. Po dosl\u00fa\u017een\u00ed sta\u010d\u00ed nastriha\u0165 a vyhodi\u0165 do bioodpadu alebo kompostu.","robots":{"index":"index","follow":"follow","max-snippet":"max-snippet:-1","max-image-preview":"max-image-preview:large","max-video-preview":"max-video-preview:-1"},"canonical":"https:\/\/binchio.com\/sk\/produkt\/100-kompostovatelne-eko-hubky-mulieres-3-ks\/","og_locale":"sk_SK","og_type":"article","og_title":"100% kompostovate\u013en\u00e9 eko hubky Mulieres \u2013 3 ks - Binchio","og_description":"Mulieres sada univerz\u00e1lnych um\u00fdvac\u00edch hubiek z celul\u00f3zy (3 ks). 100% pr\u00edrodn\u00e9 a kompostovate\u013en\u00e9 hubky na riad, kuchy\u0148u aj k\u00fape\u013e\u0148u. Po dosl\u00fa\u017een\u00ed sta\u010d\u00ed nastriha\u0165 a vyhodi\u0165 do bioodpadu alebo kompostu.","og_url":"https:\/\/binchio.com\/sk\/produkt\/100-kompostovatelne-eko-hubky-mulieres-3-ks\/","og_site_name":"Binchio","article_publisher":"https:\/\/www.facebook.com\/binchiouhli\/","article_modified_time":"2026-02-17T22:14:01+00:00","og_image":[{"width":443,"height":561,"url":"https:\/\/binchio.com\/wp-content\/uploads\/2026\/02\/mulieres_univerzalni_myci_houbicky_3ks_prirodni_celuloza_kompostovatelne_baleni-e1771366355832.webp","type":"image\/webp"}],"twitter_card":"summary_large_image","twitter_misc":{"Predpokladan\u00fd \u010das \u010d\u00edtania":"1 min\u00fata"},"schema":{"@context":"https:\/\/schema.org","@graph":[{"@type":"WebPage","@id":"https:\/\/binchio.com\/sk\/produkt\/100-kompostovatelne-eko-hubky-mulieres-3-ks\/","url":"https:\/\/binchio.com\/sk\/produkt\/100-kompostovatelne-eko-hubky-mulieres-3-ks\/","name":"100% kompostovate\u013en\u00e9 eko hubky Mulieres \u2013 3 ks - Binchio","isPartOf":{"@id":"https:\/\/binchio.com\/#website"},"primaryImageOfPage":{"@id":"https:\/\/binchio.com\/sk\/produkt\/100-kompostovatelne-eko-hubky-mulieres-3-ks\/#primaryimage"},"image":{"@id":"https:\/\/binchio.com\/sk\/produkt\/100-kompostovatelne-eko-hubky-mulieres-3-ks\/#primaryimage"},"thumbnailUrl":"https:\/\/binchio.com\/wp-content\/uploads\/2026\/02\/mulieres_univerzalni_myci_houbicky_3ks_prirodni_celuloza_kompostovatelne_baleni-e1771366355832.webp","datePublished":"2026-02-17T19:00:08+00:00","dateModified":"2026-02-17T22:14:01+00:00","description":"Mulieres sada univerz\u00e1lnych um\u00fdvac\u00edch hubiek z celul\u00f3zy (3 ks). 100% pr\u00edrodn\u00e9 a kompostovate\u013en\u00e9 hubky na riad, kuchy\u0148u aj k\u00fape\u013e\u0148u. Po dosl\u00fa\u017een\u00ed sta\u010d\u00ed nastriha\u0165 a vyhodi\u0165 do bioodpadu alebo kompostu.","breadcrumb":{"@id":"https:\/\/binchio.com\/sk\/produkt\/100-kompostovatelne-eko-hubky-mulieres-3-ks\/#breadcrumb"},"inLanguage":"sk-SK","potentialAction":[{"@type":"ReadAction","target":["https:\/\/binchio.com\/sk\/produkt\/100-kompostovatelne-eko-hubky-mulieres-3-ks\/"]}]},{"@type":"ImageObject","inLanguage":"sk-SK","@id":"https:\/\/binchio.com\/sk\/produkt\/100-kompostovatelne-eko-hubky-mulieres-3-ks\/#primaryimage","url":"https:\/\/binchio.com\/wp-content\/uploads\/2026\/02\/mulieres_univerzalni_myci_houbicky_3ks_prirodni_celuloza_kompostovatelne_baleni-e1771366355832.webp","contentUrl":"https:\/\/binchio.com\/wp-content\/uploads\/2026\/02\/mulieres_univerzalni_myci_houbicky_3ks_prirodni_celuloza_kompostovatelne_baleni-e1771366355832.webp","width":443,"height":561,"caption":"Balen\u00ed Mulieres Natural Sponges \u2013 sada 3 kompostovateln\u00fdch celul\u00f3zov\u00fdch myc\u00edch houbi\u010dek"},{"@type":"BreadcrumbList","@id":"https:\/\/binchio.com\/sk\/produkt\/100-kompostovatelne-eko-hubky-mulieres-3-ks\/#breadcrumb","itemListElement":[{"@type":"ListItem","position":1,"name":"Home","item":"https:\/\/binchio.com\/sk\/"},{"@type":"ListItem","position":2,"name":"Obchod (woo &#8211; redirected)","item":"https:\/\/binchio.com\/sk\/obchod-woo\/"},{"@type":"ListItem","position":3,"name":"100% kompostovate\u013en\u00e9 eko hubky Mulieres \u2013 3 ks"}]},{"@type":"WebSite","@id":"https:\/\/binchio.com\/#website","url":"https:\/\/binchio.com\/","name":"Binchio","description":"100% p\u0159\u00edrodn\u00ed filtrace vody pomoc\u00ed aktivn\u00edho filtra\u010dn\u00edho uhl\u00ed binchotan","publisher":{"@id":"https:\/\/binchio.com\/#organization"},"potentialAction":[{"@type":"SearchAction","target":{"@type":"EntryPoint","urlTemplate":"https:\/\/binchio.com\/?s={search_term_string}"},"query-input":{"@type":"PropertyValueSpecification","valueRequired":true,"valueName":"search_term_string"}}],"inLanguage":"sk-SK"},{"@type":"Organization","@id":"https:\/\/binchio.com\/#organization","name":"Binchio","url":"https:\/\/binchio.com\/","logo":{"@type":"ImageObject","inLanguage":"sk-SK","@id":"https:\/\/binchio.com\/#\/schema\/logo\/image\/","url":"https:\/\/binchio.com\/wp-content\/uploads\/2020\/07\/binchio-logo.svg","contentUrl":"https:\/\/binchio.com\/wp-content\/uploads\/2020\/07\/binchio-logo.svg","width":200,"height":430,"caption":"Binchio"},"image":{"@id":"https:\/\/binchio.com\/#\/schema\/logo\/image\/"},"sameAs":["https:\/\/www.facebook.com\/binchiouhli\/","https:\/\/www.instagram.com\/milan_suchy"]}]}},"_links":{"self":[{"href":"https:\/\/binchio.com\/sk\/wp-json\/wp\/v2\/product\/15876","targetHints":{"allow":["GET"]}}],"collection":[{"href":"https:\/\/binchio.com\/sk\/wp-json\/wp\/v2\/product"}],"about":[{"href":"https:\/\/binchio.com\/sk\/wp-json\/wp\/v2\/types\/product"}],"replies":[{"embeddable":true,"href":"https:\/\/binchio.com\/sk\/wp-json\/wp\/v2\/comments?post=15876"}],"wp:featuredmedia":[{"embeddable":true,"href":"https:\/\/binchio.com\/sk\/wp-json\/wp\/v2\/media\/15875"}],"wp:attachment":[{"href":"https:\/\/binchio.com\/sk\/wp-json\/wp\/v2\/media?parent=15876"}],"wp:term":[{"taxonomy":"product_brand","embeddable":true,"href":"https:\/\/binchio.com\/sk\/wp-json\/wp\/v2\/product_brand?post=15876"},{"taxonomy":"product_cat","embeddable":true,"href":"https:\/\/binchio.com\/sk\/wp-json\/wp\/v2\/product_cat?post=15876"},{"taxonomy":"product_tag","embeddable":true,"href":"https:\/\/binchio.com\/sk\/wp-json\/wp\/v2\/product_tag?post=15876"}],"curies":[{"name":"wp","href":"https:\/\/api.w.org\/{rel}","templated":true}]}}