{"id":15868,"date":"2026-02-17T20:00:57","date_gmt":"2026-02-17T19:00:57","guid":{"rendered":"https:\/\/binchio.com\/?post_type=product&#038;p=15868"},"modified":"2026-02-17T23:22:12","modified_gmt":"2026-02-17T22:22:12","slug":"tilia-inhalacna-tycinka-proti-stresu-s-bergamotom-na-uzkost-a-nervozitu","status":"publish","type":"product","link":"https:\/\/binchio.com\/sk\/produkt\/tilia-inhalacna-tycinka-proti-stresu-s-bergamotom-na-uzkost-a-nervozitu\/","title":{"rendered":"Tilia Inhala\u010dn\u00e1 ty\u010dinka proti stresu s bergamotom \u2013 na \u00fazkos\u0165 a nervozitu"},"content":{"rendered":"<h4><strong>Skladovanie a bezpe\u010dnostn\u00e9 inform\u00e1cie<\/strong><\/h4>\n<ul>\n<li>Nevystavujte produkt priamemu slnku.<\/li>\n<li><strong>Skladujte v tme<\/strong>, v dobre uzavretom obale.<\/li>\n<li>Skladujte pri st\u00e1lej teplote do <strong>25 \u00b0C<\/strong> (ak nie je na obale uveden\u00e9 inak).<\/li>\n<\/ul>\n<h4><strong>Obsah balenia<\/strong><\/h4>\n<ul>\n<li><strong>1 ks<\/strong> inhala\u010dnej ty\u010dinky<\/li>\n<\/ul>\n<h4><strong>Zlo\u017eenie<\/strong><\/h4>\n<ul>\n<li><strong>Esenci\u00e1lny olej bergamot<\/strong><\/li>\n<\/ul>\n<p><strong>Nobilis Tilia<\/strong> vyr\u00e1ba od roku 1994 \u010desk\u00fa <strong>pr\u00edrodn\u00fa<\/strong> aromaterapeutick\u00fa kozmetiku zalo\u017een\u00fa na \u00fa\u010dinkoch \u00e9terick\u00fdch olejov z\u00edskan\u00fdch <strong>tradi\u010dnou parnou destil\u00e1ciou<\/strong>. Produkty vznikaj\u00fa <strong>ru\u010dne v \u010ceskom \u0160vaj\u010diarsku<\/strong> a s\u00fa navrhnut\u00e9 na celostn\u00fa starostlivos\u0165 o telo aj psychick\u00fa pohodu celej rodiny.<\/p>\n<p>Zna\u010dka sa dlhodobo venuje aromaterapii, <strong>spolupracuje s odborn\u00edkmi<\/strong> a h\u013ead\u00e1 funk\u010dn\u00e9 kombin\u00e1cie v\u00f4n\u00ed na ka\u017edodenn\u00fa starostlivos\u0165. S\u00fa\u010dasne kladie d\u00f4raz na zodpovedn\u00fa v\u00fdrobu: uprednost\u0148uje <strong>ekologicky odb\u00farate\u013en\u00e9 suroviny<\/strong>, recykluje a vyu\u017e\u00edva vlastn\u00fa kore\u0148ov\u00fa \u010distiare\u0148 odpadov\u00fdch v\u00f4d.<\/p>\n","protected":false},"excerpt":{"rendered":"<p><strong>Nobilis Tilia Inhala\u010dn\u00e1 ty\u010dinka proti stresu<\/strong> je aromaterapeutick\u00e1 ty\u010dinka ur\u010den\u00e1 na r\u00fdchle pou\u017eitie v situ\u00e1ci\u00e1ch, ke\u010f sa c\u00edtite pre\u0165a\u017een\u00ed, pod tlakom alebo v strese. Hod\u00ed sa pri <strong>\u00fazkosti, nervozite, strachu, tr\u00e9me<\/strong> aj pri <strong>premen\u0161trua\u010dnom strese<\/strong>. Vyp\u00e4t\u00e9 chv\u00edle zvl\u00e1dnete jednoducho \u2013 ty\u010dinku vytiahnete, prilo\u017e\u00edte k nosu a inhalujete.<\/p>\n<h2>Jemn\u00e1 citrusov\u00e1 ar\u00f3ma na upokojenie zmyslov<\/h2>\n<p>Ty\u010dinka obsahuje <strong>esenci\u00e1lny olej z bergamotu<\/strong>, ktor\u00fd je vyh\u013ead\u00e1van\u00fd pre svoj pr\u00edjemne citrusov\u00fd profil a vyu\u017eitie v aromaterapii pri nap\u00e4t\u00ed a rozru\u0161en\u00ed. Ar\u00f3ma pom\u00e1ha <strong>uvo\u013eni\u0165 tenziu<\/strong>, upokoji\u0165 rozjitren\u00e9 zmysly a podpori\u0165 pozit\u00edvnej\u0161ie naladenie.<\/p>\n<h3>Ako ty\u010dinku pou\u017e\u00edva\u0165<\/h3>\n<ul>\n<li>Prilo\u017ete ty\u010dinku k nosu a <strong>inhalujte kedyko\u013evek pod\u013ea potreby<\/strong>.<\/li>\n<li>Vhodn\u00e1 pre dospel\u00fdch a deti od <strong>10 rokov<\/strong>.<\/li>\n<\/ul>\n<p>Ty\u010dinka obsahuje <strong>100 % pr\u00edrodn\u00e9 suroviny<\/strong>. Nen\u00e1jdete v nej synteticky upraven\u00e9 zlo\u017eky ani konzervanty. Produkt je <strong>vhodn\u00fd pre veg\u00e1nov<\/strong>, neobsahuje \u017eiadne \u017eivo\u010d\u00ed\u0161ne pr\u00edsady a je <strong>netestovan\u00fd na zvierat\u00e1ch<\/strong>.<\/p>\n<p>V\u010faka <strong>vreckov\u00e9mu form\u00e1tu<\/strong> je ty\u010dinka ide\u00e1lna do kabelky, batoha aj vrecka. Je vhodn\u00e1 pri strese v pr\u00e1ci, v \u0161kole, na cest\u00e1ch, pred vyst\u00fapen\u00edm alebo sk\u00fa\u0161kou. Aplik\u00e1cia je diskr\u00e9tna a r\u00fdchla, bez potreby \u010fal\u0161ieho vybavenia.<\/p>\n<ul>\n<li><strong>100 % pr\u00edrodn\u00e9 zlo\u017eenie<\/strong> bez syntetiky a konzervantov<\/li>\n<li>Jednoduch\u00e1 aplik\u00e1cia, zmest\u00ed sa do vrecka<\/li>\n<li>Vhodn\u00e9 pre dospel\u00fdch a deti od <strong>10 rokov<\/strong><\/li>\n<\/ul>\n<p>V\u010faka vreckovej ve\u013ekosti ju m\u00f4\u017eete ma\u0165 st\u00e1le pri sebe \u2013 sta\u010d\u00ed privo\u0148a\u0165 kedyko\u013evek pod\u013ea potreby.<\/p>\n","protected":false},"featured_media":15867,"comment_status":"open","ping_status":"closed","template":"","meta":{"_acf_changed":false},"product_brand":[],"product_cat":[187],"product_tag":[],"class_list":{"0":"post-15868","1":"product","2":"type-product","3":"status-publish","4":"has-post-thumbnail","6":"product_cat-starostlivost-o-telo","8":"first","9":"instock","10":"taxable","11":"shipping-taxable","12":"purchasable","13":"product-type-simple"},"supplier_id":null,"supplier_sku":"","barcode":null,"atum_controlled":true,"out_stock_date":null,"out_stock_threshold":null,"inheritable":false,"inbound_stock":null,"stock_on_hold":0,"sold_today":0,"sales_last_days":0,"reserved_stock":null,"customer_returns":null,"warehouse_damage":null,"lost_in_post":null,"other_logs":null,"out_stock_days":0,"lost_sales":0,"has_location":false,"update_date":"2026-04-25T03:00:32","atum_locations":[],"atum_stock_status":"instock","restock_status":false,"low_stock_amount":"","sales_update_date":"2026-04-25T03:00:32","calc_backorders":null,"acf":[],"yoast_head":"<!-- This site is optimized with the Yoast SEO plugin v27.2 - https:\/\/yoast.com\/product\/yoast-seo-wordpress\/ -->\n<title>Tilia Inhala\u010dn\u00e1 ty\u010dinka proti stresu s bergamotom \u2013 na \u00fazkos\u0165 a nervozitu - Binchio<\/title>\n<meta name=\"description\" content=\"Nobilis Tilia inhala\u010dn\u00e1 ty\u010dinka proti stresu s esenci\u00e1lnym olejom z bergamotu. Pom\u00e1ha zmierni\u0165 \u00fazkos\u0165, nervozitu, strach aj tr\u00e9mu. 100% pr\u00edrodn\u00e1 bez syntetiky a konzervantov, vhodn\u00e1 od 10 rokov.\" \/>\n<meta name=\"robots\" content=\"index, follow, max-snippet:-1, max-image-preview:large, max-video-preview:-1\" \/>\n<link rel=\"canonical\" href=\"https:\/\/binchio.com\/sk\/produkt\/tilia-inhalacna-tycinka-proti-stresu-s-bergamotom-na-uzkost-a-nervozitu\/\" \/>\n<meta property=\"og:locale\" content=\"sk_SK\" \/>\n<meta property=\"og:type\" content=\"article\" \/>\n<meta property=\"og:title\" content=\"Tilia Inhala\u010dn\u00e1 ty\u010dinka proti stresu s bergamotom \u2013 na \u00fazkos\u0165 a nervozitu - Binchio\" \/>\n<meta property=\"og:description\" content=\"Nobilis Tilia inhala\u010dn\u00e1 ty\u010dinka proti stresu s esenci\u00e1lnym olejom z bergamotu. Pom\u00e1ha zmierni\u0165 \u00fazkos\u0165, nervozitu, strach aj tr\u00e9mu. 100% pr\u00edrodn\u00e1 bez syntetiky a konzervantov, vhodn\u00e1 od 10 rokov.\" \/>\n<meta property=\"og:url\" content=\"https:\/\/binchio.com\/sk\/produkt\/tilia-inhalacna-tycinka-proti-stresu-s-bergamotom-na-uzkost-a-nervozitu\/\" \/>\n<meta property=\"og:site_name\" content=\"Binchio\" \/>\n<meta property=\"article:publisher\" content=\"https:\/\/www.facebook.com\/binchiouhli\/\" \/>\n<meta property=\"article:modified_time\" content=\"2026-02-17T22:22:12+00:00\" \/>\n<meta property=\"og:image\" content=\"https:\/\/binchio.com\/wp-content\/uploads\/2026\/02\/nobilis_tilia_inhalacni_tycinka_proti_stresu_baleni-1.webp\" \/>\n\t<meta property=\"og:image:width\" content=\"1800\" \/>\n\t<meta property=\"og:image:height\" content=\"1800\" \/>\n\t<meta property=\"og:image:type\" content=\"image\/webp\" \/>\n<meta name=\"twitter:card\" content=\"summary_large_image\" \/>\n<meta name=\"twitter:label1\" content=\"Predpokladan\u00fd \u010das \u010d\u00edtania\" \/>\n\t<meta name=\"twitter:data1\" content=\"1 min\u00fata\" \/>\n<script type=\"application\/ld+json\" class=\"yoast-schema-graph\">{\"@context\":\"https:\/\/schema.org\",\"@graph\":[{\"@type\":\"WebPage\",\"@id\":\"https:\/\/binchio.com\/sk\/produkt\/tilia-inhalacna-tycinka-proti-stresu-s-bergamotom-na-uzkost-a-nervozitu\/\",\"url\":\"https:\/\/binchio.com\/sk\/produkt\/tilia-inhalacna-tycinka-proti-stresu-s-bergamotom-na-uzkost-a-nervozitu\/\",\"name\":\"Tilia Inhala\u010dn\u00e1 ty\u010dinka proti stresu s bergamotom \u2013 na \u00fazkos\u0165 a nervozitu - Binchio\",\"isPartOf\":{\"@id\":\"https:\/\/binchio.com\/#website\"},\"primaryImageOfPage\":{\"@id\":\"https:\/\/binchio.com\/sk\/produkt\/tilia-inhalacna-tycinka-proti-stresu-s-bergamotom-na-uzkost-a-nervozitu\/#primaryimage\"},\"image\":{\"@id\":\"https:\/\/binchio.com\/sk\/produkt\/tilia-inhalacna-tycinka-proti-stresu-s-bergamotom-na-uzkost-a-nervozitu\/#primaryimage\"},\"thumbnailUrl\":\"https:\/\/binchio.com\/wp-content\/uploads\/2026\/02\/nobilis_tilia_inhalacni_tycinka_proti_stresu_baleni-1.webp\",\"datePublished\":\"2026-02-17T19:00:57+00:00\",\"dateModified\":\"2026-02-17T22:22:12+00:00\",\"description\":\"Nobilis Tilia inhala\u010dn\u00e1 ty\u010dinka proti stresu s esenci\u00e1lnym olejom z bergamotu. Pom\u00e1ha zmierni\u0165 \u00fazkos\u0165, nervozitu, strach aj tr\u00e9mu. 100% pr\u00edrodn\u00e1 bez syntetiky a konzervantov, vhodn\u00e1 od 10 rokov.\",\"breadcrumb\":{\"@id\":\"https:\/\/binchio.com\/sk\/produkt\/tilia-inhalacna-tycinka-proti-stresu-s-bergamotom-na-uzkost-a-nervozitu\/#breadcrumb\"},\"inLanguage\":\"sk-SK\",\"potentialAction\":[{\"@type\":\"ReadAction\",\"target\":[\"https:\/\/binchio.com\/sk\/produkt\/tilia-inhalacna-tycinka-proti-stresu-s-bergamotom-na-uzkost-a-nervozitu\/\"]}]},{\"@type\":\"ImageObject\",\"inLanguage\":\"sk-SK\",\"@id\":\"https:\/\/binchio.com\/sk\/produkt\/tilia-inhalacna-tycinka-proti-stresu-s-bergamotom-na-uzkost-a-nervozitu\/#primaryimage\",\"url\":\"https:\/\/binchio.com\/wp-content\/uploads\/2026\/02\/nobilis_tilia_inhalacni_tycinka_proti_stresu_baleni-1.webp\",\"contentUrl\":\"https:\/\/binchio.com\/wp-content\/uploads\/2026\/02\/nobilis_tilia_inhalacni_tycinka_proti_stresu_baleni-1.webp\",\"width\":1800,\"height\":1800,\"caption\":\"Tilia inhala\u010dn\u00ed ty\u010dinka proti stresu \u2013 balen\u00ed s ty\u010dinkou, 100% p\u0159\u00edrodn\u00ed \u00e9terick\u00e9 oleje.\"},{\"@type\":\"BreadcrumbList\",\"@id\":\"https:\/\/binchio.com\/sk\/produkt\/tilia-inhalacna-tycinka-proti-stresu-s-bergamotom-na-uzkost-a-nervozitu\/#breadcrumb\",\"itemListElement\":[{\"@type\":\"ListItem\",\"position\":1,\"name\":\"Home\",\"item\":\"https:\/\/binchio.com\/sk\/\"},{\"@type\":\"ListItem\",\"position\":2,\"name\":\"Obchod (woo &#8211; redirected)\",\"item\":\"https:\/\/binchio.com\/sk\/obchod-woo\/\"},{\"@type\":\"ListItem\",\"position\":3,\"name\":\"Tilia Inhala\u010dn\u00e1 ty\u010dinka proti stresu s bergamotom \u2013 na \u00fazkos\u0165 a nervozitu\"}]},{\"@type\":\"WebSite\",\"@id\":\"https:\/\/binchio.com\/#website\",\"url\":\"https:\/\/binchio.com\/\",\"name\":\"Binchio\",\"description\":\"100% p\u0159\u00edrodn\u00ed filtrace vody pomoc\u00ed aktivn\u00edho filtra\u010dn\u00edho uhl\u00ed binchotan\",\"publisher\":{\"@id\":\"https:\/\/binchio.com\/#organization\"},\"potentialAction\":[{\"@type\":\"SearchAction\",\"target\":{\"@type\":\"EntryPoint\",\"urlTemplate\":\"https:\/\/binchio.com\/?s={search_term_string}\"},\"query-input\":{\"@type\":\"PropertyValueSpecification\",\"valueRequired\":true,\"valueName\":\"search_term_string\"}}],\"inLanguage\":\"sk-SK\"},{\"@type\":\"Organization\",\"@id\":\"https:\/\/binchio.com\/#organization\",\"name\":\"Binchio\",\"url\":\"https:\/\/binchio.com\/\",\"logo\":{\"@type\":\"ImageObject\",\"inLanguage\":\"sk-SK\",\"@id\":\"https:\/\/binchio.com\/#\/schema\/logo\/image\/\",\"url\":\"https:\/\/binchio.com\/wp-content\/uploads\/2020\/07\/binchio-logo.svg\",\"contentUrl\":\"https:\/\/binchio.com\/wp-content\/uploads\/2020\/07\/binchio-logo.svg\",\"width\":200,\"height\":430,\"caption\":\"Binchio\"},\"image\":{\"@id\":\"https:\/\/binchio.com\/#\/schema\/logo\/image\/\"},\"sameAs\":[\"https:\/\/www.facebook.com\/binchiouhli\/\",\"https:\/\/www.instagram.com\/milan_suchy\"]}]}<\/script>\n<!-- \/ Yoast SEO plugin. -->","yoast_head_json":{"title":"Tilia Inhala\u010dn\u00e1 ty\u010dinka proti stresu s bergamotom \u2013 na \u00fazkos\u0165 a nervozitu - Binchio","description":"Nobilis Tilia inhala\u010dn\u00e1 ty\u010dinka proti stresu s esenci\u00e1lnym olejom z bergamotu. Pom\u00e1ha zmierni\u0165 \u00fazkos\u0165, nervozitu, strach aj tr\u00e9mu. 100% pr\u00edrodn\u00e1 bez syntetiky a konzervantov, vhodn\u00e1 od 10 rokov.","robots":{"index":"index","follow":"follow","max-snippet":"max-snippet:-1","max-image-preview":"max-image-preview:large","max-video-preview":"max-video-preview:-1"},"canonical":"https:\/\/binchio.com\/sk\/produkt\/tilia-inhalacna-tycinka-proti-stresu-s-bergamotom-na-uzkost-a-nervozitu\/","og_locale":"sk_SK","og_type":"article","og_title":"Tilia Inhala\u010dn\u00e1 ty\u010dinka proti stresu s bergamotom \u2013 na \u00fazkos\u0165 a nervozitu - Binchio","og_description":"Nobilis Tilia inhala\u010dn\u00e1 ty\u010dinka proti stresu s esenci\u00e1lnym olejom z bergamotu. Pom\u00e1ha zmierni\u0165 \u00fazkos\u0165, nervozitu, strach aj tr\u00e9mu. 100% pr\u00edrodn\u00e1 bez syntetiky a konzervantov, vhodn\u00e1 od 10 rokov.","og_url":"https:\/\/binchio.com\/sk\/produkt\/tilia-inhalacna-tycinka-proti-stresu-s-bergamotom-na-uzkost-a-nervozitu\/","og_site_name":"Binchio","article_publisher":"https:\/\/www.facebook.com\/binchiouhli\/","article_modified_time":"2026-02-17T22:22:12+00:00","og_image":[{"width":1800,"height":1800,"url":"https:\/\/binchio.com\/wp-content\/uploads\/2026\/02\/nobilis_tilia_inhalacni_tycinka_proti_stresu_baleni-1.webp","type":"image\/webp"}],"twitter_card":"summary_large_image","twitter_misc":{"Predpokladan\u00fd \u010das \u010d\u00edtania":"1 min\u00fata"},"schema":{"@context":"https:\/\/schema.org","@graph":[{"@type":"WebPage","@id":"https:\/\/binchio.com\/sk\/produkt\/tilia-inhalacna-tycinka-proti-stresu-s-bergamotom-na-uzkost-a-nervozitu\/","url":"https:\/\/binchio.com\/sk\/produkt\/tilia-inhalacna-tycinka-proti-stresu-s-bergamotom-na-uzkost-a-nervozitu\/","name":"Tilia Inhala\u010dn\u00e1 ty\u010dinka proti stresu s bergamotom \u2013 na \u00fazkos\u0165 a nervozitu - Binchio","isPartOf":{"@id":"https:\/\/binchio.com\/#website"},"primaryImageOfPage":{"@id":"https:\/\/binchio.com\/sk\/produkt\/tilia-inhalacna-tycinka-proti-stresu-s-bergamotom-na-uzkost-a-nervozitu\/#primaryimage"},"image":{"@id":"https:\/\/binchio.com\/sk\/produkt\/tilia-inhalacna-tycinka-proti-stresu-s-bergamotom-na-uzkost-a-nervozitu\/#primaryimage"},"thumbnailUrl":"https:\/\/binchio.com\/wp-content\/uploads\/2026\/02\/nobilis_tilia_inhalacni_tycinka_proti_stresu_baleni-1.webp","datePublished":"2026-02-17T19:00:57+00:00","dateModified":"2026-02-17T22:22:12+00:00","description":"Nobilis Tilia inhala\u010dn\u00e1 ty\u010dinka proti stresu s esenci\u00e1lnym olejom z bergamotu. Pom\u00e1ha zmierni\u0165 \u00fazkos\u0165, nervozitu, strach aj tr\u00e9mu. 100% pr\u00edrodn\u00e1 bez syntetiky a konzervantov, vhodn\u00e1 od 10 rokov.","breadcrumb":{"@id":"https:\/\/binchio.com\/sk\/produkt\/tilia-inhalacna-tycinka-proti-stresu-s-bergamotom-na-uzkost-a-nervozitu\/#breadcrumb"},"inLanguage":"sk-SK","potentialAction":[{"@type":"ReadAction","target":["https:\/\/binchio.com\/sk\/produkt\/tilia-inhalacna-tycinka-proti-stresu-s-bergamotom-na-uzkost-a-nervozitu\/"]}]},{"@type":"ImageObject","inLanguage":"sk-SK","@id":"https:\/\/binchio.com\/sk\/produkt\/tilia-inhalacna-tycinka-proti-stresu-s-bergamotom-na-uzkost-a-nervozitu\/#primaryimage","url":"https:\/\/binchio.com\/wp-content\/uploads\/2026\/02\/nobilis_tilia_inhalacni_tycinka_proti_stresu_baleni-1.webp","contentUrl":"https:\/\/binchio.com\/wp-content\/uploads\/2026\/02\/nobilis_tilia_inhalacni_tycinka_proti_stresu_baleni-1.webp","width":1800,"height":1800,"caption":"Tilia inhala\u010dn\u00ed ty\u010dinka proti stresu \u2013 balen\u00ed s ty\u010dinkou, 100% p\u0159\u00edrodn\u00ed \u00e9terick\u00e9 oleje."},{"@type":"BreadcrumbList","@id":"https:\/\/binchio.com\/sk\/produkt\/tilia-inhalacna-tycinka-proti-stresu-s-bergamotom-na-uzkost-a-nervozitu\/#breadcrumb","itemListElement":[{"@type":"ListItem","position":1,"name":"Home","item":"https:\/\/binchio.com\/sk\/"},{"@type":"ListItem","position":2,"name":"Obchod (woo &#8211; redirected)","item":"https:\/\/binchio.com\/sk\/obchod-woo\/"},{"@type":"ListItem","position":3,"name":"Tilia Inhala\u010dn\u00e1 ty\u010dinka proti stresu s bergamotom \u2013 na \u00fazkos\u0165 a nervozitu"}]},{"@type":"WebSite","@id":"https:\/\/binchio.com\/#website","url":"https:\/\/binchio.com\/","name":"Binchio","description":"100% p\u0159\u00edrodn\u00ed filtrace vody pomoc\u00ed aktivn\u00edho filtra\u010dn\u00edho uhl\u00ed binchotan","publisher":{"@id":"https:\/\/binchio.com\/#organization"},"potentialAction":[{"@type":"SearchAction","target":{"@type":"EntryPoint","urlTemplate":"https:\/\/binchio.com\/?s={search_term_string}"},"query-input":{"@type":"PropertyValueSpecification","valueRequired":true,"valueName":"search_term_string"}}],"inLanguage":"sk-SK"},{"@type":"Organization","@id":"https:\/\/binchio.com\/#organization","name":"Binchio","url":"https:\/\/binchio.com\/","logo":{"@type":"ImageObject","inLanguage":"sk-SK","@id":"https:\/\/binchio.com\/#\/schema\/logo\/image\/","url":"https:\/\/binchio.com\/wp-content\/uploads\/2020\/07\/binchio-logo.svg","contentUrl":"https:\/\/binchio.com\/wp-content\/uploads\/2020\/07\/binchio-logo.svg","width":200,"height":430,"caption":"Binchio"},"image":{"@id":"https:\/\/binchio.com\/#\/schema\/logo\/image\/"},"sameAs":["https:\/\/www.facebook.com\/binchiouhli\/","https:\/\/www.instagram.com\/milan_suchy"]}]}},"_links":{"self":[{"href":"https:\/\/binchio.com\/sk\/wp-json\/wp\/v2\/product\/15868","targetHints":{"allow":["GET"]}}],"collection":[{"href":"https:\/\/binchio.com\/sk\/wp-json\/wp\/v2\/product"}],"about":[{"href":"https:\/\/binchio.com\/sk\/wp-json\/wp\/v2\/types\/product"}],"replies":[{"embeddable":true,"href":"https:\/\/binchio.com\/sk\/wp-json\/wp\/v2\/comments?post=15868"}],"wp:featuredmedia":[{"embeddable":true,"href":"https:\/\/binchio.com\/sk\/wp-json\/wp\/v2\/media\/15867"}],"wp:attachment":[{"href":"https:\/\/binchio.com\/sk\/wp-json\/wp\/v2\/media?parent=15868"}],"wp:term":[{"taxonomy":"product_brand","embeddable":true,"href":"https:\/\/binchio.com\/sk\/wp-json\/wp\/v2\/product_brand?post=15868"},{"taxonomy":"product_cat","embeddable":true,"href":"https:\/\/binchio.com\/sk\/wp-json\/wp\/v2\/product_cat?post=15868"},{"taxonomy":"product_tag","embeddable":true,"href":"https:\/\/binchio.com\/sk\/wp-json\/wp\/v2\/product_tag?post=15868"}],"curies":[{"name":"wp","href":"https:\/\/api.w.org\/{rel}","templated":true}]}}