{"id":15374,"date":"2025-09-22T13:57:43","date_gmt":"2025-09-22T11:57:43","guid":{"rendered":"https:\/\/binchio.websy.sk\/?post_type=product&#038;p=15374"},"modified":"2026-01-08T09:03:03","modified_gmt":"2026-01-08T08:03:03","slug":"relaxacny-cerveny-rooibos-s-levandulou-jablkom-a-pomarancom","status":"publish","type":"product","link":"https:\/\/binchio.com\/sk\/produkt\/relaxacny-cerveny-rooibos-s-levandulou-jablkom-a-pomarancom\/","title":{"rendered":"Relaxa\u010dn\u00fd \u010cerven\u00fd Rooibos s levandu\u013eou, jablkom a pomaran\u010dom"},"content":{"rendered":"<p><strong>Relaxa\u010dn\u00fd \u010cerven\u00fd Rooibos<\/strong> je perfektnou kombin\u00e1ciou upokojuj\u00faceho rooibosu a aromatickej levandule, jablka a pomaran\u010da. T\u00e1to <strong>hrejiv\u00e1 zmes<\/strong> v\u00e1m pom\u00f4\u017ee spomali\u0165, uvo\u013eni\u0165 sa a nabra\u0165 nov\u00fa energiu.<\/p>\n<p>&nbsp;<\/p>\n<p>Rooibos je zn\u00e1my svojimi <strong>protiz\u00e1palov\u00fdmi<\/strong>, <strong>antioxida\u010dn\u00fdmi<\/strong> a <strong>relaxa\u010dn\u00fdmi vlastnos\u0165ami<\/strong>. Pom\u00e1ha pri podr\u00e1\u017eden\u00ed a alergi\u00e1ch, podporuje zdravie poko\u017eky a m\u00f4\u017ee by\u0165 n\u00e1pomocn\u00fd aj pri <strong>ekz\u00e9moch, bronchit\u00edde a astme<\/strong>.<\/p>\n<ul>\n<li><\/li>\n<\/ul>\n","protected":false},"excerpt":{"rendered":"<p><strong>Relaxa\u010dn\u00fd \u010cerven\u00fd Rooibos<\/strong> \u2013 jedine\u010dn\u00e1 kombin\u00e1cia <strong>rooibosu<\/strong> s levandu\u013eou, jablkom a pomaran\u010dom, ktor\u00e1 v\u00e1m pom\u00f4\u017ee uvo\u013eni\u0165 telo aj myse\u013e. <strong>Rooibos poch\u00e1dza<\/strong> z juhoafrick\u00e9ho kra Aspalathus linearis a je zn\u00e1my pre svoje <strong>antioxida\u010dn\u00e9 \u00fa\u010dinky<\/strong> a prirodzene <strong>bez kofe\u00ednu<\/strong>. V\u010faka tomu je vhodn\u00fd aj <strong>na ve\u010dern\u00e9 pop\u00edjanie a relax\u00e1ciu<\/strong> po n\u00e1ro\u010dnom dni.<\/p>\n<p><strong>\u010cajov\u00ed majstri<\/strong> do zmesi prid\u00e1vaj\u00fa len to\u013eko jab\u013ak, aby doplnili zemit\u00e9 t\u00f3ny rooibosu. V\u00fdsledkom je <strong>lahodn\u00e1 \u0161\u00e1lka<\/strong> s jemnou ovocnou v\u00f4\u0148ou, ktor\u00e1 pote\u0161\u00ed va\u0161e zmysly.<\/p>\n<h3>Pr\u00edprava Rooibosu<\/h3>\n<ul>\n<li><strong>2\u20133 gramy<\/strong> \u010daju na <strong>200 ml<\/strong> vody pri <strong>95 \u00b0C.<\/strong><\/li>\n<li>Doba l\u00fahovania: <strong>4\u20135 min\u00fat.<\/strong><\/li>\n<\/ul>\n<h3>Parametre<\/h3>\n<ul>\n<li><strong>V\u00e1ha:<\/strong> 60 g<\/li>\n<li><strong>Zlo\u017eenie:<\/strong> Rooibos (81 %), jablko (cca 97,5 %), so\u013e, kyselina citr\u00f3nov\u00e1 E330, m\u00f4\u017ee obsahova\u0165 kyselinu askorbov\u00fa E300, valeri\u00e1na lek\u00e1rska, pomaran\u010dov\u00fd kvet, levandu\u013ea, slez, nev\u00e4dza modr\u00e1, svetlica farbiarska, ar\u00f3ma<\/li>\n<li><strong>V\u00fdrobca:<\/strong> AWM, Ltd, S3 8AL, UK<\/li>\n<\/ul>\n","protected":false},"featured_media":15371,"comment_status":"open","ping_status":"closed","template":"","meta":{"_acf_changed":false},"product_brand":[],"product_cat":[349,225],"product_tag":[],"class_list":{"0":"post-15374","1":"product","2":"type-product","3":"status-publish","4":"has-post-thumbnail","6":"product_cat-napoje-sk","7":"product_cat-relax-sk-zero-waste-life-sk","9":"first","10":"instock","11":"featured","12":"taxable","13":"shipping-taxable","14":"purchasable","15":"product-type-simple"},"supplier_id":null,"supplier_sku":"","barcode":null,"atum_controlled":true,"out_stock_date":null,"out_stock_threshold":null,"inheritable":false,"inbound_stock":null,"stock_on_hold":0,"sold_today":0,"sales_last_days":0,"reserved_stock":null,"customer_returns":null,"warehouse_damage":null,"lost_in_post":null,"other_logs":null,"out_stock_days":0,"lost_sales":0,"has_location":false,"update_date":"2026-04-25T03:00:16","atum_locations":[],"atum_stock_status":"instock","restock_status":false,"low_stock_amount":"","sales_update_date":"2026-04-25T03:00:16","calc_backorders":null,"acf":[],"yoast_head":"<!-- This site is optimized with the Yoast SEO plugin v27.2 - https:\/\/yoast.com\/product\/yoast-seo-wordpress\/ -->\n<title>Relaxa\u010dn\u00fd \u010cerven\u00fd Rooibos s levandu\u013eou, jablkom a pomaran\u010dom - Binchio<\/title>\n<meta name=\"description\" content=\"Relaxa\u010dn\u00fd \u010cerven\u00fd Rooibos s levandu\u013eou, jablkom a pomaran\u010dom. Bez kofe\u00ednu, bohat\u00fd na antioxidanty a vhodn\u00fd na relax\u00e1ciu aj ve\u010dern\u00e9 pitie.\" \/>\n<meta name=\"robots\" content=\"index, follow, max-snippet:-1, max-image-preview:large, max-video-preview:-1\" \/>\n<link rel=\"canonical\" href=\"https:\/\/binchio.com\/sk\/produkt\/relaxacny-cerveny-rooibos-s-levandulou-jablkom-a-pomarancom\/\" \/>\n<meta property=\"og:locale\" content=\"sk_SK\" \/>\n<meta property=\"og:type\" content=\"article\" \/>\n<meta property=\"og:title\" content=\"Relaxa\u010dn\u00fd \u010cerven\u00fd Rooibos s levandu\u013eou, jablkom a pomaran\u010dom - Binchio\" \/>\n<meta property=\"og:description\" content=\"Relaxa\u010dn\u00fd \u010cerven\u00fd Rooibos s levandu\u013eou, jablkom a pomaran\u010dom. Bez kofe\u00ednu, bohat\u00fd na antioxidanty a vhodn\u00fd na relax\u00e1ciu aj ve\u010dern\u00e9 pitie.\" \/>\n<meta property=\"og:url\" content=\"https:\/\/binchio.com\/sk\/produkt\/relaxacny-cerveny-rooibos-s-levandulou-jablkom-a-pomarancom\/\" \/>\n<meta property=\"og:site_name\" content=\"Binchio\" \/>\n<meta property=\"article:publisher\" content=\"https:\/\/www.facebook.com\/binchiouhli\/\" \/>\n<meta property=\"article:modified_time\" content=\"2026-01-08T08:03:03+00:00\" \/>\n<meta property=\"og:image\" content=\"https:\/\/binchio.com\/wp-content\/uploads\/2025\/09\/relaxacni-rooibos-caj-red-bush-relax-artisan-tea-awm.webp\" \/>\n\t<meta property=\"og:image:width\" content=\"800\" \/>\n\t<meta property=\"og:image:height\" content=\"800\" \/>\n\t<meta property=\"og:image:type\" content=\"image\/webp\" \/>\n<meta name=\"twitter:card\" content=\"summary_large_image\" \/>\n<meta name=\"twitter:label1\" content=\"Predpokladan\u00fd \u010das \u010d\u00edtania\" \/>\n\t<meta name=\"twitter:data1\" content=\"1 min\u00fata\" \/>\n<script type=\"application\/ld+json\" class=\"yoast-schema-graph\">{\"@context\":\"https:\/\/schema.org\",\"@graph\":[{\"@type\":\"WebPage\",\"@id\":\"https:\/\/binchio.com\/sk\/produkt\/relaxacny-cerveny-rooibos-s-levandulou-jablkom-a-pomarancom\/\",\"url\":\"https:\/\/binchio.com\/sk\/produkt\/relaxacny-cerveny-rooibos-s-levandulou-jablkom-a-pomarancom\/\",\"name\":\"Relaxa\u010dn\u00fd \u010cerven\u00fd Rooibos s levandu\u013eou, jablkom a pomaran\u010dom - Binchio\",\"isPartOf\":{\"@id\":\"https:\/\/binchio.com\/#website\"},\"primaryImageOfPage\":{\"@id\":\"https:\/\/binchio.com\/sk\/produkt\/relaxacny-cerveny-rooibos-s-levandulou-jablkom-a-pomarancom\/#primaryimage\"},\"image\":{\"@id\":\"https:\/\/binchio.com\/sk\/produkt\/relaxacny-cerveny-rooibos-s-levandulou-jablkom-a-pomarancom\/#primaryimage\"},\"thumbnailUrl\":\"https:\/\/binchio.com\/wp-content\/uploads\/2025\/09\/relaxacni-rooibos-caj-red-bush-relax-artisan-tea-awm.webp\",\"datePublished\":\"2025-09-22T11:57:43+00:00\",\"dateModified\":\"2026-01-08T08:03:03+00:00\",\"description\":\"Relaxa\u010dn\u00fd \u010cerven\u00fd Rooibos s levandu\u013eou, jablkom a pomaran\u010dom. Bez kofe\u00ednu, bohat\u00fd na antioxidanty a vhodn\u00fd na relax\u00e1ciu aj ve\u010dern\u00e9 pitie.\",\"breadcrumb\":{\"@id\":\"https:\/\/binchio.com\/sk\/produkt\/relaxacny-cerveny-rooibos-s-levandulou-jablkom-a-pomarancom\/#breadcrumb\"},\"inLanguage\":\"sk-SK\",\"potentialAction\":[{\"@type\":\"ReadAction\",\"target\":[\"https:\/\/binchio.com\/sk\/produkt\/relaxacny-cerveny-rooibos-s-levandulou-jablkom-a-pomarancom\/\"]}]},{\"@type\":\"ImageObject\",\"inLanguage\":\"sk-SK\",\"@id\":\"https:\/\/binchio.com\/sk\/produkt\/relaxacny-cerveny-rooibos-s-levandulou-jablkom-a-pomarancom\/#primaryimage\",\"url\":\"https:\/\/binchio.com\/wp-content\/uploads\/2025\/09\/relaxacni-rooibos-caj-red-bush-relax-artisan-tea-awm.webp\",\"contentUrl\":\"https:\/\/binchio.com\/wp-content\/uploads\/2025\/09\/relaxacni-rooibos-caj-red-bush-relax-artisan-tea-awm.webp\",\"width\":800,\"height\":800},{\"@type\":\"BreadcrumbList\",\"@id\":\"https:\/\/binchio.com\/sk\/produkt\/relaxacny-cerveny-rooibos-s-levandulou-jablkom-a-pomarancom\/#breadcrumb\",\"itemListElement\":[{\"@type\":\"ListItem\",\"position\":1,\"name\":\"Home\",\"item\":\"https:\/\/binchio.com\/sk\/\"},{\"@type\":\"ListItem\",\"position\":2,\"name\":\"Obchod (woo &#8211; redirected)\",\"item\":\"https:\/\/binchio.com\/sk\/obchod-woo\/\"},{\"@type\":\"ListItem\",\"position\":3,\"name\":\"Relaxa\u010dn\u00fd \u010cerven\u00fd Rooibos s levandu\u013eou, jablkom a pomaran\u010dom\"}]},{\"@type\":\"WebSite\",\"@id\":\"https:\/\/binchio.com\/#website\",\"url\":\"https:\/\/binchio.com\/\",\"name\":\"Binchio\",\"description\":\"100% p\u0159\u00edrodn\u00ed filtrace vody pomoc\u00ed aktivn\u00edho filtra\u010dn\u00edho uhl\u00ed binchotan\",\"publisher\":{\"@id\":\"https:\/\/binchio.com\/#organization\"},\"potentialAction\":[{\"@type\":\"SearchAction\",\"target\":{\"@type\":\"EntryPoint\",\"urlTemplate\":\"https:\/\/binchio.com\/?s={search_term_string}\"},\"query-input\":{\"@type\":\"PropertyValueSpecification\",\"valueRequired\":true,\"valueName\":\"search_term_string\"}}],\"inLanguage\":\"sk-SK\"},{\"@type\":\"Organization\",\"@id\":\"https:\/\/binchio.com\/#organization\",\"name\":\"Binchio\",\"url\":\"https:\/\/binchio.com\/\",\"logo\":{\"@type\":\"ImageObject\",\"inLanguage\":\"sk-SK\",\"@id\":\"https:\/\/binchio.com\/#\/schema\/logo\/image\/\",\"url\":\"https:\/\/binchio.com\/wp-content\/uploads\/2020\/07\/binchio-logo.svg\",\"contentUrl\":\"https:\/\/binchio.com\/wp-content\/uploads\/2020\/07\/binchio-logo.svg\",\"width\":200,\"height\":430,\"caption\":\"Binchio\"},\"image\":{\"@id\":\"https:\/\/binchio.com\/#\/schema\/logo\/image\/\"},\"sameAs\":[\"https:\/\/www.facebook.com\/binchiouhli\/\",\"https:\/\/www.instagram.com\/milan_suchy\"]}]}<\/script>\n<!-- \/ Yoast SEO plugin. -->","yoast_head_json":{"title":"Relaxa\u010dn\u00fd \u010cerven\u00fd Rooibos s levandu\u013eou, jablkom a pomaran\u010dom - Binchio","description":"Relaxa\u010dn\u00fd \u010cerven\u00fd Rooibos s levandu\u013eou, jablkom a pomaran\u010dom. Bez kofe\u00ednu, bohat\u00fd na antioxidanty a vhodn\u00fd na relax\u00e1ciu aj ve\u010dern\u00e9 pitie.","robots":{"index":"index","follow":"follow","max-snippet":"max-snippet:-1","max-image-preview":"max-image-preview:large","max-video-preview":"max-video-preview:-1"},"canonical":"https:\/\/binchio.com\/sk\/produkt\/relaxacny-cerveny-rooibos-s-levandulou-jablkom-a-pomarancom\/","og_locale":"sk_SK","og_type":"article","og_title":"Relaxa\u010dn\u00fd \u010cerven\u00fd Rooibos s levandu\u013eou, jablkom a pomaran\u010dom - Binchio","og_description":"Relaxa\u010dn\u00fd \u010cerven\u00fd Rooibos s levandu\u013eou, jablkom a pomaran\u010dom. Bez kofe\u00ednu, bohat\u00fd na antioxidanty a vhodn\u00fd na relax\u00e1ciu aj ve\u010dern\u00e9 pitie.","og_url":"https:\/\/binchio.com\/sk\/produkt\/relaxacny-cerveny-rooibos-s-levandulou-jablkom-a-pomarancom\/","og_site_name":"Binchio","article_publisher":"https:\/\/www.facebook.com\/binchiouhli\/","article_modified_time":"2026-01-08T08:03:03+00:00","og_image":[{"width":800,"height":800,"url":"https:\/\/binchio.com\/wp-content\/uploads\/2025\/09\/relaxacni-rooibos-caj-red-bush-relax-artisan-tea-awm.webp","type":"image\/webp"}],"twitter_card":"summary_large_image","twitter_misc":{"Predpokladan\u00fd \u010das \u010d\u00edtania":"1 min\u00fata"},"schema":{"@context":"https:\/\/schema.org","@graph":[{"@type":"WebPage","@id":"https:\/\/binchio.com\/sk\/produkt\/relaxacny-cerveny-rooibos-s-levandulou-jablkom-a-pomarancom\/","url":"https:\/\/binchio.com\/sk\/produkt\/relaxacny-cerveny-rooibos-s-levandulou-jablkom-a-pomarancom\/","name":"Relaxa\u010dn\u00fd \u010cerven\u00fd Rooibos s levandu\u013eou, jablkom a pomaran\u010dom - Binchio","isPartOf":{"@id":"https:\/\/binchio.com\/#website"},"primaryImageOfPage":{"@id":"https:\/\/binchio.com\/sk\/produkt\/relaxacny-cerveny-rooibos-s-levandulou-jablkom-a-pomarancom\/#primaryimage"},"image":{"@id":"https:\/\/binchio.com\/sk\/produkt\/relaxacny-cerveny-rooibos-s-levandulou-jablkom-a-pomarancom\/#primaryimage"},"thumbnailUrl":"https:\/\/binchio.com\/wp-content\/uploads\/2025\/09\/relaxacni-rooibos-caj-red-bush-relax-artisan-tea-awm.webp","datePublished":"2025-09-22T11:57:43+00:00","dateModified":"2026-01-08T08:03:03+00:00","description":"Relaxa\u010dn\u00fd \u010cerven\u00fd Rooibos s levandu\u013eou, jablkom a pomaran\u010dom. Bez kofe\u00ednu, bohat\u00fd na antioxidanty a vhodn\u00fd na relax\u00e1ciu aj ve\u010dern\u00e9 pitie.","breadcrumb":{"@id":"https:\/\/binchio.com\/sk\/produkt\/relaxacny-cerveny-rooibos-s-levandulou-jablkom-a-pomarancom\/#breadcrumb"},"inLanguage":"sk-SK","potentialAction":[{"@type":"ReadAction","target":["https:\/\/binchio.com\/sk\/produkt\/relaxacny-cerveny-rooibos-s-levandulou-jablkom-a-pomarancom\/"]}]},{"@type":"ImageObject","inLanguage":"sk-SK","@id":"https:\/\/binchio.com\/sk\/produkt\/relaxacny-cerveny-rooibos-s-levandulou-jablkom-a-pomarancom\/#primaryimage","url":"https:\/\/binchio.com\/wp-content\/uploads\/2025\/09\/relaxacni-rooibos-caj-red-bush-relax-artisan-tea-awm.webp","contentUrl":"https:\/\/binchio.com\/wp-content\/uploads\/2025\/09\/relaxacni-rooibos-caj-red-bush-relax-artisan-tea-awm.webp","width":800,"height":800},{"@type":"BreadcrumbList","@id":"https:\/\/binchio.com\/sk\/produkt\/relaxacny-cerveny-rooibos-s-levandulou-jablkom-a-pomarancom\/#breadcrumb","itemListElement":[{"@type":"ListItem","position":1,"name":"Home","item":"https:\/\/binchio.com\/sk\/"},{"@type":"ListItem","position":2,"name":"Obchod (woo &#8211; redirected)","item":"https:\/\/binchio.com\/sk\/obchod-woo\/"},{"@type":"ListItem","position":3,"name":"Relaxa\u010dn\u00fd \u010cerven\u00fd Rooibos s levandu\u013eou, jablkom a pomaran\u010dom"}]},{"@type":"WebSite","@id":"https:\/\/binchio.com\/#website","url":"https:\/\/binchio.com\/","name":"Binchio","description":"100% p\u0159\u00edrodn\u00ed filtrace vody pomoc\u00ed aktivn\u00edho filtra\u010dn\u00edho uhl\u00ed binchotan","publisher":{"@id":"https:\/\/binchio.com\/#organization"},"potentialAction":[{"@type":"SearchAction","target":{"@type":"EntryPoint","urlTemplate":"https:\/\/binchio.com\/?s={search_term_string}"},"query-input":{"@type":"PropertyValueSpecification","valueRequired":true,"valueName":"search_term_string"}}],"inLanguage":"sk-SK"},{"@type":"Organization","@id":"https:\/\/binchio.com\/#organization","name":"Binchio","url":"https:\/\/binchio.com\/","logo":{"@type":"ImageObject","inLanguage":"sk-SK","@id":"https:\/\/binchio.com\/#\/schema\/logo\/image\/","url":"https:\/\/binchio.com\/wp-content\/uploads\/2020\/07\/binchio-logo.svg","contentUrl":"https:\/\/binchio.com\/wp-content\/uploads\/2020\/07\/binchio-logo.svg","width":200,"height":430,"caption":"Binchio"},"image":{"@id":"https:\/\/binchio.com\/#\/schema\/logo\/image\/"},"sameAs":["https:\/\/www.facebook.com\/binchiouhli\/","https:\/\/www.instagram.com\/milan_suchy"]}]}},"_links":{"self":[{"href":"https:\/\/binchio.com\/sk\/wp-json\/wp\/v2\/product\/15374","targetHints":{"allow":["GET"]}}],"collection":[{"href":"https:\/\/binchio.com\/sk\/wp-json\/wp\/v2\/product"}],"about":[{"href":"https:\/\/binchio.com\/sk\/wp-json\/wp\/v2\/types\/product"}],"replies":[{"embeddable":true,"href":"https:\/\/binchio.com\/sk\/wp-json\/wp\/v2\/comments?post=15374"}],"wp:featuredmedia":[{"embeddable":true,"href":"https:\/\/binchio.com\/sk\/wp-json\/wp\/v2\/media\/15371"}],"wp:attachment":[{"href":"https:\/\/binchio.com\/sk\/wp-json\/wp\/v2\/media?parent=15374"}],"wp:term":[{"taxonomy":"product_brand","embeddable":true,"href":"https:\/\/binchio.com\/sk\/wp-json\/wp\/v2\/product_brand?post=15374"},{"taxonomy":"product_cat","embeddable":true,"href":"https:\/\/binchio.com\/sk\/wp-json\/wp\/v2\/product_cat?post=15374"},{"taxonomy":"product_tag","embeddable":true,"href":"https:\/\/binchio.com\/sk\/wp-json\/wp\/v2\/product_tag?post=15374"}],"curies":[{"name":"wp","href":"https:\/\/api.w.org\/{rel}","templated":true}]}}