{"id":14888,"date":"2025-05-11T20:22:01","date_gmt":"2025-05-11T18:22:01","guid":{"rendered":"https:\/\/binchio.websy.sk\/?post_type=product&#038;p=14888"},"modified":"2025-05-11T20:22:56","modified_gmt":"2025-05-11T18:22:56","slug":"houbarium-sadba-hlivy-ustricne-domaci-pestovani-hub-z-kavove-sedliny","status":"publish","type":"product","link":"https:\/\/binchio.com\/sk\/produkt\/houbarium-sadba-hlivy-ustricne-domaci-pestovani-hub-z-kavove-sedliny\/","title":{"rendered":"Houb\u00e1rium + sadba hl\u00edvy \u00fast\u0159i\u010dn\u00e9 \u2013 dom\u00e1c\u00ed p\u011bstov\u00e1n\u00ed hub z k\u00e1vov\u00e9 sedliny"},"content":{"rendered":"<p><strong>Hub\u00e1rium<\/strong> je jedine\u010dn\u00e1 pestovate\u013esk\u00e1 sada, ktor\u00e1 ti umo\u017en\u00ed premeni\u0165 be\u017en\u00fd kuchynsk\u00fd odpad \u2013 pou\u017eit\u00fa <strong>k\u00e1vov\u00fa usadeninu<\/strong> \u2013 na <strong>v\u00fd\u017eivn\u00fa a chutn\u00fa hlivu ustricov\u00fa<\/strong> priamo u teba doma. Cel\u00fd proces je <strong>jednoduch\u00fd, ekologick\u00fd<\/strong> a zvl\u00e1dne ho aj \u00fapln\u00fd <strong>za\u010diato\u010dn\u00edk<\/strong>. S\u00fa\u010das\u0165ou balenia je: <strong>\u010derstv\u00e1 sadba hlivy ustricovej<\/strong> v recyklovanej n\u00e1dobe, podrobn\u00fd n\u00e1vod a praktick\u00e9 rady na \u00faspe\u0161n\u00e9 pestovanie. <strong>Hub\u00e1rium<\/strong> je ide\u00e1lne pre v\u0161etk\u00fdch, ktor\u00ed chc\u00fa <strong>\u017ei\u0165 udr\u017eate\u013ene<\/strong>, <strong>zni\u017eova\u0165 mno\u017estvo odpadu<\/strong> a ma\u0165 poruke <strong>zdrav\u00fa superpotravinu<\/strong>.<\/p>\n<p><strong>Hliva ustricov\u00e1 (Pleurotus ostreatus)<\/strong> je huba bohat\u00e1 na:<\/p>\n<ul>\n<li>betagluk\u00e1ny,<\/li>\n<li>vl\u00e1kninu,<\/li>\n<li>vitam\u00edny skupiny B,<\/li>\n<li>drasl\u00edk,<\/li>\n<li>\u017eelezo,<\/li>\n<li>antioxidanty.<\/li>\n<\/ul>\n<p>V tradi\u010dnej aj modernej v\u00fd\u017eive je <strong>hliva ustricov\u00e1<\/strong> cenen\u00e1 pre svoje <strong>pozit\u00edvne \u00fa\u010dinky<\/strong> na <strong>imunitu<\/strong>, <strong>tr\u00e1venie<\/strong> a <strong>hladinu cholesterolu<\/strong>. M\u00e1 <strong>n\u00edzku kalorick\u00fa hodnotu<\/strong>, je prirodzene <strong>bezlepkov\u00e1<\/strong> a <strong>vhodn\u00e1 pre vegetari\u00e1nov aj veg\u00e1nov<\/strong>. <strong>Pravideln\u00e1 konzum\u00e1cia<\/strong> hlivy ustricovej m\u00f4\u017ee prispie\u0165 k <strong>lep\u0161iemu zdraviu<\/strong>, <strong>vitalite<\/strong> aj <strong>prevencii civiliza\u010dn\u00fdch ochoren\u00ed<\/strong>.<\/p>\n<p><strong>Dom\u00e1ce pestovanie<\/strong> je nielen praktick\u00e9, ale aj <strong>z\u00e1bavn\u00e9<\/strong> \u2013 zapoji\u0165 m\u00f4\u017ee\u0161 <strong>deti aj cel\u00fa rodinu<\/strong>. <strong>Hub\u00e1rium<\/strong> navy\u0161e <strong>skvele vyzer\u00e1<\/strong> a v\u010faka <strong>modern\u00e9mu dizajnu<\/strong> sa hod\u00ed do ka\u017edej dom\u00e1cnosti. Okrem v\u00fd\u017eivovej hodnoty tak z\u00edska\u0161 aj nov\u00fd <strong>ka\u017edodenn\u00fd ritu\u00e1l<\/strong>, ktor\u00fd <strong>spoma\u013euje tempo<\/strong> a pribli\u017euje \u0165a <strong>pr\u00edrode<\/strong>. Z\u00edska\u0161 tak nielen <strong>vlastn\u00fa \u00farodu<\/strong>, ale aj <strong>dobr\u00fd pocit<\/strong> z toho, \u017ee vyu\u017e\u00edva\u0161 suroviny naplno a vytv\u00e1ra\u0161 <strong>minimum odpadu<\/strong>.<\/p>\n","protected":false},"excerpt":{"rendered":"<p><!-- SEO n\u00e1zov produktu --><\/p>\n<p><strong>Hub\u00e1rium<\/strong> je \u0161ikovn\u00e1 a \u0161t\u00fdlov\u00e1 pestovate\u013esk\u00e1 sada na <strong>dom\u00e1ce pestovanie hlivy ustricovej<\/strong>, ktor\u00e1 ti umo\u017en\u00ed premeni\u0165 be\u017en\u00fa <strong>k\u00e1vov\u00fa usadeninu<\/strong> na \u010derstv\u00e9 a chutn\u00e9 huby \u2013 priamo u teba doma. Sada je ide\u00e1lna pre za\u010diato\u010dn\u00edkov, ekologick\u00fdch nad\u0161encov aj milovn\u00edkov \u010derstv\u00fdch h\u00fab.<\/p>\n<p><!-- \u010co sada obsahuje --><\/p>\n<h3>\u010co v Hub\u00e1riu n\u00e1jde\u0161?<\/h3>\n<ul>\n<li><strong>Sadbu<\/strong> hlivy ustricovej v recyklovanej n\u00e1dobe.<\/li>\n<li>Podrobn\u00fd <strong>n\u00e1vod<\/strong> na pestovanie.<\/li>\n<li><strong>Praktick\u00e9 tipy<\/strong> na maxim\u00e1lny v\u00fdnos.<\/li>\n<\/ul>\n<p>Ni\u010d viac nepotrebuje\u0161 \u2013 sta\u010d\u00ed len <strong>Hub\u00e1rium a pou\u017eit\u00e1 k\u00e1vov\u00e1 usadenina<\/strong> z kaps\u00fal, k\u00e1vovaru alebo \u0161\u00e1lky. V\u0161etko ostatn\u00e9 zariadi pr\u00edroda a tvoje nad\u0161enie!<\/p>\n<p><!-- Ako to funguje --><\/p>\n<h3>Ako funguje pestovanie hlivy z k\u00e1vovej usadeniny?<\/h3>\n<p><strong>Sta\u010d\u00ed nieko\u013eko jednoduch\u00fdch krokov:<\/strong> zmie\u0161aj k\u00e1vov\u00fa usadeninu so sadbou, udr\u017eiavaj vlhkos\u0165 a sleduj, ako sa za\u010d\u00ednaj\u00fa objavova\u0165 prv\u00e9 plodnice. Hlivu ustricov\u00fa m\u00f4\u017ee\u0161 zbiera\u0165 u\u017e po\u010das nieko\u013ek\u00fdch t\u00fd\u017ed\u0148ov.<\/p>\n<p><strong>Ak neza\u010dne\u0161 hne\u010f,<\/strong> ulo\u017e sadbu do chladni\u010dky a spotrebuj ju najnesk\u00f4r do 3 mesiacov od d\u00e1tumu uveden\u00e9ho na obale.<\/p>\n<p><!-- Pre\u010do pestova\u0165 hlivu doma? --><\/p>\n<h3>Pre\u010do pestova\u0165 hlivu ustricov\u00fa doma?<\/h3>\n<p><strong>Hliva ustricov\u00e1<\/strong> (<em>Pleurotus ostreatus<\/em>) je ob\u013e\u00faben\u00e1 drevokazn\u00e1 huba zn\u00e1ma nielen svojou chu\u0165ou, ale aj <strong>pozit\u00edvnymi \u00fa\u010dinkami na imunitu<\/strong>. Obsahuje <strong>betagluk\u00e1ny<\/strong>, <strong>vitam\u00edny skupiny B<\/strong>, <strong>miner\u00e1ly<\/strong> (drasl\u00edk, \u017eelezo, zinok) a \u010fal\u0161ie l\u00e1tky podporuj\u00face zdravie. Je ide\u00e1lna na posilnenie organizmu, zn\u00ed\u017eenie cholesterolu a podporu tr\u00e1venia.<\/p>\n<p>Pestovanie hlivy doma je navy\u0161e <strong>ekologick\u00e9<\/strong>, <strong>\u00fasporn\u00e9<\/strong> a <strong>z\u00e1bavn\u00e9<\/strong> \u2013 premen\u00ed\u0161 odpad (k\u00e1vov\u00fa usadeninu) na v\u00fd\u017eivn\u00fa potravinu. S Hub\u00e1riom tak prispieva\u0161 aj k <strong>udr\u017eate\u013en\u00e9mu \u017eivotn\u00e9mu \u0161t\u00fdlu<\/strong>.<\/p>\n<p><!-- Tipy a podpora --><\/p>\n<p><!-- Zhrnutie --><\/p>\n<h2>V\u00fdhody Hub\u00e1ria<\/h2>\n<ul>\n<li><strong>R\u00fdchle a jednoduch\u00e9<\/strong> dom\u00e1ce pestovanie h\u00fab.<\/li>\n<li>Ekologick\u00e9 <strong>vyu\u017eitie k\u00e1vovej usadeniny.<\/strong><\/li>\n<li>Ide\u00e1lne pre za\u010diato\u010dn\u00edkov aj deti.<\/li>\n<li>Podpora <strong>zdravia a imunity.<\/strong><\/li>\n<li><strong>Modern\u00fd dizajn<\/strong> vhodn\u00fd do ka\u017edej kuchyne.<\/li>\n<\/ul>\n<p><!-- Z\u00e1ver --><\/p>\n<p><strong>Vysk\u00fa\u0161aj Hub\u00e1rium<\/strong> a vypestuj si <strong>\u010derstv\u00fa hlivu ustricov\u00fa<\/strong> doma \u2013 jednoducho, bez ch\u00e9mie a s rados\u0165ou.<\/p>\n","protected":false},"featured_media":14873,"comment_status":"open","ping_status":"closed","template":"","meta":{"_acf_changed":false},"product_brand":[],"product_cat":[346,384],"product_tag":[],"class_list":{"0":"post-14888","1":"product","2":"type-product","3":"status-publish","4":"has-post-thumbnail","6":"product_cat-growkity_a_seedmomby-sk","7":"product_cat-jarna-kolekcia","9":"first","10":"instock","11":"taxable","12":"shipping-taxable","13":"purchasable","14":"product-type-simple"},"supplier_id":null,"supplier_sku":"","barcode":null,"atum_controlled":true,"out_stock_date":null,"out_stock_threshold":null,"inheritable":false,"inbound_stock":null,"stock_on_hold":0,"sold_today":0,"sales_last_days":0,"reserved_stock":null,"customer_returns":null,"warehouse_damage":null,"lost_in_post":null,"other_logs":null,"out_stock_days":0,"lost_sales":0,"has_location":false,"update_date":"2026-04-25T03:00:30","atum_locations":[],"atum_stock_status":"instock","restock_status":false,"low_stock_amount":"","sales_update_date":"2026-04-25T03:00:30","calc_backorders":null,"acf":[],"yoast_head":"<!-- This site is optimized with the Yoast SEO plugin v27.2 - https:\/\/yoast.com\/product\/yoast-seo-wordpress\/ -->\n<title>Houb\u00e1rium + sadba hl\u00edvy \u00fast\u0159i\u010dn\u00e9 \u2013 dom\u00e1c\u00ed p\u011bstov\u00e1n\u00ed hub z k\u00e1vov\u00e9 sedliny - Binchio<\/title>\n<meta name=\"description\" content=\"Vypestuj si chutn\u00fa hlivu ustricov\u00fa doma! Hub\u00e1rium je ekologick\u00e1 pestovate\u013esk\u00e1 sada, s ktorou premen\u00ed\u0161 k\u00e1vov\u00fa usadeninu na zdrav\u00e9 huby pln\u00e9 vitam\u00ednov \u2013 jednoducho, bez ch\u00e9mie a s rados\u0165ou.\" \/>\n<meta name=\"robots\" content=\"index, follow, max-snippet:-1, max-image-preview:large, max-video-preview:-1\" \/>\n<link rel=\"canonical\" href=\"https:\/\/binchio.com\/sk\/produkt\/houbarium-sadba-hlivy-ustricne-domaci-pestovani-hub-z-kavove-sedliny\/\" \/>\n<meta property=\"og:locale\" content=\"sk_SK\" \/>\n<meta property=\"og:type\" content=\"article\" \/>\n<meta property=\"og:title\" content=\"Houb\u00e1rium + sadba hl\u00edvy \u00fast\u0159i\u010dn\u00e9 \u2013 dom\u00e1c\u00ed p\u011bstov\u00e1n\u00ed hub z k\u00e1vov\u00e9 sedliny - Binchio\" \/>\n<meta property=\"og:description\" content=\"Vypestuj si chutn\u00fa hlivu ustricov\u00fa doma! Hub\u00e1rium je ekologick\u00e1 pestovate\u013esk\u00e1 sada, s ktorou premen\u00ed\u0161 k\u00e1vov\u00fa usadeninu na zdrav\u00e9 huby pln\u00e9 vitam\u00ednov \u2013 jednoducho, bez ch\u00e9mie a s rados\u0165ou.\" \/>\n<meta property=\"og:url\" content=\"https:\/\/binchio.com\/sk\/produkt\/houbarium-sadba-hlivy-ustricne-domaci-pestovani-hub-z-kavove-sedliny\/\" \/>\n<meta property=\"og:site_name\" content=\"Binchio\" \/>\n<meta property=\"article:publisher\" content=\"https:\/\/www.facebook.com\/binchiouhli\/\" \/>\n<meta property=\"article:modified_time\" content=\"2025-05-11T18:22:56+00:00\" \/>\n<meta property=\"og:image\" content=\"https:\/\/binchio.com\/wp-content\/uploads\/2025\/05\/pestovatelska-sada-hlivy-ustricnej-na-domace-pestovanie.webp\" \/>\n\t<meta property=\"og:image:width\" content=\"1080\" \/>\n\t<meta property=\"og:image:height\" content=\"1080\" \/>\n\t<meta property=\"og:image:type\" content=\"image\/webp\" \/>\n<meta name=\"twitter:card\" content=\"summary_large_image\" \/>\n<meta name=\"twitter:label1\" content=\"Predpokladan\u00fd \u010das \u010d\u00edtania\" \/>\n\t<meta name=\"twitter:data1\" content=\"2 min\u00faty\" \/>\n<script type=\"application\/ld+json\" class=\"yoast-schema-graph\">{\"@context\":\"https:\/\/schema.org\",\"@graph\":[{\"@type\":\"WebPage\",\"@id\":\"https:\/\/binchio.com\/sk\/produkt\/houbarium-sadba-hlivy-ustricne-domaci-pestovani-hub-z-kavove-sedliny\/\",\"url\":\"https:\/\/binchio.com\/sk\/produkt\/houbarium-sadba-hlivy-ustricne-domaci-pestovani-hub-z-kavove-sedliny\/\",\"name\":\"Houb\u00e1rium + sadba hl\u00edvy \u00fast\u0159i\u010dn\u00e9 \u2013 dom\u00e1c\u00ed p\u011bstov\u00e1n\u00ed hub z k\u00e1vov\u00e9 sedliny - Binchio\",\"isPartOf\":{\"@id\":\"https:\/\/binchio.com\/#website\"},\"primaryImageOfPage\":{\"@id\":\"https:\/\/binchio.com\/sk\/produkt\/houbarium-sadba-hlivy-ustricne-domaci-pestovani-hub-z-kavove-sedliny\/#primaryimage\"},\"image\":{\"@id\":\"https:\/\/binchio.com\/sk\/produkt\/houbarium-sadba-hlivy-ustricne-domaci-pestovani-hub-z-kavove-sedliny\/#primaryimage\"},\"thumbnailUrl\":\"https:\/\/binchio.com\/wp-content\/uploads\/2025\/05\/pestovatelska-sada-hlivy-ustricnej-na-domace-pestovanie.webp\",\"datePublished\":\"2025-05-11T18:22:01+00:00\",\"dateModified\":\"2025-05-11T18:22:56+00:00\",\"description\":\"Vypestuj si chutn\u00fa hlivu ustricov\u00fa doma! Hub\u00e1rium je ekologick\u00e1 pestovate\u013esk\u00e1 sada, s ktorou premen\u00ed\u0161 k\u00e1vov\u00fa usadeninu na zdrav\u00e9 huby pln\u00e9 vitam\u00ednov \u2013 jednoducho, bez ch\u00e9mie a s rados\u0165ou.\",\"breadcrumb\":{\"@id\":\"https:\/\/binchio.com\/sk\/produkt\/houbarium-sadba-hlivy-ustricne-domaci-pestovani-hub-z-kavove-sedliny\/#breadcrumb\"},\"inLanguage\":\"sk-SK\",\"potentialAction\":[{\"@type\":\"ReadAction\",\"target\":[\"https:\/\/binchio.com\/sk\/produkt\/houbarium-sadba-hlivy-ustricne-domaci-pestovani-hub-z-kavove-sedliny\/\"]}]},{\"@type\":\"ImageObject\",\"inLanguage\":\"sk-SK\",\"@id\":\"https:\/\/binchio.com\/sk\/produkt\/houbarium-sadba-hlivy-ustricne-domaci-pestovani-hub-z-kavove-sedliny\/#primaryimage\",\"url\":\"https:\/\/binchio.com\/wp-content\/uploads\/2025\/05\/pestovatelska-sada-hlivy-ustricnej-na-domace-pestovanie.webp\",\"contentUrl\":\"https:\/\/binchio.com\/wp-content\/uploads\/2025\/05\/pestovatelska-sada-hlivy-ustricnej-na-domace-pestovanie.webp\",\"width\":1080,\"height\":1080,\"caption\":\"Designov\u00fd growkit pro dom\u00e1c\u00ed p\u011bstov\u00e1n\u00ed hl\u00edvy \u00fast\u0159i\u010dn\u00e9 \u2013 modern\u00ed p\u011bstitelsk\u00e1 sada ide\u00e1ln\u00ed do bytu nebo kuchyn\u011b.\"},{\"@type\":\"BreadcrumbList\",\"@id\":\"https:\/\/binchio.com\/sk\/produkt\/houbarium-sadba-hlivy-ustricne-domaci-pestovani-hub-z-kavove-sedliny\/#breadcrumb\",\"itemListElement\":[{\"@type\":\"ListItem\",\"position\":1,\"name\":\"Home\",\"item\":\"https:\/\/binchio.com\/sk\/\"},{\"@type\":\"ListItem\",\"position\":2,\"name\":\"Obchod (woo &#8211; redirected)\",\"item\":\"https:\/\/binchio.com\/sk\/obchod-woo\/\"},{\"@type\":\"ListItem\",\"position\":3,\"name\":\"Houb\u00e1rium + sadba hl\u00edvy \u00fast\u0159i\u010dn\u00e9 \u2013 dom\u00e1c\u00ed p\u011bstov\u00e1n\u00ed hub z k\u00e1vov\u00e9 sedliny\"}]},{\"@type\":\"WebSite\",\"@id\":\"https:\/\/binchio.com\/#website\",\"url\":\"https:\/\/binchio.com\/\",\"name\":\"Binchio\",\"description\":\"100% p\u0159\u00edrodn\u00ed filtrace vody pomoc\u00ed aktivn\u00edho filtra\u010dn\u00edho uhl\u00ed binchotan\",\"publisher\":{\"@id\":\"https:\/\/binchio.com\/#organization\"},\"potentialAction\":[{\"@type\":\"SearchAction\",\"target\":{\"@type\":\"EntryPoint\",\"urlTemplate\":\"https:\/\/binchio.com\/?s={search_term_string}\"},\"query-input\":{\"@type\":\"PropertyValueSpecification\",\"valueRequired\":true,\"valueName\":\"search_term_string\"}}],\"inLanguage\":\"sk-SK\"},{\"@type\":\"Organization\",\"@id\":\"https:\/\/binchio.com\/#organization\",\"name\":\"Binchio\",\"url\":\"https:\/\/binchio.com\/\",\"logo\":{\"@type\":\"ImageObject\",\"inLanguage\":\"sk-SK\",\"@id\":\"https:\/\/binchio.com\/#\/schema\/logo\/image\/\",\"url\":\"https:\/\/binchio.com\/wp-content\/uploads\/2020\/07\/binchio-logo.svg\",\"contentUrl\":\"https:\/\/binchio.com\/wp-content\/uploads\/2020\/07\/binchio-logo.svg\",\"width\":200,\"height\":430,\"caption\":\"Binchio\"},\"image\":{\"@id\":\"https:\/\/binchio.com\/#\/schema\/logo\/image\/\"},\"sameAs\":[\"https:\/\/www.facebook.com\/binchiouhli\/\",\"https:\/\/www.instagram.com\/milan_suchy\"]}]}<\/script>\n<!-- \/ Yoast SEO plugin. -->","yoast_head_json":{"title":"Houb\u00e1rium + sadba hl\u00edvy \u00fast\u0159i\u010dn\u00e9 \u2013 dom\u00e1c\u00ed p\u011bstov\u00e1n\u00ed hub z k\u00e1vov\u00e9 sedliny - Binchio","description":"Vypestuj si chutn\u00fa hlivu ustricov\u00fa doma! Hub\u00e1rium je ekologick\u00e1 pestovate\u013esk\u00e1 sada, s ktorou premen\u00ed\u0161 k\u00e1vov\u00fa usadeninu na zdrav\u00e9 huby pln\u00e9 vitam\u00ednov \u2013 jednoducho, bez ch\u00e9mie a s rados\u0165ou.","robots":{"index":"index","follow":"follow","max-snippet":"max-snippet:-1","max-image-preview":"max-image-preview:large","max-video-preview":"max-video-preview:-1"},"canonical":"https:\/\/binchio.com\/sk\/produkt\/houbarium-sadba-hlivy-ustricne-domaci-pestovani-hub-z-kavove-sedliny\/","og_locale":"sk_SK","og_type":"article","og_title":"Houb\u00e1rium + sadba hl\u00edvy \u00fast\u0159i\u010dn\u00e9 \u2013 dom\u00e1c\u00ed p\u011bstov\u00e1n\u00ed hub z k\u00e1vov\u00e9 sedliny - Binchio","og_description":"Vypestuj si chutn\u00fa hlivu ustricov\u00fa doma! Hub\u00e1rium je ekologick\u00e1 pestovate\u013esk\u00e1 sada, s ktorou premen\u00ed\u0161 k\u00e1vov\u00fa usadeninu na zdrav\u00e9 huby pln\u00e9 vitam\u00ednov \u2013 jednoducho, bez ch\u00e9mie a s rados\u0165ou.","og_url":"https:\/\/binchio.com\/sk\/produkt\/houbarium-sadba-hlivy-ustricne-domaci-pestovani-hub-z-kavove-sedliny\/","og_site_name":"Binchio","article_publisher":"https:\/\/www.facebook.com\/binchiouhli\/","article_modified_time":"2025-05-11T18:22:56+00:00","og_image":[{"width":1080,"height":1080,"url":"https:\/\/binchio.com\/wp-content\/uploads\/2025\/05\/pestovatelska-sada-hlivy-ustricnej-na-domace-pestovanie.webp","type":"image\/webp"}],"twitter_card":"summary_large_image","twitter_misc":{"Predpokladan\u00fd \u010das \u010d\u00edtania":"2 min\u00faty"},"schema":{"@context":"https:\/\/schema.org","@graph":[{"@type":"WebPage","@id":"https:\/\/binchio.com\/sk\/produkt\/houbarium-sadba-hlivy-ustricne-domaci-pestovani-hub-z-kavove-sedliny\/","url":"https:\/\/binchio.com\/sk\/produkt\/houbarium-sadba-hlivy-ustricne-domaci-pestovani-hub-z-kavove-sedliny\/","name":"Houb\u00e1rium + sadba hl\u00edvy \u00fast\u0159i\u010dn\u00e9 \u2013 dom\u00e1c\u00ed p\u011bstov\u00e1n\u00ed hub z k\u00e1vov\u00e9 sedliny - Binchio","isPartOf":{"@id":"https:\/\/binchio.com\/#website"},"primaryImageOfPage":{"@id":"https:\/\/binchio.com\/sk\/produkt\/houbarium-sadba-hlivy-ustricne-domaci-pestovani-hub-z-kavove-sedliny\/#primaryimage"},"image":{"@id":"https:\/\/binchio.com\/sk\/produkt\/houbarium-sadba-hlivy-ustricne-domaci-pestovani-hub-z-kavove-sedliny\/#primaryimage"},"thumbnailUrl":"https:\/\/binchio.com\/wp-content\/uploads\/2025\/05\/pestovatelska-sada-hlivy-ustricnej-na-domace-pestovanie.webp","datePublished":"2025-05-11T18:22:01+00:00","dateModified":"2025-05-11T18:22:56+00:00","description":"Vypestuj si chutn\u00fa hlivu ustricov\u00fa doma! Hub\u00e1rium je ekologick\u00e1 pestovate\u013esk\u00e1 sada, s ktorou premen\u00ed\u0161 k\u00e1vov\u00fa usadeninu na zdrav\u00e9 huby pln\u00e9 vitam\u00ednov \u2013 jednoducho, bez ch\u00e9mie a s rados\u0165ou.","breadcrumb":{"@id":"https:\/\/binchio.com\/sk\/produkt\/houbarium-sadba-hlivy-ustricne-domaci-pestovani-hub-z-kavove-sedliny\/#breadcrumb"},"inLanguage":"sk-SK","potentialAction":[{"@type":"ReadAction","target":["https:\/\/binchio.com\/sk\/produkt\/houbarium-sadba-hlivy-ustricne-domaci-pestovani-hub-z-kavove-sedliny\/"]}]},{"@type":"ImageObject","inLanguage":"sk-SK","@id":"https:\/\/binchio.com\/sk\/produkt\/houbarium-sadba-hlivy-ustricne-domaci-pestovani-hub-z-kavove-sedliny\/#primaryimage","url":"https:\/\/binchio.com\/wp-content\/uploads\/2025\/05\/pestovatelska-sada-hlivy-ustricnej-na-domace-pestovanie.webp","contentUrl":"https:\/\/binchio.com\/wp-content\/uploads\/2025\/05\/pestovatelska-sada-hlivy-ustricnej-na-domace-pestovanie.webp","width":1080,"height":1080,"caption":"Designov\u00fd growkit pro dom\u00e1c\u00ed p\u011bstov\u00e1n\u00ed hl\u00edvy \u00fast\u0159i\u010dn\u00e9 \u2013 modern\u00ed p\u011bstitelsk\u00e1 sada ide\u00e1ln\u00ed do bytu nebo kuchyn\u011b."},{"@type":"BreadcrumbList","@id":"https:\/\/binchio.com\/sk\/produkt\/houbarium-sadba-hlivy-ustricne-domaci-pestovani-hub-z-kavove-sedliny\/#breadcrumb","itemListElement":[{"@type":"ListItem","position":1,"name":"Home","item":"https:\/\/binchio.com\/sk\/"},{"@type":"ListItem","position":2,"name":"Obchod (woo &#8211; redirected)","item":"https:\/\/binchio.com\/sk\/obchod-woo\/"},{"@type":"ListItem","position":3,"name":"Houb\u00e1rium + sadba hl\u00edvy \u00fast\u0159i\u010dn\u00e9 \u2013 dom\u00e1c\u00ed p\u011bstov\u00e1n\u00ed hub z k\u00e1vov\u00e9 sedliny"}]},{"@type":"WebSite","@id":"https:\/\/binchio.com\/#website","url":"https:\/\/binchio.com\/","name":"Binchio","description":"100% p\u0159\u00edrodn\u00ed filtrace vody pomoc\u00ed aktivn\u00edho filtra\u010dn\u00edho uhl\u00ed binchotan","publisher":{"@id":"https:\/\/binchio.com\/#organization"},"potentialAction":[{"@type":"SearchAction","target":{"@type":"EntryPoint","urlTemplate":"https:\/\/binchio.com\/?s={search_term_string}"},"query-input":{"@type":"PropertyValueSpecification","valueRequired":true,"valueName":"search_term_string"}}],"inLanguage":"sk-SK"},{"@type":"Organization","@id":"https:\/\/binchio.com\/#organization","name":"Binchio","url":"https:\/\/binchio.com\/","logo":{"@type":"ImageObject","inLanguage":"sk-SK","@id":"https:\/\/binchio.com\/#\/schema\/logo\/image\/","url":"https:\/\/binchio.com\/wp-content\/uploads\/2020\/07\/binchio-logo.svg","contentUrl":"https:\/\/binchio.com\/wp-content\/uploads\/2020\/07\/binchio-logo.svg","width":200,"height":430,"caption":"Binchio"},"image":{"@id":"https:\/\/binchio.com\/#\/schema\/logo\/image\/"},"sameAs":["https:\/\/www.facebook.com\/binchiouhli\/","https:\/\/www.instagram.com\/milan_suchy"]}]}},"_links":{"self":[{"href":"https:\/\/binchio.com\/sk\/wp-json\/wp\/v2\/product\/14888","targetHints":{"allow":["GET"]}}],"collection":[{"href":"https:\/\/binchio.com\/sk\/wp-json\/wp\/v2\/product"}],"about":[{"href":"https:\/\/binchio.com\/sk\/wp-json\/wp\/v2\/types\/product"}],"replies":[{"embeddable":true,"href":"https:\/\/binchio.com\/sk\/wp-json\/wp\/v2\/comments?post=14888"}],"wp:featuredmedia":[{"embeddable":true,"href":"https:\/\/binchio.com\/sk\/wp-json\/wp\/v2\/media\/14873"}],"wp:attachment":[{"href":"https:\/\/binchio.com\/sk\/wp-json\/wp\/v2\/media?parent=14888"}],"wp:term":[{"taxonomy":"product_brand","embeddable":true,"href":"https:\/\/binchio.com\/sk\/wp-json\/wp\/v2\/product_brand?post=14888"},{"taxonomy":"product_cat","embeddable":true,"href":"https:\/\/binchio.com\/sk\/wp-json\/wp\/v2\/product_cat?post=14888"},{"taxonomy":"product_tag","embeddable":true,"href":"https:\/\/binchio.com\/sk\/wp-json\/wp\/v2\/product_tag?post=14888"}],"curies":[{"name":"wp","href":"https:\/\/api.w.org\/{rel}","templated":true}]}}