{"id":14606,"date":"2025-03-25T09:45:43","date_gmt":"2025-03-25T08:45:43","guid":{"rendered":"https:\/\/binchio.websy.sk\/produkt\/chai-latte-protizapalovy-napoj-plny-chuti\/"},"modified":"2026-02-03T20:17:03","modified_gmt":"2026-02-03T19:17:03","slug":"chai-latte-protizapalovy-napoj-plny-chuti","status":"publish","type":"product","link":"https:\/\/binchio.com\/sk\/produkt\/chai-latte-protizapalovy-napoj-plny-chuti\/","title":{"rendered":"Chai Latte &#8211; protiz\u00e1palov\u00fd n\u00e1poj pln\u00fd chuti"},"content":{"rendered":"<p><strong>Chai Latte od Nu3o<\/strong> predstavuje spojenie tradi\u010dnej indickej recept\u00fary a modernej funk\u010dnej v\u00fd\u017eivy. V\u010faka <strong>starostlivo vybran\u00fdm bio surovin\u00e1m<\/strong> a <strong>vyv\u00e1\u017eenej zmesi koren\u00edn<\/strong> si vychutn\u00e1\u0161 nielen skvel\u00fa chu\u0165, ale aj podporu pre svoje zdravie. Skvel\u00e1 vo\u013eba na chv\u00edle pokoja aj ako s\u00fa\u010das\u0165 rannej rutiny.<\/p>\n<h3>Pre\u010do si vybra\u0165 Chai Latte?<\/h3>\n<p><strong>Chai Latte od Nu3o<\/strong> je vyroben\u00e9 v\u00fdhradne z <strong>organick\u00fdch surov\u00edn<\/strong> pestovan\u00fdch bez pestic\u00eddov a ch\u00e9mie. Vyber si produkt, ktor\u00fd podporuje <strong>tvoje zdravie<\/strong> aj zdravie plan\u00e9ty.<\/p>\n<h3>Obsah balenia a pou\u017eitie<\/h3>\n<ul>\n<li><strong>Balenie:<\/strong> 70 g.<\/li>\n<li><strong>Obsah:<\/strong> cca 7 porci\u00ed.<\/li>\n<li><strong>Pou\u017eitie:<\/strong> 2 ly\u017ei\u010dky na 1 \u0161\u00e1lku hor\u00faceho mlieka alebo vody.<\/li>\n<li><strong>Skladovanie:<\/strong> na suchom a chladnom mieste.<\/li>\n<li><strong>P\u00f4vod koren\u00edn:<\/strong> India.<\/li>\n<\/ul>\n","protected":false},"excerpt":{"rendered":"<p class=\"p1\"><strong>Nu3o Chai Latte \u2013 Protiz\u00e1palov\u00fd n\u00e1poj pln\u00fd chuti<\/strong> predstavuje <strong>zdrav\u0161iu alternat\u00edvu ku k\u00e1ve<\/strong>, ktor\u00e1 \u0165a pr\u00edjemne zahreje a dod\u00e1 energiu. Lahodn\u00e1 <strong>zmes koren\u00edn<\/strong> s <strong>cejl\u00f3nskou \u0161koricou<\/strong>, kokosov\u00fdm cukrom a \u010diernym \u010dajom.<\/p>\n<h3>Objav silu koren\u00edn v \u0161\u00e1lke Chai Latte<\/h3>\n<p><strong>Nu3o Chai Latte<\/strong> je funk\u010dn\u00fd n\u00e1poj in\u0161pirovan\u00fd indickou trad\u00edciou, ktor\u00fd sp\u00e1ja v\u00fdrazn\u00fa chu\u0165 s <strong>pozit\u00edvnymi \u00fa\u010dinkami na telo<\/strong>. Nielen\u017ee \u0165a zahreje po\u010das chladnej\u0161\u00edch dn\u00ed, ale z\u00e1rove\u0148 <strong>dod\u00e1 energiu<\/strong>, <strong>zn\u00ed\u017ei LDL cholesterol<\/strong> a <strong>podpor\u00ed zdrav\u00e9 tr\u00e1venie<\/strong>.<\/p>\n<p>Zmes <strong>pr\u00edrodn\u00fdch koren\u00edn<\/strong> ako <strong>an\u00edz, koriander, kardam\u00f3m, klin\u010deky a cejl\u00f3nska \u0161korica<\/strong> p\u00f4sob\u00ed <strong>protiz\u00e1palovo<\/strong> a harmonizuje organizmus. V\u010faka <strong>\u010diernemu \u010daju<\/strong> a <strong>kokosov\u00e9mu cukru<\/strong> navy\u0161e z\u00edska\u0161 jemne povzbudzuj\u00faci \u00fa\u010dinok bez v\u00fdkyvov ako pri k\u00e1ve.<\/p>\n<h3>Zdrav\u0161ia n\u00e1hrada k\u00e1vy<\/h3>\n<p>Ak h\u013ead\u00e1\u0161 <strong>zdrav\u00fa alternat\u00edvu ku k\u00e1ve<\/strong>, <strong>Nu3o Chai Latte<\/strong> je skvelou vo\u013ebou. Obsahuje <strong>mand\u013eov\u00fd prote\u00edn<\/strong>, <strong>ovsen\u00fd a ry\u017eov\u00fd n\u00e1poj<\/strong> a je <strong>vhodn\u00e9 aj pre tehotn\u00e9 \u017eeny a deti<\/strong>. Neobsahuje \u017eiadne umel\u00e9 pr\u00edsady ani konzervanty.<\/p>\n<h3>Sp\u00f4soby pr\u00edpravy<\/h3>\n<ul>\n<li><strong>Tradi\u010dne<\/strong> \u2013 zohrej mlieko, pridaj 2 ly\u017ei\u010dky latte zmesi, premie\u0161aj a vychutnaj si bohat\u00fa chu\u0165<\/li>\n<li><strong>R\u00fdchlo a jednoducho<\/strong> \u2013 zalej 2 ly\u017ei\u010dky zmesi hor\u00facou vodou, premie\u0161aj a m\u00e1\u0161 hotovo<\/li>\n<li><strong>Veg\u00e1nsky<\/strong> \u2013 kombinuj s rastlinn\u00fdm mliekom pre dokonal\u00fd veg\u00e1nsky z\u00e1\u017eitok<\/li>\n<\/ul>\n<h2>Benefity Nu3o Chai Latte<\/h2>\n<ul>\n<li><strong>Dod\u00e1va energiu<\/strong> bez kofe\u00ednov\u00fdch v\u00fdkyvov.<\/li>\n<li><strong>Zni\u017euje zl\u00fd cholesterol (LDL).<\/strong><\/li>\n<li><strong>Upravuje krvn\u00fd tlak.<\/strong><\/li>\n<li><strong>Podporuje tr\u00e1venie.<\/strong><\/li>\n<li><strong>P\u00f4sob\u00ed protiz\u00e1palovo.<\/strong><\/li>\n<li><strong>Skvel\u00e1 chu\u0165<\/strong> bez ch\u00e9mie.<\/li>\n<li><strong>Vhodn\u00e9 aj pre deti a tehotn\u00e9 \u017eeny.<\/strong><\/li>\n<\/ul>\n<h3>Zlo\u017eenie<\/h3>\n<ul>\n<li>Bio <strong>ry\u017eov\u00fd n\u00e1poj<\/strong> (38 %).<\/li>\n<li>Bio <strong>kokosov\u00fd cukor<\/strong> (25 %).<\/li>\n<li>Bio <strong>mand\u013eov\u00fd prote\u00edn<\/strong> (10 %).<\/li>\n<li>Bio <strong>ovsen\u00fd n\u00e1poj<\/strong> (15 %).<\/li>\n<li><strong>Zmes koren\u00edn<\/strong>: an\u00edz, klin\u010deky, koriander, kardam\u00f3m, <strong>cejl\u00f3nska \u0161korica (7 %)<\/strong><\/li>\n<li>\u010cierny <strong>\u010daj<\/strong> (5 %).<\/li>\n<\/ul>\n","protected":false},"featured_media":14600,"comment_status":"open","ping_status":"closed","template":"","meta":{"_acf_changed":false},"product_brand":[],"product_cat":[303],"product_tag":[],"class_list":{"0":"post-14606","1":"product","2":"type-product","3":"status-publish","4":"has-post-thumbnail","6":"product_cat-latte-napoje-sk","8":"first","9":"instock","10":"taxable","11":"shipping-taxable","12":"purchasable","13":"product-type-simple"},"supplier_id":null,"supplier_sku":"","barcode":null,"atum_controlled":true,"out_stock_date":null,"out_stock_threshold":null,"inheritable":false,"inbound_stock":0,"stock_on_hold":0,"sold_today":0,"sales_last_days":0,"reserved_stock":0,"customer_returns":0,"warehouse_damage":0,"lost_in_post":0,"other_logs":0,"out_stock_days":0,"lost_sales":0,"has_location":false,"update_date":"2026-04-25T03:00:37","atum_locations":[],"atum_stock_status":"instock","restock_status":false,"low_stock_amount":"","sales_update_date":"2026-04-25T03:00:37","calc_backorders":null,"acf":[],"yoast_head":"<!-- This site is optimized with the Yoast SEO plugin v27.2 - https:\/\/yoast.com\/product\/yoast-seo-wordpress\/ -->\n<title>Chai Latte - protiz\u00e1palov\u00fd n\u00e1poj pln\u00fd chuti - Binchio<\/title>\n<meta name=\"description\" content=\"Zdrav\u00e1 alternat\u00edva ku k\u00e1ve s cejl\u00f3nskou \u0161koricou a mand\u013eov\u00fdm prote\u00ednom. Podporuje zdravie, bojuje proti z\u00e1palom a skvele chut\u00ed. Vhodn\u00e9 aj pre deti a tehotn\u00e9.\" \/>\n<meta name=\"robots\" content=\"index, follow, max-snippet:-1, max-image-preview:large, max-video-preview:-1\" \/>\n<link rel=\"canonical\" href=\"https:\/\/binchio.com\/sk\/produkt\/chai-latte-protizapalovy-napoj-plny-chuti\/\" \/>\n<meta property=\"og:locale\" content=\"sk_SK\" \/>\n<meta property=\"og:type\" content=\"article\" \/>\n<meta property=\"og:title\" content=\"Chai Latte - protiz\u00e1palov\u00fd n\u00e1poj pln\u00fd chuti - Binchio\" \/>\n<meta property=\"og:description\" content=\"Zdrav\u00e1 alternat\u00edva ku k\u00e1ve s cejl\u00f3nskou \u0161koricou a mand\u013eov\u00fdm prote\u00ednom. Podporuje zdravie, bojuje proti z\u00e1palom a skvele chut\u00ed. Vhodn\u00e9 aj pre deti a tehotn\u00e9.\" \/>\n<meta property=\"og:url\" content=\"https:\/\/binchio.com\/sk\/produkt\/chai-latte-protizapalovy-napoj-plny-chuti\/\" \/>\n<meta property=\"og:site_name\" content=\"Binchio\" \/>\n<meta property=\"article:publisher\" content=\"https:\/\/www.facebook.com\/binchiouhli\/\" \/>\n<meta property=\"article:modified_time\" content=\"2026-02-03T19:17:03+00:00\" \/>\n<meta property=\"og:image\" content=\"https:\/\/binchio.com\/wp-content\/uploads\/2025\/03\/chai-latte-nu3o-spiced-hug-70g.webp\" \/>\n\t<meta property=\"og:image:width\" content=\"823\" \/>\n\t<meta property=\"og:image:height\" content=\"823\" \/>\n\t<meta property=\"og:image:type\" content=\"image\/webp\" \/>\n<meta name=\"twitter:card\" content=\"summary_large_image\" \/>\n<meta name=\"twitter:label1\" content=\"Predpokladan\u00fd \u010das \u010d\u00edtania\" \/>\n\t<meta name=\"twitter:data1\" content=\"1 min\u00fata\" \/>\n<script type=\"application\/ld+json\" class=\"yoast-schema-graph\">{\"@context\":\"https:\/\/schema.org\",\"@graph\":[{\"@type\":\"WebPage\",\"@id\":\"https:\/\/binchio.com\/sk\/produkt\/chai-latte-protizapalovy-napoj-plny-chuti\/\",\"url\":\"https:\/\/binchio.com\/sk\/produkt\/chai-latte-protizapalovy-napoj-plny-chuti\/\",\"name\":\"Chai Latte - protiz\u00e1palov\u00fd n\u00e1poj pln\u00fd chuti - Binchio\",\"isPartOf\":{\"@id\":\"https:\/\/binchio.com\/#website\"},\"primaryImageOfPage\":{\"@id\":\"https:\/\/binchio.com\/sk\/produkt\/chai-latte-protizapalovy-napoj-plny-chuti\/#primaryimage\"},\"image\":{\"@id\":\"https:\/\/binchio.com\/sk\/produkt\/chai-latte-protizapalovy-napoj-plny-chuti\/#primaryimage\"},\"thumbnailUrl\":\"https:\/\/binchio.com\/wp-content\/uploads\/2025\/03\/chai-latte-nu3o-spiced-hug-70g.webp\",\"datePublished\":\"2025-03-25T08:45:43+00:00\",\"dateModified\":\"2026-02-03T19:17:03+00:00\",\"description\":\"Zdrav\u00e1 alternat\u00edva ku k\u00e1ve s cejl\u00f3nskou \u0161koricou a mand\u013eov\u00fdm prote\u00ednom. Podporuje zdravie, bojuje proti z\u00e1palom a skvele chut\u00ed. Vhodn\u00e9 aj pre deti a tehotn\u00e9.\",\"breadcrumb\":{\"@id\":\"https:\/\/binchio.com\/sk\/produkt\/chai-latte-protizapalovy-napoj-plny-chuti\/#breadcrumb\"},\"inLanguage\":\"sk-SK\",\"potentialAction\":[{\"@type\":\"ReadAction\",\"target\":[\"https:\/\/binchio.com\/sk\/produkt\/chai-latte-protizapalovy-napoj-plny-chuti\/\"]}]},{\"@type\":\"ImageObject\",\"inLanguage\":\"sk-SK\",\"@id\":\"https:\/\/binchio.com\/sk\/produkt\/chai-latte-protizapalovy-napoj-plny-chuti\/#primaryimage\",\"url\":\"https:\/\/binchio.com\/wp-content\/uploads\/2025\/03\/chai-latte-nu3o-spiced-hug-70g.webp\",\"contentUrl\":\"https:\/\/binchio.com\/wp-content\/uploads\/2025\/03\/chai-latte-nu3o-spiced-hug-70g.webp\",\"width\":823,\"height\":823,\"caption\":\"Balenie Chai Latte Spiced Hug od zna\u010dky Nu3o v hnedo-bielej uzatv\u00e1rate\u013enej d\u00f3ze so 70 g zmesou protiz\u00e1palov\u00fdch koren\u00edn.\"},{\"@type\":\"BreadcrumbList\",\"@id\":\"https:\/\/binchio.com\/sk\/produkt\/chai-latte-protizapalovy-napoj-plny-chuti\/#breadcrumb\",\"itemListElement\":[{\"@type\":\"ListItem\",\"position\":1,\"name\":\"Home\",\"item\":\"https:\/\/binchio.com\/sk\/\"},{\"@type\":\"ListItem\",\"position\":2,\"name\":\"Obchod (woo &#8211; redirected)\",\"item\":\"https:\/\/binchio.com\/sk\/obchod-woo\/\"},{\"@type\":\"ListItem\",\"position\":3,\"name\":\"Chai Latte &#8211; protiz\u00e1palov\u00fd n\u00e1poj pln\u00fd chuti\"}]},{\"@type\":\"WebSite\",\"@id\":\"https:\/\/binchio.com\/#website\",\"url\":\"https:\/\/binchio.com\/\",\"name\":\"Binchio\",\"description\":\"100% p\u0159\u00edrodn\u00ed filtrace vody pomoc\u00ed aktivn\u00edho filtra\u010dn\u00edho uhl\u00ed binchotan\",\"publisher\":{\"@id\":\"https:\/\/binchio.com\/#organization\"},\"potentialAction\":[{\"@type\":\"SearchAction\",\"target\":{\"@type\":\"EntryPoint\",\"urlTemplate\":\"https:\/\/binchio.com\/?s={search_term_string}\"},\"query-input\":{\"@type\":\"PropertyValueSpecification\",\"valueRequired\":true,\"valueName\":\"search_term_string\"}}],\"inLanguage\":\"sk-SK\"},{\"@type\":\"Organization\",\"@id\":\"https:\/\/binchio.com\/#organization\",\"name\":\"Binchio\",\"url\":\"https:\/\/binchio.com\/\",\"logo\":{\"@type\":\"ImageObject\",\"inLanguage\":\"sk-SK\",\"@id\":\"https:\/\/binchio.com\/#\/schema\/logo\/image\/\",\"url\":\"https:\/\/binchio.com\/wp-content\/uploads\/2020\/07\/binchio-logo.svg\",\"contentUrl\":\"https:\/\/binchio.com\/wp-content\/uploads\/2020\/07\/binchio-logo.svg\",\"width\":200,\"height\":430,\"caption\":\"Binchio\"},\"image\":{\"@id\":\"https:\/\/binchio.com\/#\/schema\/logo\/image\/\"},\"sameAs\":[\"https:\/\/www.facebook.com\/binchiouhli\/\",\"https:\/\/www.instagram.com\/milan_suchy\"]}]}<\/script>\n<!-- \/ Yoast SEO plugin. -->","yoast_head_json":{"title":"Chai Latte - protiz\u00e1palov\u00fd n\u00e1poj pln\u00fd chuti - Binchio","description":"Zdrav\u00e1 alternat\u00edva ku k\u00e1ve s cejl\u00f3nskou \u0161koricou a mand\u013eov\u00fdm prote\u00ednom. Podporuje zdravie, bojuje proti z\u00e1palom a skvele chut\u00ed. Vhodn\u00e9 aj pre deti a tehotn\u00e9.","robots":{"index":"index","follow":"follow","max-snippet":"max-snippet:-1","max-image-preview":"max-image-preview:large","max-video-preview":"max-video-preview:-1"},"canonical":"https:\/\/binchio.com\/sk\/produkt\/chai-latte-protizapalovy-napoj-plny-chuti\/","og_locale":"sk_SK","og_type":"article","og_title":"Chai Latte - protiz\u00e1palov\u00fd n\u00e1poj pln\u00fd chuti - Binchio","og_description":"Zdrav\u00e1 alternat\u00edva ku k\u00e1ve s cejl\u00f3nskou \u0161koricou a mand\u013eov\u00fdm prote\u00ednom. Podporuje zdravie, bojuje proti z\u00e1palom a skvele chut\u00ed. Vhodn\u00e9 aj pre deti a tehotn\u00e9.","og_url":"https:\/\/binchio.com\/sk\/produkt\/chai-latte-protizapalovy-napoj-plny-chuti\/","og_site_name":"Binchio","article_publisher":"https:\/\/www.facebook.com\/binchiouhli\/","article_modified_time":"2026-02-03T19:17:03+00:00","og_image":[{"width":823,"height":823,"url":"https:\/\/binchio.com\/wp-content\/uploads\/2025\/03\/chai-latte-nu3o-spiced-hug-70g.webp","type":"image\/webp"}],"twitter_card":"summary_large_image","twitter_misc":{"Predpokladan\u00fd \u010das \u010d\u00edtania":"1 min\u00fata"},"schema":{"@context":"https:\/\/schema.org","@graph":[{"@type":"WebPage","@id":"https:\/\/binchio.com\/sk\/produkt\/chai-latte-protizapalovy-napoj-plny-chuti\/","url":"https:\/\/binchio.com\/sk\/produkt\/chai-latte-protizapalovy-napoj-plny-chuti\/","name":"Chai Latte - protiz\u00e1palov\u00fd n\u00e1poj pln\u00fd chuti - Binchio","isPartOf":{"@id":"https:\/\/binchio.com\/#website"},"primaryImageOfPage":{"@id":"https:\/\/binchio.com\/sk\/produkt\/chai-latte-protizapalovy-napoj-plny-chuti\/#primaryimage"},"image":{"@id":"https:\/\/binchio.com\/sk\/produkt\/chai-latte-protizapalovy-napoj-plny-chuti\/#primaryimage"},"thumbnailUrl":"https:\/\/binchio.com\/wp-content\/uploads\/2025\/03\/chai-latte-nu3o-spiced-hug-70g.webp","datePublished":"2025-03-25T08:45:43+00:00","dateModified":"2026-02-03T19:17:03+00:00","description":"Zdrav\u00e1 alternat\u00edva ku k\u00e1ve s cejl\u00f3nskou \u0161koricou a mand\u013eov\u00fdm prote\u00ednom. Podporuje zdravie, bojuje proti z\u00e1palom a skvele chut\u00ed. Vhodn\u00e9 aj pre deti a tehotn\u00e9.","breadcrumb":{"@id":"https:\/\/binchio.com\/sk\/produkt\/chai-latte-protizapalovy-napoj-plny-chuti\/#breadcrumb"},"inLanguage":"sk-SK","potentialAction":[{"@type":"ReadAction","target":["https:\/\/binchio.com\/sk\/produkt\/chai-latte-protizapalovy-napoj-plny-chuti\/"]}]},{"@type":"ImageObject","inLanguage":"sk-SK","@id":"https:\/\/binchio.com\/sk\/produkt\/chai-latte-protizapalovy-napoj-plny-chuti\/#primaryimage","url":"https:\/\/binchio.com\/wp-content\/uploads\/2025\/03\/chai-latte-nu3o-spiced-hug-70g.webp","contentUrl":"https:\/\/binchio.com\/wp-content\/uploads\/2025\/03\/chai-latte-nu3o-spiced-hug-70g.webp","width":823,"height":823,"caption":"Balenie Chai Latte Spiced Hug od zna\u010dky Nu3o v hnedo-bielej uzatv\u00e1rate\u013enej d\u00f3ze so 70 g zmesou protiz\u00e1palov\u00fdch koren\u00edn."},{"@type":"BreadcrumbList","@id":"https:\/\/binchio.com\/sk\/produkt\/chai-latte-protizapalovy-napoj-plny-chuti\/#breadcrumb","itemListElement":[{"@type":"ListItem","position":1,"name":"Home","item":"https:\/\/binchio.com\/sk\/"},{"@type":"ListItem","position":2,"name":"Obchod (woo &#8211; redirected)","item":"https:\/\/binchio.com\/sk\/obchod-woo\/"},{"@type":"ListItem","position":3,"name":"Chai Latte &#8211; protiz\u00e1palov\u00fd n\u00e1poj pln\u00fd chuti"}]},{"@type":"WebSite","@id":"https:\/\/binchio.com\/#website","url":"https:\/\/binchio.com\/","name":"Binchio","description":"100% p\u0159\u00edrodn\u00ed filtrace vody pomoc\u00ed aktivn\u00edho filtra\u010dn\u00edho uhl\u00ed binchotan","publisher":{"@id":"https:\/\/binchio.com\/#organization"},"potentialAction":[{"@type":"SearchAction","target":{"@type":"EntryPoint","urlTemplate":"https:\/\/binchio.com\/?s={search_term_string}"},"query-input":{"@type":"PropertyValueSpecification","valueRequired":true,"valueName":"search_term_string"}}],"inLanguage":"sk-SK"},{"@type":"Organization","@id":"https:\/\/binchio.com\/#organization","name":"Binchio","url":"https:\/\/binchio.com\/","logo":{"@type":"ImageObject","inLanguage":"sk-SK","@id":"https:\/\/binchio.com\/#\/schema\/logo\/image\/","url":"https:\/\/binchio.com\/wp-content\/uploads\/2020\/07\/binchio-logo.svg","contentUrl":"https:\/\/binchio.com\/wp-content\/uploads\/2020\/07\/binchio-logo.svg","width":200,"height":430,"caption":"Binchio"},"image":{"@id":"https:\/\/binchio.com\/#\/schema\/logo\/image\/"},"sameAs":["https:\/\/www.facebook.com\/binchiouhli\/","https:\/\/www.instagram.com\/milan_suchy"]}]}},"_links":{"self":[{"href":"https:\/\/binchio.com\/sk\/wp-json\/wp\/v2\/product\/14606","targetHints":{"allow":["GET"]}}],"collection":[{"href":"https:\/\/binchio.com\/sk\/wp-json\/wp\/v2\/product"}],"about":[{"href":"https:\/\/binchio.com\/sk\/wp-json\/wp\/v2\/types\/product"}],"replies":[{"embeddable":true,"href":"https:\/\/binchio.com\/sk\/wp-json\/wp\/v2\/comments?post=14606"}],"wp:featuredmedia":[{"embeddable":true,"href":"https:\/\/binchio.com\/sk\/wp-json\/wp\/v2\/media\/14600"}],"wp:attachment":[{"href":"https:\/\/binchio.com\/sk\/wp-json\/wp\/v2\/media?parent=14606"}],"wp:term":[{"taxonomy":"product_brand","embeddable":true,"href":"https:\/\/binchio.com\/sk\/wp-json\/wp\/v2\/product_brand?post=14606"},{"taxonomy":"product_cat","embeddable":true,"href":"https:\/\/binchio.com\/sk\/wp-json\/wp\/v2\/product_cat?post=14606"},{"taxonomy":"product_tag","embeddable":true,"href":"https:\/\/binchio.com\/sk\/wp-json\/wp\/v2\/product_tag?post=14606"}],"curies":[{"name":"wp","href":"https:\/\/api.w.org\/{rel}","templated":true}]}}