{"id":14577,"date":"2025-03-23T22:32:09","date_gmt":"2025-03-23T21:32:09","guid":{"rendered":"https:\/\/binchio.websy.sk\/?post_type=product&#038;p=14577"},"modified":"2026-02-03T20:17:03","modified_gmt":"2026-02-03T19:17:03","slug":"aktivni-uhli-pre-rostliny","status":"publish","type":"product","link":"https:\/\/binchio.com\/sk\/produkt\/aktivni-uhli-pre-rostliny\/","title":{"rendered":"Biochar &#8211; Akt\u00edvne uhlie pre rastliny"},"content":{"rendered":"<h3 class=\"p1\"><b>Ako spr\u00e1vne pou\u017e\u00edva\u0165 biochar?<\/b><b><\/b><\/h3>\n<ul>\n<li class=\"p1\"><span class=\"s1\"><b>Zapracujte priamo do p\u00f4dy<\/b><\/span> v pomere <span class=\"s1\"><b>1:9<\/b><\/span> (1 diel biocharu na 9 dielov zeminy).<\/li>\n<li class=\"p2\"><b>Pred pou\u017eit\u00edm aktivujte<\/b><span class=\"s2\"> \u2013 <\/span><b>ponorte do vody na 48 hod\u00edn<\/b><span class=\"s2\">, \u010d\u00edm sa zv\u00fd\u0161i jeho \u00fa\u010dinnos\u0165.<\/span><\/li>\n<li class=\"p1\"><span class=\"s1\"><b>Pre maxim\u00e1lny \u00fa\u010dinok<\/b><\/span> pridajte organick\u00e9 hnojivo, ktor\u00e9 biocharu pom\u00f4\u017ee e\u0161te lep\u0161ie naviaza\u0165 \u017eiviny.<\/li>\n<li class=\"p2\"><b>Obsah balenia <\/b>vysta\u010d\u00ed <b>na 10\u201315 kvetin\u00e1\u010dov &#8211; j<\/b><b>edna d\u00e1vka <\/b>vyjde na<b> 19\u201334 K\u010d<\/b><span class=\"s2\">.<\/span><\/li>\n<\/ul>\n<h3 class=\"p4\"><b>Ako biochar pom\u00e1ha?<\/b><b><\/b><\/h3>\n<ul>\n<li class=\"p5\"><span class=\"s1\"><b>Zadr\u017eiava vodu<\/b><\/span> a\u017e v p\u00e4\u0165n\u00e1sobnom mno\u017estve svojej hmotnosti, \u010d\u00edm <span class=\"s1\"><b>vyrovn\u00e1va vlhkos\u0165 p\u00f4dy<\/b><\/span> \u2013 zabra\u0148uje vysychaniu aj premokreniu.<\/li>\n<li class=\"p2\"><b>Pom\u00e1ha udr\u017ea\u0165 organick\u00e9 \u017eiviny<\/b><span class=\"s2\"> v p\u00f4de, \u010do podporuje <\/span><b>p\u00f4dne mikroorganizmy<\/b><span class=\"s2\"> a zlep\u0161uje <\/span><b>celkov\u00fa kvalitu substr\u00e1tu<\/b><span class=\"s2\">.<\/span><\/li>\n<li class=\"p5\"><span class=\"s1\"><b>Via\u017ee \u0161kodliv\u00edny<\/b><\/span>, \u010d\u00edm prispieva k <span class=\"s1\"><b>\u010disteniu p\u00f4dy<\/b><\/span> a jej zdrav\u00e9mu ekosyst\u00e9mu.<\/li>\n<\/ul>\n<h3 class=\"p4\"><b>Pre\u010do si vybra\u0165 pr\u00e1ve biochar?<\/b><b><\/b><\/h3>\n<ul>\n<li class=\"p2\"><b>Obsah uhl\u00edka a\u017e 90 %.<\/b><\/li>\n<li class=\"p2\"><b><\/b><span class=\"s1\"><b>Extr\u00e9mne vysok\u00e1 akt\u00edvna plocha \u2013 a\u017e 400 m\u00b2\/g<\/b><\/span>, \u010do je v\u00fdrazne viac ne\u017e pri be\u017en\u00fdch produktoch.<\/li>\n<\/ul>\n<p><span class=\"s2\">Tento pr\u00edrodn\u00fd materi\u00e1l <\/span><b>nie je be\u017en\u00e9 hnojivo<\/b><span class=\"s2\">, ale <\/span><b>vysoko \u00fa\u010dinn\u00e1 p\u00f4dna zlo\u017eka<\/b><span class=\"s2\"> s\u00a0<strong>unik\u00e1tnym zlo\u017een\u00edm.<\/strong><\/span><\/p>\n<h3 class=\"p1\"><b>Certifik\u00e1cia a ekologick\u00e1 udr\u017eate\u013enos\u0165<\/b><b><\/b><\/h3>\n<ul>\n<li class=\"p3\"><b>Certifikovan\u00e9<\/b><span class=\"s1\"> na pou\u017eitie v ekologickej produkcii v s\u00falade s <\/span><b>Nariaden\u00edm Eur\u00f3pskeho parlamentu a Rady (E\u00da) 2018\/848<\/b><span class=\"s1\">.<\/span><\/li>\n<li class=\"p4\"><span class=\"s2\"><b>V p\u00f4de vydr\u017e\u00ed desiatky a\u017e stovky rokov<\/b><\/span>, nie je nutn\u00e9 ho pravidelne obnovova\u0165.<\/li>\n<li class=\"p4\"><span class=\"s2\"><b>Zni\u017euje uhl\u00edkov\u00fa stopu<\/b><\/span> a prispieva k udr\u017eate\u013en\u00e9mu pestovaniu rastl\u00edn.<\/li>\n<\/ul>\n<p><iframe loading=\"lazy\" title=\"YouTube video player\" src=\"https:\/\/www.youtube.com\/embed\/0v6Eu6p1vtI?si=uF_hljxETGISlRQQ\" width=\"560\" height=\"315\" frameborder=\"0\" allowfullscreen=\"allowfullscreen\"><\/iframe><\/p>\n","protected":false},"excerpt":{"rendered":"<p class=\"p1\">Biochatar, Biouhel je synonymum pre <span class=\"s1\"><b>pr\u00edrodn\u00fd produkt<\/b><\/span>, ktor\u00fd v pr\u00edrode vznik\u00e1 <span class=\"s1\"><b>prirodzene pri lesn\u00fdch po\u017eiaroch<\/b><\/span> a m\u00e1 unik\u00e1tnu schopnos\u0165 zlep\u0161ova\u0165 vlastnosti p\u00f4dy.<b> <\/b><\/p>\n<p class=\"p1\"><span class=\"s1\"><b>Produkt Biochar vznik\u00e1 ako ved\u013eaj\u0161\u00ed produkt akt\u00edvnej pyrol\u00fdznej elektr\u00e1rne<\/b><\/span>, \u010do zais\u0165uje <span class=\"s1\"><b>\u010dist\u00fd, ekologick\u00fd a vysoko kvalitn\u00fd<\/b><\/span> zdroj bez ak\u00fdchko\u013evek chemick\u00fdch pr\u00edsad.<\/p>\n<h3 class=\"p3\"><b>Biochar pre izbov\u00e9 rastliny <\/b>je omnoho viac ne\u017e len<b> hnojivo<\/b><\/h3>\n<ul>\n<li class=\"p5\">\u017diviny v p\u00f4de sa <span class=\"s1\"><b>navia\u017eu na Biochar<\/b><\/span>, \u010d\u00edm zabra\u0148uj\u00fa ich strate pri vysychan\u00ed \u010di vyplaven\u00ed.<\/li>\n<li class=\"p5\">Voda a organick\u00e9 \u017eiviny sa postupne <span class=\"s1\"><b>uvo\u013e\u0148uj\u00fa pod\u013ea potreby rastl\u00edn<\/b><\/span>, bez chemik\u00e1li\u00ed.<\/li>\n<li class=\"p5\"><span class=\"s1\"><b>Jednorazov\u00e1 aplik\u00e1cia<\/b><\/span> \u2013 biochar v p\u00f4de zost\u00e1va <span class=\"s1\"><b>nav\u017edy<\/b><\/span> a nie je potrebn\u00e9 ho obnovova\u0165.<\/li>\n<li class=\"p6\"><b>Dlhodobo vylep\u0161uje \u0161trukt\u00faru p\u00f4dy<\/b><span class=\"s2\"> a pom\u00e1ha jej udr\u017ea\u0165 si kvalitu.<\/span><\/li>\n<\/ul>\n<p><span class=\"s2\">Biochar <\/span><b>nie je hnojivo<\/b><span class=\"s2\">, ale <\/span><b>dokonal\u00fd pomocn\u00edk pre zdrav\u00fd rast rastl\u00edn<\/b><span class=\"s2\">. V\u010faka svojej <\/span><b>obrovskej akt\u00edvnej ploche<\/b><span class=\"s2\"> (viac ne\u017e <\/span><b>360 m\u00b2 na 1 g biocharu<\/b><span class=\"s2\">) vytv\u00e1ra <\/span><b>optim\u00e1lne prostredie pre \u017eivot prospe\u0161n\u00fdch mikroorganizmov<\/b><span class=\"s2\">.<\/span><\/p>\n<h2 class=\"p1\">Ak\u00e9 v\u00fdhody prin\u00e1\u0161a biochar rastlin\u00e1m?<\/h2>\n<p class=\"p1\"><span class=\"s1\">\u2705 <\/span><b>Zlep\u0161uje \u0161trukt\u00faru p\u00f4dy:\u00a0<\/b><b><\/b>Pom\u00e1ha prevzdu\u0161ni\u0165 p\u00f4du, u\u013eah\u010duje prienik <span class=\"s2\"><b>vzduchu, vody a \u017eiv\u00edn<\/b><\/span> ku kore\u0148om rastl\u00edn, \u010do zabezpe\u010duje ich lep\u0161\u00ed rast.<\/p>\n<p class=\"p1\"><span class=\"s1\">\u2705 <\/span><b>Zadr\u017eiava vodu: <\/b><b><\/b>V\u010faka svojej p\u00f3rovitej \u0161trukt\u00fare biochar <span class=\"s2\"><b>efekt\u00edvne udr\u017eiava vlhkos\u0165<\/b><\/span> a pom\u00e1ha rastlin\u00e1m pre\u017ei\u0165 such\u0161ie obdobie. Z\u00e1rove\u0148 zabra\u0148uje premokreniu p\u00f4dy.<\/p>\n<p class=\"p1\"><span class=\"s1\">\u2705 <\/span><b>Chr\u00e1ni pred ples\u0148ami a hnilobou: <\/b><b><\/b>Biochar <span class=\"s2\"><b>absorbuje nadbyto\u010dn\u00fa vlhkos\u0165<\/b><\/span> a t\u00fdm obmedzuje rozvoj \u0161kodliv\u00fdch plesn\u00ed a hnilobn\u00fdch procesov.<\/p>\n<p class=\"p1\"><span class=\"s1\">\u2705 <\/span><b>Podporuje p\u00f4dne mikroorganizmy: <\/b><b><\/b>Vytv\u00e1ra ide\u00e1lne podmienky pre <span class=\"s2\"><b>prospe\u0161n\u00e9 p\u00f4dne bakt\u00e9rie<\/b><\/span>, ktor\u00e9 podporuj\u00fa zdrav\u00fd v\u00fdvoj rastl\u00edn.<\/p>\n<p class=\"p1\"><span class=\"s1\">\u2705 <\/span><b>Via\u017ee na seba \u0161kodliviny: <\/b><b><\/b>Absorbuje <span class=\"s2\"><b>tox\u00edny, \u0165a\u017ek\u00e9 kovy a chemick\u00e9 l\u00e1tky<\/b><\/span> v p\u00f4de a chr\u00e1ni tak rastliny pred ich negat\u00edvnym vplyvom.<\/p>\n<p class=\"p1\"><span class=\"s1\">\u2705 <\/span><b>Zni\u017euje potrebu chemick\u00fdch hnoj\u00edv: <\/b><b><\/b>Zadr\u017eiava \u017eiviny v p\u00f4de a <span class=\"s2\"><b>eliminuje nutnos\u0165 pou\u017e\u00edvania umel\u00fdch hnoj\u00edv<\/b><\/span>, \u010do prospieva nielen rastlin\u00e1m, ale aj \u017eivotn\u00e9mu prostrediu.<\/p>\n<p class=\"p1\"><span class=\"s1\">\u2705 <\/span><b>Ekologicky \u010dist\u00fd a bezpe\u010dn\u00fd produkt: <\/b><b><\/b><span class=\"s1\">Biochar je <\/span><b>100 % pr\u00edrodn\u00fd<\/b><span class=\"s1\">, neobsahuje \u017eiadne chemick\u00e9 pr\u00edsady a je bezpe\u010dn\u00fd pre <\/span><b>dlhodob\u00e9 pou\u017eitie<\/b><span class=\"s1\">. <\/span><b>Ka\u017ed\u00fd 1 kg biocharu zni\u017euje uhl\u00edkov\u00fa stopu o 2,7 kg CO\u2082<\/b><span class=\"s1\">.<\/span><\/p>\n<h3 class=\"p1\"><b>Odpor\u00fa\u010dan\u00e9 pou\u017eitie<\/b><b><\/b><\/h3>\n<p class=\"p1\">Pre <span class=\"s1\"><b>optim\u00e1lne v\u00fdsledky<\/b><\/span> odpor\u00fa\u010dame zmie\u0161a\u0165 biochar so substr\u00e1tom, zeminou alebo kompostom v <span class=\"s1\"><b>pomere 1:9<\/b><\/span>. T\u00e1to zmes je ide\u00e1lna na:<\/p>\n<ul>\n<li class=\"p2\"><strong>zakladanie<\/strong> nov\u00fdch z\u00e1honov,<b><\/b><\/li>\n<li class=\"p2\"><span class=\"s2\"><strong>z<\/strong><\/span><b>lep\u0161enie kvality p\u00f4dy <\/b>v z\u00e1hrade,<b><\/b><\/li>\n<li class=\"p2\"><span class=\"s2\"><strong>p<\/strong><\/span><b>estovanie rastl\u00edn <\/b>v kvetin\u00e1\u010doch.<\/li>\n<\/ul>\n<p><b>Doprajte svojim rastlin\u00e1m dlhodob\u00fa starostlivos\u0165 s biocharom \u2013 prirodzenou cestou k zdrav\u0161ej p\u00f4de!<\/b><\/p>\n","protected":false},"featured_media":14484,"comment_status":"open","ping_status":"closed","template":"","meta":{"_acf_changed":false},"product_brand":[],"product_cat":[345],"product_tag":[],"class_list":{"0":"post-14577","1":"product","2":"type-product","3":"status-publish","4":"has-post-thumbnail","6":"product_cat-aktivne-uhlie-pre-rastliny-sk","8":"first","9":"instock","10":"taxable","11":"shipping-taxable","12":"purchasable","13":"product-type-simple"},"supplier_id":null,"supplier_sku":"","barcode":null,"atum_controlled":true,"out_stock_date":null,"out_stock_threshold":null,"inheritable":false,"inbound_stock":0,"stock_on_hold":0,"sold_today":0,"sales_last_days":0,"reserved_stock":0,"customer_returns":0,"warehouse_damage":0,"lost_in_post":0,"other_logs":0,"out_stock_days":0,"lost_sales":0,"has_location":false,"update_date":"2026-05-01T03:36:13","atum_locations":[],"atum_stock_status":"instock","restock_status":false,"low_stock_amount":"","sales_update_date":"2026-05-01T03:36:13","calc_backorders":null,"acf":[],"yoast_head":"<!-- This site is optimized with the Yoast SEO plugin v27.2 - https:\/\/yoast.com\/product\/yoast-seo-wordpress\/ -->\n<title>Biochar - Akt\u00edvne uhlie pre rastliny - Binchio<\/title>\n<meta name=\"description\" content=\"Objavte silu pr\u00edrodn\u00e9ho biocharu \u2013 akt\u00edvneho uhlia pre rastliny. Zlep\u0161\u00ed p\u00f4du, zadr\u017e\u00ed vodu, podpor\u00ed mikroorganizmy. Tento pr\u00edrodn\u00fd materi\u00e1l nie je be\u017en\u00e9 hnojivo, ale vysoko \u00fa\u010dinn\u00e1 p\u00f4dna zlo\u017eka s\u00a0unik\u00e1tnym zlo\u017een\u00edm.\" \/>\n<meta name=\"robots\" content=\"index, follow, max-snippet:-1, max-image-preview:large, max-video-preview:-1\" \/>\n<link rel=\"canonical\" href=\"https:\/\/binchio.com\/sk\/produkt\/aktivni-uhli-pre-rostliny\/\" \/>\n<meta property=\"og:locale\" content=\"sk_SK\" \/>\n<meta property=\"og:type\" content=\"article\" \/>\n<meta property=\"og:title\" content=\"Biochar - Akt\u00edvne uhlie pre rastliny - Binchio\" \/>\n<meta property=\"og:description\" content=\"Objavte silu pr\u00edrodn\u00e9ho biocharu \u2013 akt\u00edvneho uhlia pre rastliny. Zlep\u0161\u00ed p\u00f4du, zadr\u017e\u00ed vodu, podpor\u00ed mikroorganizmy. Tento pr\u00edrodn\u00fd materi\u00e1l nie je be\u017en\u00e9 hnojivo, ale vysoko \u00fa\u010dinn\u00e1 p\u00f4dna zlo\u017eka s\u00a0unik\u00e1tnym zlo\u017een\u00edm.\" \/>\n<meta property=\"og:url\" content=\"https:\/\/binchio.com\/sk\/produkt\/aktivni-uhli-pre-rostliny\/\" \/>\n<meta property=\"og:site_name\" content=\"Binchio\" \/>\n<meta property=\"article:publisher\" content=\"https:\/\/www.facebook.com\/binchiouhli\/\" \/>\n<meta property=\"article:modified_time\" content=\"2026-02-03T19:17:03+00:00\" \/>\n<meta property=\"og:image\" content=\"https:\/\/binchio.com\/wp-content\/uploads\/2025\/03\/biochar-aktivni-biouhel-organicky-pudni-doplnek-1l.webp\" \/>\n\t<meta property=\"og:image:width\" content=\"1024\" \/>\n\t<meta property=\"og:image:height\" content=\"1024\" \/>\n\t<meta property=\"og:image:type\" content=\"image\/webp\" \/>\n<meta name=\"twitter:card\" content=\"summary_large_image\" \/>\n<meta name=\"twitter:label1\" content=\"Predpokladan\u00fd \u010das \u010d\u00edtania\" \/>\n\t<meta name=\"twitter:data1\" content=\"2 min\u00faty\" \/>\n<script type=\"application\/ld+json\" class=\"yoast-schema-graph\">{\"@context\":\"https:\/\/schema.org\",\"@graph\":[{\"@type\":\"WebPage\",\"@id\":\"https:\/\/binchio.com\/sk\/produkt\/aktivni-uhli-pre-rostliny\/\",\"url\":\"https:\/\/binchio.com\/sk\/produkt\/aktivni-uhli-pre-rostliny\/\",\"name\":\"Biochar - Akt\u00edvne uhlie pre rastliny - Binchio\",\"isPartOf\":{\"@id\":\"https:\/\/binchio.com\/#website\"},\"primaryImageOfPage\":{\"@id\":\"https:\/\/binchio.com\/sk\/produkt\/aktivni-uhli-pre-rostliny\/#primaryimage\"},\"image\":{\"@id\":\"https:\/\/binchio.com\/sk\/produkt\/aktivni-uhli-pre-rostliny\/#primaryimage\"},\"thumbnailUrl\":\"https:\/\/binchio.com\/wp-content\/uploads\/2025\/03\/biochar-aktivni-biouhel-organicky-pudni-doplnek-1l.webp\",\"datePublished\":\"2025-03-23T21:32:09+00:00\",\"dateModified\":\"2026-02-03T19:17:03+00:00\",\"description\":\"Objavte silu pr\u00edrodn\u00e9ho biocharu \u2013 akt\u00edvneho uhlia pre rastliny. Zlep\u0161\u00ed p\u00f4du, zadr\u017e\u00ed vodu, podpor\u00ed mikroorganizmy. Tento pr\u00edrodn\u00fd materi\u00e1l nie je be\u017en\u00e9 hnojivo, ale vysoko \u00fa\u010dinn\u00e1 p\u00f4dna zlo\u017eka s\u00a0unik\u00e1tnym zlo\u017een\u00edm.\",\"breadcrumb\":{\"@id\":\"https:\/\/binchio.com\/sk\/produkt\/aktivni-uhli-pre-rostliny\/#breadcrumb\"},\"inLanguage\":\"sk-SK\",\"potentialAction\":[{\"@type\":\"ReadAction\",\"target\":[\"https:\/\/binchio.com\/sk\/produkt\/aktivni-uhli-pre-rostliny\/\"]}]},{\"@type\":\"ImageObject\",\"inLanguage\":\"sk-SK\",\"@id\":\"https:\/\/binchio.com\/sk\/produkt\/aktivni-uhli-pre-rostliny\/#primaryimage\",\"url\":\"https:\/\/binchio.com\/wp-content\/uploads\/2025\/03\/biochar-aktivni-biouhel-organicky-pudni-doplnek-1l.webp\",\"contentUrl\":\"https:\/\/binchio.com\/wp-content\/uploads\/2025\/03\/biochar-aktivni-biouhel-organicky-pudni-doplnek-1l.webp\",\"width\":1024,\"height\":1024,\"caption\":\"Biochar aktivn\u00ed biouhel 1L \u2013 organick\u00fd p\u016fdn\u00ed dopln\u011bk pro zlep\u0161en\u00ed kvality p\u016fdy a r\u016fst rostlin\"},{\"@type\":\"BreadcrumbList\",\"@id\":\"https:\/\/binchio.com\/sk\/produkt\/aktivni-uhli-pre-rostliny\/#breadcrumb\",\"itemListElement\":[{\"@type\":\"ListItem\",\"position\":1,\"name\":\"Home\",\"item\":\"https:\/\/binchio.com\/sk\/\"},{\"@type\":\"ListItem\",\"position\":2,\"name\":\"Obchod (woo &#8211; redirected)\",\"item\":\"https:\/\/binchio.com\/sk\/obchod-woo\/\"},{\"@type\":\"ListItem\",\"position\":3,\"name\":\"Biochar &#8211; Akt\u00edvne uhlie pre rastliny\"}]},{\"@type\":\"WebSite\",\"@id\":\"https:\/\/binchio.com\/#website\",\"url\":\"https:\/\/binchio.com\/\",\"name\":\"Binchio\",\"description\":\"100% p\u0159\u00edrodn\u00ed filtrace vody pomoc\u00ed aktivn\u00edho filtra\u010dn\u00edho uhl\u00ed binchotan\",\"publisher\":{\"@id\":\"https:\/\/binchio.com\/#organization\"},\"potentialAction\":[{\"@type\":\"SearchAction\",\"target\":{\"@type\":\"EntryPoint\",\"urlTemplate\":\"https:\/\/binchio.com\/?s={search_term_string}\"},\"query-input\":{\"@type\":\"PropertyValueSpecification\",\"valueRequired\":true,\"valueName\":\"search_term_string\"}}],\"inLanguage\":\"sk-SK\"},{\"@type\":\"Organization\",\"@id\":\"https:\/\/binchio.com\/#organization\",\"name\":\"Binchio\",\"url\":\"https:\/\/binchio.com\/\",\"logo\":{\"@type\":\"ImageObject\",\"inLanguage\":\"sk-SK\",\"@id\":\"https:\/\/binchio.com\/#\/schema\/logo\/image\/\",\"url\":\"https:\/\/binchio.com\/wp-content\/uploads\/2020\/07\/binchio-logo.svg\",\"contentUrl\":\"https:\/\/binchio.com\/wp-content\/uploads\/2020\/07\/binchio-logo.svg\",\"width\":200,\"height\":430,\"caption\":\"Binchio\"},\"image\":{\"@id\":\"https:\/\/binchio.com\/#\/schema\/logo\/image\/\"},\"sameAs\":[\"https:\/\/www.facebook.com\/binchiouhli\/\",\"https:\/\/www.instagram.com\/milan_suchy\"]}]}<\/script>\n<!-- \/ Yoast SEO plugin. -->","yoast_head_json":{"title":"Biochar - Akt\u00edvne uhlie pre rastliny - Binchio","description":"Objavte silu pr\u00edrodn\u00e9ho biocharu \u2013 akt\u00edvneho uhlia pre rastliny. Zlep\u0161\u00ed p\u00f4du, zadr\u017e\u00ed vodu, podpor\u00ed mikroorganizmy. Tento pr\u00edrodn\u00fd materi\u00e1l nie je be\u017en\u00e9 hnojivo, ale vysoko \u00fa\u010dinn\u00e1 p\u00f4dna zlo\u017eka s\u00a0unik\u00e1tnym zlo\u017een\u00edm.","robots":{"index":"index","follow":"follow","max-snippet":"max-snippet:-1","max-image-preview":"max-image-preview:large","max-video-preview":"max-video-preview:-1"},"canonical":"https:\/\/binchio.com\/sk\/produkt\/aktivni-uhli-pre-rostliny\/","og_locale":"sk_SK","og_type":"article","og_title":"Biochar - Akt\u00edvne uhlie pre rastliny - Binchio","og_description":"Objavte silu pr\u00edrodn\u00e9ho biocharu \u2013 akt\u00edvneho uhlia pre rastliny. Zlep\u0161\u00ed p\u00f4du, zadr\u017e\u00ed vodu, podpor\u00ed mikroorganizmy. Tento pr\u00edrodn\u00fd materi\u00e1l nie je be\u017en\u00e9 hnojivo, ale vysoko \u00fa\u010dinn\u00e1 p\u00f4dna zlo\u017eka s\u00a0unik\u00e1tnym zlo\u017een\u00edm.","og_url":"https:\/\/binchio.com\/sk\/produkt\/aktivni-uhli-pre-rostliny\/","og_site_name":"Binchio","article_publisher":"https:\/\/www.facebook.com\/binchiouhli\/","article_modified_time":"2026-02-03T19:17:03+00:00","og_image":[{"width":1024,"height":1024,"url":"https:\/\/binchio.com\/wp-content\/uploads\/2025\/03\/biochar-aktivni-biouhel-organicky-pudni-doplnek-1l.webp","type":"image\/webp"}],"twitter_card":"summary_large_image","twitter_misc":{"Predpokladan\u00fd \u010das \u010d\u00edtania":"2 min\u00faty"},"schema":{"@context":"https:\/\/schema.org","@graph":[{"@type":"WebPage","@id":"https:\/\/binchio.com\/sk\/produkt\/aktivni-uhli-pre-rostliny\/","url":"https:\/\/binchio.com\/sk\/produkt\/aktivni-uhli-pre-rostliny\/","name":"Biochar - Akt\u00edvne uhlie pre rastliny - Binchio","isPartOf":{"@id":"https:\/\/binchio.com\/#website"},"primaryImageOfPage":{"@id":"https:\/\/binchio.com\/sk\/produkt\/aktivni-uhli-pre-rostliny\/#primaryimage"},"image":{"@id":"https:\/\/binchio.com\/sk\/produkt\/aktivni-uhli-pre-rostliny\/#primaryimage"},"thumbnailUrl":"https:\/\/binchio.com\/wp-content\/uploads\/2025\/03\/biochar-aktivni-biouhel-organicky-pudni-doplnek-1l.webp","datePublished":"2025-03-23T21:32:09+00:00","dateModified":"2026-02-03T19:17:03+00:00","description":"Objavte silu pr\u00edrodn\u00e9ho biocharu \u2013 akt\u00edvneho uhlia pre rastliny. Zlep\u0161\u00ed p\u00f4du, zadr\u017e\u00ed vodu, podpor\u00ed mikroorganizmy. Tento pr\u00edrodn\u00fd materi\u00e1l nie je be\u017en\u00e9 hnojivo, ale vysoko \u00fa\u010dinn\u00e1 p\u00f4dna zlo\u017eka s\u00a0unik\u00e1tnym zlo\u017een\u00edm.","breadcrumb":{"@id":"https:\/\/binchio.com\/sk\/produkt\/aktivni-uhli-pre-rostliny\/#breadcrumb"},"inLanguage":"sk-SK","potentialAction":[{"@type":"ReadAction","target":["https:\/\/binchio.com\/sk\/produkt\/aktivni-uhli-pre-rostliny\/"]}]},{"@type":"ImageObject","inLanguage":"sk-SK","@id":"https:\/\/binchio.com\/sk\/produkt\/aktivni-uhli-pre-rostliny\/#primaryimage","url":"https:\/\/binchio.com\/wp-content\/uploads\/2025\/03\/biochar-aktivni-biouhel-organicky-pudni-doplnek-1l.webp","contentUrl":"https:\/\/binchio.com\/wp-content\/uploads\/2025\/03\/biochar-aktivni-biouhel-organicky-pudni-doplnek-1l.webp","width":1024,"height":1024,"caption":"Biochar aktivn\u00ed biouhel 1L \u2013 organick\u00fd p\u016fdn\u00ed dopln\u011bk pro zlep\u0161en\u00ed kvality p\u016fdy a r\u016fst rostlin"},{"@type":"BreadcrumbList","@id":"https:\/\/binchio.com\/sk\/produkt\/aktivni-uhli-pre-rostliny\/#breadcrumb","itemListElement":[{"@type":"ListItem","position":1,"name":"Home","item":"https:\/\/binchio.com\/sk\/"},{"@type":"ListItem","position":2,"name":"Obchod (woo &#8211; redirected)","item":"https:\/\/binchio.com\/sk\/obchod-woo\/"},{"@type":"ListItem","position":3,"name":"Biochar &#8211; Akt\u00edvne uhlie pre rastliny"}]},{"@type":"WebSite","@id":"https:\/\/binchio.com\/#website","url":"https:\/\/binchio.com\/","name":"Binchio","description":"100% p\u0159\u00edrodn\u00ed filtrace vody pomoc\u00ed aktivn\u00edho filtra\u010dn\u00edho uhl\u00ed binchotan","publisher":{"@id":"https:\/\/binchio.com\/#organization"},"potentialAction":[{"@type":"SearchAction","target":{"@type":"EntryPoint","urlTemplate":"https:\/\/binchio.com\/?s={search_term_string}"},"query-input":{"@type":"PropertyValueSpecification","valueRequired":true,"valueName":"search_term_string"}}],"inLanguage":"sk-SK"},{"@type":"Organization","@id":"https:\/\/binchio.com\/#organization","name":"Binchio","url":"https:\/\/binchio.com\/","logo":{"@type":"ImageObject","inLanguage":"sk-SK","@id":"https:\/\/binchio.com\/#\/schema\/logo\/image\/","url":"https:\/\/binchio.com\/wp-content\/uploads\/2020\/07\/binchio-logo.svg","contentUrl":"https:\/\/binchio.com\/wp-content\/uploads\/2020\/07\/binchio-logo.svg","width":200,"height":430,"caption":"Binchio"},"image":{"@id":"https:\/\/binchio.com\/#\/schema\/logo\/image\/"},"sameAs":["https:\/\/www.facebook.com\/binchiouhli\/","https:\/\/www.instagram.com\/milan_suchy"]}]}},"_links":{"self":[{"href":"https:\/\/binchio.com\/sk\/wp-json\/wp\/v2\/product\/14577","targetHints":{"allow":["GET"]}}],"collection":[{"href":"https:\/\/binchio.com\/sk\/wp-json\/wp\/v2\/product"}],"about":[{"href":"https:\/\/binchio.com\/sk\/wp-json\/wp\/v2\/types\/product"}],"replies":[{"embeddable":true,"href":"https:\/\/binchio.com\/sk\/wp-json\/wp\/v2\/comments?post=14577"}],"wp:featuredmedia":[{"embeddable":true,"href":"https:\/\/binchio.com\/sk\/wp-json\/wp\/v2\/media\/14484"}],"wp:attachment":[{"href":"https:\/\/binchio.com\/sk\/wp-json\/wp\/v2\/media?parent=14577"}],"wp:term":[{"taxonomy":"product_brand","embeddable":true,"href":"https:\/\/binchio.com\/sk\/wp-json\/wp\/v2\/product_brand?post=14577"},{"taxonomy":"product_cat","embeddable":true,"href":"https:\/\/binchio.com\/sk\/wp-json\/wp\/v2\/product_cat?post=14577"},{"taxonomy":"product_tag","embeddable":true,"href":"https:\/\/binchio.com\/sk\/wp-json\/wp\/v2\/product_tag?post=14577"}],"curies":[{"name":"wp","href":"https:\/\/api.w.org\/{rel}","templated":true}]}}