{"id":13253,"date":"2024-02-05T11:37:47","date_gmt":"2024-02-05T10:37:47","guid":{"rendered":"https:\/\/binchio.websy.sk\/?post_type=product&#038;p=13253"},"modified":"2026-03-06T22:54:04","modified_gmt":"2026-03-06T21:54:04","slug":"bio-napoj-matcha-latte","status":"publish","type":"product","link":"https:\/\/binchio.com\/sk\/produkt\/bio-napoj-matcha-latte\/","title":{"rendered":"Bio n\u00e1poj Matcha Latte"},"content":{"rendered":"<p><strong>Zlo\u017eenie<\/strong><br \/>\nBio kokosov\u00fd pr\u00e1\u0161ok (65 %), Bio japonsk\u00e1 matcha (25 %), Bio kokosov\u00fd cukor (10 %)<\/p>\n<p><strong>Pou\u017eit\u00ed<\/strong><\/p>\n<ol>\n<li>Tradi\u010dn\u00ed cesta: Oh\u0159ejte ml\u00e9ko a p\u0159idejte 2 l\u017ei\u010dky latte, prom\u00edchejte a m\u00e1te hotovo!<\/li>\n<li>Rychl\u00e1 volba: Pou\u017eijte latte mix, p\u0159idejte horkou vodu a prom\u00edchejte.<\/li>\n<li>Vegansk\u00e1 alternativa: Kombinujte rostlinn\u00e9 ml\u00e9ko s latte mixem pro dokonalou veganskou verzi.<\/li>\n<\/ol>\n<p><strong>Pou\u017eitie<\/strong><\/p>\n<ol>\n<li>Tradi\u010dn\u00e1 cesta: Ohrejte mlieko a pridajte 2 ly\u017ei\u010dky latte, premie\u0161ajte a m\u00e1te hotovo!<\/li>\n<li>R\u00fdchla vo\u013eba: Pou\u017eite latte mix, pridajte hor\u00facu vodu a premie\u0161ajte.<\/li>\n<li>Veg\u00e1nska alternat\u00edva: Kombinujte rastlinn\u00e9 mlieko s latte mixom pre dokonal\u00fa veg\u00e1nsku verziu.<\/li>\n<\/ol>\n<p><strong>Parametre<\/strong><\/p>\n<p><strong>Vlastnosti:<\/strong> Detoxikuje, Dod\u00e1 energiu, Zlep\u0161uje koncentr\u00e1ciu a v\u00fdkon, Spoma\u013euje starnutie, Zni\u017euje LDL cholesterol<br \/>\n<strong>Zlo\u017eenie:<\/strong> Su\u0161en\u00e9 Bio kokosov\u00e9 mlieko, Bio kokosov\u00fd cukor, Bio japonsk\u00e1 matcha<br \/>\n<strong>P\u00f4vod zlo\u017eiek<\/strong>: Filip\u00edny, Japonsko<br \/>\n<strong>Pou\u017eitie:<\/strong> 7 chutn\u00fdch \u0161\u00e1lok z 1 balenia<br \/>\n<strong>Balenie<\/strong> 70 g<\/p>\n<p><strong>Viete, \u017ee:<\/strong><\/p>\n<ul>\n<li>matcha je typ zelen\u00e9ho \u010daju, ktor\u00fd je 137-kr\u00e1t silnej\u0161\u00ed ako be\u017en\u00fd \u010daj;<\/li>\n<li>100% Bio zmes matchy a naj\u010distej\u0161ieho kokosov\u00e9ho pr\u00e1\u0161ku osladen\u00e1 \u0161tipkou kokosov\u00e9ho cukru v\u00e1m r\u00e1no vyk\u00fazli \u00fasmev na tv\u00e1ri;<\/li>\n<li>jedna \u0161\u00e1lka obsahuje 50 mg kofe\u00ednu, ktor\u00fd sa uvo\u013e\u0148uje postupne a t\u00fdm v\u00e1m dod\u00e1 stabilnej\u0161iu energiu.<\/li>\n<\/ul>\n","protected":false},"excerpt":{"rendered":"<p>Objavte zdrav\u00fd n\u00e1poj pln\u00fd \u017eivota a pohody, o\u017eivuj\u00faci va\u0161u rutinu svie\u017eou chu\u0165ou a vitalitou.<\/p>\n<ul>\n<li>Dod\u00e1va energiu,<\/li>\n<li>spoma\u013euje starnutie,<\/li>\n<li>zni\u017euje LDL cholesterol,<\/li>\n<li>pom\u00e1ha pri chudnut\u00ed a detoxikuje,<\/li>\n<li>podporuje myse\u013e.<\/li>\n<\/ul>\n","protected":false},"featured_media":13244,"comment_status":"open","ping_status":"closed","template":"","meta":{"_acf_changed":false},"product_brand":[],"product_cat":[303],"product_tag":[306],"class_list":{"0":"post-13253","1":"product","2":"type-product","3":"status-publish","4":"has-post-thumbnail","6":"product_cat-latte-napoje-sk","7":"product_tag-matcha-latte-sk","9":"first","10":"instock","11":"taxable","12":"shipping-taxable","13":"purchasable","14":"product-type-simple"},"supplier_id":null,"supplier_sku":"","barcode":null,"atum_controlled":true,"out_stock_date":null,"out_stock_threshold":null,"inheritable":false,"inbound_stock":0,"stock_on_hold":0,"sold_today":0,"sales_last_days":0,"reserved_stock":0,"customer_returns":0,"warehouse_damage":0,"lost_in_post":0,"other_logs":0,"out_stock_days":0,"lost_sales":0,"has_location":false,"update_date":"2026-04-25T03:00:37","atum_locations":[],"atum_stock_status":"instock","restock_status":false,"low_stock_amount":"","sales_update_date":"2026-04-25T03:00:37","calc_backorders":null,"acf":[],"yoast_head":"<!-- This site is optimized with the Yoast SEO plugin v27.2 - https:\/\/yoast.com\/product\/yoast-seo-wordpress\/ -->\n<title>Bio n\u00e1poj Matcha Latte - Binchio<\/title>\n<meta name=\"description\" content=\"Objavte Matcha Latte, zdrav\u00fd n\u00e1poj pln\u00fd \u017eivota a pohody, o\u017eivuj\u00faci va\u0161u rutinu svie\u017eou chu\u0165ou a vitalitou.\" \/>\n<meta name=\"robots\" content=\"index, follow, max-snippet:-1, max-image-preview:large, max-video-preview:-1\" \/>\n<link rel=\"canonical\" href=\"https:\/\/binchio.com\/produkt\/bio-napoj-matcha-latte\/\" \/>\n<meta property=\"og:locale\" content=\"sk_SK\" \/>\n<meta property=\"og:type\" content=\"article\" \/>\n<meta property=\"og:title\" content=\"Bio n\u00e1poj Matcha Latte - Binchio\" \/>\n<meta property=\"og:description\" content=\"Objavte Matcha Latte, zdrav\u00fd n\u00e1poj pln\u00fd \u017eivota a pohody, o\u017eivuj\u00faci va\u0161u rutinu svie\u017eou chu\u0165ou a vitalitou.\" \/>\n<meta property=\"og:url\" content=\"https:\/\/binchio.com\/produkt\/bio-napoj-matcha-latte\/\" \/>\n<meta property=\"og:site_name\" content=\"Binchio\" \/>\n<meta property=\"article:publisher\" content=\"https:\/\/www.facebook.com\/binchiouhli\/\" \/>\n<meta property=\"article:modified_time\" content=\"2026-03-06T21:54:04+00:00\" \/>\n<meta property=\"og:image\" content=\"https:\/\/binchio.com\/wp-content\/uploads\/2024\/02\/Matcha-latte.jpg\" \/>\n\t<meta property=\"og:image:width\" content=\"621\" \/>\n\t<meta property=\"og:image:height\" content=\"623\" \/>\n\t<meta property=\"og:image:type\" content=\"image\/jpeg\" \/>\n<meta name=\"twitter:card\" content=\"summary_large_image\" \/>\n<meta name=\"twitter:label1\" content=\"Predpokladan\u00fd \u010das \u010d\u00edtania\" \/>\n\t<meta name=\"twitter:data1\" content=\"2 min\u00faty\" \/>\n<script type=\"application\/ld+json\" class=\"yoast-schema-graph\">{\"@context\":\"https:\/\/schema.org\",\"@graph\":[{\"@type\":\"WebPage\",\"@id\":\"https:\/\/binchio.com\/produkt\/bio-napoj-matcha-latte\/\",\"url\":\"https:\/\/binchio.com\/produkt\/bio-napoj-matcha-latte\/\",\"name\":\"Bio n\u00e1poj Matcha Latte - Binchio\",\"isPartOf\":{\"@id\":\"https:\/\/binchio.com\/#website\"},\"primaryImageOfPage\":{\"@id\":\"https:\/\/binchio.com\/produkt\/bio-napoj-matcha-latte\/#primaryimage\"},\"image\":{\"@id\":\"https:\/\/binchio.com\/produkt\/bio-napoj-matcha-latte\/#primaryimage\"},\"thumbnailUrl\":\"https:\/\/binchio.com\/wp-content\/uploads\/2024\/02\/Matcha-latte.jpg\",\"datePublished\":\"2024-02-05T10:37:47+00:00\",\"dateModified\":\"2026-03-06T21:54:04+00:00\",\"description\":\"Objavte Matcha Latte, zdrav\u00fd n\u00e1poj pln\u00fd \u017eivota a pohody, o\u017eivuj\u00faci va\u0161u rutinu svie\u017eou chu\u0165ou a vitalitou.\",\"breadcrumb\":{\"@id\":\"https:\/\/binchio.com\/produkt\/bio-napoj-matcha-latte\/#breadcrumb\"},\"inLanguage\":\"sk-SK\",\"potentialAction\":[{\"@type\":\"ReadAction\",\"target\":[\"https:\/\/binchio.com\/produkt\/bio-napoj-matcha-latte\/\"]}]},{\"@type\":\"ImageObject\",\"inLanguage\":\"sk-SK\",\"@id\":\"https:\/\/binchio.com\/produkt\/bio-napoj-matcha-latte\/#primaryimage\",\"url\":\"https:\/\/binchio.com\/wp-content\/uploads\/2024\/02\/Matcha-latte.jpg\",\"contentUrl\":\"https:\/\/binchio.com\/wp-content\/uploads\/2024\/02\/Matcha-latte.jpg\",\"width\":621,\"height\":623},{\"@type\":\"BreadcrumbList\",\"@id\":\"https:\/\/binchio.com\/produkt\/bio-napoj-matcha-latte\/#breadcrumb\",\"itemListElement\":[{\"@type\":\"ListItem\",\"position\":1,\"name\":\"Home\",\"item\":\"https:\/\/binchio.com\/sk\/\"},{\"@type\":\"ListItem\",\"position\":2,\"name\":\"Obchod (woo &#8211; redirected)\",\"item\":\"https:\/\/binchio.com\/sk\/obchod-woo\/\"},{\"@type\":\"ListItem\",\"position\":3,\"name\":\"Bio n\u00e1poj Matcha Latte\"}]},{\"@type\":\"WebSite\",\"@id\":\"https:\/\/binchio.com\/#website\",\"url\":\"https:\/\/binchio.com\/\",\"name\":\"Binchio\",\"description\":\"100% p\u0159\u00edrodn\u00ed filtrace vody pomoc\u00ed aktivn\u00edho filtra\u010dn\u00edho uhl\u00ed binchotan\",\"publisher\":{\"@id\":\"https:\/\/binchio.com\/#organization\"},\"potentialAction\":[{\"@type\":\"SearchAction\",\"target\":{\"@type\":\"EntryPoint\",\"urlTemplate\":\"https:\/\/binchio.com\/?s={search_term_string}\"},\"query-input\":{\"@type\":\"PropertyValueSpecification\",\"valueRequired\":true,\"valueName\":\"search_term_string\"}}],\"inLanguage\":\"sk-SK\"},{\"@type\":\"Organization\",\"@id\":\"https:\/\/binchio.com\/#organization\",\"name\":\"Binchio\",\"url\":\"https:\/\/binchio.com\/\",\"logo\":{\"@type\":\"ImageObject\",\"inLanguage\":\"sk-SK\",\"@id\":\"https:\/\/binchio.com\/#\/schema\/logo\/image\/\",\"url\":\"https:\/\/binchio.com\/wp-content\/uploads\/2020\/07\/binchio-logo.svg\",\"contentUrl\":\"https:\/\/binchio.com\/wp-content\/uploads\/2020\/07\/binchio-logo.svg\",\"width\":200,\"height\":430,\"caption\":\"Binchio\"},\"image\":{\"@id\":\"https:\/\/binchio.com\/#\/schema\/logo\/image\/\"},\"sameAs\":[\"https:\/\/www.facebook.com\/binchiouhli\/\",\"https:\/\/www.instagram.com\/milan_suchy\"]}]}<\/script>\n<!-- \/ Yoast SEO plugin. -->","yoast_head_json":{"title":"Bio n\u00e1poj Matcha Latte - Binchio","description":"Objavte Matcha Latte, zdrav\u00fd n\u00e1poj pln\u00fd \u017eivota a pohody, o\u017eivuj\u00faci va\u0161u rutinu svie\u017eou chu\u0165ou a vitalitou.","robots":{"index":"index","follow":"follow","max-snippet":"max-snippet:-1","max-image-preview":"max-image-preview:large","max-video-preview":"max-video-preview:-1"},"canonical":"https:\/\/binchio.com\/produkt\/bio-napoj-matcha-latte\/","og_locale":"sk_SK","og_type":"article","og_title":"Bio n\u00e1poj Matcha Latte - Binchio","og_description":"Objavte Matcha Latte, zdrav\u00fd n\u00e1poj pln\u00fd \u017eivota a pohody, o\u017eivuj\u00faci va\u0161u rutinu svie\u017eou chu\u0165ou a vitalitou.","og_url":"https:\/\/binchio.com\/produkt\/bio-napoj-matcha-latte\/","og_site_name":"Binchio","article_publisher":"https:\/\/www.facebook.com\/binchiouhli\/","article_modified_time":"2026-03-06T21:54:04+00:00","og_image":[{"width":621,"height":623,"url":"https:\/\/binchio.com\/wp-content\/uploads\/2024\/02\/Matcha-latte.jpg","type":"image\/jpeg"}],"twitter_card":"summary_large_image","twitter_misc":{"Predpokladan\u00fd \u010das \u010d\u00edtania":"2 min\u00faty"},"schema":{"@context":"https:\/\/schema.org","@graph":[{"@type":"WebPage","@id":"https:\/\/binchio.com\/produkt\/bio-napoj-matcha-latte\/","url":"https:\/\/binchio.com\/produkt\/bio-napoj-matcha-latte\/","name":"Bio n\u00e1poj Matcha Latte - Binchio","isPartOf":{"@id":"https:\/\/binchio.com\/#website"},"primaryImageOfPage":{"@id":"https:\/\/binchio.com\/produkt\/bio-napoj-matcha-latte\/#primaryimage"},"image":{"@id":"https:\/\/binchio.com\/produkt\/bio-napoj-matcha-latte\/#primaryimage"},"thumbnailUrl":"https:\/\/binchio.com\/wp-content\/uploads\/2024\/02\/Matcha-latte.jpg","datePublished":"2024-02-05T10:37:47+00:00","dateModified":"2026-03-06T21:54:04+00:00","description":"Objavte Matcha Latte, zdrav\u00fd n\u00e1poj pln\u00fd \u017eivota a pohody, o\u017eivuj\u00faci va\u0161u rutinu svie\u017eou chu\u0165ou a vitalitou.","breadcrumb":{"@id":"https:\/\/binchio.com\/produkt\/bio-napoj-matcha-latte\/#breadcrumb"},"inLanguage":"sk-SK","potentialAction":[{"@type":"ReadAction","target":["https:\/\/binchio.com\/produkt\/bio-napoj-matcha-latte\/"]}]},{"@type":"ImageObject","inLanguage":"sk-SK","@id":"https:\/\/binchio.com\/produkt\/bio-napoj-matcha-latte\/#primaryimage","url":"https:\/\/binchio.com\/wp-content\/uploads\/2024\/02\/Matcha-latte.jpg","contentUrl":"https:\/\/binchio.com\/wp-content\/uploads\/2024\/02\/Matcha-latte.jpg","width":621,"height":623},{"@type":"BreadcrumbList","@id":"https:\/\/binchio.com\/produkt\/bio-napoj-matcha-latte\/#breadcrumb","itemListElement":[{"@type":"ListItem","position":1,"name":"Home","item":"https:\/\/binchio.com\/sk\/"},{"@type":"ListItem","position":2,"name":"Obchod (woo &#8211; redirected)","item":"https:\/\/binchio.com\/sk\/obchod-woo\/"},{"@type":"ListItem","position":3,"name":"Bio n\u00e1poj Matcha Latte"}]},{"@type":"WebSite","@id":"https:\/\/binchio.com\/#website","url":"https:\/\/binchio.com\/","name":"Binchio","description":"100% p\u0159\u00edrodn\u00ed filtrace vody pomoc\u00ed aktivn\u00edho filtra\u010dn\u00edho uhl\u00ed binchotan","publisher":{"@id":"https:\/\/binchio.com\/#organization"},"potentialAction":[{"@type":"SearchAction","target":{"@type":"EntryPoint","urlTemplate":"https:\/\/binchio.com\/?s={search_term_string}"},"query-input":{"@type":"PropertyValueSpecification","valueRequired":true,"valueName":"search_term_string"}}],"inLanguage":"sk-SK"},{"@type":"Organization","@id":"https:\/\/binchio.com\/#organization","name":"Binchio","url":"https:\/\/binchio.com\/","logo":{"@type":"ImageObject","inLanguage":"sk-SK","@id":"https:\/\/binchio.com\/#\/schema\/logo\/image\/","url":"https:\/\/binchio.com\/wp-content\/uploads\/2020\/07\/binchio-logo.svg","contentUrl":"https:\/\/binchio.com\/wp-content\/uploads\/2020\/07\/binchio-logo.svg","width":200,"height":430,"caption":"Binchio"},"image":{"@id":"https:\/\/binchio.com\/#\/schema\/logo\/image\/"},"sameAs":["https:\/\/www.facebook.com\/binchiouhli\/","https:\/\/www.instagram.com\/milan_suchy"]}]}},"_links":{"self":[{"href":"https:\/\/binchio.com\/sk\/wp-json\/wp\/v2\/product\/13253","targetHints":{"allow":["GET"]}}],"collection":[{"href":"https:\/\/binchio.com\/sk\/wp-json\/wp\/v2\/product"}],"about":[{"href":"https:\/\/binchio.com\/sk\/wp-json\/wp\/v2\/types\/product"}],"replies":[{"embeddable":true,"href":"https:\/\/binchio.com\/sk\/wp-json\/wp\/v2\/comments?post=13253"}],"wp:featuredmedia":[{"embeddable":true,"href":"https:\/\/binchio.com\/sk\/wp-json\/wp\/v2\/media\/13244"}],"wp:attachment":[{"href":"https:\/\/binchio.com\/sk\/wp-json\/wp\/v2\/media?parent=13253"}],"wp:term":[{"taxonomy":"product_brand","embeddable":true,"href":"https:\/\/binchio.com\/sk\/wp-json\/wp\/v2\/product_brand?post=13253"},{"taxonomy":"product_cat","embeddable":true,"href":"https:\/\/binchio.com\/sk\/wp-json\/wp\/v2\/product_cat?post=13253"},{"taxonomy":"product_tag","embeddable":true,"href":"https:\/\/binchio.com\/sk\/wp-json\/wp\/v2\/product_tag?post=13253"}],"curies":[{"name":"wp","href":"https:\/\/api.w.org\/{rel}","templated":true}]}}