{"id":12454,"date":"2023-05-09T23:38:12","date_gmt":"2023-05-09T21:38:12","guid":{"rendered":"https:\/\/binchio.websy.sk\/?post_type=product&#038;p=12454"},"modified":"2026-02-12T21:40:18","modified_gmt":"2026-02-12T20:40:18","slug":"binchio-prirodny-bambusovy-pohlcovac-pachov-s-aktivnym-uhlim-200g","status":"publish","type":"product","link":"https:\/\/binchio.com\/sk\/produkt\/binchio-prirodny-bambusovy-pohlcovac-pachov-s-aktivnym-uhlim-200g\/","title":{"rendered":"Binchio pr\u00edrodn\u00fd pohlcova\u010d pachov s akt\u00edvnym uhl\u00edm 200g"},"content":{"rendered":"<p>Aby sme si <strong>sami overili \u00fa\u010dinnos\u0165<\/strong> pohlcova\u010da pachov s akt\u00edvnym uhl\u00edm, <strong>vykonali sme<\/strong> zaslepen\u00fd <strong>test<\/strong>. Do <strong>dvoch identick\u00fdch<\/strong> a <strong>uzatv\u00e1rate\u013en\u00fdch<\/strong>, pribli\u017ene 8l n\u00e1dob, <strong>sme<\/strong> <strong>umiestnili v 7 kvapiek<\/strong> mentolov\u00e9ho <strong>esenci\u00e1lneho oleja<\/strong> a <strong>do jednej z nich sme pridali Binchio \u010disti\u010d vzduchu<\/strong>. Na druh\u00fd de\u0148 sme <strong>so zavret\u00fdmi o\u010dami<\/strong>, porovnali silu v\u00f4ne v jednotliv\u00fdch n\u00e1dob\u00e1ch (bez vedomosti o to, \u010di ide o n\u00e1dobu s \u010disti\u010dom alebo bez). N\u00e1doba <strong>s pohlcova\u010dom vo\u0148ala v\u00fdrazne menej<\/strong> ako ta bez neho. Dokonca n\u00e1doba bez umiestnen\u00e9ho pohlcova\u010da aj po 15tich min\u00fatach po otvoren\u00ed st\u00e1le vo\u0148ala v\u00fdraznej\u0161ie.<\/p>\n<p><iframe loading=\"lazy\" width=\"343\" height=\"609\" src=\"https:\/\/www.youtube.com\/embed\/_0TslSmwjTU\" title=\"Binchio -  pr\u00edrodn\u00fd pohlcova\u010d pachov a vlhkosti z akt\u00edvneho uhlia\" frameborder=\"0\" allow=\"accelerometer; autoplay; clipboard-write; encrypted-media; gyroscope; picture-in-picture; web-share\" referrerpolicy=\"strict-origin-when-cross-origin\" allowfullscreen><\/iframe>&nbsp;<\/p>\n<p>A ako vlastne pohlcova\u010de pachov s akt\u00edvnym uhl\u00edm funguj\u00fa? Pozrite si napr\u00edklad toto video.<\/p>\n<p><iframe loading=\"lazy\" title=\"12 Pack Bamboo Charcoal Air Purifying Bag, Activated Charcoal Bags Odor Absorber, Moisture A Reviews\" src=\"https:\/\/www.youtube.com\/embed\/84wfKzMLFKk\" width=\"1280\" height=\"720\" frameborder=\"0\" allowfullscreen=\"allowfullscreen\"><\/iframe><\/p>\n<table>\n<tbody>\n<tr>\n<th>Materi\u00e1l vrecka<\/th>\n<td>100% bavlna<\/td>\n<\/tr>\n<tr>\n<th>Materi\u00e1l v\u00fdplne<\/th>\n<td>100% bambusove akt\u00edvne uhlie<\/td>\n<\/tr>\n<tr>\n<th>V\u00e1ha<\/th>\n<td>200 g<\/td>\n<\/tr>\n<\/tbody>\n<\/table>\n<p>Rozhodnite sa pre <strong>alternat\u00edvu bez plastov<\/strong>! Tradi\u010dn\u00e9 osvie\u017eova\u010de vzduchu s\u00fa zvy\u010dajne vyroben\u00e9 \u010diasto\u010dne, ak nie \u00faplne, z plastu. \u0160t\u00fadia WWF zistila, \u017ee <strong>ka\u017ed\u00fd rok skon\u010d\u00ed v oce\u00e1noch 4,8 a\u017e 12,7 mili\u00f3na ton plastov. <\/strong>Na rie\u0161enie tohto probl\u00e9mu je <strong>d\u00f4le\u017eit\u00fd ka\u017ed\u00fd pr\u00edspevok<\/strong>, bez oh\u013eadu na to, ak\u00fd je ve\u013ek\u00fd. To zah\u0155\u0148a mal\u00e9 rozhodnutia, ako je napr\u00edklad aj <strong>v\u00fdber pohlcova\u010da pachov vzduchu bez plastov.<\/strong><\/p>\n","protected":false},"excerpt":{"rendered":"<p><span lang=\"sk\">Binchio<strong> pr\u00edrodn\u00fd bambusov\u00fd pohlcova\u010d pachov <\/strong>\u00a0s akt\u00edvnym uhl\u00edm <strong>absorbuje<\/strong> nepr\u00edjemn\u00e9 <strong>pachy<\/strong> zo vzduchu, ktor\u00fd d\u00fdchame, <strong>bez<\/strong> ak\u00fdchko\u013evek <strong>chemik\u00e1li\u00ed<\/strong> a ostatn\u00fdch pridan\u00fdch l\u00e1tok. V\u010faka schopnosti <strong>pohlcova\u0165 vlhkos\u0165<\/strong> udr\u017e\u00ed \u010disti\u010d vzduchu Va\u0161e oble\u010denie a top\u00e1nky <strong>v suchu<\/strong>.<br \/>\n<\/span><\/p>\n<p>Jednoducho <strong>umiestnite<\/strong> Binchio <strong>vrec\u00fa\u0161ko<\/strong> s osvie\u017eova\u010dom vzduchu <strong>do bl\u00edzkosti zatuchnut\u00e9ho miesta<\/strong> a do jedn\u00e9ho d\u0148a <strong>bude<\/strong> miesto <strong>\u010derstv\u00e9, such\u00e9 a bez\u00a0 z\u00e1pachu.<\/strong> Osvie\u017eova\u010d vzduchu s bambusov\u00fdm uhl\u00edm tie\u017e <strong>zabr\u00e1ni akumulovaniu nepr\u00edjemn\u00fdch pachov.<\/strong><\/p>\n<h2>Pohlcova\u010d pachu s akt\u00edvnym uhl\u00edm:<\/h2>\n<ul>\n<li><span lang=\"sk\"><strong>pr\u00edrodn\u00fd<\/strong> a <strong>odoln\u00fd<\/strong> produkt,<\/span><\/li>\n<li><span lang=\"sk\">\u00fa\u010dinn\u00fd <strong>odvlh\u010dova\u010d,<\/strong><\/span><\/li>\n<li><span lang=\"sk\"> biologicky <strong>odb\u00farate\u013en\u00fd, <\/strong><\/span><\/li>\n<li><span lang=\"sk\">jednoduch\u00e1 manipul\u00e1cia, <\/span><\/li>\n<li><span lang=\"sk\">je <strong>univerz\u00e1lny<\/strong> a d\u00e1 sa pou\u017ei\u0165 kdeko\u013evek,<\/span><\/li>\n<li>vydr\u017e\u00ed <strong>cca 2 roky,<\/strong><\/li>\n<li>vhodn\u00fd do dom\u00e1cnosti s de\u0165mi a zvieratami.<\/li>\n<\/ul>\n<p><strong>\u010cerstv\u00fd vzduch<\/strong> je d\u00f4le\u017eit\u00fd a <strong>mo\u017eno ho udr\u017eiava\u0165 s t\u00fdmto<\/strong> udr\u017eate\u013en\u00fdm <strong>osvie\u017eova\u010dom vzduchu<\/strong>. \u010ci u\u017e v kuchyni, v k\u00fape\u013eni alebo aj v skrini \u2013 osvie\u017eova\u010d vzduchu mo\u017eno v\u010faka flexibiln\u00fdm rozmerom <strong>pou\u017ei\u0165 kdeko\u013evek<\/strong>.<\/p>\n<h3>Kam umiestni\u0165 pohlcova\u010d pachov Binchio:<\/h3>\n<ul>\n<li>vrec\u00fa\u0161ko <strong>najlep\u0161ie pohlcuje pachy<\/strong> v uzatvoren\u00fdch priestoroch ako je <strong>men\u0161\u00ed botn\u00edk, cestovn\u00fd kufor, skrinka s oble\u010den\u00edm, men\u0161ia chladni\u010dka, kufor auta<\/strong> a podobne,<\/li>\n<li>vo <strong>v\u00e4\u010d\u0161\u00edch priestoroch<\/strong> ako s\u00fa vstavan\u00e9 skrine na oble\u010denie, aut\u00e1, v\u00e4\u010d\u0161ie botn\u00edky, chladni\u010dky a podobne <strong>odpor\u00fa\u010dame<\/strong> pre optim\u00e1lny v\u00fdsledok pou\u017ei\u0165 <strong>2-4 vrec\u00fa\u0161ka<\/strong>,<\/li>\n<li>v\u010faka kr\u00fa\u017eku <strong>m\u00f4\u017eete filter<\/strong> vzduchu <strong>zavesi\u0165<\/strong> v skrini alebo botn\u00edku,<\/li>\n<li>pre optim\u00e1lny \u00fa\u010dinok <strong>umiestnite vrecko do vy\u0161\u0161\u00edch \u010dast\u00ed<\/strong> &#8211; tepl\u00fd vzduch st\u00fapa smerom na hor.<\/li>\n<\/ul>\n<h3>Ako REaktivova\u0165 Binchio pr\u00edrodn\u00fd bambusov\u00fd pohlcova\u010d pachov s akt\u00edvnym uhl\u00edm?<\/h3>\n<ul>\n<li><strong>ka\u017ed\u00fdch 30 &#8211; 60 dn\u00ed<\/strong> umiestnite vrecko s akt\u00edvnym uhl\u00edm <strong>na priame slnko na 2-3 hodiny<\/strong> (z ka\u017edej strany). <strong>Akt\u00edvne uhlie je aktivovan\u00e9 UV \u017eiaren\u00edm<\/strong> \u010do sp\u00f4sobuje roz\u0161\u00edrenie p\u00f3rov bambusov\u00e9ho uhlia.<\/li>\n<\/ul>\n","protected":false},"featured_media":13668,"comment_status":"open","ping_status":"closed","template":"","meta":{"_acf_changed":false},"product_brand":[],"product_cat":[276],"product_tag":[],"class_list":{"0":"post-12454","1":"product","2":"type-product","3":"status-publish","4":"has-post-thumbnail","6":"product_cat-prirodne-pohlcovace-pachov-sk","8":"first","9":"outofstock","10":"sale","11":"featured","12":"taxable","13":"shipping-taxable","14":"purchasable","15":"product-type-simple"},"supplier_id":null,"supplier_sku":"","barcode":null,"atum_controlled":true,"out_stock_date":"2026-04-19 09:21:22","out_stock_threshold":null,"inheritable":false,"inbound_stock":0,"stock_on_hold":0,"sold_today":0,"sales_last_days":2,"reserved_stock":0,"customer_returns":0,"warehouse_damage":0,"lost_in_post":0,"other_logs":0,"out_stock_days":5,"lost_sales":284,"has_location":false,"update_date":"2026-04-25T03:00:36","atum_locations":[],"atum_stock_status":"outofstock","restock_status":false,"low_stock_amount":"","sales_update_date":"2026-04-25T03:00:36","calc_backorders":null,"acf":[],"yoast_head":"<!-- This site is optimized with the Yoast SEO plugin v27.2 - https:\/\/yoast.com\/product\/yoast-seo-wordpress\/ -->\n<title>Binchio pr\u00edrodn\u00fd pohlcova\u010d pachov s akt\u00edvnym uhl\u00edm 200g - Binchio<\/title>\n<meta name=\"description\" content=\"Binchio pr\u00edrodn\u00fd bambusov\u00fd pohlcova\u010d pachov s akt\u00edvnym uhl\u00edm absorbuje nepr\u00edjemn\u00e9 pachy zo vzduchu, ktor\u00fd d\u00fdchame, bez ak\u00fdchko\u013evek chemik\u00e1li\u00ed a ostatn\u00fdch pridan\u00fdch l\u00e1tok.\" \/>\n<meta name=\"robots\" content=\"index, follow, max-snippet:-1, max-image-preview:large, max-video-preview:-1\" \/>\n<link rel=\"canonical\" href=\"https:\/\/binchio.com\/sk\/produkt\/binchio-prirodny-bambusovy-pohlcovac-pachov-s-aktivnym-uhlim-200g\/\" \/>\n<meta property=\"og:locale\" content=\"sk_SK\" \/>\n<meta property=\"og:type\" content=\"article\" \/>\n<meta property=\"og:title\" content=\"Binchio pr\u00edrodn\u00fd pohlcova\u010d pachov s akt\u00edvnym uhl\u00edm 200g - Binchio\" \/>\n<meta property=\"og:description\" content=\"Binchio pr\u00edrodn\u00fd bambusov\u00fd pohlcova\u010d pachov s akt\u00edvnym uhl\u00edm absorbuje nepr\u00edjemn\u00e9 pachy zo vzduchu, ktor\u00fd d\u00fdchame, bez ak\u00fdchko\u013evek chemik\u00e1li\u00ed a ostatn\u00fdch pridan\u00fdch l\u00e1tok.\" \/>\n<meta property=\"og:url\" content=\"https:\/\/binchio.com\/sk\/produkt\/binchio-prirodny-bambusovy-pohlcovac-pachov-s-aktivnym-uhlim-200g\/\" \/>\n<meta property=\"og:site_name\" content=\"Binchio\" \/>\n<meta property=\"article:publisher\" content=\"https:\/\/www.facebook.com\/binchiouhli\/\" \/>\n<meta property=\"article:modified_time\" content=\"2026-02-12T20:40:18+00:00\" \/>\n<meta property=\"og:image\" content=\"https:\/\/binchio.com\/wp-content\/uploads\/2023\/05\/PXL_20240510_074159086.PORTRAIT.jpg\" \/>\n\t<meta property=\"og:image:width\" content=\"904\" \/>\n\t<meta property=\"og:image:height\" content=\"1200\" \/>\n\t<meta property=\"og:image:type\" content=\"image\/jpeg\" \/>\n<meta name=\"twitter:card\" content=\"summary_large_image\" \/>\n<meta name=\"twitter:label1\" content=\"Predpokladan\u00fd \u010das \u010d\u00edtania\" \/>\n\t<meta name=\"twitter:data1\" content=\"2 min\u00faty\" \/>\n<script type=\"application\/ld+json\" class=\"yoast-schema-graph\">{\"@context\":\"https:\/\/schema.org\",\"@graph\":[{\"@type\":\"WebPage\",\"@id\":\"https:\/\/binchio.com\/sk\/produkt\/binchio-prirodny-bambusovy-pohlcovac-pachov-s-aktivnym-uhlim-200g\/\",\"url\":\"https:\/\/binchio.com\/sk\/produkt\/binchio-prirodny-bambusovy-pohlcovac-pachov-s-aktivnym-uhlim-200g\/\",\"name\":\"Binchio pr\u00edrodn\u00fd pohlcova\u010d pachov s akt\u00edvnym uhl\u00edm 200g - Binchio\",\"isPartOf\":{\"@id\":\"https:\/\/binchio.com\/#website\"},\"primaryImageOfPage\":{\"@id\":\"https:\/\/binchio.com\/sk\/produkt\/binchio-prirodny-bambusovy-pohlcovac-pachov-s-aktivnym-uhlim-200g\/#primaryimage\"},\"image\":{\"@id\":\"https:\/\/binchio.com\/sk\/produkt\/binchio-prirodny-bambusovy-pohlcovac-pachov-s-aktivnym-uhlim-200g\/#primaryimage\"},\"thumbnailUrl\":\"https:\/\/binchio.com\/wp-content\/uploads\/2023\/05\/PXL_20240510_074159086.PORTRAIT.jpg\",\"datePublished\":\"2023-05-09T21:38:12+00:00\",\"dateModified\":\"2026-02-12T20:40:18+00:00\",\"description\":\"Binchio pr\u00edrodn\u00fd bambusov\u00fd pohlcova\u010d pachov s akt\u00edvnym uhl\u00edm absorbuje nepr\u00edjemn\u00e9 pachy zo vzduchu, ktor\u00fd d\u00fdchame, bez ak\u00fdchko\u013evek chemik\u00e1li\u00ed a ostatn\u00fdch pridan\u00fdch l\u00e1tok.\",\"breadcrumb\":{\"@id\":\"https:\/\/binchio.com\/sk\/produkt\/binchio-prirodny-bambusovy-pohlcovac-pachov-s-aktivnym-uhlim-200g\/#breadcrumb\"},\"inLanguage\":\"sk-SK\",\"potentialAction\":[{\"@type\":\"ReadAction\",\"target\":[\"https:\/\/binchio.com\/sk\/produkt\/binchio-prirodny-bambusovy-pohlcovac-pachov-s-aktivnym-uhlim-200g\/\"]}]},{\"@type\":\"ImageObject\",\"inLanguage\":\"sk-SK\",\"@id\":\"https:\/\/binchio.com\/sk\/produkt\/binchio-prirodny-bambusovy-pohlcovac-pachov-s-aktivnym-uhlim-200g\/#primaryimage\",\"url\":\"https:\/\/binchio.com\/wp-content\/uploads\/2023\/05\/PXL_20240510_074159086.PORTRAIT.jpg\",\"contentUrl\":\"https:\/\/binchio.com\/wp-content\/uploads\/2023\/05\/PXL_20240510_074159086.PORTRAIT.jpg\",\"width\":904,\"height\":1200,\"caption\":\"pohlcova\u010d pach\u016f\"},{\"@type\":\"BreadcrumbList\",\"@id\":\"https:\/\/binchio.com\/sk\/produkt\/binchio-prirodny-bambusovy-pohlcovac-pachov-s-aktivnym-uhlim-200g\/#breadcrumb\",\"itemListElement\":[{\"@type\":\"ListItem\",\"position\":1,\"name\":\"Home\",\"item\":\"https:\/\/binchio.com\/sk\/\"},{\"@type\":\"ListItem\",\"position\":2,\"name\":\"Obchod (woo &#8211; redirected)\",\"item\":\"https:\/\/binchio.com\/sk\/obchod-woo\/\"},{\"@type\":\"ListItem\",\"position\":3,\"name\":\"Binchio pr\u00edrodn\u00fd pohlcova\u010d pachov s akt\u00edvnym uhl\u00edm 200g\"}]},{\"@type\":\"WebSite\",\"@id\":\"https:\/\/binchio.com\/#website\",\"url\":\"https:\/\/binchio.com\/\",\"name\":\"Binchio\",\"description\":\"100% p\u0159\u00edrodn\u00ed filtrace vody pomoc\u00ed aktivn\u00edho filtra\u010dn\u00edho uhl\u00ed binchotan\",\"publisher\":{\"@id\":\"https:\/\/binchio.com\/#organization\"},\"potentialAction\":[{\"@type\":\"SearchAction\",\"target\":{\"@type\":\"EntryPoint\",\"urlTemplate\":\"https:\/\/binchio.com\/?s={search_term_string}\"},\"query-input\":{\"@type\":\"PropertyValueSpecification\",\"valueRequired\":true,\"valueName\":\"search_term_string\"}}],\"inLanguage\":\"sk-SK\"},{\"@type\":\"Organization\",\"@id\":\"https:\/\/binchio.com\/#organization\",\"name\":\"Binchio\",\"url\":\"https:\/\/binchio.com\/\",\"logo\":{\"@type\":\"ImageObject\",\"inLanguage\":\"sk-SK\",\"@id\":\"https:\/\/binchio.com\/#\/schema\/logo\/image\/\",\"url\":\"https:\/\/binchio.com\/wp-content\/uploads\/2020\/07\/binchio-logo.svg\",\"contentUrl\":\"https:\/\/binchio.com\/wp-content\/uploads\/2020\/07\/binchio-logo.svg\",\"width\":200,\"height\":430,\"caption\":\"Binchio\"},\"image\":{\"@id\":\"https:\/\/binchio.com\/#\/schema\/logo\/image\/\"},\"sameAs\":[\"https:\/\/www.facebook.com\/binchiouhli\/\",\"https:\/\/www.instagram.com\/milan_suchy\"]}]}<\/script>\n<!-- \/ Yoast SEO plugin. -->","yoast_head_json":{"title":"Binchio pr\u00edrodn\u00fd pohlcova\u010d pachov s akt\u00edvnym uhl\u00edm 200g - Binchio","description":"Binchio pr\u00edrodn\u00fd bambusov\u00fd pohlcova\u010d pachov s akt\u00edvnym uhl\u00edm absorbuje nepr\u00edjemn\u00e9 pachy zo vzduchu, ktor\u00fd d\u00fdchame, bez ak\u00fdchko\u013evek chemik\u00e1li\u00ed a ostatn\u00fdch pridan\u00fdch l\u00e1tok.","robots":{"index":"index","follow":"follow","max-snippet":"max-snippet:-1","max-image-preview":"max-image-preview:large","max-video-preview":"max-video-preview:-1"},"canonical":"https:\/\/binchio.com\/sk\/produkt\/binchio-prirodny-bambusovy-pohlcovac-pachov-s-aktivnym-uhlim-200g\/","og_locale":"sk_SK","og_type":"article","og_title":"Binchio pr\u00edrodn\u00fd pohlcova\u010d pachov s akt\u00edvnym uhl\u00edm 200g - Binchio","og_description":"Binchio pr\u00edrodn\u00fd bambusov\u00fd pohlcova\u010d pachov s akt\u00edvnym uhl\u00edm absorbuje nepr\u00edjemn\u00e9 pachy zo vzduchu, ktor\u00fd d\u00fdchame, bez ak\u00fdchko\u013evek chemik\u00e1li\u00ed a ostatn\u00fdch pridan\u00fdch l\u00e1tok.","og_url":"https:\/\/binchio.com\/sk\/produkt\/binchio-prirodny-bambusovy-pohlcovac-pachov-s-aktivnym-uhlim-200g\/","og_site_name":"Binchio","article_publisher":"https:\/\/www.facebook.com\/binchiouhli\/","article_modified_time":"2026-02-12T20:40:18+00:00","og_image":[{"width":904,"height":1200,"url":"https:\/\/binchio.com\/wp-content\/uploads\/2023\/05\/PXL_20240510_074159086.PORTRAIT.jpg","type":"image\/jpeg"}],"twitter_card":"summary_large_image","twitter_misc":{"Predpokladan\u00fd \u010das \u010d\u00edtania":"2 min\u00faty"},"schema":{"@context":"https:\/\/schema.org","@graph":[{"@type":"WebPage","@id":"https:\/\/binchio.com\/sk\/produkt\/binchio-prirodny-bambusovy-pohlcovac-pachov-s-aktivnym-uhlim-200g\/","url":"https:\/\/binchio.com\/sk\/produkt\/binchio-prirodny-bambusovy-pohlcovac-pachov-s-aktivnym-uhlim-200g\/","name":"Binchio pr\u00edrodn\u00fd pohlcova\u010d pachov s akt\u00edvnym uhl\u00edm 200g - Binchio","isPartOf":{"@id":"https:\/\/binchio.com\/#website"},"primaryImageOfPage":{"@id":"https:\/\/binchio.com\/sk\/produkt\/binchio-prirodny-bambusovy-pohlcovac-pachov-s-aktivnym-uhlim-200g\/#primaryimage"},"image":{"@id":"https:\/\/binchio.com\/sk\/produkt\/binchio-prirodny-bambusovy-pohlcovac-pachov-s-aktivnym-uhlim-200g\/#primaryimage"},"thumbnailUrl":"https:\/\/binchio.com\/wp-content\/uploads\/2023\/05\/PXL_20240510_074159086.PORTRAIT.jpg","datePublished":"2023-05-09T21:38:12+00:00","dateModified":"2026-02-12T20:40:18+00:00","description":"Binchio pr\u00edrodn\u00fd bambusov\u00fd pohlcova\u010d pachov s akt\u00edvnym uhl\u00edm absorbuje nepr\u00edjemn\u00e9 pachy zo vzduchu, ktor\u00fd d\u00fdchame, bez ak\u00fdchko\u013evek chemik\u00e1li\u00ed a ostatn\u00fdch pridan\u00fdch l\u00e1tok.","breadcrumb":{"@id":"https:\/\/binchio.com\/sk\/produkt\/binchio-prirodny-bambusovy-pohlcovac-pachov-s-aktivnym-uhlim-200g\/#breadcrumb"},"inLanguage":"sk-SK","potentialAction":[{"@type":"ReadAction","target":["https:\/\/binchio.com\/sk\/produkt\/binchio-prirodny-bambusovy-pohlcovac-pachov-s-aktivnym-uhlim-200g\/"]}]},{"@type":"ImageObject","inLanguage":"sk-SK","@id":"https:\/\/binchio.com\/sk\/produkt\/binchio-prirodny-bambusovy-pohlcovac-pachov-s-aktivnym-uhlim-200g\/#primaryimage","url":"https:\/\/binchio.com\/wp-content\/uploads\/2023\/05\/PXL_20240510_074159086.PORTRAIT.jpg","contentUrl":"https:\/\/binchio.com\/wp-content\/uploads\/2023\/05\/PXL_20240510_074159086.PORTRAIT.jpg","width":904,"height":1200,"caption":"pohlcova\u010d pach\u016f"},{"@type":"BreadcrumbList","@id":"https:\/\/binchio.com\/sk\/produkt\/binchio-prirodny-bambusovy-pohlcovac-pachov-s-aktivnym-uhlim-200g\/#breadcrumb","itemListElement":[{"@type":"ListItem","position":1,"name":"Home","item":"https:\/\/binchio.com\/sk\/"},{"@type":"ListItem","position":2,"name":"Obchod (woo &#8211; redirected)","item":"https:\/\/binchio.com\/sk\/obchod-woo\/"},{"@type":"ListItem","position":3,"name":"Binchio pr\u00edrodn\u00fd pohlcova\u010d pachov s akt\u00edvnym uhl\u00edm 200g"}]},{"@type":"WebSite","@id":"https:\/\/binchio.com\/#website","url":"https:\/\/binchio.com\/","name":"Binchio","description":"100% p\u0159\u00edrodn\u00ed filtrace vody pomoc\u00ed aktivn\u00edho filtra\u010dn\u00edho uhl\u00ed binchotan","publisher":{"@id":"https:\/\/binchio.com\/#organization"},"potentialAction":[{"@type":"SearchAction","target":{"@type":"EntryPoint","urlTemplate":"https:\/\/binchio.com\/?s={search_term_string}"},"query-input":{"@type":"PropertyValueSpecification","valueRequired":true,"valueName":"search_term_string"}}],"inLanguage":"sk-SK"},{"@type":"Organization","@id":"https:\/\/binchio.com\/#organization","name":"Binchio","url":"https:\/\/binchio.com\/","logo":{"@type":"ImageObject","inLanguage":"sk-SK","@id":"https:\/\/binchio.com\/#\/schema\/logo\/image\/","url":"https:\/\/binchio.com\/wp-content\/uploads\/2020\/07\/binchio-logo.svg","contentUrl":"https:\/\/binchio.com\/wp-content\/uploads\/2020\/07\/binchio-logo.svg","width":200,"height":430,"caption":"Binchio"},"image":{"@id":"https:\/\/binchio.com\/#\/schema\/logo\/image\/"},"sameAs":["https:\/\/www.facebook.com\/binchiouhli\/","https:\/\/www.instagram.com\/milan_suchy"]}]}},"_links":{"self":[{"href":"https:\/\/binchio.com\/sk\/wp-json\/wp\/v2\/product\/12454","targetHints":{"allow":["GET"]}}],"collection":[{"href":"https:\/\/binchio.com\/sk\/wp-json\/wp\/v2\/product"}],"about":[{"href":"https:\/\/binchio.com\/sk\/wp-json\/wp\/v2\/types\/product"}],"replies":[{"embeddable":true,"href":"https:\/\/binchio.com\/sk\/wp-json\/wp\/v2\/comments?post=12454"}],"wp:featuredmedia":[{"embeddable":true,"href":"https:\/\/binchio.com\/sk\/wp-json\/wp\/v2\/media\/13668"}],"wp:attachment":[{"href":"https:\/\/binchio.com\/sk\/wp-json\/wp\/v2\/media?parent=12454"}],"wp:term":[{"taxonomy":"product_brand","embeddable":true,"href":"https:\/\/binchio.com\/sk\/wp-json\/wp\/v2\/product_brand?post=12454"},{"taxonomy":"product_cat","embeddable":true,"href":"https:\/\/binchio.com\/sk\/wp-json\/wp\/v2\/product_cat?post=12454"},{"taxonomy":"product_tag","embeddable":true,"href":"https:\/\/binchio.com\/sk\/wp-json\/wp\/v2\/product_tag?post=12454"}],"curies":[{"name":"wp","href":"https:\/\/api.w.org\/{rel}","templated":true}]}}