{"id":11877,"date":"2022-12-08T20:37:46","date_gmt":"2022-12-08T19:37:46","guid":{"rendered":"https:\/\/binchio.websy.sk\/?post_type=product&#038;p=11877"},"modified":"2025-07-06T12:21:12","modified_gmt":"2025-07-06T10:21:12","slug":"kavova-sviecka-binchio","status":"publish","type":"product","link":"https:\/\/binchio.com\/sk\/produkt\/kavova-sviecka-binchio\/","title":{"rendered":"Vonn\u00e1 k\u00e1vov\u00e1 svie\u010dka Binchio Hipster"},"content":{"rendered":"<p><span class=\"VIiyi\" lang=\"sk\"><span class=\"JLqJ4b ChMk0b\" data-language-for-alternatives=\"sk\" data-language-to-translate-into=\"cs\" data-phrase-index=\"0\" data-number-of-phrases=\"1\"><span class=\"Q4iAWc\">Milujeme svoj rann\u00fd, vo\u0148aj\u00faci hrn\u010dek k\u00e1vy\u2026 Ke\u010f\u017ee ste si klikli na tento produkt, mysl\u00edme si, \u017ee v\u00e4\u010d\u0161ina z v\u00e1s je na tom podobne.<\/span><\/span><\/span><\/p>\n<p><span class=\"VIiyi\" lang=\"sk\"><span class=\"JLqJ4b ChMk0b\" data-language-for-alternatives=\"sk\" data-language-to-translate-into=\"cs\" data-phrase-index=\"0\" data-number-of-phrases=\"1\"><span class=\"Q4iAWc\">Viete, \u017ee ke\u010f dopijete svoj rann\u00fd hrn\u010dek tohto podmaniv\u00e9ho n\u00e1poja \u010di espresso, zu\u017eitkujete menej ako 1% namletej k\u00e1vy<\/span><\/span><\/span> (<a href=\"https:\/\/www.youtube.com\/watch?v=UQBp6z4j704\">niektor\u00e9 zdroje<\/a> uv\u00e1dzaj\u00fa dokonca \u010d\u00edslo 0,2%) ?<\/p>\n<p>Zvy\u0161ok sa v okamihu stane odpadom a kon\u010d\u00ed v plastov\u00fdch vreciach spolo\u010dne so v\u0161etk\u00fdm mo\u017en\u00fdm.<\/p>\n<blockquote><p><em>Na pomyselnom zozname \u013eudsk\u00fdch \u010dinnost\u00ed, ktor\u00e9 sa vyzna\u010duj\u00fa obrovsk\u00fdm plytvan\u00edm zdrojov, by vyu\u017e\u00edvanie k\u00e1vy ur\u010dite obsadilo popredn\u00e9 prie\u010dky. K\u00e1va je ur\u010dite jednou z najviac konzumovan\u00fdch rastl\u00edn na Zemi. A bohu\u017eia\u013e celkom ur\u010dite aj jednou z historicky najviac podce\u0148ovan\u00fdch komod\u00edt z h\u013eadiska druhotn\u00e9ho vyu\u017eitia.<\/em><\/p><\/blockquote>\n<p><strong>To chceme zmeni\u0165. Produkty Binchio s\u00fa in\u0161pirovan\u00e9 v\u00edziou Modrej ekonomiky (cirkul\u00e1rna, obehov\u00e1 ekonomika) ekon\u00f3ma Guntera Pauliho. V\u0161etko je vysvetlen\u00e9 v tomto videu. K\u00e1vov\u00e9 svie\u010dka Binchio funguje obdobne.<\/strong><\/p>\n<p><iframe loading=\"lazy\" title=\"YouTube video player\" src=\"https:\/\/www.youtube.com\/embed\/1af08PSlaIs\" width=\"1420\" height=\"799\" frameborder=\"0\" allowfullscreen=\"allowfullscreen\"><\/iframe><\/p>\n<p>Pre milovn\u00edkov handmade svie\u010dok sme pripravili <a href=\"https:\/\/binchio.com\/sk\/vracime-kavu-do-hry-aneb-jak-vznika-kavova-svicka-binchio-rozhovor-s-veronikou-polackovou-ktera-nase-svicky-rucne-vyrabi\/\">tento rozhovor s Veronikou Pol\u00e1\u010dkovou<\/a> zo <a class=\"notranslate\" tabindex=\"0\" href=\"https:\/\/www.instagram.com\/zijeme_homemade\/\">@zijeme_homemade<\/a> o v\u00fdrobe na\u0161ej origin\u00e1lnej <a href=\"https:\/\/binchio.com\/sk\/produkt\/kavova-svicka-binchio\/\">K\u00e1vovej svie\u010dky Binchio<\/a> ????????\u2615. Cel\u00e1 v\u00fdroba prebieha ru\u010dne (pozri fotky v \u010dl\u00e1nku) so starostlivos\u0165ou a l\u00e1skou pre v\u00e1s \u2764. Verte, \u017ee toto nehovor\u00edm ako nejak\u00e9 \u201cmarketingov\u00e9 tepl\u00e9 re\u010di\u010dky\u201d \u2013 je ROZDIEL si vyrobi\u0165 svie\u010dku doma pre seba a vyr\u00e1ba\u0165 KVALITN\u00c9 a bezpe\u010dn\u00e9 svie\u010dky VO VE\u013dKOM pre z\u00e1kazn\u00edkov. <span class=\"VIiyi\" lang=\"sk\"><span class=\"JLqJ4b ChMk0b\" data-language-for-alternatives=\"sk\" data-language-to-translate-into=\"cs\" data-phrase-index=\"0\" data-number-of-phrases=\"1\"><span class=\"Q4iAWc\">S Ver\u010dom sme si vymenili mnoho mailov, ne\u017e sme vyladili ekologick\u00fa recept\u00faru\u267b\ufe0f, intenzitu v\u00f4ne????, proces v\u00fdroby, vzh\u013ead svie\u010dky, ingrediencie, logistiku at\u010f. . Ver\u010da je sk\u00fasen\u00e1 handmade tvorky\u0148a v\u0161etk\u00e9ho mo\u017en\u00e9ho, mo\u017eno pozn\u00e1te aj jej blog <\/span><\/span><\/span><a href=\"http:\/\/www.zijemehomemade.cz\">www.zijemehomemade.cz<\/a>. V\u0161etko zvl\u00e1da perfektne a V\u00ddSLEDOK stoj\u00ed za to.<\/p>\n","protected":false},"excerpt":{"rendered":"<p><strong>Vonn\u00e1 k\u00e1vov\u00e1 svie\u010dka Binchio Hipster<\/strong> je \u201emust have\u201c pre v\u0161etk\u00fdch milovn\u00edkov dom\u00e1cej pohody, k\u00e1vy a ekol\u00f3gie ???? <strong>Sme nad\u0161enci pre tvorbu produktov, <\/strong>ktor\u00e9 s\u00fa v s\u00falade s <strong>v\u00edziou cirkul\u00e1rnej (obehovej) ekonomiky. K\u00e1vov\u00fa zlo\u017eku <\/strong>pre na\u0161e k\u00e1vov\u00e9 svie\u010dky<strong> z\u00edskavame recykl\u00e1ciou k\u00e1vy<\/strong> \u2013 su\u0161en\u00edm k\u00e1vovej usadeniny resp. k\u00e1vov\u00e9ho odpadu.<\/p>\n<p>Viete, \u017ee ke\u010f dopijete svoj rann\u00fd <strong>hrn\u010dek<\/strong> tohto podmaniv\u00e9ho n\u00e1poja \u010di espressa, <strong>zu\u017eitkujete menej ako 1% namletej k\u00e1vy<\/strong> (<a href=\"https:\/\/www.youtube.com\/watch?v=UQBp6z4j704\" target=\"_blank\" rel=\"noopener\">niektor\u00e9 zdroje<\/a> uv\u00e1dzaj\u00fa dokonca \u010d\u00edslo 0,2%)? Pre\u010do to vn\u00edmame ako ve\u013ek\u00fd probl\u00e9m? Preto\u017ee <strong>k\u00e1vov\u00fd \u201eodpad\u201c je zdrojom s obrovsk\u00fdm potenci\u00e1lom<\/strong> \u010fal\u0161ieho vyu\u017eitia! Pozri sa, ako odkr\u00fdvame jeho potenci\u00e1l my.<\/p>\n<p><strong>K\u00e1vov\u00fd odpad je doslova mal\u00fdm z\u00e1zrakom<\/strong> so \u0161irok\u00fdm spektrom \u010fal\u0161ieho vyu\u017eitia, napr. v oblasti pr\u00edrodnej kozmetiky (<a href=\"https:\/\/binchio.com\/sk\/?post_type=product&#038;p=7244\">vi\u010f na\u0161e peelingov\u00e9 k\u00e1vov\u00e9 mydlo<\/a>). Na\u0161a origin\u00e1lna k\u00e1vov\u00e1 svie\u010dka tak vznik\u00e1 plne v s\u00falade s ekologick\u00fdm konceptom zero waste, \u010di\u017ee filozofia nulov\u00e9ho odpadu a cirkul\u00e1rnej ekonomiky (\u010d\u00edtaj ni\u017e\u0161ie). K\u00fapou tejto svie\u010dky teda podporujete ekologicky udr\u017eate\u013en\u00fd dizajn.<\/p>\n<blockquote><p>Ka\u017ed\u00e1 Binchio k\u00e1vov\u00e1 svie\u010dka zrecykluje obsah 5 hrn\u010dekov k\u00e1vy.<\/p><\/blockquote>\n<h2>Binchio k\u00e1vov\u00e1 svie\u010dka v kocke:<\/h2>\n<ul>\n<li>ru\u010dne liata v \u010cR &#8211; vyr\u00e1ba pre v\u00e1s s l\u00e1skou Veronika Pol\u00e1\u010dkov\u00e1 (<a href=\"http:\/\/www.zijemehomemade.cz\" target=\"_blank\" rel=\"noopener\">www.zijemehomemade.cz<\/a>),<\/li>\n<li>hlavnou zlo\u017ekou je <strong>ekologick\u00fd s\u00f3jov\u00fd vosk<\/strong> a <strong>zrecyklovan\u00fd k\u00e1vov\u00fd odpad<\/strong>,<\/li>\n<li>veg\u00e1nska,<\/li>\n<li><strong>hor\u00ed dlho<\/strong> (cca 27 hod\u00edn),<\/li>\n<li>125 g,<\/li>\n<li><strong>ekologick\u00e9 etikety<\/strong>,<\/li>\n<li>podmaniv\u00e1 <strong>v\u00f4\u0148a k\u00e1vy<\/strong>,<\/li>\n<li><strong>origin\u00e1lny ekologick\u00fd dar\u010dek.<\/strong><\/li>\n<\/ul>\n<p><em>Zlo\u017eenie: ekologick\u00fd s\u00f3jov\u00fd vosk, zrecyklovan\u00fd k\u00e1vov\u00fd odpad, k\u00e1vov\u00e1 v\u00f4\u0148a.<\/em><\/p>\n<p><em>Bezpe\u010dnos\u0165: Svie\u010dka je&#8230;no&#8230;horiaci predmet, v\u0161ak viete <\/em>????<em> Preto bu\u010fte opatrn\u00ed. Horiacu svie\u010dku nikdy nenech\u00e1vajte bez dozoru, umiestnite ju mimo dosahu det\u00ed a dom\u00e1cich zvierat. Horiacu svie\u010dku nikdy nenech\u00e1vajte bez dozoru v bl\u00edzkosti predmetov, ktor\u00e9 sa m\u00f4\u017eu \u013eahko vznieti\u0165.<\/em><\/p>\n","protected":false},"featured_media":12017,"comment_status":"open","ping_status":"closed","template":"","meta":{"_acf_changed":false},"product_brand":[],"product_cat":[110,225],"product_tag":[142],"class_list":{"0":"post-11877","1":"product","2":"type-product","3":"status-publish","4":"has-post-thumbnail","6":"product_cat-kavova-kolekcia-sk","7":"product_cat-relax-sk-zero-waste-life-sk","8":"product_tag-produkty-z-recyklovane-kavy-sk","10":"first","11":"outofstock","12":"taxable","13":"shipping-taxable","14":"purchasable","15":"product-type-simple"},"supplier_id":null,"supplier_sku":"","barcode":null,"atum_controlled":true,"out_stock_date":"2025-04-01 11:22:46","out_stock_threshold":null,"inheritable":false,"inbound_stock":0,"stock_on_hold":0,"sold_today":0,"sales_last_days":0,"reserved_stock":0,"customer_returns":0,"warehouse_damage":0,"lost_in_post":0,"other_logs":0,"out_stock_days":394,"lost_sales":0,"has_location":false,"update_date":"2026-05-01T03:36:08","atum_locations":[],"atum_stock_status":"outofstock","restock_status":false,"low_stock_amount":"","sales_update_date":"2026-05-01T03:36:08","calc_backorders":null,"acf":[],"yoast_head":"<!-- This site is optimized with the Yoast SEO plugin v27.2 - https:\/\/yoast.com\/product\/yoast-seo-wordpress\/ -->\n<title>Vonn\u00e1 k\u00e1vov\u00e1 svie\u010dka Binchio Hipster - Binchio<\/title>\n<meta name=\"description\" content=\"K\u00e1vov\u00e1 svie\u010dka je \u201emust have\u201c pre v\u0161etk\u00fdch milovn\u00edkov dom\u00e1cej pohody, k\u00e1vy a ekol\u00f3gie????\u00a0Sme nad\u0161enci pre tvorbu produktov, ktor\u00e9 s\u00fa v s\u00falade s v\u00edziou cirkul\u00e1rnej (obehovej) ekonomiky. K\u00e1vov\u00fa zlo\u017eku pre na\u0161e k\u00e1vov\u00e9 svie\u010dky z\u00edskavame recykl\u00e1ciou k\u00e1vy \u2013 su\u0161en\u00edm k\u00e1vovej usadeniny resp. k\u00e1vov\u00e9ho odpadu.\" \/>\n<meta name=\"robots\" content=\"index, follow, max-snippet:-1, max-image-preview:large, max-video-preview:-1\" \/>\n<link rel=\"canonical\" href=\"https:\/\/binchio.com\/sk\/produkt\/kavova-sviecka-binchio\/\" \/>\n<meta property=\"og:locale\" content=\"sk_SK\" \/>\n<meta property=\"og:type\" content=\"article\" \/>\n<meta property=\"og:title\" content=\"Vonn\u00e1 k\u00e1vov\u00e1 svie\u010dka Binchio Hipster - Binchio\" \/>\n<meta property=\"og:description\" content=\"K\u00e1vov\u00e1 svie\u010dka je \u201emust have\u201c pre v\u0161etk\u00fdch milovn\u00edkov dom\u00e1cej pohody, k\u00e1vy a ekol\u00f3gie????\u00a0Sme nad\u0161enci pre tvorbu produktov, ktor\u00e9 s\u00fa v s\u00falade s v\u00edziou cirkul\u00e1rnej (obehovej) ekonomiky. K\u00e1vov\u00fa zlo\u017eku pre na\u0161e k\u00e1vov\u00e9 svie\u010dky z\u00edskavame recykl\u00e1ciou k\u00e1vy \u2013 su\u0161en\u00edm k\u00e1vovej usadeniny resp. k\u00e1vov\u00e9ho odpadu.\" \/>\n<meta property=\"og:url\" content=\"https:\/\/binchio.com\/sk\/produkt\/kavova-sviecka-binchio\/\" \/>\n<meta property=\"og:site_name\" content=\"Binchio\" \/>\n<meta property=\"article:publisher\" content=\"https:\/\/www.facebook.com\/binchiouhli\/\" \/>\n<meta property=\"article:modified_time\" content=\"2025-07-06T10:21:12+00:00\" \/>\n<meta property=\"og:image\" content=\"https:\/\/binchio.com\/wp-content\/uploads\/2022\/12\/kavova_svicka_Binchio_Hipster.jpg\" \/>\n\t<meta property=\"og:image:width\" content=\"1600\" \/>\n\t<meta property=\"og:image:height\" content=\"1200\" \/>\n\t<meta property=\"og:image:type\" content=\"image\/jpeg\" \/>\n<meta name=\"twitter:card\" content=\"summary_large_image\" \/>\n<meta name=\"twitter:label1\" content=\"Predpokladan\u00fd \u010das \u010d\u00edtania\" \/>\n\t<meta name=\"twitter:data1\" content=\"2 min\u00faty\" \/>\n<script type=\"application\/ld+json\" class=\"yoast-schema-graph\">{\"@context\":\"https:\/\/schema.org\",\"@graph\":[{\"@type\":\"WebPage\",\"@id\":\"https:\/\/binchio.com\/sk\/produkt\/kavova-sviecka-binchio\/\",\"url\":\"https:\/\/binchio.com\/sk\/produkt\/kavova-sviecka-binchio\/\",\"name\":\"Vonn\u00e1 k\u00e1vov\u00e1 svie\u010dka Binchio Hipster - Binchio\",\"isPartOf\":{\"@id\":\"https:\/\/binchio.com\/#website\"},\"primaryImageOfPage\":{\"@id\":\"https:\/\/binchio.com\/sk\/produkt\/kavova-sviecka-binchio\/#primaryimage\"},\"image\":{\"@id\":\"https:\/\/binchio.com\/sk\/produkt\/kavova-sviecka-binchio\/#primaryimage\"},\"thumbnailUrl\":\"https:\/\/binchio.com\/wp-content\/uploads\/2022\/12\/kavova_svicka_Binchio_Hipster.jpg\",\"datePublished\":\"2022-12-08T19:37:46+00:00\",\"dateModified\":\"2025-07-06T10:21:12+00:00\",\"description\":\"K\u00e1vov\u00e1 svie\u010dka je \u201emust have\u201c pre v\u0161etk\u00fdch milovn\u00edkov dom\u00e1cej pohody, k\u00e1vy a ekol\u00f3gie????\u00a0Sme nad\u0161enci pre tvorbu produktov, ktor\u00e9 s\u00fa v s\u00falade s v\u00edziou cirkul\u00e1rnej (obehovej) ekonomiky. K\u00e1vov\u00fa zlo\u017eku pre na\u0161e k\u00e1vov\u00e9 svie\u010dky z\u00edskavame recykl\u00e1ciou k\u00e1vy \u2013 su\u0161en\u00edm k\u00e1vovej usadeniny resp. k\u00e1vov\u00e9ho odpadu.\",\"breadcrumb\":{\"@id\":\"https:\/\/binchio.com\/sk\/produkt\/kavova-sviecka-binchio\/#breadcrumb\"},\"inLanguage\":\"sk-SK\",\"potentialAction\":[{\"@type\":\"ReadAction\",\"target\":[\"https:\/\/binchio.com\/sk\/produkt\/kavova-sviecka-binchio\/\"]}]},{\"@type\":\"ImageObject\",\"inLanguage\":\"sk-SK\",\"@id\":\"https:\/\/binchio.com\/sk\/produkt\/kavova-sviecka-binchio\/#primaryimage\",\"url\":\"https:\/\/binchio.com\/wp-content\/uploads\/2022\/12\/kavova_svicka_Binchio_Hipster.jpg\",\"contentUrl\":\"https:\/\/binchio.com\/wp-content\/uploads\/2022\/12\/kavova_svicka_Binchio_Hipster.jpg\",\"width\":1600,\"height\":1200},{\"@type\":\"BreadcrumbList\",\"@id\":\"https:\/\/binchio.com\/sk\/produkt\/kavova-sviecka-binchio\/#breadcrumb\",\"itemListElement\":[{\"@type\":\"ListItem\",\"position\":1,\"name\":\"Home\",\"item\":\"https:\/\/binchio.com\/sk\/\"},{\"@type\":\"ListItem\",\"position\":2,\"name\":\"Obchod (woo &#8211; redirected)\",\"item\":\"https:\/\/binchio.com\/sk\/obchod-woo\/\"},{\"@type\":\"ListItem\",\"position\":3,\"name\":\"Vonn\u00e1 k\u00e1vov\u00e1 svie\u010dka Binchio Hipster\"}]},{\"@type\":\"WebSite\",\"@id\":\"https:\/\/binchio.com\/#website\",\"url\":\"https:\/\/binchio.com\/\",\"name\":\"Binchio\",\"description\":\"100% p\u0159\u00edrodn\u00ed filtrace vody pomoc\u00ed aktivn\u00edho filtra\u010dn\u00edho uhl\u00ed binchotan\",\"publisher\":{\"@id\":\"https:\/\/binchio.com\/#organization\"},\"potentialAction\":[{\"@type\":\"SearchAction\",\"target\":{\"@type\":\"EntryPoint\",\"urlTemplate\":\"https:\/\/binchio.com\/?s={search_term_string}\"},\"query-input\":{\"@type\":\"PropertyValueSpecification\",\"valueRequired\":true,\"valueName\":\"search_term_string\"}}],\"inLanguage\":\"sk-SK\"},{\"@type\":\"Organization\",\"@id\":\"https:\/\/binchio.com\/#organization\",\"name\":\"Binchio\",\"url\":\"https:\/\/binchio.com\/\",\"logo\":{\"@type\":\"ImageObject\",\"inLanguage\":\"sk-SK\",\"@id\":\"https:\/\/binchio.com\/#\/schema\/logo\/image\/\",\"url\":\"https:\/\/binchio.com\/wp-content\/uploads\/2020\/07\/binchio-logo.svg\",\"contentUrl\":\"https:\/\/binchio.com\/wp-content\/uploads\/2020\/07\/binchio-logo.svg\",\"width\":200,\"height\":430,\"caption\":\"Binchio\"},\"image\":{\"@id\":\"https:\/\/binchio.com\/#\/schema\/logo\/image\/\"},\"sameAs\":[\"https:\/\/www.facebook.com\/binchiouhli\/\",\"https:\/\/www.instagram.com\/milan_suchy\"]}]}<\/script>\n<!-- \/ Yoast SEO plugin. -->","yoast_head_json":{"title":"Vonn\u00e1 k\u00e1vov\u00e1 svie\u010dka Binchio Hipster - Binchio","description":"K\u00e1vov\u00e1 svie\u010dka je \u201emust have\u201c pre v\u0161etk\u00fdch milovn\u00edkov dom\u00e1cej pohody, k\u00e1vy a ekol\u00f3gie????\u00a0Sme nad\u0161enci pre tvorbu produktov, ktor\u00e9 s\u00fa v s\u00falade s v\u00edziou cirkul\u00e1rnej (obehovej) ekonomiky. K\u00e1vov\u00fa zlo\u017eku pre na\u0161e k\u00e1vov\u00e9 svie\u010dky z\u00edskavame recykl\u00e1ciou k\u00e1vy \u2013 su\u0161en\u00edm k\u00e1vovej usadeniny resp. k\u00e1vov\u00e9ho odpadu.","robots":{"index":"index","follow":"follow","max-snippet":"max-snippet:-1","max-image-preview":"max-image-preview:large","max-video-preview":"max-video-preview:-1"},"canonical":"https:\/\/binchio.com\/sk\/produkt\/kavova-sviecka-binchio\/","og_locale":"sk_SK","og_type":"article","og_title":"Vonn\u00e1 k\u00e1vov\u00e1 svie\u010dka Binchio Hipster - Binchio","og_description":"K\u00e1vov\u00e1 svie\u010dka je \u201emust have\u201c pre v\u0161etk\u00fdch milovn\u00edkov dom\u00e1cej pohody, k\u00e1vy a ekol\u00f3gie????\u00a0Sme nad\u0161enci pre tvorbu produktov, ktor\u00e9 s\u00fa v s\u00falade s v\u00edziou cirkul\u00e1rnej (obehovej) ekonomiky. K\u00e1vov\u00fa zlo\u017eku pre na\u0161e k\u00e1vov\u00e9 svie\u010dky z\u00edskavame recykl\u00e1ciou k\u00e1vy \u2013 su\u0161en\u00edm k\u00e1vovej usadeniny resp. k\u00e1vov\u00e9ho odpadu.","og_url":"https:\/\/binchio.com\/sk\/produkt\/kavova-sviecka-binchio\/","og_site_name":"Binchio","article_publisher":"https:\/\/www.facebook.com\/binchiouhli\/","article_modified_time":"2025-07-06T10:21:12+00:00","og_image":[{"width":1600,"height":1200,"url":"https:\/\/binchio.com\/wp-content\/uploads\/2022\/12\/kavova_svicka_Binchio_Hipster.jpg","type":"image\/jpeg"}],"twitter_card":"summary_large_image","twitter_misc":{"Predpokladan\u00fd \u010das \u010d\u00edtania":"2 min\u00faty"},"schema":{"@context":"https:\/\/schema.org","@graph":[{"@type":"WebPage","@id":"https:\/\/binchio.com\/sk\/produkt\/kavova-sviecka-binchio\/","url":"https:\/\/binchio.com\/sk\/produkt\/kavova-sviecka-binchio\/","name":"Vonn\u00e1 k\u00e1vov\u00e1 svie\u010dka Binchio Hipster - Binchio","isPartOf":{"@id":"https:\/\/binchio.com\/#website"},"primaryImageOfPage":{"@id":"https:\/\/binchio.com\/sk\/produkt\/kavova-sviecka-binchio\/#primaryimage"},"image":{"@id":"https:\/\/binchio.com\/sk\/produkt\/kavova-sviecka-binchio\/#primaryimage"},"thumbnailUrl":"https:\/\/binchio.com\/wp-content\/uploads\/2022\/12\/kavova_svicka_Binchio_Hipster.jpg","datePublished":"2022-12-08T19:37:46+00:00","dateModified":"2025-07-06T10:21:12+00:00","description":"K\u00e1vov\u00e1 svie\u010dka je \u201emust have\u201c pre v\u0161etk\u00fdch milovn\u00edkov dom\u00e1cej pohody, k\u00e1vy a ekol\u00f3gie????\u00a0Sme nad\u0161enci pre tvorbu produktov, ktor\u00e9 s\u00fa v s\u00falade s v\u00edziou cirkul\u00e1rnej (obehovej) ekonomiky. K\u00e1vov\u00fa zlo\u017eku pre na\u0161e k\u00e1vov\u00e9 svie\u010dky z\u00edskavame recykl\u00e1ciou k\u00e1vy \u2013 su\u0161en\u00edm k\u00e1vovej usadeniny resp. k\u00e1vov\u00e9ho odpadu.","breadcrumb":{"@id":"https:\/\/binchio.com\/sk\/produkt\/kavova-sviecka-binchio\/#breadcrumb"},"inLanguage":"sk-SK","potentialAction":[{"@type":"ReadAction","target":["https:\/\/binchio.com\/sk\/produkt\/kavova-sviecka-binchio\/"]}]},{"@type":"ImageObject","inLanguage":"sk-SK","@id":"https:\/\/binchio.com\/sk\/produkt\/kavova-sviecka-binchio\/#primaryimage","url":"https:\/\/binchio.com\/wp-content\/uploads\/2022\/12\/kavova_svicka_Binchio_Hipster.jpg","contentUrl":"https:\/\/binchio.com\/wp-content\/uploads\/2022\/12\/kavova_svicka_Binchio_Hipster.jpg","width":1600,"height":1200},{"@type":"BreadcrumbList","@id":"https:\/\/binchio.com\/sk\/produkt\/kavova-sviecka-binchio\/#breadcrumb","itemListElement":[{"@type":"ListItem","position":1,"name":"Home","item":"https:\/\/binchio.com\/sk\/"},{"@type":"ListItem","position":2,"name":"Obchod (woo &#8211; redirected)","item":"https:\/\/binchio.com\/sk\/obchod-woo\/"},{"@type":"ListItem","position":3,"name":"Vonn\u00e1 k\u00e1vov\u00e1 svie\u010dka Binchio Hipster"}]},{"@type":"WebSite","@id":"https:\/\/binchio.com\/#website","url":"https:\/\/binchio.com\/","name":"Binchio","description":"100% p\u0159\u00edrodn\u00ed filtrace vody pomoc\u00ed aktivn\u00edho filtra\u010dn\u00edho uhl\u00ed binchotan","publisher":{"@id":"https:\/\/binchio.com\/#organization"},"potentialAction":[{"@type":"SearchAction","target":{"@type":"EntryPoint","urlTemplate":"https:\/\/binchio.com\/?s={search_term_string}"},"query-input":{"@type":"PropertyValueSpecification","valueRequired":true,"valueName":"search_term_string"}}],"inLanguage":"sk-SK"},{"@type":"Organization","@id":"https:\/\/binchio.com\/#organization","name":"Binchio","url":"https:\/\/binchio.com\/","logo":{"@type":"ImageObject","inLanguage":"sk-SK","@id":"https:\/\/binchio.com\/#\/schema\/logo\/image\/","url":"https:\/\/binchio.com\/wp-content\/uploads\/2020\/07\/binchio-logo.svg","contentUrl":"https:\/\/binchio.com\/wp-content\/uploads\/2020\/07\/binchio-logo.svg","width":200,"height":430,"caption":"Binchio"},"image":{"@id":"https:\/\/binchio.com\/#\/schema\/logo\/image\/"},"sameAs":["https:\/\/www.facebook.com\/binchiouhli\/","https:\/\/www.instagram.com\/milan_suchy"]}]}},"_links":{"self":[{"href":"https:\/\/binchio.com\/sk\/wp-json\/wp\/v2\/product\/11877","targetHints":{"allow":["GET"]}}],"collection":[{"href":"https:\/\/binchio.com\/sk\/wp-json\/wp\/v2\/product"}],"about":[{"href":"https:\/\/binchio.com\/sk\/wp-json\/wp\/v2\/types\/product"}],"replies":[{"embeddable":true,"href":"https:\/\/binchio.com\/sk\/wp-json\/wp\/v2\/comments?post=11877"}],"wp:featuredmedia":[{"embeddable":true,"href":"https:\/\/binchio.com\/sk\/wp-json\/wp\/v2\/media\/12017"}],"wp:attachment":[{"href":"https:\/\/binchio.com\/sk\/wp-json\/wp\/v2\/media?parent=11877"}],"wp:term":[{"taxonomy":"product_brand","embeddable":true,"href":"https:\/\/binchio.com\/sk\/wp-json\/wp\/v2\/product_brand?post=11877"},{"taxonomy":"product_cat","embeddable":true,"href":"https:\/\/binchio.com\/sk\/wp-json\/wp\/v2\/product_cat?post=11877"},{"taxonomy":"product_tag","embeddable":true,"href":"https:\/\/binchio.com\/sk\/wp-json\/wp\/v2\/product_tag?post=11877"}],"curies":[{"name":"wp","href":"https:\/\/api.w.org\/{rel}","templated":true}]}}