{"id":11834,"date":"2022-12-05T12:46:01","date_gmt":"2022-12-05T11:46:01","guid":{"rendered":"https:\/\/binchio.websy.sk\/?post_type=product&#038;p=11834"},"modified":"2023-06-21T11:24:18","modified_gmt":"2023-06-21T09:24:18","slug":"vianocny-kavovy-balicek","status":"publish","type":"product","link":"https:\/\/binchio.com\/sk\/produkt\/vianocny-kavovy-balicek\/","title":{"rendered":"K\u00e1vov\u00fd bal\u00ed\u010dek pre eko-nad\u0161encov od Binchio"},"content":{"rendered":"<table class=\"woocommerce-product-attributes shop_attributes\">\n<tbody>\n<tr class=\"woocommerce-product-attributes-item woocommerce-product-attributes-item--attribute_pa_velkost-balenia\">\n<th class=\"woocommerce-product-attributes-item__label\">Ve\u013ekos\u0165 balenia<\/th>\n<td class=\"woocommerce-product-attributes-item__value\">250g<\/td>\n<\/tr>\n<tr class=\"woocommerce-product-attributes-item woocommerce-product-attributes-item--attribute_pa_mletie\">\n<th class=\"woocommerce-product-attributes-item__label\">Mletie<\/th>\n<td class=\"woocommerce-product-attributes-item__value\">Zrno (bez mletia)<\/td>\n<\/tr>\n<tr class=\"woocommerce-product-attributes-item woocommerce-product-attributes-item--attribute_pa_druh\">\n<th class=\"woocommerce-product-attributes-item__label\">Druh<\/th>\n<td class=\"woocommerce-product-attributes-item__value\">100% arabika odrodov\u00e1<\/td>\n<\/tr>\n<tr class=\"woocommerce-product-attributes-item woocommerce-product-attributes-item--attribute_pa_odporucana-priprava\">\n<th class=\"woocommerce-product-attributes-item__label\">Odpor\u00fa\u010dan\u00e1 pr\u00edprava<\/th>\n<td class=\"woocommerce-product-attributes-item__value\">Espresso, Filter<\/td>\n<\/tr>\n<tr class=\"woocommerce-product-attributes-item woocommerce-product-attributes-item--attribute_pa_chutovy-profil\">\n<th class=\"woocommerce-product-attributes-item__label\">Chu\u0165ov\u00fd profil<\/th>\n<td class=\"woocommerce-product-attributes-item__value\">\u010cokol\u00e1da, Lieskovce, Trstinov\u00fd cukor<\/td>\n<\/tr>\n<tr class=\"woocommerce-product-attributes-item woocommerce-product-attributes-item--attribute_pa_krajina\">\n<th class=\"woocommerce-product-attributes-item__label\">Krajina<\/th>\n<td class=\"woocommerce-product-attributes-item__value\">Braz\u00edlia<\/td>\n<\/tr>\n<tr class=\"woocommerce-product-attributes-item woocommerce-product-attributes-item--attribute_pa_region\">\n<th class=\"woocommerce-product-attributes-item__label\">Regi\u00f3n<\/th>\n<td class=\"woocommerce-product-attributes-item__value\">Minas Gerais<\/td>\n<\/tr>\n<tr class=\"woocommerce-product-attributes-item woocommerce-product-attributes-item--attribute_pa_odroda\">\n<th class=\"woocommerce-product-attributes-item__label\">Odroda<\/th>\n<td class=\"woocommerce-product-attributes-item__value\">Mundo Novo, Catuai<\/td>\n<\/tr>\n<tr class=\"woocommerce-product-attributes-item woocommerce-product-attributes-item--attribute_pa_nadmorska-vyska\">\n<th class=\"woocommerce-product-attributes-item__label\">Nadmorsk\u00e1 v\u00fd\u0161ka<\/th>\n<td class=\"woocommerce-product-attributes-item__value\">900 \u2013 1000 m.n.m.<\/td>\n<\/tr>\n<tr class=\"woocommerce-product-attributes-item woocommerce-product-attributes-item--attribute_pa_obsah-kofeinu\">\n<th class=\"woocommerce-product-attributes-item__label\">Obsah kofe\u00ednu<\/th>\n<td class=\"woocommerce-product-attributes-item__value\">1,8%<\/td>\n<\/tr>\n<tr class=\"woocommerce-product-attributes-item woocommerce-product-attributes-item--attribute_pa_zber\">\n<th class=\"woocommerce-product-attributes-item__label\">Zber<\/th>\n<td class=\"woocommerce-product-attributes-item__value\">m\u00e1j \u2013 august, Manu\u00e1lny<\/td>\n<\/tr>\n<tr class=\"woocommerce-product-attributes-item woocommerce-product-attributes-item--attribute_pa_spracovanie\">\n<th class=\"woocommerce-product-attributes-item__label\">Spracovanie<\/th>\n<td class=\"woocommerce-product-attributes-item__value\">Natural<\/td>\n<\/tr>\n<tr class=\"woocommerce-product-attributes-item woocommerce-product-attributes-item--attribute_pa_susenie\">\n<th class=\"woocommerce-product-attributes-item__label\">Su\u0161enie<\/th>\n<td class=\"woocommerce-product-attributes-item__value\">Slne\u010dn\u00e9 \u017eiarenie<\/td>\n<\/tr>\n<\/tbody>\n<\/table>\n","protected":false},"excerpt":{"rendered":"<p>Vysk\u00fa\u0161ajte ekologick\u00fd <strong>dar\u010dekov\u00fd k\u00e1vov\u00fd bal\u00ed\u010dek Binchio<\/strong> ur\u010den\u00fd v\u0161etk\u00fdm <strong>milovn\u00edkom k\u00e1vy<\/strong>! Pote\u0161te seba alebo svojich bl\u00edzkych kvalitnou <strong>100% Arabikou<\/strong> pra\u017eenou na slovensku, svie\u010dkou ktor\u00e1 navod\u00ed <strong>pr\u00edjemn\u00fa atmosf\u00e9ru<\/strong> v\u010faka <strong>k\u00e1vovej v\u00f4ni<\/strong> a <strong>akt\u00edvnym filtra\u010dn\u00fdm uhl\u00edm<\/strong> s kr\u00e1snym vzh\u013eadom a skvel\u00fdm \u00fa\u010dinkom.<\/p>\n<h2><strong>K\u00e1vov\u00fd bal\u00ed\u010dek Binchio obsahuje:<br \/>\n<\/strong><\/h2>\n<ul>\n<li><strong>250g<\/strong> balenie k\u00e1vy 100% <strong>Arabica<\/strong> (Braz\u00edlia) &#8211; pra\u017een\u00e1 na Slovensku,<\/li>\n<li>upcyklovan\u00e1 <strong>k\u00e1vov\u00e1 svie\u010dko Binchio,<\/strong><\/li>\n<li>akt\u00edvne uhlie <strong>Binchio Premium<\/strong>.<\/li>\n<\/ul>\n<h3><strong>100% Arabica z regi\u00f3nu Minas Gerais (Braz\u00edlia)<\/strong><\/h3>\n<p>Braz\u00edlia, presl\u00e1ven\u00e1 v\u010faka svoj\u00edm <strong>vysokokvalitn\u00fdm k\u00e1vam<\/strong> sa stala svetov\u00fdm l\u00eddrom v pestovan\u00ed k\u00e1vovn\u00edkov. <strong>\u010cokol\u00e1da<\/strong>, <strong>kakao<\/strong> a <strong>vyv\u00e1\u017een\u00e1 sladkos\u0165<\/strong> v tele t\u00fdchto z\u0155n uspokoja aj t\u00fdch najn\u00e1ro\u010dnej\u0161\u00edch k\u00e1vi\u010dk\u00e1rov. V dochuti tejto 100% arabiky n\u00e1jdete pr\u00edjemn\u00fa <strong>ar\u00f3mu pra\u017een\u00fdch lieskovcov.<\/strong><\/p>\n<p>Odpor\u00fa\u010dan\u00e1 pr\u00edprava: espresso, moka.<br \/>\nChu\u0165ov\u00fd profil: \u010dokol\u00e1da, lieskovce, trstinov\u00fd cukor.<\/p>\n<p><strong>Vychutnajte<\/strong> si svoju k\u00e1vu <strong>doma alebo na cest\u00e1ch<\/strong> v k\u00e1vovom <a href=\"https:\/\/binchio.com\/sk\/kategoria-produktu\/upcyklovane-produkty-sk\/\">termohrn\u010deku Kaffeeform<\/a>.<\/p>\n<h3>Vonn\u00e1 k\u00e1vov\u00e1 svie\u010dka Binchio<\/h3>\n<p>Viete, \u017ee ke\u010f dopijete svoj rann\u00fd hrn\u010dek tohto podmaniv\u00e9ho n\u00e1poja \u010di espressa, zu\u017eitkujete menej ako 1% namletej k\u00e1vy (<a href=\"https:\/\/www.youtube.com\/watch?v=UQBp6z4j704\">niektor\u00e9 zdroje<\/a> uv\u00e1dzaj\u00fa dokonca \u010d\u00edslo 0,2 %)? Pre\u010do to vn\u00edmame ako ve\u013ek\u00fd probl\u00e9m? Preto\u017ee <strong>k\u00e1vov\u00fd \u201eodpad\u201c je zdrojom s obrovsk\u00fdm potenci\u00e1lom \u010fal\u0161ieho vyu\u017eitia<\/strong>! Pozri sa, ako odkr\u00fdvame jeho potenci\u00e1l my.<\/p>\n<p>Binchio k\u00e1vov\u00e1 svie\u010dka je \u201emust have\u201c <strong>pre<\/strong> v\u0161etk\u00fdch <strong>milovn\u00edkov dom\u00e1cej pohody, k\u00e1vy a ekol\u00f3gie<\/strong>????\u00a0Sme nad\u0161enci pre tvorbu produktov, ktor\u00e9 s\u00fa <strong>v s\u00falade s v\u00edziou cirkul\u00e1rnej<\/strong> (obehovej) <strong>ekonomiky<\/strong>. K\u00e1vov\u00fa zlo\u017eku pre na\u0161e k\u00e1vov\u00e9 svie\u010dky z\u00edskavame recykl\u00e1ciou k\u00e1vy \u2013 su\u0161en\u00edm k\u00e1vovej usadeniny resp. k\u00e1vov\u00e9ho odpadu. <strong>K\u00e1vov\u00fd odpad je doslova mal\u00fdm z\u00e1zrakom so \u0161irok\u00fdm spektrom \u010fal\u0161ieho vyu\u017eitia<\/strong>, napr. v oblasti pr\u00edrodnej kozmetiky (viz na\u0161e <a href=\"https:\/\/binchio.com\/produkt\/prirodni-peelingove-mydlo-s-aktivnim-uhlim-binchotan-a-kavou\/\">peelingov\u00e9 k\u00e1vov\u00e9 mydlo<\/a>). Na\u0161a origin\u00e1lna k\u00e1vov\u00e1 svie\u010dka tak vznik\u00e1 plne v s\u00falade s <strong>ekologick\u00fdm konceptom zero waste<\/strong>, \u010di\u017ee filozofia nulov\u00e9ho odpadu a cirkul\u00e1rnej ekonomiky (\u010d\u00edtaj ni\u017e\u0161ie). K\u00fapou tejto svie\u010dky teda podporujete ekologicky udr\u017eate\u013en\u00fd dizajn.<\/p>\n<blockquote><p>Ka\u017ed\u00e1 Binchio k\u00e1vov\u00e1 svie\u010dka zrecykluje obsah <strong>5 hrn\u010dekov k\u00e1vy<\/strong>.<\/p><\/blockquote>\n<h3>Akt\u00edvne uhlie Binchio Premium<\/h3>\n<p>Akt\u00edvne uhlie Binchio Premium v\u010faka <strong>svojmu kr\u00e1snemu tvaru a plnej farbe<\/strong> vynikne vo v\u00e4\u010d\u0161ej karafe s vodou. T\u00e1to Binchio ty\u010dinka teda umocn\u00ed <strong>z\u00e1\u017eitok pitia<\/strong> vody <strong>aj z estetick\u00e9ho h\u013eadiska<\/strong>. V\u010faka n\u00e1ro\u010dn\u00e9mu v\u00fdrobn\u00e9mu postupu obsahuje a\u017e 95 a viac % uhl\u00edka:<\/p>\n<ul>\n<li id=\"tw-target-text\" class=\"tw-data-text tw-text-large XcVN5d tw-ta\" data-placeholder=\"Preklad\"><span lang=\"sk\">materi\u00e1l: dreven\u00e9 akt\u00edvne uhlie binchotan z vetiev vietnamskej odrody <a href=\"https:\/\/binchio.com\/sk\/proc-je-eukalyptus-skvelou-volbou-pro-ekologickou-filtraci-vody\/\"><strong>eukalyptov\u00e9ho stromu,<\/strong><\/a><\/span><\/li>\n<li data-placeholder=\"Preklad\">certifik\u00e1t p\u00f4vodu aj kvality,<\/li>\n<li class=\"tw-data-text tw-text-large XcVN5d tw-ta\" data-placeholder=\"Preklad\"><span lang=\"sk\">jedna ty\u010dinka vydr\u017e\u00ed <strong>v priemere 3+ mesiaca<\/strong> (teda svoju vodu filtrujete za pribli\u017ene <strong>10 centov denne<\/strong>),<\/span><\/li>\n<li class=\"tw-data-text tw-text-large XcVN5d tw-ta\" data-placeholder=\"Preklad\"><span lang=\"sk\">jedna ty\u010dinka optim\u00e1lne <strong>filtruje 1,5 litra<\/strong> vody naraz,<\/span><\/li>\n<li class=\"tw-data-text tw-text-large XcVN5d tw-ta\" data-placeholder=\"Preklad\"><span lang=\"sk\">extr\u00e9mne \u013eahk\u00fd a prenosn\u00fd,<\/span><\/li>\n<li class=\"tw-data-text tw-text-large XcVN5d tw-ta\" data-placeholder=\"Preklad\"><span lang=\"sk\"><strong>100% pr\u00edrodn\u00fd<\/strong>, m\u00e1 <a href=\"https:\/\/binchio.com\/10-duvodu-proc-filtrovat-vodu-aktivnim-uhlim-binchotan\/\">mnoho sp\u00f4sobov sekund\u00e1rneho vyu\u017eitia,<\/a><br \/>\n<\/span><\/li>\n<li class=\"tw-data-text tw-text-large XcVN5d tw-ta\" data-placeholder=\"Preklad\"><span lang=\"sk\"><strong>\u017eiadny plast a nulov\u00fd odpad,<\/strong> <\/span><\/li>\n<li class=\"tw-data-text tw-text-large XcVN5d tw-ta\" data-placeholder=\"Preklad\"><span lang=\"sk\">filtruje iba pitn\u00fa (koh\u00fatikov\u00fa) vodu.<\/span><\/li>\n<\/ul>\n<p id=\"tw-target-text\" class=\"tw-data-text tw-text-large XcVN5d tw-ta\" dir=\"ltr\" data-placeholder=\"Preklad\"><span lang=\"sk\">Ka\u017ed\u00e1 binchotanov\u00e1 ty\u010dinka, ktor\u00fa zak\u00fapite je jedine\u010dn\u00e1, a na svete neexistuje in\u00e1, rovnak\u00e1???? Ka\u017ed\u00e1 vetva japonsk\u00e9ho duba Ubame je toti\u017e unik\u00e1tom a akt\u00edvne uhlie z nej vznik\u00e1 po\u010das remeselnej v\u00fdroby. Preto sa ned\u00e1 hmotnos\u0165 ani tvar ty\u010diniek \u201c\u0161tandardizova\u0165\u201d ako u mrkvy v Lidli (a ani sa o to nechceme pok\u00fa\u0161a\u0165).<\/span><\/p>\n","protected":false},"featured_media":11854,"comment_status":"open","ping_status":"closed","template":"","meta":{"_acf_changed":false},"product_brand":[],"product_cat":[110],"product_tag":[],"class_list":{"0":"post-11834","1":"product","2":"type-product","3":"status-publish","4":"has-post-thumbnail","6":"product_cat-kavova-kolekcia-sk","8":"first","9":"outofstock","10":"taxable","11":"shipping-taxable","12":"purchasable","13":"product-type-simple"},"supplier_id":null,"supplier_sku":"","barcode":null,"atum_controlled":true,"out_stock_date":"2026-01-18 21:22:51","out_stock_threshold":null,"inheritable":false,"inbound_stock":0,"stock_on_hold":0,"sold_today":0,"sales_last_days":0,"reserved_stock":0,"customer_returns":0,"warehouse_damage":0,"lost_in_post":0,"other_logs":0,"out_stock_days":96,"lost_sales":0,"has_location":false,"update_date":"2026-04-25T03:00:30","atum_locations":[],"atum_stock_status":"outofstock","restock_status":false,"low_stock_amount":"","sales_update_date":"2026-04-25T03:00:30","calc_backorders":null,"acf":[],"yoast_head":"<!-- This site is optimized with the Yoast SEO plugin v27.2 - https:\/\/yoast.com\/product\/yoast-seo-wordpress\/ -->\n<title>K\u00e1vov\u00fd bal\u00ed\u010dek pre eko-nad\u0161encov od Binchio - Binchio<\/title>\n<meta name=\"description\" content=\"Vysk\u00fa\u0161ajte ekologick\u00fd dar\u010dekov\u00fd k\u00e1vov\u00fd bal\u00ed\u010dek Binchio ur\u010den\u00fd v\u0161etk\u00fdm milovn\u00edkom k\u00e1vy! Pote\u0161te seba alebo svojich bl\u00edzkych kvalitnou 100% Arabikou pra\u017eenou na slovensku, svie\u010dkou ktor\u00e1 navod\u00ed pr\u00edjemn\u00fa atmosf\u00e9ru v\u010faka k\u00e1vovej v\u00f4ni a akt\u00edvnym filtra\u010dn\u00fdm uhl\u00edm s kr\u00e1snym vzh\u013eadom a skvel\u00fdm \u00fa\u010dinkom.\" \/>\n<meta name=\"robots\" content=\"index, follow, max-snippet:-1, max-image-preview:large, max-video-preview:-1\" \/>\n<link rel=\"canonical\" href=\"https:\/\/binchio.com\/sk\/produkt\/vianocny-kavovy-balicek\/\" \/>\n<meta property=\"og:locale\" content=\"sk_SK\" \/>\n<meta property=\"og:type\" content=\"article\" \/>\n<meta property=\"og:title\" content=\"K\u00e1vov\u00fd bal\u00ed\u010dek pre eko-nad\u0161encov od Binchio - Binchio\" \/>\n<meta property=\"og:description\" content=\"Vysk\u00fa\u0161ajte ekologick\u00fd dar\u010dekov\u00fd k\u00e1vov\u00fd bal\u00ed\u010dek Binchio ur\u010den\u00fd v\u0161etk\u00fdm milovn\u00edkom k\u00e1vy! Pote\u0161te seba alebo svojich bl\u00edzkych kvalitnou 100% Arabikou pra\u017eenou na slovensku, svie\u010dkou ktor\u00e1 navod\u00ed pr\u00edjemn\u00fa atmosf\u00e9ru v\u010faka k\u00e1vovej v\u00f4ni a akt\u00edvnym filtra\u010dn\u00fdm uhl\u00edm s kr\u00e1snym vzh\u013eadom a skvel\u00fdm \u00fa\u010dinkom.\" \/>\n<meta property=\"og:url\" content=\"https:\/\/binchio.com\/sk\/produkt\/vianocny-kavovy-balicek\/\" \/>\n<meta property=\"og:site_name\" content=\"Binchio\" \/>\n<meta property=\"article:publisher\" content=\"https:\/\/www.facebook.com\/binchiouhli\/\" \/>\n<meta property=\"article:modified_time\" content=\"2023-06-21T09:24:18+00:00\" \/>\n<meta property=\"og:image\" content=\"https:\/\/binchio.com\/wp-content\/uploads\/2022\/12\/IMG_7605_jpg.jpg\" \/>\n\t<meta property=\"og:image:width\" content=\"900\" \/>\n\t<meta property=\"og:image:height\" content=\"1200\" \/>\n\t<meta property=\"og:image:type\" content=\"image\/jpeg\" \/>\n<meta name=\"twitter:card\" content=\"summary_large_image\" \/>\n<meta name=\"twitter:label1\" content=\"Predpokladan\u00fd \u010das \u010d\u00edtania\" \/>\n\t<meta name=\"twitter:data1\" content=\"1 min\u00fata\" \/>\n<script type=\"application\/ld+json\" class=\"yoast-schema-graph\">{\"@context\":\"https:\/\/schema.org\",\"@graph\":[{\"@type\":\"WebPage\",\"@id\":\"https:\/\/binchio.com\/sk\/produkt\/vianocny-kavovy-balicek\/\",\"url\":\"https:\/\/binchio.com\/sk\/produkt\/vianocny-kavovy-balicek\/\",\"name\":\"K\u00e1vov\u00fd bal\u00ed\u010dek pre eko-nad\u0161encov od Binchio - Binchio\",\"isPartOf\":{\"@id\":\"https:\/\/binchio.com\/#website\"},\"primaryImageOfPage\":{\"@id\":\"https:\/\/binchio.com\/sk\/produkt\/vianocny-kavovy-balicek\/#primaryimage\"},\"image\":{\"@id\":\"https:\/\/binchio.com\/sk\/produkt\/vianocny-kavovy-balicek\/#primaryimage\"},\"thumbnailUrl\":\"https:\/\/binchio.com\/wp-content\/uploads\/2022\/12\/IMG_7605_jpg.jpg\",\"datePublished\":\"2022-12-05T11:46:01+00:00\",\"dateModified\":\"2023-06-21T09:24:18+00:00\",\"description\":\"Vysk\u00fa\u0161ajte ekologick\u00fd dar\u010dekov\u00fd k\u00e1vov\u00fd bal\u00ed\u010dek Binchio ur\u010den\u00fd v\u0161etk\u00fdm milovn\u00edkom k\u00e1vy! Pote\u0161te seba alebo svojich bl\u00edzkych kvalitnou 100% Arabikou pra\u017eenou na slovensku, svie\u010dkou ktor\u00e1 navod\u00ed pr\u00edjemn\u00fa atmosf\u00e9ru v\u010faka k\u00e1vovej v\u00f4ni a akt\u00edvnym filtra\u010dn\u00fdm uhl\u00edm s kr\u00e1snym vzh\u013eadom a skvel\u00fdm \u00fa\u010dinkom.\",\"breadcrumb\":{\"@id\":\"https:\/\/binchio.com\/sk\/produkt\/vianocny-kavovy-balicek\/#breadcrumb\"},\"inLanguage\":\"sk-SK\",\"potentialAction\":[{\"@type\":\"ReadAction\",\"target\":[\"https:\/\/binchio.com\/sk\/produkt\/vianocny-kavovy-balicek\/\"]}]},{\"@type\":\"ImageObject\",\"inLanguage\":\"sk-SK\",\"@id\":\"https:\/\/binchio.com\/sk\/produkt\/vianocny-kavovy-balicek\/#primaryimage\",\"url\":\"https:\/\/binchio.com\/wp-content\/uploads\/2022\/12\/IMG_7605_jpg.jpg\",\"contentUrl\":\"https:\/\/binchio.com\/wp-content\/uploads\/2022\/12\/IMG_7605_jpg.jpg\",\"width\":900,\"height\":1200,\"caption\":\"K\u00e1vov\u00e9 d\u00e1rkov\u00e9 balen\u00ed: k\u00e1va 100% arabica binchio k\u00e1vov\u00e1 sv\u00ed\u010dka a aktivn\u00ed uhl\u00ed Binchio\"},{\"@type\":\"BreadcrumbList\",\"@id\":\"https:\/\/binchio.com\/sk\/produkt\/vianocny-kavovy-balicek\/#breadcrumb\",\"itemListElement\":[{\"@type\":\"ListItem\",\"position\":1,\"name\":\"Home\",\"item\":\"https:\/\/binchio.com\/sk\/\"},{\"@type\":\"ListItem\",\"position\":2,\"name\":\"Obchod (woo &#8211; redirected)\",\"item\":\"https:\/\/binchio.com\/sk\/obchod-woo\/\"},{\"@type\":\"ListItem\",\"position\":3,\"name\":\"K\u00e1vov\u00fd bal\u00ed\u010dek pre eko-nad\u0161encov od Binchio\"}]},{\"@type\":\"WebSite\",\"@id\":\"https:\/\/binchio.com\/#website\",\"url\":\"https:\/\/binchio.com\/\",\"name\":\"Binchio\",\"description\":\"100% p\u0159\u00edrodn\u00ed filtrace vody pomoc\u00ed aktivn\u00edho filtra\u010dn\u00edho uhl\u00ed binchotan\",\"publisher\":{\"@id\":\"https:\/\/binchio.com\/#organization\"},\"potentialAction\":[{\"@type\":\"SearchAction\",\"target\":{\"@type\":\"EntryPoint\",\"urlTemplate\":\"https:\/\/binchio.com\/?s={search_term_string}\"},\"query-input\":{\"@type\":\"PropertyValueSpecification\",\"valueRequired\":true,\"valueName\":\"search_term_string\"}}],\"inLanguage\":\"sk-SK\"},{\"@type\":\"Organization\",\"@id\":\"https:\/\/binchio.com\/#organization\",\"name\":\"Binchio\",\"url\":\"https:\/\/binchio.com\/\",\"logo\":{\"@type\":\"ImageObject\",\"inLanguage\":\"sk-SK\",\"@id\":\"https:\/\/binchio.com\/#\/schema\/logo\/image\/\",\"url\":\"https:\/\/binchio.com\/wp-content\/uploads\/2020\/07\/binchio-logo.svg\",\"contentUrl\":\"https:\/\/binchio.com\/wp-content\/uploads\/2020\/07\/binchio-logo.svg\",\"width\":200,\"height\":430,\"caption\":\"Binchio\"},\"image\":{\"@id\":\"https:\/\/binchio.com\/#\/schema\/logo\/image\/\"},\"sameAs\":[\"https:\/\/www.facebook.com\/binchiouhli\/\",\"https:\/\/www.instagram.com\/milan_suchy\"]}]}<\/script>\n<!-- \/ Yoast SEO plugin. -->","yoast_head_json":{"title":"K\u00e1vov\u00fd bal\u00ed\u010dek pre eko-nad\u0161encov od Binchio - Binchio","description":"Vysk\u00fa\u0161ajte ekologick\u00fd dar\u010dekov\u00fd k\u00e1vov\u00fd bal\u00ed\u010dek Binchio ur\u010den\u00fd v\u0161etk\u00fdm milovn\u00edkom k\u00e1vy! Pote\u0161te seba alebo svojich bl\u00edzkych kvalitnou 100% Arabikou pra\u017eenou na slovensku, svie\u010dkou ktor\u00e1 navod\u00ed pr\u00edjemn\u00fa atmosf\u00e9ru v\u010faka k\u00e1vovej v\u00f4ni a akt\u00edvnym filtra\u010dn\u00fdm uhl\u00edm s kr\u00e1snym vzh\u013eadom a skvel\u00fdm \u00fa\u010dinkom.","robots":{"index":"index","follow":"follow","max-snippet":"max-snippet:-1","max-image-preview":"max-image-preview:large","max-video-preview":"max-video-preview:-1"},"canonical":"https:\/\/binchio.com\/sk\/produkt\/vianocny-kavovy-balicek\/","og_locale":"sk_SK","og_type":"article","og_title":"K\u00e1vov\u00fd bal\u00ed\u010dek pre eko-nad\u0161encov od Binchio - Binchio","og_description":"Vysk\u00fa\u0161ajte ekologick\u00fd dar\u010dekov\u00fd k\u00e1vov\u00fd bal\u00ed\u010dek Binchio ur\u010den\u00fd v\u0161etk\u00fdm milovn\u00edkom k\u00e1vy! Pote\u0161te seba alebo svojich bl\u00edzkych kvalitnou 100% Arabikou pra\u017eenou na slovensku, svie\u010dkou ktor\u00e1 navod\u00ed pr\u00edjemn\u00fa atmosf\u00e9ru v\u010faka k\u00e1vovej v\u00f4ni a akt\u00edvnym filtra\u010dn\u00fdm uhl\u00edm s kr\u00e1snym vzh\u013eadom a skvel\u00fdm \u00fa\u010dinkom.","og_url":"https:\/\/binchio.com\/sk\/produkt\/vianocny-kavovy-balicek\/","og_site_name":"Binchio","article_publisher":"https:\/\/www.facebook.com\/binchiouhli\/","article_modified_time":"2023-06-21T09:24:18+00:00","og_image":[{"width":900,"height":1200,"url":"https:\/\/binchio.com\/wp-content\/uploads\/2022\/12\/IMG_7605_jpg.jpg","type":"image\/jpeg"}],"twitter_card":"summary_large_image","twitter_misc":{"Predpokladan\u00fd \u010das \u010d\u00edtania":"1 min\u00fata"},"schema":{"@context":"https:\/\/schema.org","@graph":[{"@type":"WebPage","@id":"https:\/\/binchio.com\/sk\/produkt\/vianocny-kavovy-balicek\/","url":"https:\/\/binchio.com\/sk\/produkt\/vianocny-kavovy-balicek\/","name":"K\u00e1vov\u00fd bal\u00ed\u010dek pre eko-nad\u0161encov od Binchio - Binchio","isPartOf":{"@id":"https:\/\/binchio.com\/#website"},"primaryImageOfPage":{"@id":"https:\/\/binchio.com\/sk\/produkt\/vianocny-kavovy-balicek\/#primaryimage"},"image":{"@id":"https:\/\/binchio.com\/sk\/produkt\/vianocny-kavovy-balicek\/#primaryimage"},"thumbnailUrl":"https:\/\/binchio.com\/wp-content\/uploads\/2022\/12\/IMG_7605_jpg.jpg","datePublished":"2022-12-05T11:46:01+00:00","dateModified":"2023-06-21T09:24:18+00:00","description":"Vysk\u00fa\u0161ajte ekologick\u00fd dar\u010dekov\u00fd k\u00e1vov\u00fd bal\u00ed\u010dek Binchio ur\u010den\u00fd v\u0161etk\u00fdm milovn\u00edkom k\u00e1vy! Pote\u0161te seba alebo svojich bl\u00edzkych kvalitnou 100% Arabikou pra\u017eenou na slovensku, svie\u010dkou ktor\u00e1 navod\u00ed pr\u00edjemn\u00fa atmosf\u00e9ru v\u010faka k\u00e1vovej v\u00f4ni a akt\u00edvnym filtra\u010dn\u00fdm uhl\u00edm s kr\u00e1snym vzh\u013eadom a skvel\u00fdm \u00fa\u010dinkom.","breadcrumb":{"@id":"https:\/\/binchio.com\/sk\/produkt\/vianocny-kavovy-balicek\/#breadcrumb"},"inLanguage":"sk-SK","potentialAction":[{"@type":"ReadAction","target":["https:\/\/binchio.com\/sk\/produkt\/vianocny-kavovy-balicek\/"]}]},{"@type":"ImageObject","inLanguage":"sk-SK","@id":"https:\/\/binchio.com\/sk\/produkt\/vianocny-kavovy-balicek\/#primaryimage","url":"https:\/\/binchio.com\/wp-content\/uploads\/2022\/12\/IMG_7605_jpg.jpg","contentUrl":"https:\/\/binchio.com\/wp-content\/uploads\/2022\/12\/IMG_7605_jpg.jpg","width":900,"height":1200,"caption":"K\u00e1vov\u00e9 d\u00e1rkov\u00e9 balen\u00ed: k\u00e1va 100% arabica binchio k\u00e1vov\u00e1 sv\u00ed\u010dka a aktivn\u00ed uhl\u00ed Binchio"},{"@type":"BreadcrumbList","@id":"https:\/\/binchio.com\/sk\/produkt\/vianocny-kavovy-balicek\/#breadcrumb","itemListElement":[{"@type":"ListItem","position":1,"name":"Home","item":"https:\/\/binchio.com\/sk\/"},{"@type":"ListItem","position":2,"name":"Obchod (woo &#8211; redirected)","item":"https:\/\/binchio.com\/sk\/obchod-woo\/"},{"@type":"ListItem","position":3,"name":"K\u00e1vov\u00fd bal\u00ed\u010dek pre eko-nad\u0161encov od Binchio"}]},{"@type":"WebSite","@id":"https:\/\/binchio.com\/#website","url":"https:\/\/binchio.com\/","name":"Binchio","description":"100% p\u0159\u00edrodn\u00ed filtrace vody pomoc\u00ed aktivn\u00edho filtra\u010dn\u00edho uhl\u00ed binchotan","publisher":{"@id":"https:\/\/binchio.com\/#organization"},"potentialAction":[{"@type":"SearchAction","target":{"@type":"EntryPoint","urlTemplate":"https:\/\/binchio.com\/?s={search_term_string}"},"query-input":{"@type":"PropertyValueSpecification","valueRequired":true,"valueName":"search_term_string"}}],"inLanguage":"sk-SK"},{"@type":"Organization","@id":"https:\/\/binchio.com\/#organization","name":"Binchio","url":"https:\/\/binchio.com\/","logo":{"@type":"ImageObject","inLanguage":"sk-SK","@id":"https:\/\/binchio.com\/#\/schema\/logo\/image\/","url":"https:\/\/binchio.com\/wp-content\/uploads\/2020\/07\/binchio-logo.svg","contentUrl":"https:\/\/binchio.com\/wp-content\/uploads\/2020\/07\/binchio-logo.svg","width":200,"height":430,"caption":"Binchio"},"image":{"@id":"https:\/\/binchio.com\/#\/schema\/logo\/image\/"},"sameAs":["https:\/\/www.facebook.com\/binchiouhli\/","https:\/\/www.instagram.com\/milan_suchy"]}]}},"_links":{"self":[{"href":"https:\/\/binchio.com\/sk\/wp-json\/wp\/v2\/product\/11834","targetHints":{"allow":["GET"]}}],"collection":[{"href":"https:\/\/binchio.com\/sk\/wp-json\/wp\/v2\/product"}],"about":[{"href":"https:\/\/binchio.com\/sk\/wp-json\/wp\/v2\/types\/product"}],"replies":[{"embeddable":true,"href":"https:\/\/binchio.com\/sk\/wp-json\/wp\/v2\/comments?post=11834"}],"wp:featuredmedia":[{"embeddable":true,"href":"https:\/\/binchio.com\/sk\/wp-json\/wp\/v2\/media\/11854"}],"wp:attachment":[{"href":"https:\/\/binchio.com\/sk\/wp-json\/wp\/v2\/media?parent=11834"}],"wp:term":[{"taxonomy":"product_brand","embeddable":true,"href":"https:\/\/binchio.com\/sk\/wp-json\/wp\/v2\/product_brand?post=11834"},{"taxonomy":"product_cat","embeddable":true,"href":"https:\/\/binchio.com\/sk\/wp-json\/wp\/v2\/product_cat?post=11834"},{"taxonomy":"product_tag","embeddable":true,"href":"https:\/\/binchio.com\/sk\/wp-json\/wp\/v2\/product_tag?post=11834"}],"curies":[{"name":"wp","href":"https:\/\/api.w.org\/{rel}","templated":true}]}}