{"id":11639,"date":"2022-11-05T17:46:23","date_gmt":"2022-11-05T16:46:23","guid":{"rendered":"https:\/\/binchio.websy.sk\/?post_type=product&#038;p=11639"},"modified":"2025-07-06T12:21:17","modified_gmt":"2025-07-06T10:21:17","slug":"bambusova-slamka-obycajna","status":"publish","type":"product","link":"https:\/\/binchio.com\/sk\/produkt\/bambusova-slamka-obycajna\/","title":{"rendered":"Bambusov\u00e1 slamka oby\u010dajn\u00e1"},"content":{"rendered":"<table class=\"woocommerce-product-attributes shop_attributes\">\n<tbody>\n<tr class=\"woocommerce-product-attributes-item woocommerce-product-attributes-item--attribute_pa_material\">\n<th class=\"woocommerce-product-attributes-item__label\">Materi\u00e1l<\/th>\n<td class=\"woocommerce-product-attributes-item__value\">bambus<\/td>\n<\/tr>\n<tr class=\"woocommerce-product-attributes-item woocommerce-product-attributes-item--attribute_pa_dlzka\">\n<th class=\"woocommerce-product-attributes-item__label\">D\u013a\u017eka<\/th>\n<td class=\"woocommerce-product-attributes-item__value\">20 cm, 21 cm<\/td>\n<\/tr>\n<tr class=\"woocommerce-product-attributes-item woocommerce-product-attributes-item--attribute_pa_priemer\">\n<th class=\"woocommerce-product-attributes-item__label\">Priemer<\/th>\n<td class=\"woocommerce-product-attributes-item__value\">0,6 cm<\/td>\n<\/tr>\n<\/tbody>\n<\/table>\n","protected":false},"excerpt":{"rendered":"<p>Ekologick\u00e1 bambusov\u00e1 slamka ktor\u00e1 nevytv\u00e1ra odpad. Vy\u010dar\u00ed ti \u00fasmev na tv\u00e1ri a <strong>ochr\u00e1ni \u017eivotn\u00e9 prostredie<\/strong> pred produkciou jednorazov\u00fdch plastov. Ekologick\u00e1 bambusov\u00e1 slamka Mobake je vyroben\u00e1 zo <strong>100% bambusu<\/strong>, <strong>bez pridan\u00fdch lepidiel a n\u00e1terov<\/strong>.<\/p>\n<h3>Pre\u010do Bambusov\u00e1 slamka?<\/h3>\n<ul>\n<li>Preto\u017ee je <strong>Vegan certifikovan\u00e1.<\/strong><\/li>\n<li>Preto\u017ee je <strong>opakovate\u013ene pou\u017eite\u013en\u00e1.<\/strong><\/li>\n<li><strong>Je \u0161etrn\u00e1 k tvojmu zdraviu <\/strong>a plan\u00e9te.<\/li>\n<li><strong>Bez <\/strong>pridan\u00fdch<strong> lepidiel a n\u00e1terov.<\/strong><\/li>\n<li>Vyroben\u00e1 zo<strong> 100% Moso<\/strong> bambusu.<\/li>\n<li><strong>Neohrozuje <\/strong>prostredie <strong>pandy.<\/strong><\/li>\n<li><strong>Je 100% rozlo\u017eite\u013en\u00e1<\/strong>.<\/li>\n<\/ul>\n<p>Po ka\u017edom pou\u017eit\u00ed ju\u00a0odpor\u00fa\u010dame d\u00f4kladne vysu\u0161i\u0165 a vy\u010disti\u0165 <a href=\"https:\/\/binchio.com\/sk\/?post_type=product&#038;p=9729\">Kefkou na Slamky Sisal.<\/a><\/p>\n","protected":false},"featured_media":11183,"comment_status":"open","ping_status":"closed","template":"","meta":{"_acf_changed":false},"product_brand":[],"product_cat":[190],"product_tag":[],"class_list":{"0":"post-11639","1":"product","2":"type-product","3":"status-publish","4":"has-post-thumbnail","6":"product_cat-slamky-sk","8":"first","9":"instock","10":"taxable","11":"shipping-taxable","12":"purchasable","13":"product-type-simple"},"supplier_id":null,"supplier_sku":"","barcode":null,"atum_controlled":true,"out_stock_date":null,"out_stock_threshold":null,"inheritable":false,"inbound_stock":0,"stock_on_hold":0,"sold_today":0,"sales_last_days":0,"reserved_stock":0,"customer_returns":0,"warehouse_damage":0,"lost_in_post":0,"other_logs":0,"out_stock_days":0,"lost_sales":0,"has_location":false,"update_date":"2026-04-25T03:00:20","atum_locations":[],"atum_stock_status":"instock","restock_status":false,"low_stock_amount":"","sales_update_date":"2026-04-25T03:00:20","calc_backorders":null,"acf":[],"yoast_head":"<!-- This site is optimized with the Yoast SEO plugin v27.2 - https:\/\/yoast.com\/product\/yoast-seo-wordpress\/ -->\n<title>Bambusov\u00e1 slamka oby\u010dajn\u00e1 - Binchio<\/title>\n<meta name=\"description\" content=\"Ekologick\u00e1 bambusov\u00e1 slamka ktor\u00e1 nevytv\u00e1ra odpad. Vy\u010dar\u00ed ti \u00fasmev na tv\u00e1ri a ochr\u00e1ni \u017eivotn\u00e9 prostredie pred produkciou jednorazov\u00fdch plastov. Ekologick\u00e1 bambusov\u00e1 slamka Mobake je vyroben\u00e1 zo 100% bambusu, bez pridan\u00fdch lepidiel a n\u00e1terov.\" \/>\n<meta name=\"robots\" content=\"index, follow, max-snippet:-1, max-image-preview:large, max-video-preview:-1\" \/>\n<link rel=\"canonical\" href=\"https:\/\/binchio.com\/sk\/produkt\/bambusova-slamka-obycajna\/\" \/>\n<meta property=\"og:locale\" content=\"sk_SK\" \/>\n<meta property=\"og:type\" content=\"article\" \/>\n<meta property=\"og:title\" content=\"Bambusov\u00e1 slamka oby\u010dajn\u00e1 - Binchio\" \/>\n<meta property=\"og:description\" content=\"Ekologick\u00e1 bambusov\u00e1 slamka ktor\u00e1 nevytv\u00e1ra odpad. Vy\u010dar\u00ed ti \u00fasmev na tv\u00e1ri a ochr\u00e1ni \u017eivotn\u00e9 prostredie pred produkciou jednorazov\u00fdch plastov. Ekologick\u00e1 bambusov\u00e1 slamka Mobake je vyroben\u00e1 zo 100% bambusu, bez pridan\u00fdch lepidiel a n\u00e1terov.\" \/>\n<meta property=\"og:url\" content=\"https:\/\/binchio.com\/sk\/produkt\/bambusova-slamka-obycajna\/\" \/>\n<meta property=\"og:site_name\" content=\"Binchio\" \/>\n<meta property=\"article:publisher\" content=\"https:\/\/www.facebook.com\/binchiouhli\/\" \/>\n<meta property=\"article:modified_time\" content=\"2025-07-06T10:21:17+00:00\" \/>\n<meta property=\"og:image\" content=\"https:\/\/binchio.com\/wp-content\/uploads\/2022\/09\/bambusova_slamka.jpg\" \/>\n\t<meta property=\"og:image:width\" content=\"1080\" \/>\n\t<meta property=\"og:image:height\" content=\"1080\" \/>\n\t<meta property=\"og:image:type\" content=\"image\/jpeg\" \/>\n<meta name=\"twitter:card\" content=\"summary_large_image\" \/>\n<meta name=\"twitter:label1\" content=\"Predpokladan\u00fd \u010das \u010d\u00edtania\" \/>\n\t<meta name=\"twitter:data1\" content=\"1 min\u00fata\" \/>\n<script type=\"application\/ld+json\" class=\"yoast-schema-graph\">{\"@context\":\"https:\/\/schema.org\",\"@graph\":[{\"@type\":\"WebPage\",\"@id\":\"https:\/\/binchio.com\/sk\/produkt\/bambusova-slamka-obycajna\/\",\"url\":\"https:\/\/binchio.com\/sk\/produkt\/bambusova-slamka-obycajna\/\",\"name\":\"Bambusov\u00e1 slamka oby\u010dajn\u00e1 - Binchio\",\"isPartOf\":{\"@id\":\"https:\/\/binchio.com\/#website\"},\"primaryImageOfPage\":{\"@id\":\"https:\/\/binchio.com\/sk\/produkt\/bambusova-slamka-obycajna\/#primaryimage\"},\"image\":{\"@id\":\"https:\/\/binchio.com\/sk\/produkt\/bambusova-slamka-obycajna\/#primaryimage\"},\"thumbnailUrl\":\"https:\/\/binchio.com\/wp-content\/uploads\/2022\/09\/bambusova_slamka.jpg\",\"datePublished\":\"2022-11-05T16:46:23+00:00\",\"dateModified\":\"2025-07-06T10:21:17+00:00\",\"description\":\"Ekologick\u00e1 bambusov\u00e1 slamka ktor\u00e1 nevytv\u00e1ra odpad. Vy\u010dar\u00ed ti \u00fasmev na tv\u00e1ri a ochr\u00e1ni \u017eivotn\u00e9 prostredie pred produkciou jednorazov\u00fdch plastov. Ekologick\u00e1 bambusov\u00e1 slamka Mobake je vyroben\u00e1 zo 100% bambusu, bez pridan\u00fdch lepidiel a n\u00e1terov.\",\"breadcrumb\":{\"@id\":\"https:\/\/binchio.com\/sk\/produkt\/bambusova-slamka-obycajna\/#breadcrumb\"},\"inLanguage\":\"sk-SK\",\"potentialAction\":[{\"@type\":\"ReadAction\",\"target\":[\"https:\/\/binchio.com\/sk\/produkt\/bambusova-slamka-obycajna\/\"]}]},{\"@type\":\"ImageObject\",\"inLanguage\":\"sk-SK\",\"@id\":\"https:\/\/binchio.com\/sk\/produkt\/bambusova-slamka-obycajna\/#primaryimage\",\"url\":\"https:\/\/binchio.com\/wp-content\/uploads\/2022\/09\/bambusova_slamka.jpg\",\"contentUrl\":\"https:\/\/binchio.com\/wp-content\/uploads\/2022\/09\/bambusova_slamka.jpg\",\"width\":1080,\"height\":1080,\"caption\":\"bambusov\u00e1 slamka\"},{\"@type\":\"BreadcrumbList\",\"@id\":\"https:\/\/binchio.com\/sk\/produkt\/bambusova-slamka-obycajna\/#breadcrumb\",\"itemListElement\":[{\"@type\":\"ListItem\",\"position\":1,\"name\":\"Home\",\"item\":\"https:\/\/binchio.com\/sk\/\"},{\"@type\":\"ListItem\",\"position\":2,\"name\":\"Obchod (woo &#8211; redirected)\",\"item\":\"https:\/\/binchio.com\/sk\/obchod-woo\/\"},{\"@type\":\"ListItem\",\"position\":3,\"name\":\"Bambusov\u00e1 slamka oby\u010dajn\u00e1\"}]},{\"@type\":\"WebSite\",\"@id\":\"https:\/\/binchio.com\/#website\",\"url\":\"https:\/\/binchio.com\/\",\"name\":\"Binchio\",\"description\":\"100% p\u0159\u00edrodn\u00ed filtrace vody pomoc\u00ed aktivn\u00edho filtra\u010dn\u00edho uhl\u00ed binchotan\",\"publisher\":{\"@id\":\"https:\/\/binchio.com\/#organization\"},\"potentialAction\":[{\"@type\":\"SearchAction\",\"target\":{\"@type\":\"EntryPoint\",\"urlTemplate\":\"https:\/\/binchio.com\/?s={search_term_string}\"},\"query-input\":{\"@type\":\"PropertyValueSpecification\",\"valueRequired\":true,\"valueName\":\"search_term_string\"}}],\"inLanguage\":\"sk-SK\"},{\"@type\":\"Organization\",\"@id\":\"https:\/\/binchio.com\/#organization\",\"name\":\"Binchio\",\"url\":\"https:\/\/binchio.com\/\",\"logo\":{\"@type\":\"ImageObject\",\"inLanguage\":\"sk-SK\",\"@id\":\"https:\/\/binchio.com\/#\/schema\/logo\/image\/\",\"url\":\"https:\/\/binchio.com\/wp-content\/uploads\/2020\/07\/binchio-logo.svg\",\"contentUrl\":\"https:\/\/binchio.com\/wp-content\/uploads\/2020\/07\/binchio-logo.svg\",\"width\":200,\"height\":430,\"caption\":\"Binchio\"},\"image\":{\"@id\":\"https:\/\/binchio.com\/#\/schema\/logo\/image\/\"},\"sameAs\":[\"https:\/\/www.facebook.com\/binchiouhli\/\",\"https:\/\/www.instagram.com\/milan_suchy\"]}]}<\/script>\n<!-- \/ Yoast SEO plugin. -->","yoast_head_json":{"title":"Bambusov\u00e1 slamka oby\u010dajn\u00e1 - Binchio","description":"Ekologick\u00e1 bambusov\u00e1 slamka ktor\u00e1 nevytv\u00e1ra odpad. Vy\u010dar\u00ed ti \u00fasmev na tv\u00e1ri a ochr\u00e1ni \u017eivotn\u00e9 prostredie pred produkciou jednorazov\u00fdch plastov. Ekologick\u00e1 bambusov\u00e1 slamka Mobake je vyroben\u00e1 zo 100% bambusu, bez pridan\u00fdch lepidiel a n\u00e1terov.","robots":{"index":"index","follow":"follow","max-snippet":"max-snippet:-1","max-image-preview":"max-image-preview:large","max-video-preview":"max-video-preview:-1"},"canonical":"https:\/\/binchio.com\/sk\/produkt\/bambusova-slamka-obycajna\/","og_locale":"sk_SK","og_type":"article","og_title":"Bambusov\u00e1 slamka oby\u010dajn\u00e1 - Binchio","og_description":"Ekologick\u00e1 bambusov\u00e1 slamka ktor\u00e1 nevytv\u00e1ra odpad. Vy\u010dar\u00ed ti \u00fasmev na tv\u00e1ri a ochr\u00e1ni \u017eivotn\u00e9 prostredie pred produkciou jednorazov\u00fdch plastov. Ekologick\u00e1 bambusov\u00e1 slamka Mobake je vyroben\u00e1 zo 100% bambusu, bez pridan\u00fdch lepidiel a n\u00e1terov.","og_url":"https:\/\/binchio.com\/sk\/produkt\/bambusova-slamka-obycajna\/","og_site_name":"Binchio","article_publisher":"https:\/\/www.facebook.com\/binchiouhli\/","article_modified_time":"2025-07-06T10:21:17+00:00","og_image":[{"width":1080,"height":1080,"url":"https:\/\/binchio.com\/wp-content\/uploads\/2022\/09\/bambusova_slamka.jpg","type":"image\/jpeg"}],"twitter_card":"summary_large_image","twitter_misc":{"Predpokladan\u00fd \u010das \u010d\u00edtania":"1 min\u00fata"},"schema":{"@context":"https:\/\/schema.org","@graph":[{"@type":"WebPage","@id":"https:\/\/binchio.com\/sk\/produkt\/bambusova-slamka-obycajna\/","url":"https:\/\/binchio.com\/sk\/produkt\/bambusova-slamka-obycajna\/","name":"Bambusov\u00e1 slamka oby\u010dajn\u00e1 - Binchio","isPartOf":{"@id":"https:\/\/binchio.com\/#website"},"primaryImageOfPage":{"@id":"https:\/\/binchio.com\/sk\/produkt\/bambusova-slamka-obycajna\/#primaryimage"},"image":{"@id":"https:\/\/binchio.com\/sk\/produkt\/bambusova-slamka-obycajna\/#primaryimage"},"thumbnailUrl":"https:\/\/binchio.com\/wp-content\/uploads\/2022\/09\/bambusova_slamka.jpg","datePublished":"2022-11-05T16:46:23+00:00","dateModified":"2025-07-06T10:21:17+00:00","description":"Ekologick\u00e1 bambusov\u00e1 slamka ktor\u00e1 nevytv\u00e1ra odpad. Vy\u010dar\u00ed ti \u00fasmev na tv\u00e1ri a ochr\u00e1ni \u017eivotn\u00e9 prostredie pred produkciou jednorazov\u00fdch plastov. Ekologick\u00e1 bambusov\u00e1 slamka Mobake je vyroben\u00e1 zo 100% bambusu, bez pridan\u00fdch lepidiel a n\u00e1terov.","breadcrumb":{"@id":"https:\/\/binchio.com\/sk\/produkt\/bambusova-slamka-obycajna\/#breadcrumb"},"inLanguage":"sk-SK","potentialAction":[{"@type":"ReadAction","target":["https:\/\/binchio.com\/sk\/produkt\/bambusova-slamka-obycajna\/"]}]},{"@type":"ImageObject","inLanguage":"sk-SK","@id":"https:\/\/binchio.com\/sk\/produkt\/bambusova-slamka-obycajna\/#primaryimage","url":"https:\/\/binchio.com\/wp-content\/uploads\/2022\/09\/bambusova_slamka.jpg","contentUrl":"https:\/\/binchio.com\/wp-content\/uploads\/2022\/09\/bambusova_slamka.jpg","width":1080,"height":1080,"caption":"bambusov\u00e1 slamka"},{"@type":"BreadcrumbList","@id":"https:\/\/binchio.com\/sk\/produkt\/bambusova-slamka-obycajna\/#breadcrumb","itemListElement":[{"@type":"ListItem","position":1,"name":"Home","item":"https:\/\/binchio.com\/sk\/"},{"@type":"ListItem","position":2,"name":"Obchod (woo &#8211; redirected)","item":"https:\/\/binchio.com\/sk\/obchod-woo\/"},{"@type":"ListItem","position":3,"name":"Bambusov\u00e1 slamka oby\u010dajn\u00e1"}]},{"@type":"WebSite","@id":"https:\/\/binchio.com\/#website","url":"https:\/\/binchio.com\/","name":"Binchio","description":"100% p\u0159\u00edrodn\u00ed filtrace vody pomoc\u00ed aktivn\u00edho filtra\u010dn\u00edho uhl\u00ed binchotan","publisher":{"@id":"https:\/\/binchio.com\/#organization"},"potentialAction":[{"@type":"SearchAction","target":{"@type":"EntryPoint","urlTemplate":"https:\/\/binchio.com\/?s={search_term_string}"},"query-input":{"@type":"PropertyValueSpecification","valueRequired":true,"valueName":"search_term_string"}}],"inLanguage":"sk-SK"},{"@type":"Organization","@id":"https:\/\/binchio.com\/#organization","name":"Binchio","url":"https:\/\/binchio.com\/","logo":{"@type":"ImageObject","inLanguage":"sk-SK","@id":"https:\/\/binchio.com\/#\/schema\/logo\/image\/","url":"https:\/\/binchio.com\/wp-content\/uploads\/2020\/07\/binchio-logo.svg","contentUrl":"https:\/\/binchio.com\/wp-content\/uploads\/2020\/07\/binchio-logo.svg","width":200,"height":430,"caption":"Binchio"},"image":{"@id":"https:\/\/binchio.com\/#\/schema\/logo\/image\/"},"sameAs":["https:\/\/www.facebook.com\/binchiouhli\/","https:\/\/www.instagram.com\/milan_suchy"]}]}},"_links":{"self":[{"href":"https:\/\/binchio.com\/sk\/wp-json\/wp\/v2\/product\/11639","targetHints":{"allow":["GET"]}}],"collection":[{"href":"https:\/\/binchio.com\/sk\/wp-json\/wp\/v2\/product"}],"about":[{"href":"https:\/\/binchio.com\/sk\/wp-json\/wp\/v2\/types\/product"}],"replies":[{"embeddable":true,"href":"https:\/\/binchio.com\/sk\/wp-json\/wp\/v2\/comments?post=11639"}],"wp:featuredmedia":[{"embeddable":true,"href":"https:\/\/binchio.com\/sk\/wp-json\/wp\/v2\/media\/11183"}],"wp:attachment":[{"href":"https:\/\/binchio.com\/sk\/wp-json\/wp\/v2\/media?parent=11639"}],"wp:term":[{"taxonomy":"product_brand","embeddable":true,"href":"https:\/\/binchio.com\/sk\/wp-json\/wp\/v2\/product_brand?post=11639"},{"taxonomy":"product_cat","embeddable":true,"href":"https:\/\/binchio.com\/sk\/wp-json\/wp\/v2\/product_cat?post=11639"},{"taxonomy":"product_tag","embeddable":true,"href":"https:\/\/binchio.com\/sk\/wp-json\/wp\/v2\/product_tag?post=11639"}],"curies":[{"name":"wp","href":"https:\/\/api.w.org\/{rel}","templated":true}]}}