{"id":11498,"date":"2022-10-22T13:02:30","date_gmt":"2022-10-22T11:02:30","guid":{"rendered":"https:\/\/binchio.websy.sk\/?post_type=product&#038;p=11498"},"modified":"2024-07-20T13:33:17","modified_gmt":"2024-07-20T11:33:17","slug":"ecodenta-prirodna-cierna-bieliaca-zubna-pasta-s-uhlim-a-extraktom-teavigo-s-prichutou-pomaranca-kopirovat","status":"publish","type":"product","link":"https:\/\/binchio.com\/sk\/produkt\/ecodenta-prirodna-cierna-bieliaca-zubna-pasta-s-uhlim-a-extraktom-teavigo-s-prichutou-pomaranca-kopirovat\/","title":{"rendered":"Ecodenta prirodn\u00e1 \u010dierna bieliaca zubn\u00e1 pasta s uhl\u00edm a extraktom Teavigo"},"content":{"rendered":"<table class=\"woocommerce-product-attributes shop_attributes\">\n<tbody>\n<tr class=\"woocommerce-product-attributes-item woocommerce-product-attributes-item--attribute_balenie\">\n<th class=\"woocommerce-product-attributes-item__label\">Balenie:<\/th>\n<td class=\"woocommerce-product-attributes-item__value\">100 ml<\/td>\n<\/tr>\n<tr class=\"woocommerce-product-attributes-item woocommerce-product-attributes-item--attribute_neobsahuje\">\n<th class=\"woocommerce-product-attributes-item__label\">Neobsahuje:<\/th>\n<td class=\"woocommerce-product-attributes-item__value\">fluoridy<\/td>\n<\/tr>\n<tr class=\"woocommerce-product-attributes-item woocommerce-product-attributes-item--attribute_obsahuje\">\n<th class=\"woocommerce-product-attributes-item__label\">Obsahuje:<\/th>\n<td class=\"woocommerce-product-attributes-item__value\">\u010dierne dreven\u00e9 uhlie\u00a0a\u00a0Teavigo\u2122<\/td>\n<\/tr>\n<\/tbody>\n<\/table>\n","protected":false},"excerpt":{"rendered":"<p><strong>Bieliaca zubn\u00e1 pasta Ecodenta s dreven\u00fdm uhl\u00edm<\/strong> premen\u00ed tvoj <strong>\u00fasmev<\/strong> na <strong>snehovo biely.<\/strong> Dopraj si <strong>bielenie zubov na pr\u00edrodnej b\u00e1ze<\/strong>\u00a0<strong>bez peroxidov a fluoridov. <\/strong><\/p>\n<p><strong>Testovan\u00e9 stomatol\u00f3gmi, o<\/strong><strong>bsahuje<\/strong>\u00a0<strong>98%<\/strong> Zlo\u017eiek <strong>pr\u00edrodn\u00e9ho<\/strong> p\u00f4vodu a <strong>neobsahuje<\/strong> <strong>peroxidy<\/strong>, <strong>sulf\u00e1ty<\/strong>, <strong>pareb\u00e9ny<\/strong> ani <strong>triclosan!<\/strong><\/p>\n<h3><strong>\u010c\u00edm je \u010cierna zubn\u00e1 pasta s pr\u00edchu\u0165ou pomaran\u010da<\/strong>\u00a0<strong>v\u00fdnimo\u010dn\u00e1?<\/strong><\/h3>\n<p><strong>\u010cierna<\/strong> zubn\u00e1 <strong>pasta<\/strong> na <strong>bielenie zubov<\/strong> obsahuje\u00a0<strong>\u010dierne dreven\u00e9 uhlie\u00a0<\/strong>a\u00a0<strong>inovat\u00edvnu zlo\u017eku\u00a0<em>Teavigo\u2122<\/em><\/strong>.<\/p>\n<p><strong>\u010cierne dreven\u00e9 uhlie<\/strong> <strong>je<\/strong> v dent\u00e1lnej starostlivosti u\u017e <strong>dlho zn\u00e1me pre<\/strong> svoje <strong>v\u00fdnimo\u010dn\u00e9 vlastnosti<\/strong> a \u00fa\u010dinn\u00fd <strong>bieliaci efekt.<\/strong><\/p>\n<h4>\u010co je to zlo\u017eka Teavigo<strong>\u2122<\/strong>?<\/h4>\n<p>Inovat\u00edvna zlo\u017eka <strong>Teavigo\u2122<\/strong> je <strong>akt\u00edvna l\u00e1tka,<\/strong> ktor\u00e1 sa z\u00edskava <strong>zo zelen\u00e9ho \u010daju.<\/strong> Ide o <strong>najakt\u00edvnej\u0161iu l\u00e1tku<\/strong> zelen\u00e9ho \u010daju s <strong>vysokou \u010distotou.<\/strong> Okrem in\u00fdch v\u00fdhod pri <strong>dent\u00e1lnej starostlivosti<\/strong> prin\u00e1\u0161a <strong>komplexn\u00e9 benefity,<\/strong> a to najm\u00e4:<\/p>\n<ul>\n<li>chr\u00e1ni\u00a0pred\u00a0<strong>zubn\u00fdm kame\u0148om,<\/strong><\/li>\n<li>m\u00e1\u00a0<strong>antibakteri\u00e1lny \u00fa\u010dinok,<\/strong><\/li>\n<li>zanech\u00e1va\u00a0<strong>dlhotrvaj\u00faci\u00a0pocit\u00a0\u010distoty<\/strong>\u00a0a\u00a0<strong>svie\u017eosti.<\/strong><\/li>\n<\/ul>\n<p><img decoding=\"async\" class=\"\" src=\"https:\/\/cdn.shopify.com\/s\/files\/1\/1668\/2163\/products\/VeganTM_327C_medium_8927c8bc-921e-43f1-a067-ce668113ac36_2048x2048.webp?v=1648124282\" width=\"201\" height=\"155\" \/><\/p>\n","protected":false},"featured_media":11500,"comment_status":"open","ping_status":"closed","template":"","meta":{"_acf_changed":false},"product_brand":[],"product_cat":[246],"product_tag":[],"class_list":{"0":"post-11498","1":"product","2":"type-product","3":"status-publish","4":"has-post-thumbnail","6":"product_cat-zubne-pasty-ustne-vody-sk","8":"first","9":"outofstock","10":"taxable","11":"shipping-taxable","12":"purchasable","13":"product-type-simple"},"supplier_id":null,"supplier_sku":"","barcode":null,"atum_controlled":true,"out_stock_date":"2024-08-31 23:48:32","out_stock_threshold":null,"inheritable":false,"inbound_stock":0,"stock_on_hold":0,"sold_today":0,"sales_last_days":0,"reserved_stock":0,"customer_returns":0,"warehouse_damage":0,"lost_in_post":0,"other_logs":0,"out_stock_days":607,"lost_sales":0,"has_location":false,"update_date":"2026-05-01T03:36:07","atum_locations":[],"atum_stock_status":"outofstock","restock_status":false,"low_stock_amount":"","sales_update_date":"2026-05-01T03:36:07","calc_backorders":null,"acf":[],"yoast_head":"<!-- This site is optimized with the Yoast SEO plugin v27.2 - https:\/\/yoast.com\/product\/yoast-seo-wordpress\/ -->\n<title>Ecodenta prirodn\u00e1 \u010dierna bieliaca zubn\u00e1 pasta s uhl\u00edm a extraktom Teavigo - Binchio<\/title>\n<meta name=\"description\" content=\"Bieliaca zubn\u00e1 pasta Ecodenta s dreven\u00fdm uhl\u00edm premen\u00ed tvoj \u00fasmev na snehovo biely. Dopraj si bielenie zubov na pr\u00edrodnej b\u00e1ze\u00a0bez peroxidov a fluoridov.Testovan\u00e9 stomatol\u00f3gmi, obsahuje\u00a098% Zlo\u017eiek pr\u00edrodn\u00e9ho p\u00f4vodu a neobsahuje peroxidy, sulf\u00e1ty, pareb\u00e9ny ani triclosan!\" \/>\n<meta name=\"robots\" content=\"index, follow, max-snippet:-1, max-image-preview:large, max-video-preview:-1\" \/>\n<link rel=\"canonical\" href=\"https:\/\/binchio.com\/sk\/produkt\/ecodenta-prirodna-cierna-bieliaca-zubna-pasta-s-uhlim-a-extraktom-teavigo-s-prichutou-pomaranca-kopirovat\/\" \/>\n<meta property=\"og:locale\" content=\"sk_SK\" \/>\n<meta property=\"og:type\" content=\"article\" \/>\n<meta property=\"og:title\" content=\"Ecodenta prirodn\u00e1 \u010dierna bieliaca zubn\u00e1 pasta s uhl\u00edm a extraktom Teavigo - Binchio\" \/>\n<meta property=\"og:description\" content=\"Bieliaca zubn\u00e1 pasta Ecodenta s dreven\u00fdm uhl\u00edm premen\u00ed tvoj \u00fasmev na snehovo biely. Dopraj si bielenie zubov na pr\u00edrodnej b\u00e1ze\u00a0bez peroxidov a fluoridov.Testovan\u00e9 stomatol\u00f3gmi, obsahuje\u00a098% Zlo\u017eiek pr\u00edrodn\u00e9ho p\u00f4vodu a neobsahuje peroxidy, sulf\u00e1ty, pareb\u00e9ny ani triclosan!\" \/>\n<meta property=\"og:url\" content=\"https:\/\/binchio.com\/sk\/produkt\/ecodenta-prirodna-cierna-bieliaca-zubna-pasta-s-uhlim-a-extraktom-teavigo-s-prichutou-pomaranca-kopirovat\/\" \/>\n<meta property=\"og:site_name\" content=\"Binchio\" \/>\n<meta property=\"article:publisher\" content=\"https:\/\/www.facebook.com\/binchiouhli\/\" \/>\n<meta property=\"article:modified_time\" content=\"2024-07-20T11:33:17+00:00\" \/>\n<meta property=\"og:image\" content=\"https:\/\/binchio.com\/wp-content\/uploads\/2022\/10\/Ecodenta_prirodna_cierna_bieliaca_zubna_pasta_s_uhlim_a_extraktom_Teavigo1.jpg\" \/>\n\t<meta property=\"og:image:width\" content=\"1080\" \/>\n\t<meta property=\"og:image:height\" content=\"1080\" \/>\n\t<meta property=\"og:image:type\" content=\"image\/jpeg\" \/>\n<meta name=\"twitter:card\" content=\"summary_large_image\" \/>\n<meta name=\"twitter:label1\" content=\"Predpokladan\u00fd \u010das \u010d\u00edtania\" \/>\n\t<meta name=\"twitter:data1\" content=\"1 min\u00fata\" \/>\n<script type=\"application\/ld+json\" class=\"yoast-schema-graph\">{\"@context\":\"https:\/\/schema.org\",\"@graph\":[{\"@type\":\"WebPage\",\"@id\":\"https:\/\/binchio.com\/sk\/produkt\/ecodenta-prirodna-cierna-bieliaca-zubna-pasta-s-uhlim-a-extraktom-teavigo-s-prichutou-pomaranca-kopirovat\/\",\"url\":\"https:\/\/binchio.com\/sk\/produkt\/ecodenta-prirodna-cierna-bieliaca-zubna-pasta-s-uhlim-a-extraktom-teavigo-s-prichutou-pomaranca-kopirovat\/\",\"name\":\"Ecodenta prirodn\u00e1 \u010dierna bieliaca zubn\u00e1 pasta s uhl\u00edm a extraktom Teavigo - Binchio\",\"isPartOf\":{\"@id\":\"https:\/\/binchio.com\/#website\"},\"primaryImageOfPage\":{\"@id\":\"https:\/\/binchio.com\/sk\/produkt\/ecodenta-prirodna-cierna-bieliaca-zubna-pasta-s-uhlim-a-extraktom-teavigo-s-prichutou-pomaranca-kopirovat\/#primaryimage\"},\"image\":{\"@id\":\"https:\/\/binchio.com\/sk\/produkt\/ecodenta-prirodna-cierna-bieliaca-zubna-pasta-s-uhlim-a-extraktom-teavigo-s-prichutou-pomaranca-kopirovat\/#primaryimage\"},\"thumbnailUrl\":\"https:\/\/binchio.com\/wp-content\/uploads\/2022\/10\/Ecodenta_prirodna_cierna_bieliaca_zubna_pasta_s_uhlim_a_extraktom_Teavigo1.jpg\",\"datePublished\":\"2022-10-22T11:02:30+00:00\",\"dateModified\":\"2024-07-20T11:33:17+00:00\",\"description\":\"Bieliaca zubn\u00e1 pasta Ecodenta s dreven\u00fdm uhl\u00edm premen\u00ed tvoj \u00fasmev na snehovo biely. Dopraj si bielenie zubov na pr\u00edrodnej b\u00e1ze\u00a0bez peroxidov a fluoridov.Testovan\u00e9 stomatol\u00f3gmi, obsahuje\u00a098% Zlo\u017eiek pr\u00edrodn\u00e9ho p\u00f4vodu a neobsahuje peroxidy, sulf\u00e1ty, pareb\u00e9ny ani triclosan!\",\"breadcrumb\":{\"@id\":\"https:\/\/binchio.com\/sk\/produkt\/ecodenta-prirodna-cierna-bieliaca-zubna-pasta-s-uhlim-a-extraktom-teavigo-s-prichutou-pomaranca-kopirovat\/#breadcrumb\"},\"inLanguage\":\"sk-SK\",\"potentialAction\":[{\"@type\":\"ReadAction\",\"target\":[\"https:\/\/binchio.com\/sk\/produkt\/ecodenta-prirodna-cierna-bieliaca-zubna-pasta-s-uhlim-a-extraktom-teavigo-s-prichutou-pomaranca-kopirovat\/\"]}]},{\"@type\":\"ImageObject\",\"inLanguage\":\"sk-SK\",\"@id\":\"https:\/\/binchio.com\/sk\/produkt\/ecodenta-prirodna-cierna-bieliaca-zubna-pasta-s-uhlim-a-extraktom-teavigo-s-prichutou-pomaranca-kopirovat\/#primaryimage\",\"url\":\"https:\/\/binchio.com\/wp-content\/uploads\/2022\/10\/Ecodenta_prirodna_cierna_bieliaca_zubna_pasta_s_uhlim_a_extraktom_Teavigo1.jpg\",\"contentUrl\":\"https:\/\/binchio.com\/wp-content\/uploads\/2022\/10\/Ecodenta_prirodna_cierna_bieliaca_zubna_pasta_s_uhlim_a_extraktom_Teavigo1.jpg\",\"width\":1080,\"height\":1080,\"caption\":\"Ecodenta p\u0159\u00edrodn\u00ed \u010dern\u00e1 b\u011bl\u00edc\u00ed zubn\u00ed pasta s uhl\u00edm a extraktem Teavigo\"},{\"@type\":\"BreadcrumbList\",\"@id\":\"https:\/\/binchio.com\/sk\/produkt\/ecodenta-prirodna-cierna-bieliaca-zubna-pasta-s-uhlim-a-extraktom-teavigo-s-prichutou-pomaranca-kopirovat\/#breadcrumb\",\"itemListElement\":[{\"@type\":\"ListItem\",\"position\":1,\"name\":\"Home\",\"item\":\"https:\/\/binchio.com\/sk\/\"},{\"@type\":\"ListItem\",\"position\":2,\"name\":\"Obchod (woo &#8211; redirected)\",\"item\":\"https:\/\/binchio.com\/sk\/obchod-woo\/\"},{\"@type\":\"ListItem\",\"position\":3,\"name\":\"Ecodenta prirodn\u00e1 \u010dierna bieliaca zubn\u00e1 pasta s uhl\u00edm a extraktom Teavigo\"}]},{\"@type\":\"WebSite\",\"@id\":\"https:\/\/binchio.com\/#website\",\"url\":\"https:\/\/binchio.com\/\",\"name\":\"Binchio\",\"description\":\"100% p\u0159\u00edrodn\u00ed filtrace vody pomoc\u00ed aktivn\u00edho filtra\u010dn\u00edho uhl\u00ed binchotan\",\"publisher\":{\"@id\":\"https:\/\/binchio.com\/#organization\"},\"potentialAction\":[{\"@type\":\"SearchAction\",\"target\":{\"@type\":\"EntryPoint\",\"urlTemplate\":\"https:\/\/binchio.com\/?s={search_term_string}\"},\"query-input\":{\"@type\":\"PropertyValueSpecification\",\"valueRequired\":true,\"valueName\":\"search_term_string\"}}],\"inLanguage\":\"sk-SK\"},{\"@type\":\"Organization\",\"@id\":\"https:\/\/binchio.com\/#organization\",\"name\":\"Binchio\",\"url\":\"https:\/\/binchio.com\/\",\"logo\":{\"@type\":\"ImageObject\",\"inLanguage\":\"sk-SK\",\"@id\":\"https:\/\/binchio.com\/#\/schema\/logo\/image\/\",\"url\":\"https:\/\/binchio.com\/wp-content\/uploads\/2020\/07\/binchio-logo.svg\",\"contentUrl\":\"https:\/\/binchio.com\/wp-content\/uploads\/2020\/07\/binchio-logo.svg\",\"width\":200,\"height\":430,\"caption\":\"Binchio\"},\"image\":{\"@id\":\"https:\/\/binchio.com\/#\/schema\/logo\/image\/\"},\"sameAs\":[\"https:\/\/www.facebook.com\/binchiouhli\/\",\"https:\/\/www.instagram.com\/milan_suchy\"]}]}<\/script>\n<!-- \/ Yoast SEO plugin. -->","yoast_head_json":{"title":"Ecodenta prirodn\u00e1 \u010dierna bieliaca zubn\u00e1 pasta s uhl\u00edm a extraktom Teavigo - Binchio","description":"Bieliaca zubn\u00e1 pasta Ecodenta s dreven\u00fdm uhl\u00edm premen\u00ed tvoj \u00fasmev na snehovo biely. Dopraj si bielenie zubov na pr\u00edrodnej b\u00e1ze\u00a0bez peroxidov a fluoridov.Testovan\u00e9 stomatol\u00f3gmi, obsahuje\u00a098% Zlo\u017eiek pr\u00edrodn\u00e9ho p\u00f4vodu a neobsahuje peroxidy, sulf\u00e1ty, pareb\u00e9ny ani triclosan!","robots":{"index":"index","follow":"follow","max-snippet":"max-snippet:-1","max-image-preview":"max-image-preview:large","max-video-preview":"max-video-preview:-1"},"canonical":"https:\/\/binchio.com\/sk\/produkt\/ecodenta-prirodna-cierna-bieliaca-zubna-pasta-s-uhlim-a-extraktom-teavigo-s-prichutou-pomaranca-kopirovat\/","og_locale":"sk_SK","og_type":"article","og_title":"Ecodenta prirodn\u00e1 \u010dierna bieliaca zubn\u00e1 pasta s uhl\u00edm a extraktom Teavigo - Binchio","og_description":"Bieliaca zubn\u00e1 pasta Ecodenta s dreven\u00fdm uhl\u00edm premen\u00ed tvoj \u00fasmev na snehovo biely. Dopraj si bielenie zubov na pr\u00edrodnej b\u00e1ze\u00a0bez peroxidov a fluoridov.Testovan\u00e9 stomatol\u00f3gmi, obsahuje\u00a098% Zlo\u017eiek pr\u00edrodn\u00e9ho p\u00f4vodu a neobsahuje peroxidy, sulf\u00e1ty, pareb\u00e9ny ani triclosan!","og_url":"https:\/\/binchio.com\/sk\/produkt\/ecodenta-prirodna-cierna-bieliaca-zubna-pasta-s-uhlim-a-extraktom-teavigo-s-prichutou-pomaranca-kopirovat\/","og_site_name":"Binchio","article_publisher":"https:\/\/www.facebook.com\/binchiouhli\/","article_modified_time":"2024-07-20T11:33:17+00:00","og_image":[{"width":1080,"height":1080,"url":"https:\/\/binchio.com\/wp-content\/uploads\/2022\/10\/Ecodenta_prirodna_cierna_bieliaca_zubna_pasta_s_uhlim_a_extraktom_Teavigo1.jpg","type":"image\/jpeg"}],"twitter_card":"summary_large_image","twitter_misc":{"Predpokladan\u00fd \u010das \u010d\u00edtania":"1 min\u00fata"},"schema":{"@context":"https:\/\/schema.org","@graph":[{"@type":"WebPage","@id":"https:\/\/binchio.com\/sk\/produkt\/ecodenta-prirodna-cierna-bieliaca-zubna-pasta-s-uhlim-a-extraktom-teavigo-s-prichutou-pomaranca-kopirovat\/","url":"https:\/\/binchio.com\/sk\/produkt\/ecodenta-prirodna-cierna-bieliaca-zubna-pasta-s-uhlim-a-extraktom-teavigo-s-prichutou-pomaranca-kopirovat\/","name":"Ecodenta prirodn\u00e1 \u010dierna bieliaca zubn\u00e1 pasta s uhl\u00edm a extraktom Teavigo - Binchio","isPartOf":{"@id":"https:\/\/binchio.com\/#website"},"primaryImageOfPage":{"@id":"https:\/\/binchio.com\/sk\/produkt\/ecodenta-prirodna-cierna-bieliaca-zubna-pasta-s-uhlim-a-extraktom-teavigo-s-prichutou-pomaranca-kopirovat\/#primaryimage"},"image":{"@id":"https:\/\/binchio.com\/sk\/produkt\/ecodenta-prirodna-cierna-bieliaca-zubna-pasta-s-uhlim-a-extraktom-teavigo-s-prichutou-pomaranca-kopirovat\/#primaryimage"},"thumbnailUrl":"https:\/\/binchio.com\/wp-content\/uploads\/2022\/10\/Ecodenta_prirodna_cierna_bieliaca_zubna_pasta_s_uhlim_a_extraktom_Teavigo1.jpg","datePublished":"2022-10-22T11:02:30+00:00","dateModified":"2024-07-20T11:33:17+00:00","description":"Bieliaca zubn\u00e1 pasta Ecodenta s dreven\u00fdm uhl\u00edm premen\u00ed tvoj \u00fasmev na snehovo biely. Dopraj si bielenie zubov na pr\u00edrodnej b\u00e1ze\u00a0bez peroxidov a fluoridov.Testovan\u00e9 stomatol\u00f3gmi, obsahuje\u00a098% Zlo\u017eiek pr\u00edrodn\u00e9ho p\u00f4vodu a neobsahuje peroxidy, sulf\u00e1ty, pareb\u00e9ny ani triclosan!","breadcrumb":{"@id":"https:\/\/binchio.com\/sk\/produkt\/ecodenta-prirodna-cierna-bieliaca-zubna-pasta-s-uhlim-a-extraktom-teavigo-s-prichutou-pomaranca-kopirovat\/#breadcrumb"},"inLanguage":"sk-SK","potentialAction":[{"@type":"ReadAction","target":["https:\/\/binchio.com\/sk\/produkt\/ecodenta-prirodna-cierna-bieliaca-zubna-pasta-s-uhlim-a-extraktom-teavigo-s-prichutou-pomaranca-kopirovat\/"]}]},{"@type":"ImageObject","inLanguage":"sk-SK","@id":"https:\/\/binchio.com\/sk\/produkt\/ecodenta-prirodna-cierna-bieliaca-zubna-pasta-s-uhlim-a-extraktom-teavigo-s-prichutou-pomaranca-kopirovat\/#primaryimage","url":"https:\/\/binchio.com\/wp-content\/uploads\/2022\/10\/Ecodenta_prirodna_cierna_bieliaca_zubna_pasta_s_uhlim_a_extraktom_Teavigo1.jpg","contentUrl":"https:\/\/binchio.com\/wp-content\/uploads\/2022\/10\/Ecodenta_prirodna_cierna_bieliaca_zubna_pasta_s_uhlim_a_extraktom_Teavigo1.jpg","width":1080,"height":1080,"caption":"Ecodenta p\u0159\u00edrodn\u00ed \u010dern\u00e1 b\u011bl\u00edc\u00ed zubn\u00ed pasta s uhl\u00edm a extraktem Teavigo"},{"@type":"BreadcrumbList","@id":"https:\/\/binchio.com\/sk\/produkt\/ecodenta-prirodna-cierna-bieliaca-zubna-pasta-s-uhlim-a-extraktom-teavigo-s-prichutou-pomaranca-kopirovat\/#breadcrumb","itemListElement":[{"@type":"ListItem","position":1,"name":"Home","item":"https:\/\/binchio.com\/sk\/"},{"@type":"ListItem","position":2,"name":"Obchod (woo &#8211; redirected)","item":"https:\/\/binchio.com\/sk\/obchod-woo\/"},{"@type":"ListItem","position":3,"name":"Ecodenta prirodn\u00e1 \u010dierna bieliaca zubn\u00e1 pasta s uhl\u00edm a extraktom Teavigo"}]},{"@type":"WebSite","@id":"https:\/\/binchio.com\/#website","url":"https:\/\/binchio.com\/","name":"Binchio","description":"100% p\u0159\u00edrodn\u00ed filtrace vody pomoc\u00ed aktivn\u00edho filtra\u010dn\u00edho uhl\u00ed binchotan","publisher":{"@id":"https:\/\/binchio.com\/#organization"},"potentialAction":[{"@type":"SearchAction","target":{"@type":"EntryPoint","urlTemplate":"https:\/\/binchio.com\/?s={search_term_string}"},"query-input":{"@type":"PropertyValueSpecification","valueRequired":true,"valueName":"search_term_string"}}],"inLanguage":"sk-SK"},{"@type":"Organization","@id":"https:\/\/binchio.com\/#organization","name":"Binchio","url":"https:\/\/binchio.com\/","logo":{"@type":"ImageObject","inLanguage":"sk-SK","@id":"https:\/\/binchio.com\/#\/schema\/logo\/image\/","url":"https:\/\/binchio.com\/wp-content\/uploads\/2020\/07\/binchio-logo.svg","contentUrl":"https:\/\/binchio.com\/wp-content\/uploads\/2020\/07\/binchio-logo.svg","width":200,"height":430,"caption":"Binchio"},"image":{"@id":"https:\/\/binchio.com\/#\/schema\/logo\/image\/"},"sameAs":["https:\/\/www.facebook.com\/binchiouhli\/","https:\/\/www.instagram.com\/milan_suchy"]}]}},"_links":{"self":[{"href":"https:\/\/binchio.com\/sk\/wp-json\/wp\/v2\/product\/11498","targetHints":{"allow":["GET"]}}],"collection":[{"href":"https:\/\/binchio.com\/sk\/wp-json\/wp\/v2\/product"}],"about":[{"href":"https:\/\/binchio.com\/sk\/wp-json\/wp\/v2\/types\/product"}],"replies":[{"embeddable":true,"href":"https:\/\/binchio.com\/sk\/wp-json\/wp\/v2\/comments?post=11498"}],"wp:featuredmedia":[{"embeddable":true,"href":"https:\/\/binchio.com\/sk\/wp-json\/wp\/v2\/media\/11500"}],"wp:attachment":[{"href":"https:\/\/binchio.com\/sk\/wp-json\/wp\/v2\/media?parent=11498"}],"wp:term":[{"taxonomy":"product_brand","embeddable":true,"href":"https:\/\/binchio.com\/sk\/wp-json\/wp\/v2\/product_brand?post=11498"},{"taxonomy":"product_cat","embeddable":true,"href":"https:\/\/binchio.com\/sk\/wp-json\/wp\/v2\/product_cat?post=11498"},{"taxonomy":"product_tag","embeddable":true,"href":"https:\/\/binchio.com\/sk\/wp-json\/wp\/v2\/product_tag?post=11498"}],"curies":[{"name":"wp","href":"https:\/\/api.w.org\/{rel}","templated":true}]}}