{"id":10904,"date":"2022-08-10T21:44:04","date_gmt":"2022-08-10T19:44:04","guid":{"rendered":"https:\/\/binchio.websy.sk\/?post_type=product&#038;p=10904"},"modified":"2025-12-06T16:06:36","modified_gmt":"2025-12-06T15:06:36","slug":"egyptska-luxusna-lufa-s-bavlnenou-snurkou-8-12cm","status":"publish","type":"product","link":"https:\/\/binchio.com\/sk\/produkt\/egyptska-luxusna-lufa-s-bavlnenou-snurkou-8-12cm\/","title":{"rendered":"Multifunk\u010dn\u00e1 um\u00fdvacia \u0161pongia Lufa na riad a telo"},"content":{"rendered":"<p>Lufa je \u010disto <strong>pr\u00edrodn\u00e1 \u0161pongia<\/strong>, <strong>biologicky odb\u00farate\u013en\u00e1<\/strong>, z\u00edskan\u00e1 vysu\u0161en\u00edm rastliny Lufa Cylindrica. Je to teplomiln\u00e1, jednoro\u010dn\u00e1, pop\u00ednav\u00e1 rastlina. Po vysu\u0161en\u00ed sa pou\u017e\u00edva ako hubka na riad alebo um\u00fdvanie tela. Je <strong>jemn\u00e1<\/strong>, <strong>ne\u0161kriabe<\/strong>, <strong>zn\u00e1\u0161a mechanick\u00e9 za\u0165a\u017eenie<\/strong> a je <strong>netoxick\u00e1<\/strong>.<\/p>\n<p>Ka\u017ed\u00e1 lufov\u00e1 \u0161pongia by mala vydr\u017ea\u0165 pri spr\u00e1vnom zaobch\u00e1dzan\u00ed <strong>a\u017e 3 mesiace<\/strong>. \u00a0Medzi jednotliv\u00fdmi pou\u017eitiami sa uistite, \u017ee \u0161pongia je \u00faplne such\u00e1. T\u00fdm sa pred\u013a\u017ei jej \u017eivotnos\u0165.<\/p>\n<p><em>Lufy s\u00fa kompostovate\u013en\u00e9.<\/em><\/p>\n<table>\n<tbody>\n<tr>\n<th>Materi\u00e1l<\/th>\n<td>Prav\u00e1 lufa, bielen\u00e1<\/td>\n<\/tr>\n<tr>\n<th>V\u00e1ha<\/th>\n<td>100g<\/td>\n<\/tr>\n<tr>\n<th>\u0160n\u00farka<\/th>\n<td>Bavlna<\/td>\n<\/tr>\n<tr>\n<th>Ve\u013ekos\u0165<\/th>\n<td>8-12 cm<\/td>\n<\/tr>\n<tr>\n<th>P\u00f4vod<\/th>\n<td>Egypt<\/td>\n<\/tr>\n<\/tbody>\n<\/table>\n","protected":false},"excerpt":{"rendered":"<div id=\"product_description\" class=\"product_description_block _au_vw_ \">\n<p><strong>Egyptsk\u00e9 Luxusn\u00e9 Lufy s Bavlnenou \u0160n\u00farkou <\/strong>s\u00fa v\u00fdborn\u00fdm k\u00fape\u013e\u0148ov\u00fdm a kuchynsk\u00fdm doplnkom. Lufu je mo\u017en\u00e9 vyu\u017ei\u0165 <strong>na sucho <\/strong>alebo <strong>na mokro.<\/strong> V\u010faka jej rozmerom ju mo\u017eno <strong>rozdeli\u0165 na viac k\u00faskov<\/strong> <strong>s r\u00f4znym vyu\u017eit\u00edm<\/strong> (napr. v k\u00fape\u013eni a kuchyni).<\/p>\n<h3>Vyu\u017eitie v k\u00fape\u013eni:<\/h3>\n<\/div>\n<div id=\"product_description\" class=\"product_description_block _au_vw_ \">\n<p>\u0160trukt\u00fara lufy p\u00f4sob\u00ed peelingovo a z\u00e1rove\u0148 prekrvuje va\u0161u poko\u017eku. Pom\u00e1ha pri odstr\u00e1nen\u00ed prejavov celulit\u00eddy a omladzuje va\u0161u ple\u0165. Po namo\u010den\u00ed do vody zn\u00e1sob\u00ed svoj objem a je m\u00e4k\u0161ia a pru\u017enej\u0161ia.<\/p>\n<p><strong>Egyptsk\u00fa lufu<\/strong> m\u00f4\u017eete vyu\u017ei\u0165 <strong>na sucho<\/strong> alebo <strong>na mokro:<\/strong><\/p>\n<ul>\n<li><strong>na sucho<\/strong> &#8211; lufa p\u00f4sob\u00ed peelingovo, odstra\u0148uje stvrdnut\u00e9 \u010dasti poko\u017eky napr\u00edklad na p\u00e4t\u00e1ch,<\/li>\n<li><strong>na mokro &#8211;<\/strong> mas\u00edruje a prekrvuje cel\u00e9 telo, zabezpe\u010duje jemnej\u0161\u00ed peeling a jej \u00fa\u010dinok m\u00f4\u017eete zv\u00fd\u0161i\u0165 s <a href=\"https:\/\/binchio.com\/sk\/produkt\/prirodni-peelingove-mydlo-s-aktivnim-uhlim-binchotan-a-kavou\/\" target=\"_blank\" rel=\"noopener\">Peelingov\u00fdm ekomydlom s akt\u00edvnym uhl\u00edm a k\u00e1vou<\/a>.<\/li>\n<\/ul>\n<h3>Vyu\u017eitie v kuchyni:<\/h3>\n<\/div>\n<p>Pr\u00edrodn\u00e1 lufa, v\u010faka svojim meniacim sa vlastnostiam dok\u00e1\u017ee nahradi\u0165 dr\u00e1tenku aj plastov\u00fa hubku na riad:<\/p>\n<ul>\n<li><strong>na sucho<\/strong> &#8211; tvrd\u00e1 lufa p\u00f4sob\u00ed ako \u00fa\u010dinn\u00fd n\u00e1stroj na odolnej\u0161ie zbytky jedla,<\/li>\n<li><strong>na mokro<\/strong> &#8211; m\u00e4k\u0161ia lufa nahradzuje plastov\u00fa kuchynsk\u00fa hubku na riad.<\/li>\n<\/ul>\n<p><em><strong>Po pou\u017eit\u00ed<\/strong> je potrebn\u00e9 lufu <strong>d\u00f4kladne prepl\u00e1chnu\u0165<\/strong> hor\u00facou vodou a necha\u0165 ju <strong>preschn\u00fa\u0165<\/strong>, \u010do V\u00e1m zjednodu\u0161\u00ed bavlnen\u00e1 \u0161n\u00farka.<\/em><\/p>\n","protected":false},"featured_media":11445,"comment_status":"open","ping_status":"closed","template":"","meta":{"_acf_changed":false},"product_brand":[],"product_cat":[222,187],"product_tag":[],"class_list":{"0":"post-10904","1":"product","2":"type-product","3":"status-publish","4":"has-post-thumbnail","6":"product_cat-spongie-pemzy-lufy","7":"product_cat-starostlivost-o-telo","9":"first","10":"instock","11":"taxable","12":"shipping-taxable","13":"purchasable","14":"product-type-simple"},"supplier_id":null,"supplier_sku":"","barcode":null,"atum_controlled":true,"out_stock_date":null,"out_stock_threshold":null,"inheritable":false,"inbound_stock":0,"stock_on_hold":0,"sold_today":0,"sales_last_days":0,"reserved_stock":0,"customer_returns":0,"warehouse_damage":0,"lost_in_post":0,"other_logs":0,"out_stock_days":0,"lost_sales":0,"has_location":false,"update_date":"2026-04-25T03:00:36","atum_locations":[],"atum_stock_status":"instock","restock_status":false,"low_stock_amount":"","sales_update_date":"2026-04-25T03:00:35","calc_backorders":null,"acf":[],"yoast_head":"<!-- This site is optimized with the Yoast SEO plugin v27.2 - https:\/\/yoast.com\/product\/yoast-seo-wordpress\/ -->\n<title>Multifunk\u010dn\u00e1 um\u00fdvacia \u0161pongia Lufa na riad a telo - Binchio<\/title>\n<meta name=\"description\" content=\"Egyptsk\u00e9 Luxusn\u00e9 Lufy s Bavlnenou \u0160n\u00farkou s\u00fa v\u00fdborn\u00fdm k\u00fape\u013e\u0148ov\u00fdm a kuchynsk\u00fdm doplnkom. Lufu je mo\u017en\u00e9 vyu\u017ei\u0165 na sucho alebo na mokro. V\u010faka jej rozmerom ju mo\u017eno rozdeli\u0165 na viac k\u00faskov s r\u00f4znym vyu\u017eit\u00edm (napr. v k\u00fape\u013eni a kuchyni).\" \/>\n<meta name=\"robots\" content=\"index, follow, max-snippet:-1, max-image-preview:large, max-video-preview:-1\" \/>\n<link rel=\"canonical\" href=\"https:\/\/binchio.com\/sk\/produkt\/egyptska-luxusna-lufa-s-bavlnenou-snurkou-8-12cm\/\" \/>\n<meta property=\"og:locale\" content=\"sk_SK\" \/>\n<meta property=\"og:type\" content=\"article\" \/>\n<meta property=\"og:title\" content=\"Multifunk\u010dn\u00e1 um\u00fdvacia \u0161pongia Lufa na riad a telo - Binchio\" \/>\n<meta property=\"og:description\" content=\"Egyptsk\u00e9 Luxusn\u00e9 Lufy s Bavlnenou \u0160n\u00farkou s\u00fa v\u00fdborn\u00fdm k\u00fape\u013e\u0148ov\u00fdm a kuchynsk\u00fdm doplnkom. Lufu je mo\u017en\u00e9 vyu\u017ei\u0165 na sucho alebo na mokro. V\u010faka jej rozmerom ju mo\u017eno rozdeli\u0165 na viac k\u00faskov s r\u00f4znym vyu\u017eit\u00edm (napr. v k\u00fape\u013eni a kuchyni).\" \/>\n<meta property=\"og:url\" content=\"https:\/\/binchio.com\/sk\/produkt\/egyptska-luxusna-lufa-s-bavlnenou-snurkou-8-12cm\/\" \/>\n<meta property=\"og:site_name\" content=\"Binchio\" \/>\n<meta property=\"article:publisher\" content=\"https:\/\/www.facebook.com\/binchiouhli\/\" \/>\n<meta property=\"article:modified_time\" content=\"2025-12-06T15:06:36+00:00\" \/>\n<meta property=\"og:image\" content=\"https:\/\/binchio.com\/wp-content\/uploads\/2022\/08\/Multifunkcni_myci_houbaLufa_na_nadobi_a-_telo.jpg\" \/>\n\t<meta property=\"og:image:width\" content=\"1080\" \/>\n\t<meta property=\"og:image:height\" content=\"1080\" \/>\n\t<meta property=\"og:image:type\" content=\"image\/jpeg\" \/>\n<meta name=\"twitter:card\" content=\"summary_large_image\" \/>\n<meta name=\"twitter:label1\" content=\"Predpokladan\u00fd \u010das \u010d\u00edtania\" \/>\n\t<meta name=\"twitter:data1\" content=\"1 min\u00fata\" \/>\n<script type=\"application\/ld+json\" class=\"yoast-schema-graph\">{\"@context\":\"https:\/\/schema.org\",\"@graph\":[{\"@type\":\"WebPage\",\"@id\":\"https:\/\/binchio.com\/sk\/produkt\/egyptska-luxusna-lufa-s-bavlnenou-snurkou-8-12cm\/\",\"url\":\"https:\/\/binchio.com\/sk\/produkt\/egyptska-luxusna-lufa-s-bavlnenou-snurkou-8-12cm\/\",\"name\":\"Multifunk\u010dn\u00e1 um\u00fdvacia \u0161pongia Lufa na riad a telo - Binchio\",\"isPartOf\":{\"@id\":\"https:\/\/binchio.com\/#website\"},\"primaryImageOfPage\":{\"@id\":\"https:\/\/binchio.com\/sk\/produkt\/egyptska-luxusna-lufa-s-bavlnenou-snurkou-8-12cm\/#primaryimage\"},\"image\":{\"@id\":\"https:\/\/binchio.com\/sk\/produkt\/egyptska-luxusna-lufa-s-bavlnenou-snurkou-8-12cm\/#primaryimage\"},\"thumbnailUrl\":\"https:\/\/binchio.com\/wp-content\/uploads\/2022\/08\/Multifunkcni_myci_houbaLufa_na_nadobi_a-_telo.jpg\",\"datePublished\":\"2022-08-10T19:44:04+00:00\",\"dateModified\":\"2025-12-06T15:06:36+00:00\",\"description\":\"Egyptsk\u00e9 Luxusn\u00e9 Lufy s Bavlnenou \u0160n\u00farkou s\u00fa v\u00fdborn\u00fdm k\u00fape\u013e\u0148ov\u00fdm a kuchynsk\u00fdm doplnkom. Lufu je mo\u017en\u00e9 vyu\u017ei\u0165 na sucho alebo na mokro. V\u010faka jej rozmerom ju mo\u017eno rozdeli\u0165 na viac k\u00faskov s r\u00f4znym vyu\u017eit\u00edm (napr. v k\u00fape\u013eni a kuchyni).\",\"breadcrumb\":{\"@id\":\"https:\/\/binchio.com\/sk\/produkt\/egyptska-luxusna-lufa-s-bavlnenou-snurkou-8-12cm\/#breadcrumb\"},\"inLanguage\":\"sk-SK\",\"potentialAction\":[{\"@type\":\"ReadAction\",\"target\":[\"https:\/\/binchio.com\/sk\/produkt\/egyptska-luxusna-lufa-s-bavlnenou-snurkou-8-12cm\/\"]}]},{\"@type\":\"ImageObject\",\"inLanguage\":\"sk-SK\",\"@id\":\"https:\/\/binchio.com\/sk\/produkt\/egyptska-luxusna-lufa-s-bavlnenou-snurkou-8-12cm\/#primaryimage\",\"url\":\"https:\/\/binchio.com\/wp-content\/uploads\/2022\/08\/Multifunkcni_myci_houbaLufa_na_nadobi_a-_telo.jpg\",\"contentUrl\":\"https:\/\/binchio.com\/wp-content\/uploads\/2022\/08\/Multifunkcni_myci_houbaLufa_na_nadobi_a-_telo.jpg\",\"width\":1080,\"height\":1080,\"caption\":\"Multifunk\u010dn\u00ed myc\u00ed houba Lufa na n\u00e1dob\u00ed a t\u011blo\"},{\"@type\":\"BreadcrumbList\",\"@id\":\"https:\/\/binchio.com\/sk\/produkt\/egyptska-luxusna-lufa-s-bavlnenou-snurkou-8-12cm\/#breadcrumb\",\"itemListElement\":[{\"@type\":\"ListItem\",\"position\":1,\"name\":\"Home\",\"item\":\"https:\/\/binchio.com\/sk\/\"},{\"@type\":\"ListItem\",\"position\":2,\"name\":\"Obchod (woo &#8211; redirected)\",\"item\":\"https:\/\/binchio.com\/sk\/obchod-woo\/\"},{\"@type\":\"ListItem\",\"position\":3,\"name\":\"Multifunk\u010dn\u00e1 um\u00fdvacia \u0161pongia Lufa na riad a telo\"}]},{\"@type\":\"WebSite\",\"@id\":\"https:\/\/binchio.com\/#website\",\"url\":\"https:\/\/binchio.com\/\",\"name\":\"Binchio\",\"description\":\"100% p\u0159\u00edrodn\u00ed filtrace vody pomoc\u00ed aktivn\u00edho filtra\u010dn\u00edho uhl\u00ed binchotan\",\"publisher\":{\"@id\":\"https:\/\/binchio.com\/#organization\"},\"potentialAction\":[{\"@type\":\"SearchAction\",\"target\":{\"@type\":\"EntryPoint\",\"urlTemplate\":\"https:\/\/binchio.com\/?s={search_term_string}\"},\"query-input\":{\"@type\":\"PropertyValueSpecification\",\"valueRequired\":true,\"valueName\":\"search_term_string\"}}],\"inLanguage\":\"sk-SK\"},{\"@type\":\"Organization\",\"@id\":\"https:\/\/binchio.com\/#organization\",\"name\":\"Binchio\",\"url\":\"https:\/\/binchio.com\/\",\"logo\":{\"@type\":\"ImageObject\",\"inLanguage\":\"sk-SK\",\"@id\":\"https:\/\/binchio.com\/#\/schema\/logo\/image\/\",\"url\":\"https:\/\/binchio.com\/wp-content\/uploads\/2020\/07\/binchio-logo.svg\",\"contentUrl\":\"https:\/\/binchio.com\/wp-content\/uploads\/2020\/07\/binchio-logo.svg\",\"width\":200,\"height\":430,\"caption\":\"Binchio\"},\"image\":{\"@id\":\"https:\/\/binchio.com\/#\/schema\/logo\/image\/\"},\"sameAs\":[\"https:\/\/www.facebook.com\/binchiouhli\/\",\"https:\/\/www.instagram.com\/milan_suchy\"]}]}<\/script>\n<!-- \/ Yoast SEO plugin. -->","yoast_head_json":{"title":"Multifunk\u010dn\u00e1 um\u00fdvacia \u0161pongia Lufa na riad a telo - Binchio","description":"Egyptsk\u00e9 Luxusn\u00e9 Lufy s Bavlnenou \u0160n\u00farkou s\u00fa v\u00fdborn\u00fdm k\u00fape\u013e\u0148ov\u00fdm a kuchynsk\u00fdm doplnkom. Lufu je mo\u017en\u00e9 vyu\u017ei\u0165 na sucho alebo na mokro. V\u010faka jej rozmerom ju mo\u017eno rozdeli\u0165 na viac k\u00faskov s r\u00f4znym vyu\u017eit\u00edm (napr. v k\u00fape\u013eni a kuchyni).","robots":{"index":"index","follow":"follow","max-snippet":"max-snippet:-1","max-image-preview":"max-image-preview:large","max-video-preview":"max-video-preview:-1"},"canonical":"https:\/\/binchio.com\/sk\/produkt\/egyptska-luxusna-lufa-s-bavlnenou-snurkou-8-12cm\/","og_locale":"sk_SK","og_type":"article","og_title":"Multifunk\u010dn\u00e1 um\u00fdvacia \u0161pongia Lufa na riad a telo - Binchio","og_description":"Egyptsk\u00e9 Luxusn\u00e9 Lufy s Bavlnenou \u0160n\u00farkou s\u00fa v\u00fdborn\u00fdm k\u00fape\u013e\u0148ov\u00fdm a kuchynsk\u00fdm doplnkom. Lufu je mo\u017en\u00e9 vyu\u017ei\u0165 na sucho alebo na mokro. V\u010faka jej rozmerom ju mo\u017eno rozdeli\u0165 na viac k\u00faskov s r\u00f4znym vyu\u017eit\u00edm (napr. v k\u00fape\u013eni a kuchyni).","og_url":"https:\/\/binchio.com\/sk\/produkt\/egyptska-luxusna-lufa-s-bavlnenou-snurkou-8-12cm\/","og_site_name":"Binchio","article_publisher":"https:\/\/www.facebook.com\/binchiouhli\/","article_modified_time":"2025-12-06T15:06:36+00:00","og_image":[{"width":1080,"height":1080,"url":"https:\/\/binchio.com\/wp-content\/uploads\/2022\/08\/Multifunkcni_myci_houbaLufa_na_nadobi_a-_telo.jpg","type":"image\/jpeg"}],"twitter_card":"summary_large_image","twitter_misc":{"Predpokladan\u00fd \u010das \u010d\u00edtania":"1 min\u00fata"},"schema":{"@context":"https:\/\/schema.org","@graph":[{"@type":"WebPage","@id":"https:\/\/binchio.com\/sk\/produkt\/egyptska-luxusna-lufa-s-bavlnenou-snurkou-8-12cm\/","url":"https:\/\/binchio.com\/sk\/produkt\/egyptska-luxusna-lufa-s-bavlnenou-snurkou-8-12cm\/","name":"Multifunk\u010dn\u00e1 um\u00fdvacia \u0161pongia Lufa na riad a telo - Binchio","isPartOf":{"@id":"https:\/\/binchio.com\/#website"},"primaryImageOfPage":{"@id":"https:\/\/binchio.com\/sk\/produkt\/egyptska-luxusna-lufa-s-bavlnenou-snurkou-8-12cm\/#primaryimage"},"image":{"@id":"https:\/\/binchio.com\/sk\/produkt\/egyptska-luxusna-lufa-s-bavlnenou-snurkou-8-12cm\/#primaryimage"},"thumbnailUrl":"https:\/\/binchio.com\/wp-content\/uploads\/2022\/08\/Multifunkcni_myci_houbaLufa_na_nadobi_a-_telo.jpg","datePublished":"2022-08-10T19:44:04+00:00","dateModified":"2025-12-06T15:06:36+00:00","description":"Egyptsk\u00e9 Luxusn\u00e9 Lufy s Bavlnenou \u0160n\u00farkou s\u00fa v\u00fdborn\u00fdm k\u00fape\u013e\u0148ov\u00fdm a kuchynsk\u00fdm doplnkom. Lufu je mo\u017en\u00e9 vyu\u017ei\u0165 na sucho alebo na mokro. V\u010faka jej rozmerom ju mo\u017eno rozdeli\u0165 na viac k\u00faskov s r\u00f4znym vyu\u017eit\u00edm (napr. v k\u00fape\u013eni a kuchyni).","breadcrumb":{"@id":"https:\/\/binchio.com\/sk\/produkt\/egyptska-luxusna-lufa-s-bavlnenou-snurkou-8-12cm\/#breadcrumb"},"inLanguage":"sk-SK","potentialAction":[{"@type":"ReadAction","target":["https:\/\/binchio.com\/sk\/produkt\/egyptska-luxusna-lufa-s-bavlnenou-snurkou-8-12cm\/"]}]},{"@type":"ImageObject","inLanguage":"sk-SK","@id":"https:\/\/binchio.com\/sk\/produkt\/egyptska-luxusna-lufa-s-bavlnenou-snurkou-8-12cm\/#primaryimage","url":"https:\/\/binchio.com\/wp-content\/uploads\/2022\/08\/Multifunkcni_myci_houbaLufa_na_nadobi_a-_telo.jpg","contentUrl":"https:\/\/binchio.com\/wp-content\/uploads\/2022\/08\/Multifunkcni_myci_houbaLufa_na_nadobi_a-_telo.jpg","width":1080,"height":1080,"caption":"Multifunk\u010dn\u00ed myc\u00ed houba Lufa na n\u00e1dob\u00ed a t\u011blo"},{"@type":"BreadcrumbList","@id":"https:\/\/binchio.com\/sk\/produkt\/egyptska-luxusna-lufa-s-bavlnenou-snurkou-8-12cm\/#breadcrumb","itemListElement":[{"@type":"ListItem","position":1,"name":"Home","item":"https:\/\/binchio.com\/sk\/"},{"@type":"ListItem","position":2,"name":"Obchod (woo &#8211; redirected)","item":"https:\/\/binchio.com\/sk\/obchod-woo\/"},{"@type":"ListItem","position":3,"name":"Multifunk\u010dn\u00e1 um\u00fdvacia \u0161pongia Lufa na riad a telo"}]},{"@type":"WebSite","@id":"https:\/\/binchio.com\/#website","url":"https:\/\/binchio.com\/","name":"Binchio","description":"100% p\u0159\u00edrodn\u00ed filtrace vody pomoc\u00ed aktivn\u00edho filtra\u010dn\u00edho uhl\u00ed binchotan","publisher":{"@id":"https:\/\/binchio.com\/#organization"},"potentialAction":[{"@type":"SearchAction","target":{"@type":"EntryPoint","urlTemplate":"https:\/\/binchio.com\/?s={search_term_string}"},"query-input":{"@type":"PropertyValueSpecification","valueRequired":true,"valueName":"search_term_string"}}],"inLanguage":"sk-SK"},{"@type":"Organization","@id":"https:\/\/binchio.com\/#organization","name":"Binchio","url":"https:\/\/binchio.com\/","logo":{"@type":"ImageObject","inLanguage":"sk-SK","@id":"https:\/\/binchio.com\/#\/schema\/logo\/image\/","url":"https:\/\/binchio.com\/wp-content\/uploads\/2020\/07\/binchio-logo.svg","contentUrl":"https:\/\/binchio.com\/wp-content\/uploads\/2020\/07\/binchio-logo.svg","width":200,"height":430,"caption":"Binchio"},"image":{"@id":"https:\/\/binchio.com\/#\/schema\/logo\/image\/"},"sameAs":["https:\/\/www.facebook.com\/binchiouhli\/","https:\/\/www.instagram.com\/milan_suchy"]}]}},"_links":{"self":[{"href":"https:\/\/binchio.com\/sk\/wp-json\/wp\/v2\/product\/10904","targetHints":{"allow":["GET"]}}],"collection":[{"href":"https:\/\/binchio.com\/sk\/wp-json\/wp\/v2\/product"}],"about":[{"href":"https:\/\/binchio.com\/sk\/wp-json\/wp\/v2\/types\/product"}],"replies":[{"embeddable":true,"href":"https:\/\/binchio.com\/sk\/wp-json\/wp\/v2\/comments?post=10904"}],"wp:featuredmedia":[{"embeddable":true,"href":"https:\/\/binchio.com\/sk\/wp-json\/wp\/v2\/media\/11445"}],"wp:attachment":[{"href":"https:\/\/binchio.com\/sk\/wp-json\/wp\/v2\/media?parent=10904"}],"wp:term":[{"taxonomy":"product_brand","embeddable":true,"href":"https:\/\/binchio.com\/sk\/wp-json\/wp\/v2\/product_brand?post=10904"},{"taxonomy":"product_cat","embeddable":true,"href":"https:\/\/binchio.com\/sk\/wp-json\/wp\/v2\/product_cat?post=10904"},{"taxonomy":"product_tag","embeddable":true,"href":"https:\/\/binchio.com\/sk\/wp-json\/wp\/v2\/product_tag?post=10904"}],"curies":[{"name":"wp","href":"https:\/\/api.w.org\/{rel}","templated":true}]}}