{"id":10289,"date":"2022-06-02T15:00:05","date_gmt":"2022-06-02T13:00:05","guid":{"rendered":"https:\/\/binchio.websy.sk\/?post_type=product&#038;p=10289"},"modified":"2025-11-13T09:29:43","modified_gmt":"2025-11-13T08:29:43","slug":"cestovny-pohar-z-recyklovanej-kavy-kaffeeform-refined-cardamon-350ml-kopirovat","status":"publish","type":"product","link":"https:\/\/binchio.com\/sk\/produkt\/cestovny-pohar-z-recyklovanej-kavy-kaffeeform-refined-cardamon-350ml-kopirovat\/","title":{"rendered":"Cestovn\u00fd poh\u00e1r z recyklovanej k\u00e1vy Kaffeeform Refined &#8211; Mu\u0161k\u00e1tov\u00fd orech 350ml (na objedn\u00e1vku)"},"content":{"rendered":"<p><span class=\"VIiyi\" lang=\"sk\"><span class=\"JLqJ4b ChMk0b\" data-language-for-alternatives=\"sk\" data-language-to-translate-into=\"en\" data-phrase-index=\"0\" data-number-of-phrases=\"7\"><span class=\"Q4iAWc\"><strong>Cestovn\u00fd poh\u00e1r z recyklovanej k\u00e1vy <\/strong>Kaffeeform Refined &#8211; Cardamon ( 350ml )\u00a0 je vyroben\u00fd zo zdrojov ur\u010den\u00fdch do odpadu \u2013 <strong>k\u00e1vovej usadeniny<\/strong> z berl\u00ednskych kaviarn\u00ed a pra\u017eiarn\u00ed, <strong>bukov\u00fdch vl\u00e1kien<\/strong> z ju\u017en\u00e9ho Nemecka a \u010fal\u0161\u00edch obnovite\u013en\u00fdch zdrojov.<\/span><\/span> <span class=\"JLqJ4b ChMk0b\" data-language-for-alternatives=\"sk\" data-language-to-translate-into=\"en\" data-phrase-index=\"1\" data-number-of-phrases=\"7\"><span class=\"Q4iAWc\">Jedin\u00fdm spojivom s\u00fa polym\u00e9ry na rastlinnej b\u00e1ze = <strong>\u017eiadne plasty na b\u00e1ze ropy!<\/strong><\/span><\/span><\/span><\/p>\n<p>Obnovite\u013en\u00e9 zdroje, ako je napr\u00edklad <strong>odpad z k\u00e1vy<\/strong>, je mo\u017en\u00e9 premeni\u0165 na kr\u00e1sne, funk\u010dn\u00e9 predmety ka\u017edodennej spotreby. <strong>Upcyklovanie d\u00e1va druh\u00fa \u0161ancu<\/strong> produktom, ktor\u00e9 by be\u017ene skon\u010dili ako odpad. V\u010faka nej je mo\u017en\u00e9 prid\u00e1va\u0165 pou\u017eit\u00fdm materi\u00e1lom vy\u0161\u0161iu hodnotu a nov\u00fd zmysel!<\/p>\n<table class=\"woocommerce-product-attributes shop_attributes\">\n<tbody>\n<tr class=\"woocommerce-product-attributes-item woocommerce-product-attributes-item--attribute_pa_vzor\">\n<th class=\"woocommerce-product-attributes-item__label\">Materi\u00e1l<\/th>\n<td class=\"woocommerce-product-attributes-item__value\">K\u00e1vov\u00e9 zrn\u00e1, bukov\u00e9 vl\u00e1kna, rastlinn\u00e9 biopolym\u00e9ry<\/td>\n<\/tr>\n<tr class=\"woocommerce-product-attributes-item woocommerce-product-attributes-item--attribute_pa_material-rucky\">\n<th class=\"woocommerce-product-attributes-item__label\">Objem<\/th>\n<td class=\"woocommerce-product-attributes-item__value\">350 ml<\/td>\n<\/tr>\n<tr class=\"woocommerce-product-attributes-item woocommerce-product-attributes-item--attribute_pa_tvrdost-vlakien\">\n<th class=\"woocommerce-product-attributes-item__label\">V\u00e1ha<\/th>\n<td class=\"woocommerce-product-attributes-item__value\">135 g<\/td>\n<\/tr>\n<tr class=\"woocommerce-product-attributes-item woocommerce-product-attributes-item--attribute_pa_tvrdost-vlakien\">\n<th class=\"woocommerce-product-attributes-item__label\">Farba<\/th>\n<td class=\"woocommerce-product-attributes-item__value\">Mu\u0161k\u00e1tov\u00fd orech<\/td>\n<\/tr>\n<tr class=\"woocommerce-product-attributes-item woocommerce-product-attributes-item--attribute_pa_material-stetiniek\">\n<th class=\"woocommerce-product-attributes-item__label\"><span class=\"VIiyi\" lang=\"cs\"><span class=\"JLqJ4b ChMk0b\" data-language-for-alternatives=\"cs\" data-language-to-translate-into=\"sk\" data-phrase-index=\"12\" data-number-of-phrases=\"23\"><span class=\"Q4iAWc\">V\u00fd\u0161ka \/ priemer<br \/>\n<\/span><\/span><\/span><\/th>\n<td class=\"woocommerce-product-attributes-item__value\">15,5 cm \/ 9 cm<\/td>\n<\/tr>\n<\/tbody>\n<\/table>\n","protected":false},"excerpt":{"rendered":"<p><span class=\"VIiyi\" lang=\"sk\"><span class=\"JLqJ4b ChMk0b\" data-language-for-alternatives=\"sk\" data-language-to-translate-into=\"en\" data-phrase-index=\"3\" data-number-of-phrases=\"7\"><span class=\"Q4iAWc\">V\u010faka <strong>cestovn\u00e9mu <\/strong><strong>poh\u00e1ru Kaffeeform Refined &#8211; Mu\u0161k\u00e1tov\u00fd orech s vie\u010dkom, <\/strong><strong>vyroben\u00e9ho z k\u00e1vy,\u00a0<\/strong>si va\u0161u ka\u017edodenn\u00fa k\u00e1vu <strong>vychutn\u00e1te<\/strong> \u00faplne <strong>nov\u00fdm, nad\u0161tandardn\u00fdm sp\u00f4sobom<\/strong>. <strong>Pri\u013enav\u00fd<\/strong> matn\u00fd vonkaj\u0161ok <strong>sa pr\u00edjemne dr\u017e\u00ed<\/strong> a jemn\u00e1, <strong>prirodzen\u00e1 ar\u00f3ma<\/strong> z neho rob\u00ed dokonal\u00e9ho spolo\u010dn\u00edka pre tepl\u00e9 a studen\u00e9 n\u00e1poje \u2013 chai, smoothies, k\u00e1vu, d\u017e\u00fas&#8230; \u010doko\u013evek, \u010do v\u00e1s sprev\u00e1dza v kancel\u00e1ri\u00ed alebo na ceste autom. <\/span><\/span><\/span><\/p>\n<p><span class=\"VIiyi\" lang=\"sk\"><span class=\"JLqJ4b ChMk0b\" data-language-for-alternatives=\"sk\" data-language-to-translate-into=\"en\" data-phrase-index=\"3\" data-number-of-phrases=\"7\"><span class=\"Q4iAWc\">U\u017e \u017eiadne nekvalitn\u00e9 jednor\u00e1zov\u00e9 plastov\u00e9 poh\u00e1re! Poh\u00e1r je v\u00fdnimo\u010dne <strong>odoln\u00fd a robustn\u00fd<\/strong>, no st\u00e1le <strong>ve\u013emi \u013eahk\u00fd<\/strong>, tak\u017ee vy a v\u00e1\u0161 poh\u00e1r m\u00f4\u017eete by\u0165 neoddelite\u013enou s\u00fa\u010das\u0165ou na ve\u013emi dlh\u00fa dobu. V\u010faka <strong>dvom vrstv\u00e1m<\/strong> udr\u017eia n\u00e1poj v tej spr\u00e1vnej teplote!<\/span><\/span> <\/span><\/p>\n<p>Tmav\u00fd vonkaj\u0161\u00ed obal je vyroben\u00fd s pou\u017eit\u00edm <strong>ikonick\u00e9ho k\u00e1vov\u00e9ho materi\u00e1lu Kaffeeform<\/strong>, farebn\u00e1 vn\u00fatorn\u00e1 vrstva a vie\u010dko na pitie s\u00fa vyroben\u00e9 z inovat\u00edvneho materi\u00e1lov\u00e9ho zlo\u017eenia zalo\u017een\u00e9ho na <strong>recyklovan\u00fdch vl\u00e1knach bukov\u00e9ho dreva<\/strong>.<\/p>\n<h3>Cestovn\u00fd poh\u00e1r Kaffeform Refined.<\/h3>\n<ul>\n<li>Objem <strong>350ml<\/strong>.<\/li>\n<li>Pom\u00e1ha udr\u017ea\u0165 v\u00e1\u0161 n\u00e1poj tepl\u00fd\/studen\u00fd.<\/li>\n<li>Vysoko <strong>odoln\u00fd a robustn\u00fd<\/strong>.<\/li>\n<li>Vydr\u017e\u00ed p\u00e1d z v\u00fd\u0161ky a\u017e 1,5 m.<\/li>\n<li>Je extr\u00e9mne \u013eahk\u00fd.<\/li>\n<li>Vhodn\u00fd do um\u00fdva\u010diek riadu.<\/li>\n<li><strong>Len z recyklovan\u00fdch a obnovite\u013en\u00fdch zdrojov<\/strong>.<\/li>\n<li>Vytvrden\u00e9 polym\u00e9rmi na rastlinnej b\u00e1ze.<\/li>\n<li><strong>Bez obsahu BPA<\/strong> &amp; melam\u00ednovej \u017eivice.<\/li>\n<\/ul>\n<p><em><span class=\"VIiyi\" lang=\"sk\"><span class=\"JLqJ4b ChMk0b\" data-language-for-alternatives=\"sk\" data-language-to-translate-into=\"en\" data-phrase-index=\"6\" data-number-of-phrases=\"7\"><span class=\"Q4iAWc\">Navrhnut\u00e9 v Berl\u00edne, vyroben\u00e9 v Nemecku \u2013 <strong>vyroben\u00e9 lok\u00e1lne a eticky s oh\u013eadom na \u017eivotn\u00e9 prostredie<\/strong>.<\/span><\/span><\/span><\/em><\/p>\n","protected":false},"featured_media":10306,"comment_status":"open","ping_status":"closed","template":"","meta":{"_acf_changed":false},"product_brand":[],"product_cat":[110],"product_tag":[],"class_list":{"0":"post-10289","1":"product","2":"type-product","3":"status-publish","4":"has-post-thumbnail","6":"product_cat-kavova-kolekcia-sk","8":"first","9":"instock","10":"taxable","11":"shipping-taxable","12":"purchasable","13":"product-type-simple"},"supplier_id":null,"supplier_sku":"","barcode":null,"atum_controlled":true,"out_stock_date":null,"out_stock_threshold":null,"inheritable":false,"inbound_stock":0,"stock_on_hold":0,"sold_today":0,"sales_last_days":0,"reserved_stock":0,"customer_returns":0,"warehouse_damage":0,"lost_in_post":0,"other_logs":0,"out_stock_days":0,"lost_sales":0,"has_location":false,"update_date":"2026-04-25T03:00:11","atum_locations":[],"atum_stock_status":"instock","restock_status":false,"low_stock_amount":"","sales_update_date":"2026-04-25T03:00:11","calc_backorders":null,"acf":[],"yoast_head":"<!-- This site is optimized with the Yoast SEO plugin v27.2 - https:\/\/yoast.com\/product\/yoast-seo-wordpress\/ -->\n<title>Cestovn\u00fd poh\u00e1r z recyklovanej k\u00e1vy Kaffeeform Refined - Mu\u0161k\u00e1tov\u00fd orech 350ml (na objedn\u00e1vku) - Binchio<\/title>\n<meta name=\"description\" content=\"Cestovn\u00fd poh\u00e1r Kaffeeform Refined vyroben\u00fd zo zdrojov ur\u010den\u00fdch do odpadu \u2013 k\u00e1vovej usadeniny z berl\u00ednskych kaviarn\u00ed a pra\u017eiarn\u00ed, bukov\u00fdch vl\u00e1kien z ju\u017en\u00e9ho Nemecka a \u010fal\u0161\u00edch obnovite\u013en\u00fdch zdrojov. Jedin\u00fdm spojivom s\u00fa polym\u00e9ry na rastlinnej b\u00e1ze = \u017eiadne plasty na b\u00e1ze ropy!\" \/>\n<meta name=\"robots\" content=\"index, follow, max-snippet:-1, max-image-preview:large, max-video-preview:-1\" \/>\n<link rel=\"canonical\" href=\"https:\/\/binchio.com\/sk\/produkt\/cestovny-pohar-z-recyklovanej-kavy-kaffeeform-refined-cardamon-350ml-kopirovat\/\" \/>\n<meta property=\"og:locale\" content=\"sk_SK\" \/>\n<meta property=\"og:type\" content=\"article\" \/>\n<meta property=\"og:title\" content=\"Cestovn\u00fd poh\u00e1r z recyklovanej k\u00e1vy Kaffeeform Refined - Mu\u0161k\u00e1tov\u00fd orech 350ml (na objedn\u00e1vku) - Binchio\" \/>\n<meta property=\"og:description\" content=\"Cestovn\u00fd poh\u00e1r Kaffeeform Refined vyroben\u00fd zo zdrojov ur\u010den\u00fdch do odpadu \u2013 k\u00e1vovej usadeniny z berl\u00ednskych kaviarn\u00ed a pra\u017eiarn\u00ed, bukov\u00fdch vl\u00e1kien z ju\u017en\u00e9ho Nemecka a \u010fal\u0161\u00edch obnovite\u013en\u00fdch zdrojov. Jedin\u00fdm spojivom s\u00fa polym\u00e9ry na rastlinnej b\u00e1ze = \u017eiadne plasty na b\u00e1ze ropy!\" \/>\n<meta property=\"og:url\" content=\"https:\/\/binchio.com\/sk\/produkt\/cestovny-pohar-z-recyklovanej-kavy-kaffeeform-refined-cardamon-350ml-kopirovat\/\" \/>\n<meta property=\"og:site_name\" content=\"Binchio\" \/>\n<meta property=\"article:publisher\" content=\"https:\/\/www.facebook.com\/binchiouhli\/\" \/>\n<meta property=\"article:modified_time\" content=\"2025-11-13T08:29:43+00:00\" \/>\n<meta property=\"og:image\" content=\"https:\/\/binchio.com\/wp-content\/uploads\/2022\/06\/hrnek_kaffeform_Refined_muskatovy_orech_350ml.jpg\" \/>\n\t<meta property=\"og:image:width\" content=\"1080\" \/>\n\t<meta property=\"og:image:height\" content=\"1080\" \/>\n\t<meta property=\"og:image:type\" content=\"image\/jpeg\" \/>\n<meta name=\"twitter:card\" content=\"summary_large_image\" \/>\n<meta name=\"twitter:label1\" content=\"Predpokladan\u00fd \u010das \u010d\u00edtania\" \/>\n\t<meta name=\"twitter:data1\" content=\"1 min\u00fata\" \/>\n<script type=\"application\/ld+json\" class=\"yoast-schema-graph\">{\"@context\":\"https:\/\/schema.org\",\"@graph\":[{\"@type\":\"WebPage\",\"@id\":\"https:\/\/binchio.com\/sk\/produkt\/cestovny-pohar-z-recyklovanej-kavy-kaffeeform-refined-cardamon-350ml-kopirovat\/\",\"url\":\"https:\/\/binchio.com\/sk\/produkt\/cestovny-pohar-z-recyklovanej-kavy-kaffeeform-refined-cardamon-350ml-kopirovat\/\",\"name\":\"Cestovn\u00fd poh\u00e1r z recyklovanej k\u00e1vy Kaffeeform Refined - Mu\u0161k\u00e1tov\u00fd orech 350ml (na objedn\u00e1vku) - Binchio\",\"isPartOf\":{\"@id\":\"https:\/\/binchio.com\/#website\"},\"primaryImageOfPage\":{\"@id\":\"https:\/\/binchio.com\/sk\/produkt\/cestovny-pohar-z-recyklovanej-kavy-kaffeeform-refined-cardamon-350ml-kopirovat\/#primaryimage\"},\"image\":{\"@id\":\"https:\/\/binchio.com\/sk\/produkt\/cestovny-pohar-z-recyklovanej-kavy-kaffeeform-refined-cardamon-350ml-kopirovat\/#primaryimage\"},\"thumbnailUrl\":\"https:\/\/binchio.com\/wp-content\/uploads\/2022\/06\/hrnek_kaffeform_Refined_muskatovy_orech_350ml.jpg\",\"datePublished\":\"2022-06-02T13:00:05+00:00\",\"dateModified\":\"2025-11-13T08:29:43+00:00\",\"description\":\"Cestovn\u00fd poh\u00e1r Kaffeeform Refined vyroben\u00fd zo zdrojov ur\u010den\u00fdch do odpadu \u2013 k\u00e1vovej usadeniny z berl\u00ednskych kaviarn\u00ed a pra\u017eiarn\u00ed, bukov\u00fdch vl\u00e1kien z ju\u017en\u00e9ho Nemecka a \u010fal\u0161\u00edch obnovite\u013en\u00fdch zdrojov. Jedin\u00fdm spojivom s\u00fa polym\u00e9ry na rastlinnej b\u00e1ze = \u017eiadne plasty na b\u00e1ze ropy!\",\"breadcrumb\":{\"@id\":\"https:\/\/binchio.com\/sk\/produkt\/cestovny-pohar-z-recyklovanej-kavy-kaffeeform-refined-cardamon-350ml-kopirovat\/#breadcrumb\"},\"inLanguage\":\"sk-SK\",\"potentialAction\":[{\"@type\":\"ReadAction\",\"target\":[\"https:\/\/binchio.com\/sk\/produkt\/cestovny-pohar-z-recyklovanej-kavy-kaffeeform-refined-cardamon-350ml-kopirovat\/\"]}]},{\"@type\":\"ImageObject\",\"inLanguage\":\"sk-SK\",\"@id\":\"https:\/\/binchio.com\/sk\/produkt\/cestovny-pohar-z-recyklovanej-kavy-kaffeeform-refined-cardamon-350ml-kopirovat\/#primaryimage\",\"url\":\"https:\/\/binchio.com\/wp-content\/uploads\/2022\/06\/hrnek_kaffeform_Refined_muskatovy_orech_350ml.jpg\",\"contentUrl\":\"https:\/\/binchio.com\/wp-content\/uploads\/2022\/06\/hrnek_kaffeform_Refined_muskatovy_orech_350ml.jpg\",\"width\":1080,\"height\":1080,\"caption\":\"Cestovn\u00ed hrnek Kaffeform Refined Mu\u0161k\u00e1tov\u00fd o\u0159ech 350ml\"},{\"@type\":\"BreadcrumbList\",\"@id\":\"https:\/\/binchio.com\/sk\/produkt\/cestovny-pohar-z-recyklovanej-kavy-kaffeeform-refined-cardamon-350ml-kopirovat\/#breadcrumb\",\"itemListElement\":[{\"@type\":\"ListItem\",\"position\":1,\"name\":\"Home\",\"item\":\"https:\/\/binchio.com\/sk\/\"},{\"@type\":\"ListItem\",\"position\":2,\"name\":\"Obchod (woo &#8211; redirected)\",\"item\":\"https:\/\/binchio.com\/sk\/obchod-woo\/\"},{\"@type\":\"ListItem\",\"position\":3,\"name\":\"Cestovn\u00fd poh\u00e1r z recyklovanej k\u00e1vy Kaffeeform Refined &#8211; Mu\u0161k\u00e1tov\u00fd orech 350ml (na objedn\u00e1vku)\"}]},{\"@type\":\"WebSite\",\"@id\":\"https:\/\/binchio.com\/#website\",\"url\":\"https:\/\/binchio.com\/\",\"name\":\"Binchio\",\"description\":\"100% p\u0159\u00edrodn\u00ed filtrace vody pomoc\u00ed aktivn\u00edho filtra\u010dn\u00edho uhl\u00ed binchotan\",\"publisher\":{\"@id\":\"https:\/\/binchio.com\/#organization\"},\"potentialAction\":[{\"@type\":\"SearchAction\",\"target\":{\"@type\":\"EntryPoint\",\"urlTemplate\":\"https:\/\/binchio.com\/?s={search_term_string}\"},\"query-input\":{\"@type\":\"PropertyValueSpecification\",\"valueRequired\":true,\"valueName\":\"search_term_string\"}}],\"inLanguage\":\"sk-SK\"},{\"@type\":\"Organization\",\"@id\":\"https:\/\/binchio.com\/#organization\",\"name\":\"Binchio\",\"url\":\"https:\/\/binchio.com\/\",\"logo\":{\"@type\":\"ImageObject\",\"inLanguage\":\"sk-SK\",\"@id\":\"https:\/\/binchio.com\/#\/schema\/logo\/image\/\",\"url\":\"https:\/\/binchio.com\/wp-content\/uploads\/2020\/07\/binchio-logo.svg\",\"contentUrl\":\"https:\/\/binchio.com\/wp-content\/uploads\/2020\/07\/binchio-logo.svg\",\"width\":200,\"height\":430,\"caption\":\"Binchio\"},\"image\":{\"@id\":\"https:\/\/binchio.com\/#\/schema\/logo\/image\/\"},\"sameAs\":[\"https:\/\/www.facebook.com\/binchiouhli\/\",\"https:\/\/www.instagram.com\/milan_suchy\"]}]}<\/script>\n<!-- \/ Yoast SEO plugin. -->","yoast_head_json":{"title":"Cestovn\u00fd poh\u00e1r z recyklovanej k\u00e1vy Kaffeeform Refined - Mu\u0161k\u00e1tov\u00fd orech 350ml (na objedn\u00e1vku) - Binchio","description":"Cestovn\u00fd poh\u00e1r Kaffeeform Refined vyroben\u00fd zo zdrojov ur\u010den\u00fdch do odpadu \u2013 k\u00e1vovej usadeniny z berl\u00ednskych kaviarn\u00ed a pra\u017eiarn\u00ed, bukov\u00fdch vl\u00e1kien z ju\u017en\u00e9ho Nemecka a \u010fal\u0161\u00edch obnovite\u013en\u00fdch zdrojov. Jedin\u00fdm spojivom s\u00fa polym\u00e9ry na rastlinnej b\u00e1ze = \u017eiadne plasty na b\u00e1ze ropy!","robots":{"index":"index","follow":"follow","max-snippet":"max-snippet:-1","max-image-preview":"max-image-preview:large","max-video-preview":"max-video-preview:-1"},"canonical":"https:\/\/binchio.com\/sk\/produkt\/cestovny-pohar-z-recyklovanej-kavy-kaffeeform-refined-cardamon-350ml-kopirovat\/","og_locale":"sk_SK","og_type":"article","og_title":"Cestovn\u00fd poh\u00e1r z recyklovanej k\u00e1vy Kaffeeform Refined - Mu\u0161k\u00e1tov\u00fd orech 350ml (na objedn\u00e1vku) - Binchio","og_description":"Cestovn\u00fd poh\u00e1r Kaffeeform Refined vyroben\u00fd zo zdrojov ur\u010den\u00fdch do odpadu \u2013 k\u00e1vovej usadeniny z berl\u00ednskych kaviarn\u00ed a pra\u017eiarn\u00ed, bukov\u00fdch vl\u00e1kien z ju\u017en\u00e9ho Nemecka a \u010fal\u0161\u00edch obnovite\u013en\u00fdch zdrojov. Jedin\u00fdm spojivom s\u00fa polym\u00e9ry na rastlinnej b\u00e1ze = \u017eiadne plasty na b\u00e1ze ropy!","og_url":"https:\/\/binchio.com\/sk\/produkt\/cestovny-pohar-z-recyklovanej-kavy-kaffeeform-refined-cardamon-350ml-kopirovat\/","og_site_name":"Binchio","article_publisher":"https:\/\/www.facebook.com\/binchiouhli\/","article_modified_time":"2025-11-13T08:29:43+00:00","og_image":[{"width":1080,"height":1080,"url":"https:\/\/binchio.com\/wp-content\/uploads\/2022\/06\/hrnek_kaffeform_Refined_muskatovy_orech_350ml.jpg","type":"image\/jpeg"}],"twitter_card":"summary_large_image","twitter_misc":{"Predpokladan\u00fd \u010das \u010d\u00edtania":"1 min\u00fata"},"schema":{"@context":"https:\/\/schema.org","@graph":[{"@type":"WebPage","@id":"https:\/\/binchio.com\/sk\/produkt\/cestovny-pohar-z-recyklovanej-kavy-kaffeeform-refined-cardamon-350ml-kopirovat\/","url":"https:\/\/binchio.com\/sk\/produkt\/cestovny-pohar-z-recyklovanej-kavy-kaffeeform-refined-cardamon-350ml-kopirovat\/","name":"Cestovn\u00fd poh\u00e1r z recyklovanej k\u00e1vy Kaffeeform Refined - Mu\u0161k\u00e1tov\u00fd orech 350ml (na objedn\u00e1vku) - Binchio","isPartOf":{"@id":"https:\/\/binchio.com\/#website"},"primaryImageOfPage":{"@id":"https:\/\/binchio.com\/sk\/produkt\/cestovny-pohar-z-recyklovanej-kavy-kaffeeform-refined-cardamon-350ml-kopirovat\/#primaryimage"},"image":{"@id":"https:\/\/binchio.com\/sk\/produkt\/cestovny-pohar-z-recyklovanej-kavy-kaffeeform-refined-cardamon-350ml-kopirovat\/#primaryimage"},"thumbnailUrl":"https:\/\/binchio.com\/wp-content\/uploads\/2022\/06\/hrnek_kaffeform_Refined_muskatovy_orech_350ml.jpg","datePublished":"2022-06-02T13:00:05+00:00","dateModified":"2025-11-13T08:29:43+00:00","description":"Cestovn\u00fd poh\u00e1r Kaffeeform Refined vyroben\u00fd zo zdrojov ur\u010den\u00fdch do odpadu \u2013 k\u00e1vovej usadeniny z berl\u00ednskych kaviarn\u00ed a pra\u017eiarn\u00ed, bukov\u00fdch vl\u00e1kien z ju\u017en\u00e9ho Nemecka a \u010fal\u0161\u00edch obnovite\u013en\u00fdch zdrojov. Jedin\u00fdm spojivom s\u00fa polym\u00e9ry na rastlinnej b\u00e1ze = \u017eiadne plasty na b\u00e1ze ropy!","breadcrumb":{"@id":"https:\/\/binchio.com\/sk\/produkt\/cestovny-pohar-z-recyklovanej-kavy-kaffeeform-refined-cardamon-350ml-kopirovat\/#breadcrumb"},"inLanguage":"sk-SK","potentialAction":[{"@type":"ReadAction","target":["https:\/\/binchio.com\/sk\/produkt\/cestovny-pohar-z-recyklovanej-kavy-kaffeeform-refined-cardamon-350ml-kopirovat\/"]}]},{"@type":"ImageObject","inLanguage":"sk-SK","@id":"https:\/\/binchio.com\/sk\/produkt\/cestovny-pohar-z-recyklovanej-kavy-kaffeeform-refined-cardamon-350ml-kopirovat\/#primaryimage","url":"https:\/\/binchio.com\/wp-content\/uploads\/2022\/06\/hrnek_kaffeform_Refined_muskatovy_orech_350ml.jpg","contentUrl":"https:\/\/binchio.com\/wp-content\/uploads\/2022\/06\/hrnek_kaffeform_Refined_muskatovy_orech_350ml.jpg","width":1080,"height":1080,"caption":"Cestovn\u00ed hrnek Kaffeform Refined Mu\u0161k\u00e1tov\u00fd o\u0159ech 350ml"},{"@type":"BreadcrumbList","@id":"https:\/\/binchio.com\/sk\/produkt\/cestovny-pohar-z-recyklovanej-kavy-kaffeeform-refined-cardamon-350ml-kopirovat\/#breadcrumb","itemListElement":[{"@type":"ListItem","position":1,"name":"Home","item":"https:\/\/binchio.com\/sk\/"},{"@type":"ListItem","position":2,"name":"Obchod (woo &#8211; redirected)","item":"https:\/\/binchio.com\/sk\/obchod-woo\/"},{"@type":"ListItem","position":3,"name":"Cestovn\u00fd poh\u00e1r z recyklovanej k\u00e1vy Kaffeeform Refined &#8211; Mu\u0161k\u00e1tov\u00fd orech 350ml (na objedn\u00e1vku)"}]},{"@type":"WebSite","@id":"https:\/\/binchio.com\/#website","url":"https:\/\/binchio.com\/","name":"Binchio","description":"100% p\u0159\u00edrodn\u00ed filtrace vody pomoc\u00ed aktivn\u00edho filtra\u010dn\u00edho uhl\u00ed binchotan","publisher":{"@id":"https:\/\/binchio.com\/#organization"},"potentialAction":[{"@type":"SearchAction","target":{"@type":"EntryPoint","urlTemplate":"https:\/\/binchio.com\/?s={search_term_string}"},"query-input":{"@type":"PropertyValueSpecification","valueRequired":true,"valueName":"search_term_string"}}],"inLanguage":"sk-SK"},{"@type":"Organization","@id":"https:\/\/binchio.com\/#organization","name":"Binchio","url":"https:\/\/binchio.com\/","logo":{"@type":"ImageObject","inLanguage":"sk-SK","@id":"https:\/\/binchio.com\/#\/schema\/logo\/image\/","url":"https:\/\/binchio.com\/wp-content\/uploads\/2020\/07\/binchio-logo.svg","contentUrl":"https:\/\/binchio.com\/wp-content\/uploads\/2020\/07\/binchio-logo.svg","width":200,"height":430,"caption":"Binchio"},"image":{"@id":"https:\/\/binchio.com\/#\/schema\/logo\/image\/"},"sameAs":["https:\/\/www.facebook.com\/binchiouhli\/","https:\/\/www.instagram.com\/milan_suchy"]}]}},"_links":{"self":[{"href":"https:\/\/binchio.com\/sk\/wp-json\/wp\/v2\/product\/10289","targetHints":{"allow":["GET"]}}],"collection":[{"href":"https:\/\/binchio.com\/sk\/wp-json\/wp\/v2\/product"}],"about":[{"href":"https:\/\/binchio.com\/sk\/wp-json\/wp\/v2\/types\/product"}],"replies":[{"embeddable":true,"href":"https:\/\/binchio.com\/sk\/wp-json\/wp\/v2\/comments?post=10289"}],"wp:featuredmedia":[{"embeddable":true,"href":"https:\/\/binchio.com\/sk\/wp-json\/wp\/v2\/media\/10306"}],"wp:attachment":[{"href":"https:\/\/binchio.com\/sk\/wp-json\/wp\/v2\/media?parent=10289"}],"wp:term":[{"taxonomy":"product_brand","embeddable":true,"href":"https:\/\/binchio.com\/sk\/wp-json\/wp\/v2\/product_brand?post=10289"},{"taxonomy":"product_cat","embeddable":true,"href":"https:\/\/binchio.com\/sk\/wp-json\/wp\/v2\/product_cat?post=10289"},{"taxonomy":"product_tag","embeddable":true,"href":"https:\/\/binchio.com\/sk\/wp-json\/wp\/v2\/product_tag?post=10289"}],"curies":[{"name":"wp","href":"https:\/\/api.w.org\/{rel}","templated":true}]}}