{"id":6727,"date":"2020-07-28T09:29:42","date_gmt":"2020-07-28T07:29:42","guid":{"rendered":"https:\/\/binchio.websy.sk\/muj-ucet\/"},"modified":"2021-01-16T10:48:07","modified_gmt":"2021-01-16T09:48:07","slug":"moj-ucet","status":"publish","type":"page","link":"https:\/\/binchio.com\/sk\/moj-ucet\/","title":{"rendered":"M\u00f4j \u00fa\u010det"},"content":{"rendered":"<div class=\"woocommerce\"><div class=\"woocommerce-notices-wrapper\"><\/div>\n\n\n<div class=\"u-columns col2-set\" id=\"customer_login\">\n\n\t<div class=\"u-column1 col-1\">\n\n\n\t\t<h2 class=\"\">Prihl\u00e1senie<\/h2>\n\n\t\t<form class=\"woocommerce-form woocommerce-form-login login \" method=\"post\" novalidate>\n\n\t\t\t\n\t\t\t<p class=\"woocommerce-form-row woocommerce-form-row--wide form-row form-row-wide\">\n\t\t\t\t<label for=\"username\">Pou\u017e\u00edvate\u013esk\u00e9 meno alebo e-mailov\u00e1 adresa&nbsp;<span class=\"required\" aria-hidden=\"true\">*<\/span><span class=\"screen-reader-text\">Povinn\u00e9<\/span><\/label>\n\t\t\t\t<input type=\"text\" class=\"woocommerce-Input woocommerce-Input--text input-text\" name=\"username\" id=\"username\" autocomplete=\"username\" value=\"\" required aria-required=\"true\" \/>\t\t\t<\/p>\n\t\t\t<p class=\"woocommerce-form-row woocommerce-form-row--wide form-row form-row-wide\">\n\t\t\t\t<label for=\"password\">Heslo&nbsp;<span class=\"required\" aria-hidden=\"true\">*<\/span><span class=\"screen-reader-text\">Povinn\u00e9<\/span><\/label>\n\t\t\t\t<input class=\"woocommerce-Input woocommerce-Input--text input-text\" type=\"password\" name=\"password\" id=\"password\" autocomplete=\"current-password\" \/>\n\t\t\t<\/p>\n\n\t\t\t\n\t\t\t<p class=\"form-row\">\n\t\t\t\t<input class=\"woocommerce-form__input woocommerce-form__input-checkbox\" name=\"rememberme\" type=\"checkbox\" id=\"rememberme\" value=\"forever\" \/>\n\t\t\t\t<label class=\"woocommerce-form__label woocommerce-form__label-for-checkbox inline\" for=\"rememberme\">\n\t\t\t\t\t<span><\/span>Zapam\u00e4ta\u0165 si ma\t\t\t\t<\/label>\n\t\t\t\t<input type=\"hidden\" id=\"woocommerce-login-nonce\" name=\"woocommerce-login-nonce\" value=\"c5ec8929e2\" \/><input type=\"hidden\" name=\"_wp_http_referer\" value=\"\/sk\/wp-json\/wp\/v2\/pages\/6727\" \/>\t\t\t\t<button type=\"submit\" class=\"woocommerce-Button button\" name=\"login\" value=\"Prihl\u00e1si\u0165\">Prihl\u00e1si\u0165<\/button>\n\t\t\t<\/p>\n\t\t\t<p class=\"woocommerce-LostPassword lost_password\">\n\t\t\t\t<a href=\"https:\/\/binchio.com\/sk\/moj-ucet\/zabudnute-heslo\/\">Zabudli ste heslo?<\/a>\n\t\t\t<\/p>\n\n\t\t\t\n\t\t<\/form>\n\n\n\t<\/div>\n\n\t<div class=\"u-column2 col-2\">\n\n\t\t<h2>Registrova\u0165 sa<\/h2>\n\n\t\t<form method=\"post\" class=\"woocommerce-form woocommerce-form-register register\"  >\n\n\t\t\t\n\t\t\t\n\t\t\t\t<p class=\"woocommerce-form-row woocommerce-form-row--wide form-row form-row-wide\">\n\t\t\t\t\t<label for=\"reg_username\">Meno u\u017e\u00edvate\u013ea&nbsp;<span class=\"required\" aria-hidden=\"true\">*<\/span><span class=\"screen-reader-text\">Povinn\u00e9<\/span><\/label>\n\t\t\t\t\t<input type=\"text\" class=\"woocommerce-Input woocommerce-Input--text input-text\" name=\"username\" id=\"reg_username\" autocomplete=\"username\" value=\"\" \/>\t\t\t\t<\/p>\n\n\t\t\t\n\t\t\t<p class=\"woocommerce-form-row woocommerce-form-row--wide form-row form-row-wide\">\n\t\t\t\t<label for=\"reg_email\">E-mailov\u00e1 adresa&nbsp;<span class=\"required\" aria-hidden=\"true\">*<\/span><span class=\"screen-reader-text\">Povinn\u00e9<\/span><\/label>\n\t\t\t\t<input type=\"email\" class=\"woocommerce-Input woocommerce-Input--text input-text\" name=\"email\" id=\"reg_email\" autocomplete=\"email\" value=\"\" \/>\t\t\t<\/p>\n\n\t\t\t\n\t\t\t\t<p class=\"woocommerce-form-row woocommerce-form-row--wide form-row form-row-wide\">\n\t\t\t\t\t<label for=\"reg_password\">Heslo&nbsp;<span class=\"required\" aria-hidden=\"true\">*<\/span><span class=\"screen-reader-text\">Povinn\u00e9<\/span><\/label>\n\t\t\t\t\t<input type=\"password\" class=\"woocommerce-Input woocommerce-Input--text input-text\" name=\"password\" id=\"reg_password\" autocomplete=\"new-password\" \/>\n\t\t\t\t<\/p>\n\n\t\t\t\n\t\t\t<wc-order-attribution-inputs><\/wc-order-attribution-inputs><div class=\"woocommerce-privacy-policy-text\"><p>Va\u0161e osobn\u00ed \u00fadaje budou pou\u017eity na zjednodu\u0161en\u00ed pou\u017e\u00edv\u00e1n\u00ed t\u00e9to webov\u00e9 str\u00e1nky, na spr\u00e1vu p\u0159ihla\u0161ov\u00e1n\u00ed do va\u0161eho \u00fa\u010dtu a pro jin\u00e9 \u00fa\u010dely popsan\u00e9 v dokumentu <a href=\"https:\/\/binchio.com\/ochrana-osobnich-udaju\/\" class=\"woocommerce-privacy-policy-link\" target=\"_blank\">pravidl\u00e1 ochrany s\u00fakromia<\/a>.<\/p>\n<\/div>\n\t\t\t<p class=\"woocommerce-form-row form-row\">\n\t\t\t\t<input type=\"hidden\" id=\"woocommerce-register-nonce\" name=\"woocommerce-register-nonce\" value=\"ee9ebe1aae\" \/><input type=\"hidden\" name=\"_wp_http_referer\" value=\"\/sk\/wp-json\/wp\/v2\/pages\/6727\" \/>\t\t\t\t<button type=\"submit\" class=\"woocommerce-Button woocommerce-button button woocommerce-form-register__submit\" name=\"register\" value=\"Registrova\u0165 sa\">Registrova\u0165 sa<\/button>\n\t\t\t<\/p>\n\n\t\t\t\n\t\t<\/form>\n\n\t<\/div>\n\n<\/div>\n\n<\/div>\n","protected":false},"excerpt":{"rendered":"Prihl\u00e1senie Pou\u017e\u00edvate\u013esk\u00e9 meno alebo e-mailov\u00e1 adresa&nbsp;*Povinn\u00e9 Heslo&nbsp;*Povinn\u00e9 Zapam\u00e4ta\u0165 si ma Prihl\u00e1si\u0165 Zabudli ste heslo? Registrova\u0165 sa Meno u\u017e\u00edvate\u013ea&nbsp;*Povinn\u00e9 E-mailov\u00e1 adresa&nbsp;*Povinn\u00e9 Heslo&nbsp;*Povinn\u00e9 Va\u0161e osobn\u00ed \u00fadaje budou...","protected":false},"author":2,"featured_media":0,"parent":0,"menu_order":0,"comment_status":"closed","ping_status":"closed","template":"","meta":{"_acf_changed":false,"footnotes":""},"class_list":["post-6727","page","type-page","status-publish"],"acf":[],"yoast_head":"<!-- This site is optimized with the Yoast SEO plugin v27.2 - https:\/\/yoast.com\/product\/yoast-seo-wordpress\/ -->\n<title>M\u016fj \u00fa\u010det na Binchio<\/title>\n<meta name=\"robots\" content=\"index, follow, max-snippet:-1, max-image-preview:large, max-video-preview:-1\" \/>\n<link rel=\"canonical\" href=\"https:\/\/binchio.com\/sk\/moj-ucet\/\" \/>\n<meta property=\"og:locale\" content=\"sk_SK\" \/>\n<meta property=\"og:type\" content=\"article\" \/>\n<meta property=\"og:title\" content=\"M\u016fj \u00fa\u010det na Binchio\" \/>\n<meta property=\"og:url\" content=\"https:\/\/binchio.com\/sk\/moj-ucet\/\" \/>\n<meta property=\"og:site_name\" content=\"Binchio\" \/>\n<meta property=\"article:publisher\" content=\"https:\/\/www.facebook.com\/binchiouhli\/\" \/>\n<meta property=\"article:modified_time\" content=\"2021-01-16T09:48:07+00:00\" \/>\n<meta property=\"og:image\" content=\"https:\/\/binchio.com\/wp-content\/uploads\/2020\/08\/binchio-fb-default-share-image-v20200802-1.jpg\" \/>\n\t<meta property=\"og:image:width\" content=\"1800\" \/>\n\t<meta property=\"og:image:height\" content=\"945\" \/>\n\t<meta property=\"og:image:type\" content=\"image\/jpeg\" \/>\n<meta name=\"twitter:card\" content=\"summary_large_image\" \/>\n<script type=\"application\/ld+json\" class=\"yoast-schema-graph\">{\"@context\":\"https:\/\/schema.org\",\"@graph\":[{\"@type\":\"WebPage\",\"@id\":\"https:\/\/binchio.com\/sk\/moj-ucet\/\",\"url\":\"https:\/\/binchio.com\/sk\/moj-ucet\/\",\"name\":\"M\u016fj \u00fa\u010det na Binchio\",\"isPartOf\":{\"@id\":\"https:\/\/binchio.com\/#website\"},\"datePublished\":\"2020-07-28T07:29:42+00:00\",\"dateModified\":\"2021-01-16T09:48:07+00:00\",\"breadcrumb\":{\"@id\":\"https:\/\/binchio.com\/sk\/moj-ucet\/#breadcrumb\"},\"inLanguage\":\"sk-SK\",\"potentialAction\":[{\"@type\":\"ReadAction\",\"target\":[\"https:\/\/binchio.com\/sk\/moj-ucet\/\"]}]},{\"@type\":\"BreadcrumbList\",\"@id\":\"https:\/\/binchio.com\/sk\/moj-ucet\/#breadcrumb\",\"itemListElement\":[{\"@type\":\"ListItem\",\"position\":1,\"name\":\"Home\",\"item\":\"https:\/\/binchio.com\/sk\/\"},{\"@type\":\"ListItem\",\"position\":2,\"name\":\"M\u00f4j \u00fa\u010det\"}]},{\"@type\":\"WebSite\",\"@id\":\"https:\/\/binchio.com\/#website\",\"url\":\"https:\/\/binchio.com\/\",\"name\":\"Binchio\",\"description\":\"100% p\u0159\u00edrodn\u00ed filtrace vody pomoc\u00ed aktivn\u00edho filtra\u010dn\u00edho uhl\u00ed binchotan\",\"publisher\":{\"@id\":\"https:\/\/binchio.com\/#organization\"},\"potentialAction\":[{\"@type\":\"SearchAction\",\"target\":{\"@type\":\"EntryPoint\",\"urlTemplate\":\"https:\/\/binchio.com\/?s={search_term_string}\"},\"query-input\":{\"@type\":\"PropertyValueSpecification\",\"valueRequired\":true,\"valueName\":\"search_term_string\"}}],\"inLanguage\":\"sk-SK\"},{\"@type\":\"Organization\",\"@id\":\"https:\/\/binchio.com\/#organization\",\"name\":\"Binchio\",\"url\":\"https:\/\/binchio.com\/\",\"logo\":{\"@type\":\"ImageObject\",\"inLanguage\":\"sk-SK\",\"@id\":\"https:\/\/binchio.com\/#\/schema\/logo\/image\/\",\"url\":\"https:\/\/binchio.com\/wp-content\/uploads\/2020\/07\/binchio-logo.svg\",\"contentUrl\":\"https:\/\/binchio.com\/wp-content\/uploads\/2020\/07\/binchio-logo.svg\",\"width\":200,\"height\":430,\"caption\":\"Binchio\"},\"image\":{\"@id\":\"https:\/\/binchio.com\/#\/schema\/logo\/image\/\"},\"sameAs\":[\"https:\/\/www.facebook.com\/binchiouhli\/\",\"https:\/\/www.instagram.com\/milan_suchy\"]}]}<\/script>\n<!-- \/ Yoast SEO plugin. -->","yoast_head_json":{"title":"M\u016fj \u00fa\u010det na Binchio","robots":{"index":"index","follow":"follow","max-snippet":"max-snippet:-1","max-image-preview":"max-image-preview:large","max-video-preview":"max-video-preview:-1"},"canonical":"https:\/\/binchio.com\/sk\/moj-ucet\/","og_locale":"sk_SK","og_type":"article","og_title":"M\u016fj \u00fa\u010det na Binchio","og_url":"https:\/\/binchio.com\/sk\/moj-ucet\/","og_site_name":"Binchio","article_publisher":"https:\/\/www.facebook.com\/binchiouhli\/","article_modified_time":"2021-01-16T09:48:07+00:00","og_image":[{"width":1800,"height":945,"url":"https:\/\/binchio.com\/wp-content\/uploads\/2020\/08\/binchio-fb-default-share-image-v20200802-1.jpg","type":"image\/jpeg"}],"twitter_card":"summary_large_image","schema":{"@context":"https:\/\/schema.org","@graph":[{"@type":"WebPage","@id":"https:\/\/binchio.com\/sk\/moj-ucet\/","url":"https:\/\/binchio.com\/sk\/moj-ucet\/","name":"M\u016fj \u00fa\u010det na Binchio","isPartOf":{"@id":"https:\/\/binchio.com\/#website"},"datePublished":"2020-07-28T07:29:42+00:00","dateModified":"2021-01-16T09:48:07+00:00","breadcrumb":{"@id":"https:\/\/binchio.com\/sk\/moj-ucet\/#breadcrumb"},"inLanguage":"sk-SK","potentialAction":[{"@type":"ReadAction","target":["https:\/\/binchio.com\/sk\/moj-ucet\/"]}]},{"@type":"BreadcrumbList","@id":"https:\/\/binchio.com\/sk\/moj-ucet\/#breadcrumb","itemListElement":[{"@type":"ListItem","position":1,"name":"Home","item":"https:\/\/binchio.com\/sk\/"},{"@type":"ListItem","position":2,"name":"M\u00f4j \u00fa\u010det"}]},{"@type":"WebSite","@id":"https:\/\/binchio.com\/#website","url":"https:\/\/binchio.com\/","name":"Binchio","description":"100% p\u0159\u00edrodn\u00ed filtrace vody pomoc\u00ed aktivn\u00edho filtra\u010dn\u00edho uhl\u00ed binchotan","publisher":{"@id":"https:\/\/binchio.com\/#organization"},"potentialAction":[{"@type":"SearchAction","target":{"@type":"EntryPoint","urlTemplate":"https:\/\/binchio.com\/?s={search_term_string}"},"query-input":{"@type":"PropertyValueSpecification","valueRequired":true,"valueName":"search_term_string"}}],"inLanguage":"sk-SK"},{"@type":"Organization","@id":"https:\/\/binchio.com\/#organization","name":"Binchio","url":"https:\/\/binchio.com\/","logo":{"@type":"ImageObject","inLanguage":"sk-SK","@id":"https:\/\/binchio.com\/#\/schema\/logo\/image\/","url":"https:\/\/binchio.com\/wp-content\/uploads\/2020\/07\/binchio-logo.svg","contentUrl":"https:\/\/binchio.com\/wp-content\/uploads\/2020\/07\/binchio-logo.svg","width":200,"height":430,"caption":"Binchio"},"image":{"@id":"https:\/\/binchio.com\/#\/schema\/logo\/image\/"},"sameAs":["https:\/\/www.facebook.com\/binchiouhli\/","https:\/\/www.instagram.com\/milan_suchy"]}]}},"_links":{"self":[{"href":"https:\/\/binchio.com\/sk\/wp-json\/wp\/v2\/pages\/6727","targetHints":{"allow":["GET"]}}],"collection":[{"href":"https:\/\/binchio.com\/sk\/wp-json\/wp\/v2\/pages"}],"about":[{"href":"https:\/\/binchio.com\/sk\/wp-json\/wp\/v2\/types\/page"}],"author":[{"embeddable":true,"href":"https:\/\/binchio.com\/sk\/wp-json\/wp\/v2\/users\/2"}],"replies":[{"embeddable":true,"href":"https:\/\/binchio.com\/sk\/wp-json\/wp\/v2\/comments?post=6727"}],"version-history":[{"count":0,"href":"https:\/\/binchio.com\/sk\/wp-json\/wp\/v2\/pages\/6727\/revisions"}],"wp:attachment":[{"href":"https:\/\/binchio.com\/sk\/wp-json\/wp\/v2\/media?parent=6727"}],"curies":[{"name":"wp","href":"https:\/\/api.w.org\/{rel}","templated":true}]}}