{"id":6726,"date":"2020-07-28T09:31:20","date_gmt":"2020-07-28T07:31:20","guid":{"rendered":"https:\/\/binchio.websy.sk\/kosik\/"},"modified":"2022-09-24T16:39:43","modified_gmt":"2022-09-24T14:39:43","slug":"kosik","status":"publish","type":"page","link":"https:\/\/binchio.com\/sk\/kosik\/","title":{"rendered":"N\u00e1kupn\u00fd ko\u0161\u00edk"},"content":{"rendered":"<div class=\"woocommerce\"><div class=\"woocommerce-notices-wrapper\"><\/div><div class=\"wc-empty-cart-message\">\n\t<div class=\"cart-empty woocommerce-info\" role=\"status\">\n\t\tV\u00e1\u0161 ko\u0161\u00edk je pr\u00e1zdny.\t<\/div>\n<\/div>\t<p class=\"return-to-shop\">\n\t\t<a class=\"button wc-backward\" href=\"https:\/\/binchio.com\/sk\/obchod-woo\/\">\n\t\t\tVr\u00e1ti\u0165 sa do obchodu\t\t<\/a>\n\t<\/p>\n<\/div>\n","protected":false},"excerpt":{"rendered":"V\u00e1\u0161 ko\u0161\u00edk je pr\u00e1zdny. Vr\u00e1ti\u0165 sa do obchodu","protected":false},"author":2,"featured_media":0,"parent":0,"menu_order":0,"comment_status":"closed","ping_status":"closed","template":"","meta":{"_acf_changed":false,"footnotes":""},"class_list":["post-6726","page","type-page","status-publish"],"acf":[],"yoast_head":"<!-- This site is optimized with the Yoast SEO plugin v27.2 - https:\/\/yoast.com\/product\/yoast-seo-wordpress\/ -->\n<title>M\u00f4j n\u00e1kupn\u00fd ko\u0161\u00edk na Binchio<\/title>\n<meta name=\"robots\" content=\"index, follow, max-snippet:-1, max-image-preview:large, max-video-preview:-1\" \/>\n<link rel=\"canonical\" href=\"https:\/\/binchio.com\/sk\/kosik\/\" \/>\n<meta property=\"og:locale\" content=\"sk_SK\" \/>\n<meta property=\"og:type\" content=\"article\" \/>\n<meta property=\"og:title\" content=\"M\u00f4j n\u00e1kupn\u00fd ko\u0161\u00edk na Binchio\" \/>\n<meta property=\"og:url\" content=\"https:\/\/binchio.com\/sk\/kosik\/\" \/>\n<meta property=\"og:site_name\" content=\"Binchio\" \/>\n<meta property=\"article:publisher\" content=\"https:\/\/www.facebook.com\/binchiouhli\/\" \/>\n<meta property=\"article:modified_time\" content=\"2022-09-24T14:39:43+00:00\" \/>\n<meta property=\"og:image\" content=\"https:\/\/binchio.com\/wp-content\/uploads\/2020\/08\/binchio-fb-default-share-image-v20200802-1.jpg\" \/>\n\t<meta property=\"og:image:width\" content=\"1800\" \/>\n\t<meta property=\"og:image:height\" content=\"945\" \/>\n\t<meta property=\"og:image:type\" content=\"image\/jpeg\" \/>\n<meta name=\"twitter:card\" content=\"summary_large_image\" \/>\n<meta name=\"twitter:label1\" content=\"Predpokladan\u00fd \u010das \u010d\u00edtania\" \/>\n\t<meta name=\"twitter:data1\" content=\"1 min\u00fata\" \/>\n<script type=\"application\/ld+json\" class=\"yoast-schema-graph\">{\"@context\":\"https:\/\/schema.org\",\"@graph\":[{\"@type\":\"WebPage\",\"@id\":\"https:\/\/binchio.com\/sk\/kosik\/\",\"url\":\"https:\/\/binchio.com\/sk\/kosik\/\",\"name\":\"M\u00f4j n\u00e1kupn\u00fd ko\u0161\u00edk na Binchio\",\"isPartOf\":{\"@id\":\"https:\/\/binchio.com\/#website\"},\"datePublished\":\"2020-07-28T07:31:20+00:00\",\"dateModified\":\"2022-09-24T14:39:43+00:00\",\"breadcrumb\":{\"@id\":\"https:\/\/binchio.com\/sk\/kosik\/#breadcrumb\"},\"inLanguage\":\"sk-SK\",\"potentialAction\":[{\"@type\":\"ReadAction\",\"target\":[\"https:\/\/binchio.com\/sk\/kosik\/\"]}]},{\"@type\":\"BreadcrumbList\",\"@id\":\"https:\/\/binchio.com\/sk\/kosik\/#breadcrumb\",\"itemListElement\":[{\"@type\":\"ListItem\",\"position\":1,\"name\":\"Home\",\"item\":\"https:\/\/binchio.com\/sk\/\"},{\"@type\":\"ListItem\",\"position\":2,\"name\":\"N\u00e1kupn\u00fd ko\u0161\u00edk\"}]},{\"@type\":\"WebSite\",\"@id\":\"https:\/\/binchio.com\/#website\",\"url\":\"https:\/\/binchio.com\/\",\"name\":\"Binchio\",\"description\":\"100% p\u0159\u00edrodn\u00ed filtrace vody pomoc\u00ed aktivn\u00edho filtra\u010dn\u00edho uhl\u00ed binchotan\",\"publisher\":{\"@id\":\"https:\/\/binchio.com\/#organization\"},\"potentialAction\":[{\"@type\":\"SearchAction\",\"target\":{\"@type\":\"EntryPoint\",\"urlTemplate\":\"https:\/\/binchio.com\/?s={search_term_string}\"},\"query-input\":{\"@type\":\"PropertyValueSpecification\",\"valueRequired\":true,\"valueName\":\"search_term_string\"}}],\"inLanguage\":\"sk-SK\"},{\"@type\":\"Organization\",\"@id\":\"https:\/\/binchio.com\/#organization\",\"name\":\"Binchio\",\"url\":\"https:\/\/binchio.com\/\",\"logo\":{\"@type\":\"ImageObject\",\"inLanguage\":\"sk-SK\",\"@id\":\"https:\/\/binchio.com\/#\/schema\/logo\/image\/\",\"url\":\"https:\/\/binchio.com\/wp-content\/uploads\/2020\/07\/binchio-logo.svg\",\"contentUrl\":\"https:\/\/binchio.com\/wp-content\/uploads\/2020\/07\/binchio-logo.svg\",\"width\":200,\"height\":430,\"caption\":\"Binchio\"},\"image\":{\"@id\":\"https:\/\/binchio.com\/#\/schema\/logo\/image\/\"},\"sameAs\":[\"https:\/\/www.facebook.com\/binchiouhli\/\",\"https:\/\/www.instagram.com\/milan_suchy\"]}]}<\/script>\n<!-- \/ Yoast SEO plugin. -->","yoast_head_json":{"title":"M\u00f4j n\u00e1kupn\u00fd ko\u0161\u00edk na Binchio","robots":{"index":"index","follow":"follow","max-snippet":"max-snippet:-1","max-image-preview":"max-image-preview:large","max-video-preview":"max-video-preview:-1"},"canonical":"https:\/\/binchio.com\/sk\/kosik\/","og_locale":"sk_SK","og_type":"article","og_title":"M\u00f4j n\u00e1kupn\u00fd ko\u0161\u00edk na Binchio","og_url":"https:\/\/binchio.com\/sk\/kosik\/","og_site_name":"Binchio","article_publisher":"https:\/\/www.facebook.com\/binchiouhli\/","article_modified_time":"2022-09-24T14:39:43+00:00","og_image":[{"width":1800,"height":945,"url":"https:\/\/binchio.com\/wp-content\/uploads\/2020\/08\/binchio-fb-default-share-image-v20200802-1.jpg","type":"image\/jpeg"}],"twitter_card":"summary_large_image","twitter_misc":{"Predpokladan\u00fd \u010das \u010d\u00edtania":"1 min\u00fata"},"schema":{"@context":"https:\/\/schema.org","@graph":[{"@type":"WebPage","@id":"https:\/\/binchio.com\/sk\/kosik\/","url":"https:\/\/binchio.com\/sk\/kosik\/","name":"M\u00f4j n\u00e1kupn\u00fd ko\u0161\u00edk na Binchio","isPartOf":{"@id":"https:\/\/binchio.com\/#website"},"datePublished":"2020-07-28T07:31:20+00:00","dateModified":"2022-09-24T14:39:43+00:00","breadcrumb":{"@id":"https:\/\/binchio.com\/sk\/kosik\/#breadcrumb"},"inLanguage":"sk-SK","potentialAction":[{"@type":"ReadAction","target":["https:\/\/binchio.com\/sk\/kosik\/"]}]},{"@type":"BreadcrumbList","@id":"https:\/\/binchio.com\/sk\/kosik\/#breadcrumb","itemListElement":[{"@type":"ListItem","position":1,"name":"Home","item":"https:\/\/binchio.com\/sk\/"},{"@type":"ListItem","position":2,"name":"N\u00e1kupn\u00fd ko\u0161\u00edk"}]},{"@type":"WebSite","@id":"https:\/\/binchio.com\/#website","url":"https:\/\/binchio.com\/","name":"Binchio","description":"100% p\u0159\u00edrodn\u00ed filtrace vody pomoc\u00ed aktivn\u00edho filtra\u010dn\u00edho uhl\u00ed binchotan","publisher":{"@id":"https:\/\/binchio.com\/#organization"},"potentialAction":[{"@type":"SearchAction","target":{"@type":"EntryPoint","urlTemplate":"https:\/\/binchio.com\/?s={search_term_string}"},"query-input":{"@type":"PropertyValueSpecification","valueRequired":true,"valueName":"search_term_string"}}],"inLanguage":"sk-SK"},{"@type":"Organization","@id":"https:\/\/binchio.com\/#organization","name":"Binchio","url":"https:\/\/binchio.com\/","logo":{"@type":"ImageObject","inLanguage":"sk-SK","@id":"https:\/\/binchio.com\/#\/schema\/logo\/image\/","url":"https:\/\/binchio.com\/wp-content\/uploads\/2020\/07\/binchio-logo.svg","contentUrl":"https:\/\/binchio.com\/wp-content\/uploads\/2020\/07\/binchio-logo.svg","width":200,"height":430,"caption":"Binchio"},"image":{"@id":"https:\/\/binchio.com\/#\/schema\/logo\/image\/"},"sameAs":["https:\/\/www.facebook.com\/binchiouhli\/","https:\/\/www.instagram.com\/milan_suchy"]}]}},"_links":{"self":[{"href":"https:\/\/binchio.com\/sk\/wp-json\/wp\/v2\/pages\/6726","targetHints":{"allow":["GET"]}}],"collection":[{"href":"https:\/\/binchio.com\/sk\/wp-json\/wp\/v2\/pages"}],"about":[{"href":"https:\/\/binchio.com\/sk\/wp-json\/wp\/v2\/types\/page"}],"author":[{"embeddable":true,"href":"https:\/\/binchio.com\/sk\/wp-json\/wp\/v2\/users\/2"}],"replies":[{"embeddable":true,"href":"https:\/\/binchio.com\/sk\/wp-json\/wp\/v2\/comments?post=6726"}],"version-history":[{"count":0,"href":"https:\/\/binchio.com\/sk\/wp-json\/wp\/v2\/pages\/6726\/revisions"}],"wp:attachment":[{"href":"https:\/\/binchio.com\/sk\/wp-json\/wp\/v2\/media?parent=6726"}],"curies":[{"name":"wp","href":"https:\/\/api.w.org\/{rel}","templated":true}]}}