{"id":6696,"date":"2020-08-20T06:55:28","date_gmt":"2020-08-20T04:55:28","guid":{"rendered":"https:\/\/binchio.websy.sk\/caste-dotazy\/"},"modified":"2022-06-09T20:45:23","modified_gmt":"2022-06-09T18:45:23","slug":"caste-otazky","status":"publish","type":"page","link":"https:\/\/binchio.com\/sk\/caste-otazky\/","title":{"rendered":"\u010cast\u00e9 ot\u00e1zky"},"content":{"rendered":"[vc_row type=&#8220;full_width_background&#8220; full_screen_row_position=&#8220;middle&#8220; column_margin=&#8220;default&#8220; equal_height=&#8220;yes&#8220; content_placement=&#8220;middle&#8220; column_direction=&#8220;default&#8220; column_direction_tablet=&#8220;default&#8220; column_direction_phone=&#8220;default&#8220; scene_position=&#8220;center&#8220; top_padding=&#8220;3%&#8220; bottom_padding=&#8220;3%&#8220; text_color=&#8220;dark&#8220; text_align=&#8220;left&#8220; row_border_radius=&#8220;none&#8220; row_border_radius_applies=&#8220;bg&#8220; overflow=&#8220;visible&#8220; id=&#8220;navod&#8220; row_name=&#8220;Sign Up Steps&#8220; overlay_strength=&#8220;0.3&#8243; gradient_direction=&#8220;left_to_right&#8220; shape_divider_position=&#8220;bottom&#8220; bg_image_animation=&#8220;none&#8220; shape_type=&#8220;&#8220;][vc_column column_padding=&#8220;padding-2-percent&#8220; column_padding_tablet=&#8220;inherit&#8220; column_padding_phone=&#8220;inherit&#8220; column_padding_position=&#8220;top-bottom&#8220; column_element_spacing=&#8220;default&#8220; background_color_opacity=&#8220;1&#8243; background_hover_color_opacity=&#8220;1&#8243; column_shadow=&#8220;none&#8220; column_border_radius=&#8220;none&#8220; column_link_target=&#8220;_self&#8220; column_position=&#8220;default&#8220; gradient_direction=&#8220;left_to_right&#8220; overlay_strength=&#8220;0.3&#8243; width=&#8220;1\/1&#8243; tablet_width_inherit=&#8220;default&#8220; tablet_text_alignment=&#8220;default&#8220; phone_text_alignment=&#8220;default&#8220; animation_type=&#8220;default&#8220; bg_image_animation=&#8220;none&#8220; border_type=&#8220;simple&#8220; column_border_width=&#8220;none&#8220; column_border_style=&#8220;solid&#8220; offset=&#8220;vc_col-xs-12&#8243;][vc_row_inner content_placement=&#8220;middle&#8220; column_margin=&#8220;default&#8220; column_direction=&#8220;default&#8220; column_direction_tablet=&#8220;default&#8220; column_direction_phone=&#8220;default&#8220; text_align=&#8220;left&#8220; row_position=&#8220;default&#8220; row_position_tablet=&#8220;inherit&#8220; row_position_phone=&#8220;inherit&#8220; overflow=&#8220;visible&#8220; pointer_events=&#8220;all&#8220;][vc_column_inner column_padding=&#8220;no-extra-padding&#8220; column_padding_tablet=&#8220;inherit&#8220; column_padding_phone=&#8220;inherit&#8220; column_padding_position=&#8220;all&#8220; column_element_spacing=&#8220;default&#8220; background_color_opacity=&#8220;1&#8243; background_hover_color_opacity=&#8220;1&#8243; column_shadow=&#8220;none&#8220; column_border_radius=&#8220;none&#8220; column_link_target=&#8220;_self&#8220; gradient_direction=&#8220;left_to_right&#8220; overlay_strength=&#8220;0.3&#8243; width=&#8220;1\/1&#8243; tablet_width_inherit=&#8220;default&#8220; animation_type=&#8220;default&#8220; bg_image_animation=&#8220;none&#8220; border_type=&#8220;simple&#8220; column_border_width=&#8220;none&#8220; column_border_style=&#8220;solid&#8220;][nectar_highlighted_text color_type=&#8220;regular&#8220; highlight_color=&#8220;#2ed397&#8243; style=&#8220;half_text&#8220;]\n<h1>\u010cast\u00e9 ot\u00e1zky na Binchio<\/h1>\n[\/nectar_highlighted_text][\/vc_column_inner][\/vc_row_inner][\/vc_column][\/vc_row][vc_row type=&#8220;full_width_content&#8220; full_screen_row_position=&#8220;middle&#8220; column_margin=&#8220;default&#8220; equal_height=&#8220;yes&#8220; content_placement=&#8220;middle&#8220; column_direction=&#8220;default&#8220; column_direction_tablet=&#8220;default&#8220; column_direction_phone=&#8220;default&#8220; bg_color=&#8220;#f7f7f7&#8243; scene_position=&#8220;center&#8220; text_color=&#8220;dark&#8220; text_align=&#8220;left&#8220; row_border_radius=&#8220;none&#8220; row_border_radius_applies=&#8220;bg&#8220; overflow=&#8220;visible&#8220; id=&#8220;otazky&#8220; overlay_strength=&#8220;0.3&#8243; gradient_direction=&#8220;left_to_right&#8220; shape_divider_position=&#8220;bottom&#8220; bg_image_animation=&#8220;none&#8220; shape_type=&#8220;&#8220;][vc_column column_padding=&#8220;padding-8-percent&#8220; column_padding_tablet=&#8220;inherit&#8220; column_padding_phone=&#8220;inherit&#8220; column_padding_position=&#8220;all&#8220; column_element_spacing=&#8220;default&#8220; background_color=&#8220;#0a0a0a&#8220; background_color_opacity=&#8220;0.8&#8243; background_hover_color_opacity=&#8220;1&#8243; background_image=&#8220;6216&#8243; background_image_position=&#8220;center center&#8220; background_image_loading=&#8220;default&#8220; font_color=&#8220;#ffffff&#8220; column_shadow=&#8220;none&#8220; column_border_radius=&#8220;none&#8220; column_link_target=&#8220;_self&#8220; column_position=&#8220;default&#8220; gradient_direction=&#8220;left_to_right&#8220; overlay_strength=&#8220;0.3&#8243; width=&#8220;1\/2&#8243; tablet_width_inherit=&#8220;default&#8220; tablet_text_alignment=&#8220;default&#8220; phone_text_alignment=&#8220;default&#8220; animation_type=&#8220;default&#8220; bg_image_animation=&#8220;none&#8220; border_type=&#8220;simple&#8220; column_border_width=&#8220;none&#8220; column_border_style=&#8220;solid&#8220;][vc_custom_heading text=&#8220;M\u00e1te ot\u00e1zky?<br \/>\n\u017diadny probl\u00e9m.&#8220; font_container=&#8220;tag:h2|text_align:left|color:%23ffffff&#8220; use_theme_fonts=&#8220;yes&#8220;][nectar_cta btn_style=&#8220;underline&#8220; heading_tag=&#8220;h5&#8243; text_color=&#8220;#ffffff&#8220; button_color=&#8220;default&#8220; button_border_thickness=&#8220;0px&#8220; link_type=&#8220;regular&#8220; alignment=&#8220;left&#8220; alignment_tablet=&#8220;default&#8220; alignment_phone=&#8220;default&#8220; display=&#8220;block&#8220; display_tablet=&#8220;inherit&#8220; display_phone=&#8220;inherit&#8220; link_text=&#8220;Kontaktujte n\u00e1s&#8220; url=&#8220;\/kontakt\/&#8220;][\/vc_column][vc_column column_padding=&#8220;padding-8-percent&#8220; column_padding_tablet=&#8220;inherit&#8220; column_padding_phone=&#8220;inherit&#8220; column_padding_position=&#8220;all&#8220; column_element_spacing=&#8220;default&#8220; background_color=&#8220;#e8e8e8&#8243; background_color_opacity=&#8220;1&#8243; background_hover_color_opacity=&#8220;1&#8243; column_shadow=&#8220;none&#8220; column_border_radius=&#8220;none&#8220; column_link_target=&#8220;_self&#8220; column_position=&#8220;default&#8220; gradient_direction=&#8220;left_to_right&#8220; overlay_strength=&#8220;0.3&#8243; width=&#8220;1\/2&#8243; tablet_width_inherit=&#8220;default&#8220; tablet_text_alignment=&#8220;default&#8220; phone_text_alignment=&#8220;default&#8220; animation_type=&#8220;default&#8220; bg_image_animation=&#8220;none&#8220; border_type=&#8220;simple&#8220; column_border_width=&#8220;none&#8220; column_border_style=&#8220;solid&#8220;][vc_column_text]\n<h3>Ako Binchio pou\u017e\u00edva\u0165<\/h3>\n[\/vc_column_text][toggles style=&#8220;minimal_small&#8220;][toggle color=&#8220;Default&#8220; heading_tag=&#8220;default&#8220; title=&#8220;M\u00e1 sa ty\u010dinka Binchio pred prv\u00fdm pou\u017eit\u00edm umy\u0165?&#8220;][vc_column_text]\u00c1no. Binchio je z akt\u00edvneho uhlia binchotanu, ktor\u00e9 sa naz\u00fdva aj \u201ebiele uhlie\u201c kv\u00f4li \u0161pecifick\u00e9mu v\u00fdrobn\u00e9mu procesu (o tom viac v \u010dl\u00e1nku &#8222;<a href=\"https:\/\/binchio.com\/tajemstvi-ucinnosti-binchotanu\/\">V \u010dom tkvie tajomstvo binchotanu<\/a>&#8220; na blogu). Po rozbalen\u00ed tento biely pr\u00e1\u0161ok jemne zotrite a ty\u010dinku opl\u00e1chnite od bieleho prachu a drobn\u00fdch ne\u010dist\u00f4t. Nie je vhodn\u00e9 ho \u010disti\u0165 s pomocou detergentov alebo mydla.[\/vc_column_text][nectar_cta btn_style=&#8220;underline&#8220; heading_tag=&#8220;h5&#8243; text_color=&#8220;#323232&#8243; button_color=&#8220;default&#8220; button_border_thickness=&#8220;0px&#8220; link_type=&#8220;regular&#8220; alignment=&#8220;left&#8220; alignment_tablet=&#8220;default&#8220; alignment_phone=&#8220;default&#8220; display=&#8220;block&#8220; display_tablet=&#8220;inherit&#8220; display_phone=&#8220;inherit&#8220; link_text=&#8220;Cel\u00fd n\u00e1vod na pou\u017eit\u00ed&#8220; url=&#8220;\/sk\/aktivne-uhlie\/#ako-to-funguje&#8220;][\/toggle][toggle color=&#8220;Default&#8220; heading_tag=&#8220;default&#8220; title=&#8220;M\u00f4\u017eem pou\u017ei\u0165 ty\u010dinku Binchio na \u010distenie ochutenej vody (d\u017e\u00fasu alebo \u010daju)?&#8220;][vc_column_text]Nie. Uhlie Binchio by sa nemalo vklada\u0165 do ochuten\u00fdch v\u00f4d, napr\u00edklad v\u00f4d ochuten\u00fdch ovocn\u00fdmi sirupy alebo ovocn\u00fdmi pr\u00edchu\u0165ami, ani do \u010dajov. Na druhej strane voda prefiltrovan\u00e1 ty\u010dinkou Binchio je ide\u00e1lna pre varenie \u010daju.[\/vc_column_text][\/toggle][toggle color=&#8220;Default&#8220; heading_tag=&#8220;default&#8220; title=&#8220;Ako m\u00e1m ty\u010dinku Binchio pou\u017e\u00edva\u0165?&#8220;][vc_column_text]Do karafy jednoducho umiestnite uhlie a napustite pitn\u00fa vodu z koh\u00fatika. Ide\u00e1lne je, ke\u010f nech\u00e1te vodu v karafe nieko\u013eko hod\u00edn, av\u0161ak rozdiel v chuti vody spozn\u00e1te u\u017e po hodine. Vedci odpor\u00fa\u010daj\u00fa filtrova\u0165 vodu binchotanom 120 min\u00fat.[\/vc_column_text][nectar_cta btn_style=&#8220;underline&#8220; heading_tag=&#8220;h5&#8243; text_color=&#8220;#323232&#8243; button_color=&#8220;default&#8220; button_border_thickness=&#8220;0px&#8220; link_type=&#8220;regular&#8220; alignment=&#8220;left&#8220; alignment_tablet=&#8220;default&#8220; alignment_phone=&#8220;default&#8220; display=&#8220;block&#8220; display_tablet=&#8220;inherit&#8220; display_phone=&#8220;inherit&#8220; link_text=&#8220;Cel\u00fd n\u00e1vod na pou\u017eit\u00ed&#8220; url=&#8220;\/sk\/aktivne-uhlie\/#ako-to-funguje&#8220;][\/toggle][toggle color=&#8220;Default&#8220; heading_tag=&#8220;default&#8220; title=&#8220;Ako dlho ty\u010dinka Binchio vydr\u017e\u00ed?&#8220;][vc_column_text]Ak budete karafu s uhl\u00edm nap\u013a\u0148a\u0165 ka\u017ed\u00fd de\u0148 vodou, potom v\u00e1m uhlie vydr\u017e\u00ed 3 a\u017e 4 mesiace. Pribli\u017ene ka\u017ed\u00e9 2 t\u00fd\u017edne je vhodn\u00e9 ty\u010dinku \u201enabi\u0165\u201c a op\u00e4tovne vyu\u017ei\u0165. Ako? Uhlie vlo\u017ete na chv\u00ed\u013eu do vriacej vody a potom nechajte osu\u0161i\u0165. N\u00e1sledne ho m\u00f4\u017eete \u010fal\u0161ie 2 t\u00fd\u017edne u\u017e\u00edva\u0165 (celkov\u00e1 \u017eivotnos\u0165 uhlia s\u00fa \u0161tyri mesiace).[\/vc_column_text][\/toggle][toggle color=&#8220;Default&#8220; heading_tag=&#8220;default&#8220; title=&#8220;Je prehltnutie \u010dasti akt\u00edvneho uhlia Binchio nebezpe\u010dn\u00e9?&#8220;][vc_column_text]Nie. Vo vode m\u00f4\u017eete pr\u00edle\u017eitostne uvidie\u0165 mali\u010dk\u00e9 pevn\u00e9 \u010dastice z uhlia. Ich prehltnutie ale nie je nijako nebezpe\u010dn\u00e9. Obdobn\u00e9 druhy uhlia sa pou\u017e\u00edvaj\u00fa aj ako lieky, napr. proti hna\u010dke alebo pre \u00fapravu tr\u00e1venia.[\/vc_column_text][\/toggle][\/toggles][divider line_type=&#8220;No Line&#8220; custom_height=&#8220;30&#8243;][vc_column_text]\n<h3>Ot\u00e1zky o binchotane<\/h3>\n[\/vc_column_text][toggles style=&#8220;minimal_small&#8220;][toggle color=&#8220;Default&#8220; heading_tag=&#8220;default&#8220; title=&#8220;Pre\u010do sa uhlie binchotan ozna\u010duje ako \u201eakt\u00edvne\u201c?&#8220;][vc_column_text]Uhlie sa ozna\u010duje ako &#8222;akt\u00edvne&#8220;, preto\u017ee \u010dastice cudz\u00edch l\u00e1tok s\u00fa pri\u0165ahovan\u00e9 k povrchu uhlia a navia\u017eu sa na jeho mikrop\u00f3ry. Uhlie tie\u017e mineralizuje &#8211; pozvo\u013ena vyp\u00fa\u0161\u0165a do vody r\u00f4zne u\u017eito\u010dn\u00e9 stopov\u00e9 miner\u00e1ly ako hor\u010d\u00edk, v\u00e1pnik alebo \u017eelezo, \u010d\u00edm vodu obohacuje a dod\u00e1va jej skvel\u00fa chu\u0165.[\/vc_column_text][nectar_cta btn_style=&#8220;underline&#8220; heading_tag=&#8220;h5&#8243; text_color=&#8220;#323232&#8243; button_color=&#8220;default&#8220; button_border_thickness=&#8220;0px&#8220; link_type=&#8220;regular&#8220; alignment=&#8220;left&#8220; alignment_tablet=&#8220;default&#8220; alignment_phone=&#8220;default&#8220; display=&#8220;block&#8220; display_tablet=&#8220;inherit&#8220; display_phone=&#8220;inherit&#8220; link_text=&#8220;V\u00edce o tajemstv\u00ed binchotanu&#8220; url=&#8220;\/pribeh-binchotanu\/&#8220;][\/toggle][toggle color=&#8220;Default&#8220; heading_tag=&#8220;default&#8220; title=&#8220;Z \u010doho sa binchotan vyr\u00e1ba? V \u010dom je proces jeho v\u00fdroby v\u00fdnimo\u010dn\u00fd?&#8220;][nectar_cta btn_style=&#8220;underline&#8220; heading_tag=&#8220;h5&#8243; text_color=&#8220;#323232&#8243; button_color=&#8220;default&#8220; button_border_thickness=&#8220;0px&#8220; link_type=&#8220;regular&#8220; alignment=&#8220;left&#8220; alignment_tablet=&#8220;default&#8220; alignment_phone=&#8220;default&#8220; display=&#8220;block&#8220; display_tablet=&#8220;inherit&#8220; display_phone=&#8220;inherit&#8220; link_text=&#8220;Jak se binchotan vyr\u00e1b\u00ed a pro\u010d je tak v\u00fdjime\u010dn\u00e9&#8220; url=&#8220;\/pribeh-binchotanu\/&#8220;][\/toggle][toggle color=&#8220;Default&#8220; heading_tag=&#8220;default&#8220; title=&#8220;Ako dlho ty\u010dinka Binchio vydr\u017e\u00ed?&#8220;][vc_column_text]Ak budete karafu s uhl\u00edm nap\u013a\u0148a\u0165 ka\u017ed\u00fd de\u0148 vodou, potom v\u00e1m uhlie vydr\u017e\u00ed 3 a\u017e 4 mesiace. Pribli\u017ene ka\u017ed\u00e9 2 t\u00fd\u017edne je vhodn\u00e9 ty\u010dinku \u201enabi\u0165\u201c a op\u00e4tovne vyu\u017ei\u0165. Ako? Uhlie vlo\u017ete na chv\u00ed\u013eu do vriacej vody a potom nechajte osu\u0161i\u0165. N\u00e1sledne ho m\u00f4\u017eete \u010fal\u0161ie 2 t\u00fd\u017edne u\u017e\u00edva\u0165 (celkov\u00e1 \u017eivotnos\u0165 uhlia s\u00fa \u0161tyri mesiace).[\/vc_column_text][\/toggle][\/toggles][\/vc_column][\/vc_row]\n","protected":false},"excerpt":{"rendered":"<p>[vc_row type=&#8220;full_width_background&#8220; full_screen_row_position=&#8220;middle&#8220; column_margin=&#8220;default&#8220; equal_height=&#8220;yes&#8220; content_placement=&#8220;middle&#8220; column_direction=&#8220;default&#8220; column_direction_tablet=&#8220;default&#8220; column_direction_phone=&#8220;default&#8220; scene_position=&#8220;center&#8220; top_padding=&#8220;3%&#8220; bottom_padding=&#8220;3%&#8220; text_color=&#8220;dark&#8220; text_align=&#8220;left&#8220; row_border_radius=&#8220;none&#8220; row_border_radius_applies=&#8220;bg&#8220; overflow=&#8220;visible&#8220; id=&#8220;navod&#8220; row_name=&#8220;Sign Up Steps&#8220; overlay_strength=&#8220;0.3&#8243; gradient_direction=&#8220;left_to_right&#8220; shape_divider_position=&#8220;bottom&#8220; bg_image_animation=&#8220;none&#8220;&#8230;<\/p>\n","protected":false},"author":2,"featured_media":0,"parent":0,"menu_order":0,"comment_status":"closed","ping_status":"closed","template":"","meta":{"_acf_changed":false,"footnotes":""},"class_list":["post-6696","page","type-page","status-publish"],"acf":[],"yoast_head":"<!-- This site is optimized with the Yoast SEO plugin v27.2 - https:\/\/yoast.com\/product\/yoast-seo-wordpress\/ -->\n<title>\u010cast\u00e9 dotazy na aktivn\u00ed filtra\u010dn\u00ed uhl\u00ed Binchio<\/title>\n<meta name=\"description\" content=\"M\u00e1te ot\u00e1zky? \u017d\u00e1dn\u00fd probl\u00e9m.\" \/>\n<meta name=\"robots\" content=\"index, follow, max-snippet:-1, max-image-preview:large, max-video-preview:-1\" \/>\n<link rel=\"canonical\" href=\"https:\/\/binchio.com\/sk\/caste-otazky\/\" \/>\n<meta property=\"og:locale\" content=\"sk_SK\" \/>\n<meta property=\"og:type\" content=\"article\" \/>\n<meta property=\"og:title\" content=\"\u010cast\u00e9 dotazy na aktivn\u00ed filtra\u010dn\u00ed uhl\u00ed Binchio\" \/>\n<meta property=\"og:description\" content=\"M\u00e1te ot\u00e1zky? \u017d\u00e1dn\u00fd probl\u00e9m.\" \/>\n<meta property=\"og:url\" content=\"https:\/\/binchio.com\/sk\/caste-otazky\/\" \/>\n<meta property=\"og:site_name\" content=\"Binchio\" \/>\n<meta property=\"article:publisher\" content=\"https:\/\/www.facebook.com\/binchiouhli\/\" \/>\n<meta property=\"article:modified_time\" content=\"2022-06-09T18:45:23+00:00\" \/>\n<meta property=\"og:image\" content=\"https:\/\/binchio.com\/wp-content\/uploads\/2020\/08\/binchio-fb-default-share-image-v20200802-1.jpg\" \/>\n\t<meta property=\"og:image:width\" content=\"1800\" \/>\n\t<meta property=\"og:image:height\" content=\"945\" \/>\n\t<meta property=\"og:image:type\" content=\"image\/jpeg\" \/>\n<meta name=\"twitter:card\" content=\"summary_large_image\" \/>\n<meta name=\"twitter:label1\" content=\"Predpokladan\u00fd \u010das \u010d\u00edtania\" \/>\n\t<meta name=\"twitter:data1\" content=\"3 min\u00faty\" \/>\n<script type=\"application\/ld+json\" class=\"yoast-schema-graph\">{\"@context\":\"https:\/\/schema.org\",\"@graph\":[{\"@type\":\"WebPage\",\"@id\":\"https:\/\/binchio.com\/sk\/caste-otazky\/\",\"url\":\"https:\/\/binchio.com\/sk\/caste-otazky\/\",\"name\":\"\u010cast\u00e9 dotazy na aktivn\u00ed filtra\u010dn\u00ed uhl\u00ed Binchio\",\"isPartOf\":{\"@id\":\"https:\/\/binchio.com\/#website\"},\"datePublished\":\"2020-08-20T04:55:28+00:00\",\"dateModified\":\"2022-06-09T18:45:23+00:00\",\"description\":\"M\u00e1te ot\u00e1zky? \u017d\u00e1dn\u00fd probl\u00e9m.\",\"breadcrumb\":{\"@id\":\"https:\/\/binchio.com\/sk\/caste-otazky\/#breadcrumb\"},\"inLanguage\":\"sk-SK\",\"potentialAction\":[{\"@type\":\"ReadAction\",\"target\":[\"https:\/\/binchio.com\/sk\/caste-otazky\/\"]}]},{\"@type\":\"BreadcrumbList\",\"@id\":\"https:\/\/binchio.com\/sk\/caste-otazky\/#breadcrumb\",\"itemListElement\":[{\"@type\":\"ListItem\",\"position\":1,\"name\":\"Home\",\"item\":\"https:\/\/binchio.com\/sk\/\"},{\"@type\":\"ListItem\",\"position\":2,\"name\":\"\u010cast\u00e9 ot\u00e1zky\"}]},{\"@type\":\"WebSite\",\"@id\":\"https:\/\/binchio.com\/#website\",\"url\":\"https:\/\/binchio.com\/\",\"name\":\"Binchio\",\"description\":\"100% p\u0159\u00edrodn\u00ed filtrace vody pomoc\u00ed aktivn\u00edho filtra\u010dn\u00edho uhl\u00ed binchotan\",\"publisher\":{\"@id\":\"https:\/\/binchio.com\/#organization\"},\"potentialAction\":[{\"@type\":\"SearchAction\",\"target\":{\"@type\":\"EntryPoint\",\"urlTemplate\":\"https:\/\/binchio.com\/?s={search_term_string}\"},\"query-input\":{\"@type\":\"PropertyValueSpecification\",\"valueRequired\":true,\"valueName\":\"search_term_string\"}}],\"inLanguage\":\"sk-SK\"},{\"@type\":\"Organization\",\"@id\":\"https:\/\/binchio.com\/#organization\",\"name\":\"Binchio\",\"url\":\"https:\/\/binchio.com\/\",\"logo\":{\"@type\":\"ImageObject\",\"inLanguage\":\"sk-SK\",\"@id\":\"https:\/\/binchio.com\/#\/schema\/logo\/image\/\",\"url\":\"https:\/\/binchio.com\/wp-content\/uploads\/2020\/07\/binchio-logo.svg\",\"contentUrl\":\"https:\/\/binchio.com\/wp-content\/uploads\/2020\/07\/binchio-logo.svg\",\"width\":200,\"height\":430,\"caption\":\"Binchio\"},\"image\":{\"@id\":\"https:\/\/binchio.com\/#\/schema\/logo\/image\/\"},\"sameAs\":[\"https:\/\/www.facebook.com\/binchiouhli\/\",\"https:\/\/www.instagram.com\/milan_suchy\"]}]}<\/script>\n<!-- \/ Yoast SEO plugin. -->","yoast_head_json":{"title":"\u010cast\u00e9 dotazy na aktivn\u00ed filtra\u010dn\u00ed uhl\u00ed Binchio","description":"M\u00e1te ot\u00e1zky? \u017d\u00e1dn\u00fd probl\u00e9m.","robots":{"index":"index","follow":"follow","max-snippet":"max-snippet:-1","max-image-preview":"max-image-preview:large","max-video-preview":"max-video-preview:-1"},"canonical":"https:\/\/binchio.com\/sk\/caste-otazky\/","og_locale":"sk_SK","og_type":"article","og_title":"\u010cast\u00e9 dotazy na aktivn\u00ed filtra\u010dn\u00ed uhl\u00ed Binchio","og_description":"M\u00e1te ot\u00e1zky? \u017d\u00e1dn\u00fd probl\u00e9m.","og_url":"https:\/\/binchio.com\/sk\/caste-otazky\/","og_site_name":"Binchio","article_publisher":"https:\/\/www.facebook.com\/binchiouhli\/","article_modified_time":"2022-06-09T18:45:23+00:00","og_image":[{"width":1800,"height":945,"url":"https:\/\/binchio.com\/wp-content\/uploads\/2020\/08\/binchio-fb-default-share-image-v20200802-1.jpg","type":"image\/jpeg"}],"twitter_card":"summary_large_image","twitter_misc":{"Predpokladan\u00fd \u010das \u010d\u00edtania":"3 min\u00faty"},"schema":{"@context":"https:\/\/schema.org","@graph":[{"@type":"WebPage","@id":"https:\/\/binchio.com\/sk\/caste-otazky\/","url":"https:\/\/binchio.com\/sk\/caste-otazky\/","name":"\u010cast\u00e9 dotazy na aktivn\u00ed filtra\u010dn\u00ed uhl\u00ed Binchio","isPartOf":{"@id":"https:\/\/binchio.com\/#website"},"datePublished":"2020-08-20T04:55:28+00:00","dateModified":"2022-06-09T18:45:23+00:00","description":"M\u00e1te ot\u00e1zky? \u017d\u00e1dn\u00fd probl\u00e9m.","breadcrumb":{"@id":"https:\/\/binchio.com\/sk\/caste-otazky\/#breadcrumb"},"inLanguage":"sk-SK","potentialAction":[{"@type":"ReadAction","target":["https:\/\/binchio.com\/sk\/caste-otazky\/"]}]},{"@type":"BreadcrumbList","@id":"https:\/\/binchio.com\/sk\/caste-otazky\/#breadcrumb","itemListElement":[{"@type":"ListItem","position":1,"name":"Home","item":"https:\/\/binchio.com\/sk\/"},{"@type":"ListItem","position":2,"name":"\u010cast\u00e9 ot\u00e1zky"}]},{"@type":"WebSite","@id":"https:\/\/binchio.com\/#website","url":"https:\/\/binchio.com\/","name":"Binchio","description":"100% p\u0159\u00edrodn\u00ed filtrace vody pomoc\u00ed aktivn\u00edho filtra\u010dn\u00edho uhl\u00ed binchotan","publisher":{"@id":"https:\/\/binchio.com\/#organization"},"potentialAction":[{"@type":"SearchAction","target":{"@type":"EntryPoint","urlTemplate":"https:\/\/binchio.com\/?s={search_term_string}"},"query-input":{"@type":"PropertyValueSpecification","valueRequired":true,"valueName":"search_term_string"}}],"inLanguage":"sk-SK"},{"@type":"Organization","@id":"https:\/\/binchio.com\/#organization","name":"Binchio","url":"https:\/\/binchio.com\/","logo":{"@type":"ImageObject","inLanguage":"sk-SK","@id":"https:\/\/binchio.com\/#\/schema\/logo\/image\/","url":"https:\/\/binchio.com\/wp-content\/uploads\/2020\/07\/binchio-logo.svg","contentUrl":"https:\/\/binchio.com\/wp-content\/uploads\/2020\/07\/binchio-logo.svg","width":200,"height":430,"caption":"Binchio"},"image":{"@id":"https:\/\/binchio.com\/#\/schema\/logo\/image\/"},"sameAs":["https:\/\/www.facebook.com\/binchiouhli\/","https:\/\/www.instagram.com\/milan_suchy"]}]}},"_links":{"self":[{"href":"https:\/\/binchio.com\/sk\/wp-json\/wp\/v2\/pages\/6696","targetHints":{"allow":["GET"]}}],"collection":[{"href":"https:\/\/binchio.com\/sk\/wp-json\/wp\/v2\/pages"}],"about":[{"href":"https:\/\/binchio.com\/sk\/wp-json\/wp\/v2\/types\/page"}],"author":[{"embeddable":true,"href":"https:\/\/binchio.com\/sk\/wp-json\/wp\/v2\/users\/2"}],"replies":[{"embeddable":true,"href":"https:\/\/binchio.com\/sk\/wp-json\/wp\/v2\/comments?post=6696"}],"version-history":[{"count":0,"href":"https:\/\/binchio.com\/sk\/wp-json\/wp\/v2\/pages\/6696\/revisions"}],"wp:attachment":[{"href":"https:\/\/binchio.com\/sk\/wp-json\/wp\/v2\/media?parent=6696"}],"curies":[{"name":"wp","href":"https:\/\/api.w.org\/{rel}","templated":true}]}}